{"id":524,"date":"2017-11-05T00:56:49","date_gmt":"2017-11-04T23:56:49","guid":{"rendered":"http:\/\/vitzthum.dynamic-cloud.de\/shop5\/?page_id=524"},"modified":"2020-02-18T15:50:38","modified_gmt":"2020-02-18T14:50:38","slug":"gallery","status":"publish","type":"page","link":"https:\/\/rieser-tropfen.de\/shop\/gallery\/","title":{"rendered":"gallery"},"content":{"rendered":"\n\t<section class=\"section\" id=\"section_436267892\">\n\t\t<div class=\"section-bg fill\" >\n\t\t\t\t\t\t\t\t\t\n\t\t\t\n\n\t\t<\/div>\n\n\t\t\n\n\t\t<div class=\"section-content relative\">\n\t\t\t\n\t<div id=\"gap-1395366855\" class=\"gap-element clearfix\" style=\"display:block; height:auto;\">\n\t\t\n<style>\n#gap-1395366855 {\n  padding-top: 55px;\n}\n<\/style>\n\t<\/div>\n\t\n<div class=\"row align-center\"  id=\"row-1552682480\">\n\n\t<div id=\"col-1190354650\" class=\"col medium-7 small-12 large-7\"  >\n\t\t\t\t<div class=\"col-inner text-center\"  >\n\t\t\t\n\t\t\t\n<h1><span style=\"font-size: 140%;\">Fotogallerie &#8211; Eindr\u00fccke<br \/>\n<\/span><\/h1>\n<p><span style=\"font-size: 95%;\">Genie\u00dfen Sie die Ausblicke und Einblicke in unsere mittelalterliche Stadt, die mit schlichter Sch\u00f6nheit fasziniert und hier und dort mit handwerklich feinen Verzierungen aufwartet. Wenn Sie durch unsere Stadt gehen, richten Sie mal den Blick nach oben ins Fachwerk oder an die Regenrinnen. Dann \u00fcberraschen Sie excellente Schnitzereien und so mancher Wasserspeier, der jetzt nat\u00fcrlich nicht mehr das Nass auf den Gehweg spuckt.<\/span><\/p>\n\t\t<\/div>\n\t\t\t\t\t<\/div>\n\n\t\n<\/div>\n\t\t<\/div>\n\n\t\t\n<style>\n#section_436267892 {\n  padding-top: 50px;\n  padding-bottom: 50px;\n}\n<\/style>\n\t<\/section>\n\t\n\n\t<section class=\"section\" id=\"section_1251255540\">\n\t\t<div class=\"section-bg fill\" >\n\t\t\t\t\t\t\t\t\t\n\t\t\t\n\n\t\t<\/div>\n\n\t\t\n\n\t\t<div class=\"section-content relative\">\n\t\t\t\n  <div class=\"banner-grid-wrapper\">\n  <div id=\"banner-grid-1561068103\" class=\"banner-grid row row-grid row-collapse row-full-width\" data-packery-options=\"\">\n                      \n<div class=\"col grid-col small-14 large-4 grid-col-2-3\" data-animate=\"bounceIn\"><div class=\"col-inner\">\n\n  <div class=\"banner has-hover\" id=\"banner-419339335\">\n          <div class=\"banner-inner fill\">\n        <div class=\"banner-bg fill\" >\n            <img loading=\"lazy\" decoding=\"async\" width=\"1020\" height=\"574\" src=\"https:\/\/rieser-tropfen.de\/shop\/wp-content\/uploads\/2017\/11\/Daniel-1024x576.jpg\" class=\"bg attachment-large size-large\" alt=\"\" \/>                                    \n                    <\/div>\n\t\t\n        <div class=\"banner-layers container\">\n            <div class=\"fill banner-link\"><\/div>            \n        <\/div>\n      <\/div>\n\n            \n<style>\n#banner-419339335 {\n  padding-top: 500px;\n  background-color: rgb(25, 25, 25);\n}\n<\/style>\n  <\/div>\n\n\n<\/div><\/div>\n<div class=\"col grid-col small-13 large-4 grid-col-1\" data-animate=\"bounceIn\"><div class=\"col-inner\">\n\n  <div class=\"banner has-hover is-full-height\" id=\"banner-81060068\">\n          <div class=\"banner-inner fill\">\n        <div class=\"banner-bg fill\" >\n            <img loading=\"lazy\" decoding=\"async\" width=\"763\" height=\"800\" src=\"https:\/\/rieser-tropfen.de\/shop\/wp-content\/uploads\/2017\/11\/Deininger-tor-977x1024-763x800.jpg\" class=\"bg attachment-large size-large\" alt=\"\" \/>                                    \n                    <\/div>\n\t\t\n        <div class=\"banner-layers container\">\n            <div class=\"fill banner-link\"><\/div>            \n        <\/div>\n      <\/div>\n\n            \n<style>\n#banner-81060068 {\n  padding-top: 100%;\n  background-color: rgb(25, 25, 25);\n}\n#banner-81060068 .banner-bg img {\n  object-position: 11% 18%;\n}\n<\/style>\n  <\/div>\n\n\n<\/div><\/div>\n<div class=\"col grid-col small-12 large-4 grid-col-2-3\" data-animate=\"bounceIn\"><div class=\"col-inner\">\n\n  <div class=\"banner has-hover\" id=\"banner-781046537\">\n          <div class=\"banner-inner fill\">\n        <div class=\"banner-bg fill\" >\n            <img loading=\"lazy\" decoding=\"async\" width=\"856\" height=\"800\" src=\"https:\/\/rieser-tropfen.de\/shop\/wp-content\/uploads\/2017\/11\/Rathaus-N\u00d6-1024x957-856x800.jpg\" class=\"bg attachment-large size-large\" alt=\"\" \/>                                    \n                    <\/div>\n\t\t\n        <div class=\"banner-layers container\">\n            <div class=\"fill banner-link\"><\/div>            \n        <\/div>\n      <\/div>\n\n            \n<style>\n#banner-781046537 {\n  padding-top: 500px;\n  background-color: rgb(25, 25, 25);\n}\n<\/style>\n  <\/div>\n\n\n<\/div><\/div>\n<div class=\"col grid-col small-13 large-4 grid-col-2-3\" data-animate=\"bounceIn\"><div class=\"col-inner\">\n\n  <div class=\"banner has-hover\" id=\"banner-1960568426\">\n          <div class=\"banner-inner fill\">\n        <div class=\"banner-bg fill\" >\n            <img loading=\"lazy\" decoding=\"async\" width=\"1020\" height=\"677\" src=\"https:\/\/rieser-tropfen.de\/shop\/wp-content\/uploads\/2017\/11\/Reimlinger-Tor-1024x680.jpg\" class=\"bg attachment-large size-large\" alt=\"\" \/>                                    \n                    <\/div>\n\t\t\n        <div class=\"banner-layers container\">\n            <div class=\"fill banner-link\"><\/div>            \n        <\/div>\n      <\/div>\n\n            \n<style>\n#banner-1960568426 {\n  padding-top: 500px;\n  background-color: rgb(25, 25, 25);\n}\n#banner-1960568426 .banner-bg img {\n  object-position: 0% 1%;\n}\n<\/style>\n  <\/div>\n\n\n<\/div><\/div>\n<div class=\"col grid-col small-12 large-4 grid-col-1\" data-animate=\"bounceIn\"><div class=\"col-inner\">\n\n  <div class=\"banner has-hover\" id=\"banner-897964557\">\n          <div class=\"banner-inner fill\">\n        <div class=\"banner-bg fill\" >\n            <img loading=\"lazy\" decoding=\"async\" width=\"531\" height=\"800\" src=\"https:\/\/rieser-tropfen.de\/shop\/wp-content\/uploads\/2017\/11\/Reimlinger_Tor_1-680x1024-531x800.jpg\" class=\"bg attachment-large size-large\" alt=\"\" \/>                                    \n                    <\/div>\n\t\t\n        <div class=\"banner-layers container\">\n            <div class=\"fill banner-link\"><\/div>            \n        <\/div>\n      <\/div>\n\n            \n<style>\n#banner-897964557 {\n  padding-top: 500px;\n  background-color: rgb(25, 25, 25);\n}\n<\/style>\n  <\/div>\n\n\n<\/div><\/div>\n<div class=\"col grid-col small-15 large-4 grid-col-2-3\" data-animate=\"bounceIn\"><div class=\"col-inner\">\n\n  <div class=\"banner has-hover\" id=\"banner-367943711\">\n          <div class=\"banner-inner fill\">\n        <div class=\"banner-bg fill\" >\n            <img loading=\"lazy\" decoding=\"async\" width=\"1020\" height=\"765\" src=\"https:\/\/rieser-tropfen.de\/shop\/wp-content\/uploads\/2017\/11\/Weg-Marienh\u00f6he-1024x768.jpg\" class=\"bg attachment-large size-large\" alt=\"\" \/>                                    \n                    <\/div>\n\t\t\n        <div class=\"banner-layers container\">\n            <div class=\"fill banner-link\"><\/div>            \n        <\/div>\n      <\/div>\n\n            \n<style>\n#banner-367943711 {\n  padding-top: 500px;\n  background-color: rgb(25, 25, 25);\n}\n<\/style>\n  <\/div>\n\n\n<\/div><\/div>\n<div class=\"col grid-col small-14 large-4 grid-col-1\" data-animate=\"bounceIn\"><div class=\"col-inner\">\n\n  <div class=\"banner has-hover is-full-height\" id=\"banner-830983585\">\n          <div class=\"banner-inner fill\">\n        <div class=\"banner-bg fill\" >\n            <img loading=\"lazy\" decoding=\"async\" width=\"600\" height=\"800\" src=\"https:\/\/rieser-tropfen.de\/shop\/wp-content\/uploads\/2020\/02\/Deininger-Turm-600x800.jpg\" class=\"bg attachment-large size-large\" alt=\"\" \/>                                    \n                    <\/div>\n\t\t\n        <div class=\"banner-layers container\">\n            <div class=\"fill banner-link\"><\/div>            \n        <\/div>\n      <\/div>\n\n            \n<style>\n#banner-830983585 {\n  padding-top: 100%;\n  background-color: rgb(25, 25, 25);\n}\n<\/style>\n  <\/div>\n\n\n<\/div><\/div>\n<div class=\"col grid-col small-13 large-4 grid-col-1\" data-animate=\"bounceIn\"><div class=\"col-inner\">\n\n  <div class=\"banner has-hover\" id=\"banner-1946252629\">\n          <div class=\"banner-inner fill\">\n        <div class=\"banner-bg fill\" >\n            <img loading=\"lazy\" decoding=\"async\" width=\"585\" height=\"800\" src=\"https:\/\/rieser-tropfen.de\/shop\/wp-content\/uploads\/2020\/02\/Daniel-2-585x800.jpg\" class=\"bg attachment-large size-large\" alt=\"\" \/>                                    \n                    <\/div>\n\t\t\n        <div class=\"banner-layers container\">\n            <div class=\"fill banner-link\"><\/div>            \n        <\/div>\n      <\/div>\n\n            \n<style>\n#banner-1946252629 {\n  padding-top: 500px;\n  background-color: rgb(25, 25, 25);\n}\n<\/style>\n  <\/div>\n\n\n<\/div><\/div>\n<div class=\"col grid-col small-12 large-4 grid-col-1\" data-animate=\"bounceIn\"><div class=\"col-inner\">\n\n  <div class=\"banner has-hover\" id=\"banner-41637533\">\n          <div class=\"banner-inner fill\">\n        <div class=\"banner-bg fill\" >\n                                                \n                    <\/div>\n\t\t\n        <div class=\"banner-layers container\">\n            <div class=\"fill banner-link\"><\/div>            \n        <\/div>\n      <\/div>\n\n            \n<style>\n#banner-41637533 {\n  padding-top: 500px;\n  background-color: rgb(25, 25, 25);\n}\n#banner-41637533 .banner-bg img {\n  object-position: 27% 21%;\n}\n<\/style>\n  <\/div>\n\n\n<\/div><\/div>\n<div class=\"col grid-col small-14 large-4 grid-col-1\" data-animate=\"bounceIn\"><div class=\"col-inner\">\n\n  <div class=\"banner has-hover\" id=\"banner-47049372\">\n          <div class=\"banner-inner fill\">\n        <div class=\"banner-bg fill\" >\n            <img loading=\"lazy\" decoding=\"async\" width=\"446\" height=\"600\" src=\"https:\/\/rieser-tropfen.de\/shop\/wp-content\/uploads\/2020\/02\/narr-rathaustreppe.jpg\" class=\"bg attachment-orginal size-orginal\" alt=\"\" \/>                                    \n                    <\/div>\n\t\t\n        <div class=\"banner-layers container\">\n            <div class=\"fill banner-link\"><\/div>            \n        <\/div>\n      <\/div>\n\n            \n<style>\n#banner-47049372 {\n  padding-top: 500px;\n  background-color: rgb(25, 25, 25);\n}\n<\/style>\n  <\/div>\n\n\n<\/div><\/div>\n<div class=\"col grid-col small-12 large-4 grid-col-2-3\" data-animate=\"bounceIn\"><div class=\"col-inner\">\n\n  <div class=\"banner has-hover\" id=\"banner-1105328684\">\n          <div class=\"banner-inner fill\">\n        <div class=\"banner-bg fill\" >\n                                                \n                    <\/div>\n\t\t\n        <div class=\"banner-layers container\">\n            <div class=\"fill banner-link\"><\/div>            \n        <\/div>\n      <\/div>\n\n            \n<style>\n#banner-1105328684 {\n  padding-top: 500px;\n  background-color: rgb(25, 25, 25);\n}\n<\/style>\n  <\/div>\n\n\n<\/div><\/div>\n<div class=\"col grid-col small-13 large-4 grid-col-2-3\" data-animate=\"bounceIn\"><div class=\"col-inner\">\n<\/div><\/div>\n<div class=\"col grid-col small-13 large-4 grid-col-1-2\" data-animate=\"bounceIn\"><div class=\"col-inner\">\n<\/div><\/div>\n            <\/div>\n    <style>\n    #banner-grid-1561068103 .grid-col-1{height: 600px}\n    #banner-grid-1561068103 .grid-col-1-2{height: 300px}\n    #banner-grid-1561068103 .grid-col-1-3{height:200px}\n    #banner-grid-1561068103 .grid-col-2-3{height: 400px}\n    #banner-grid-1561068103 .grid-col-1-4{height: 150px}\n    #banner-grid-1561068103 .grid-col-3-4{height: 450px}\n\n\n    \n    \n\n  <\/style>\n    <\/div>\n  \n\n  <div class=\"banner has-hover\" id=\"banner-191998700\">\n          <div class=\"banner-inner fill\">\n        <div class=\"banner-bg fill\" >\n                                                \n                    <\/div>\n\t\t\n        <div class=\"banner-layers container\">\n            <div class=\"fill banner-link\"><\/div>            \n   <div id=\"text-box-1185276134\" class=\"text-box banner-layer x50 md-x50 lg-x50 y50 md-y50 lg-y50 res-text\">\n                                <div class=\"text-box-content text dark\">\n              \n              <div class=\"text-inner text-center\">\n                  \n\t<div id=\"gap-1082940135\" class=\"gap-element clearfix\" style=\"display:block; height:auto;\">\n\t\t\n<style>\n#gap-1082940135 {\n  padding-top: 10px;\n}\n<\/style>\n\t<\/div>\n\t\n<h3><span style=\"font-size: 80%; color: #ff9900;\">Die Vitzthum-Garantie &#8211; nur bei uns &#8211;<\/span><\/h3>\n<h3><span style=\"font-size: 130%;\"><strong>bis zu 42% f\u00fcr Ihr Geld<\/strong><\/span><\/h3>\n<p>Wir achten die Geschichte und zelebrieren die Zukunft!<\/p>\n              <\/div>\n           <\/div>\n                            \n<style>\n#text-box-1185276134 {\n  width: 60%;\n}\n#text-box-1185276134 .text-box-content {\n  font-size: 100%;\n}\n<\/style>\n    <\/div>\n \n        <\/div>\n      <\/div>\n\n            \n<style>\n#banner-191998700 {\n  padding-top: 280px;\n  background-color: rgb(26, 26, 26);\n}\n<\/style>\n  <\/div>\n\n\n\t\t<\/div>\n\n\t\t\n<style>\n#section_1251255540 {\n  padding-top: 0px;\n  padding-bottom: 0px;\n  background-color: rgb(32, 32, 32);\n}\n<\/style>\n\t<\/section>\n\t\n","protected":false},"excerpt":{"rendered":"","protected":false},"author":1,"featured_media":0,"parent":0,"menu_order":0,"comment_status":"closed","ping_status":"closed","template":"page-blank.php","meta":{"footnotes":""},"class_list":["post-524","page","type-page","status-publish","hentry"],"yoast_head":"<!-- This site is optimized with the Yoast SEO plugin v27.5 - https:\/\/yoast.com\/product\/yoast-seo-wordpress\/ -->\n<title>gallery - Vitzthum Shop<\/title>\n<meta name=\"robots\" content=\"index, follow, max-snippet:-1, max-image-preview:large, max-video-preview:-1\" \/>\n<link rel=\"canonical\" href=\"https:\/\/rieser-tropfen.de\/shop\/gallery\/\" \/>\n<meta property=\"og:locale\" content=\"de_DE\" \/>\n<meta property=\"og:type\" content=\"article\" \/>\n<meta property=\"og:title\" content=\"gallery - Vitzthum Shop\" \/>\n<meta property=\"og:url\" content=\"https:\/\/rieser-tropfen.de\/shop\/gallery\/\" \/>\n<meta property=\"og:site_name\" content=\"Vitzthum Shop\" \/>\n<meta property=\"article:publisher\" content=\"https:\/\/www.facebook.com\/vitzthum.destillerie\/?locale=de_DE\" \/>\n<meta property=\"article:modified_time\" content=\"2020-02-18T14:50:38+00:00\" \/>\n<meta name=\"twitter:card\" content=\"summary_large_image\" \/>\n<meta name=\"twitter:label1\" content=\"Gesch\u00e4tzte Lesezeit\" \/>\n\t<meta name=\"twitter:data1\" content=\"2\u00a0Minuten\" \/>\n<script type=\"application\/ld+json\" class=\"yoast-schema-graph\">{\"@context\":\"https:\\\/\\\/schema.org\",\"@graph\":[{\"@type\":\"WebPage\",\"@id\":\"https:\\\/\\\/rieser-tropfen.de\\\/shop\\\/gallery\\\/\",\"url\":\"https:\\\/\\\/rieser-tropfen.de\\\/shop\\\/gallery\\\/\",\"name\":\"gallery - Vitzthum Shop\",\"isPartOf\":{\"@id\":\"https:\\\/\\\/rieser-tropfen.de\\\/shop\\\/#website\"},\"datePublished\":\"2017-11-04T23:56:49+00:00\",\"dateModified\":\"2020-02-18T14:50:38+00:00\",\"breadcrumb\":{\"@id\":\"https:\\\/\\\/rieser-tropfen.de\\\/shop\\\/gallery\\\/#breadcrumb\"},\"inLanguage\":\"de\",\"potentialAction\":[{\"@type\":\"ReadAction\",\"target\":[\"https:\\\/\\\/rieser-tropfen.de\\\/shop\\\/gallery\\\/\"]}]},{\"@type\":\"BreadcrumbList\",\"@id\":\"https:\\\/\\\/rieser-tropfen.de\\\/shop\\\/gallery\\\/#breadcrumb\",\"itemListElement\":[{\"@type\":\"ListItem\",\"position\":1,\"name\":\"Home\",\"item\":\"https:\\\/\\\/rieser-tropfen.de\\\/shop\\\/\"},{\"@type\":\"ListItem\",\"position\":2,\"name\":\"gallery\"}]},{\"@type\":\"WebSite\",\"@id\":\"https:\\\/\\\/rieser-tropfen.de\\\/shop\\\/#website\",\"url\":\"https:\\\/\\\/rieser-tropfen.de\\\/shop\\\/\",\"name\":\"Vitzthum Shop\",\"description\":\"handgemachte Beerengeister, Obstbr\u00e4nde und Kr\u00e4uter- sowie Fruchtlik\u00f6re\",\"publisher\":{\"@id\":\"https:\\\/\\\/rieser-tropfen.de\\\/shop\\\/#organization\"},\"potentialAction\":[{\"@type\":\"SearchAction\",\"target\":{\"@type\":\"EntryPoint\",\"urlTemplate\":\"https:\\\/\\\/rieser-tropfen.de\\\/shop\\\/?s={search_term_string}\"},\"query-input\":{\"@type\":\"PropertyValueSpecification\",\"valueRequired\":true,\"valueName\":\"search_term_string\"}}],\"inLanguage\":\"de\"},{\"@type\":\"Organization\",\"@id\":\"https:\\\/\\\/rieser-tropfen.de\\\/shop\\\/#organization\",\"name\":\"Vitzthum GmbH\",\"url\":\"https:\\\/\\\/rieser-tropfen.de\\\/shop\\\/\",\"logo\":{\"@type\":\"ImageObject\",\"inLanguage\":\"de\",\"@id\":\"https:\\\/\\\/rieser-tropfen.de\\\/shop\\\/#\\\/schema\\\/logo\\\/image\\\/\",\"url\":\"https:\\\/\\\/rieser-tropfen.de\\\/shop\\\/wp-content\\\/uploads\\\/2021\\\/03\\\/Logo-Vitzthum-2021-gold.jpg\",\"contentUrl\":\"https:\\\/\\\/rieser-tropfen.de\\\/shop\\\/wp-content\\\/uploads\\\/2021\\\/03\\\/Logo-Vitzthum-2021-gold.jpg\",\"width\":149,\"height\":69,\"caption\":\"Vitzthum GmbH\"},\"image\":{\"@id\":\"https:\\\/\\\/rieser-tropfen.de\\\/shop\\\/#\\\/schema\\\/logo\\\/image\\\/\"},\"sameAs\":[\"https:\\\/\\\/www.facebook.com\\\/vitzthum.destillerie\\\/?locale=de_DE\"]}]}<\/script>\n<!-- \/ Yoast SEO plugin. -->","yoast_head_json":{"title":"gallery - Vitzthum Shop","robots":{"index":"index","follow":"follow","max-snippet":"max-snippet:-1","max-image-preview":"max-image-preview:large","max-video-preview":"max-video-preview:-1"},"canonical":"https:\/\/rieser-tropfen.de\/shop\/gallery\/","og_locale":"de_DE","og_type":"article","og_title":"gallery - Vitzthum Shop","og_url":"https:\/\/rieser-tropfen.de\/shop\/gallery\/","og_site_name":"Vitzthum Shop","article_publisher":"https:\/\/www.facebook.com\/vitzthum.destillerie\/?locale=de_DE","article_modified_time":"2020-02-18T14:50:38+00:00","twitter_card":"summary_large_image","twitter_misc":{"Gesch\u00e4tzte Lesezeit":"2\u00a0Minuten"},"schema":{"@context":"https:\/\/schema.org","@graph":[{"@type":"WebPage","@id":"https:\/\/rieser-tropfen.de\/shop\/gallery\/","url":"https:\/\/rieser-tropfen.de\/shop\/gallery\/","name":"gallery - Vitzthum Shop","isPartOf":{"@id":"https:\/\/rieser-tropfen.de\/shop\/#website"},"datePublished":"2017-11-04T23:56:49+00:00","dateModified":"2020-02-18T14:50:38+00:00","breadcrumb":{"@id":"https:\/\/rieser-tropfen.de\/shop\/gallery\/#breadcrumb"},"inLanguage":"de","potentialAction":[{"@type":"ReadAction","target":["https:\/\/rieser-tropfen.de\/shop\/gallery\/"]}]},{"@type":"BreadcrumbList","@id":"https:\/\/rieser-tropfen.de\/shop\/gallery\/#breadcrumb","itemListElement":[{"@type":"ListItem","position":1,"name":"Home","item":"https:\/\/rieser-tropfen.de\/shop\/"},{"@type":"ListItem","position":2,"name":"gallery"}]},{"@type":"WebSite","@id":"https:\/\/rieser-tropfen.de\/shop\/#website","url":"https:\/\/rieser-tropfen.de\/shop\/","name":"Vitzthum Shop","description":"handgemachte Beerengeister, Obstbr\u00e4nde und Kr\u00e4uter- sowie Fruchtlik\u00f6re","publisher":{"@id":"https:\/\/rieser-tropfen.de\/shop\/#organization"},"potentialAction":[{"@type":"SearchAction","target":{"@type":"EntryPoint","urlTemplate":"https:\/\/rieser-tropfen.de\/shop\/?s={search_term_string}"},"query-input":{"@type":"PropertyValueSpecification","valueRequired":true,"valueName":"search_term_string"}}],"inLanguage":"de"},{"@type":"Organization","@id":"https:\/\/rieser-tropfen.de\/shop\/#organization","name":"Vitzthum GmbH","url":"https:\/\/rieser-tropfen.de\/shop\/","logo":{"@type":"ImageObject","inLanguage":"de","@id":"https:\/\/rieser-tropfen.de\/shop\/#\/schema\/logo\/image\/","url":"https:\/\/rieser-tropfen.de\/shop\/wp-content\/uploads\/2021\/03\/Logo-Vitzthum-2021-gold.jpg","contentUrl":"https:\/\/rieser-tropfen.de\/shop\/wp-content\/uploads\/2021\/03\/Logo-Vitzthum-2021-gold.jpg","width":149,"height":69,"caption":"Vitzthum GmbH"},"image":{"@id":"https:\/\/rieser-tropfen.de\/shop\/#\/schema\/logo\/image\/"},"sameAs":["https:\/\/www.facebook.com\/vitzthum.destillerie\/?locale=de_DE"]}]}},"_links":{"self":[{"href":"https:\/\/rieser-tropfen.de\/shop\/wp-json\/wp\/v2\/pages\/524","targetHints":{"allow":["GET"]}}],"collection":[{"href":"https:\/\/rieser-tropfen.de\/shop\/wp-json\/wp\/v2\/pages"}],"about":[{"href":"https:\/\/rieser-tropfen.de\/shop\/wp-json\/wp\/v2\/types\/page"}],"author":[{"embeddable":true,"href":"https:\/\/rieser-tropfen.de\/shop\/wp-json\/wp\/v2\/users\/1"}],"replies":[{"embeddable":true,"href":"https:\/\/rieser-tropfen.de\/shop\/wp-json\/wp\/v2\/comments?post=524"}],"version-history":[{"count":10,"href":"https:\/\/rieser-tropfen.de\/shop\/wp-json\/wp\/v2\/pages\/524\/revisions"}],"predecessor-version":[{"id":1696,"href":"https:\/\/rieser-tropfen.de\/shop\/wp-json\/wp\/v2\/pages\/524\/revisions\/1696"}],"wp:attachment":[{"href":"https:\/\/rieser-tropfen.de\/shop\/wp-json\/wp\/v2\/media?parent=524"}],"curies":[{"name":"wp","href":"https:\/\/api.w.org\/{rel}","templated":true}]}}