{"id":556,"date":"2017-11-05T11:34:38","date_gmt":"2017-11-05T10:34:38","guid":{"rendered":"http:\/\/vitzthum.dynamic-cloud.de\/shop5\/?page_id=556"},"modified":"2023-02-16T15:08:19","modified_gmt":"2023-02-16T14:08:19","slug":"unsere-geschichte","status":"publish","type":"page","link":"https:\/\/rieser-tropfen.de\/shop\/unsere-geschichte\/","title":{"rendered":"Unsere Geschichte"},"content":{"rendered":"\n<div class=\"row row-collapse row-full-width\"  id=\"row-1563824066\">\n\n\n\t<div id=\"col-648728738\" class=\"col medium-6 small-12 large-6\"  >\n\t\t\t\t<div class=\"col-inner\"  >\n\t\t\t\n\t\t\t\n\n<h3>So wars mal \u2026<\/h3>\n<p>Gegr\u00fcndet anno 1912 als \u201eRieser Edelbranntweinbrennerei\u201c von Martin Dick, dem Urvater des \u201eRieser Tropfens\u201c, wurde die Brennerei mitsamt Lebensmittelladen gegen Ende des 2. Weltkrieges bis auf die Grundmauern zerbombt. Bei diesem Angriff, der dem gegen\u00fcberliegenden Eisenbahndepot galt, lie\u00df auch Martin Dick sein Leben.<br \/>\nDie Schwester Helene, verheiratet mit Karl Vitzthum, \u00fcbernahm in den Nachkriegsjahren den Familienbetrieb; sie bauten wieder auf und f\u00fchrten den Betrieb, sowie Laden unter dem Namen \u201eVitzthum\u201c weiter.<br \/>\nDer \u00e4lteste Sohn, Karl-Heinz-Vitzthum, schloss seine Gesellenzeit 1967 als Destillateurmeister ab und \u00fcbernahm im Jahre 1974 die elterliche Brennerei. Er vergr\u00f6\u00dferte und erneuerte nicht nur das Betriebsgeb\u00e4ude, sondern stellte fortan auch nat\u00fcrliche Aromen f\u00fcr die Lebensmittel-, Getr\u00e4nke-, Spirituosen- und Kosmetikbranche her.<\/p>\n\n\t\t<\/div>\n\t\t\t\t\t<\/div>\n\n\t\n\n\t<div id=\"col-452487473\" class=\"col medium-6 small-12 large-6\"  >\n\t\t\t\t<div class=\"col-inner\"  >\n\t\t\t\n\t\t\t\n\n\n  <div class=\"banner has-hover\" id=\"banner-964054522\">\n          <div class=\"banner-inner fill\">\n        <div class=\"banner-bg fill\" >\n                                                \n                    <\/div>\n\t\t\n        <div class=\"banner-layers container\">\n            <div class=\"fill banner-link\"><\/div>            \n\n   <div id=\"text-box-749331423\" class=\"text-box banner-layer x50 md-x50 lg-x50 y50 md-y50 lg-y50 res-text\">\n                                <div class=\"text-box-content text dark\">\n              \n              <div class=\"text-inner text-center\">\n                  \n\n<h2 class=\"uppercase\"><span style=\"color: #ff9900;\">Credo &#8211; Leitsatz<\/span><\/h2>\n<p><span style=\"font-size: 140%; color: #282828;\">30% Heimat + Tradition<\/span><\/p>\n<p><span style=\"font-size: 140%; color: #282828;\">30% ehrlich + originell<\/span><\/p>\n<p><span style=\"font-size: 140%; color: #282828;\">40% einzigartig + start<\/span><\/p>\n<div class=\"is-divider divider clearfix\" style=\"max-width:199px;\"><\/div>\n\n<h2 style=\"text-align: center;\"><span style=\"color: #ff9900;\">= 100% VITZTHUM<\/span><\/h2>\n\n              <\/div>\n           <\/div>\n                            \n<style>\n#text-box-749331423 {\n  width: 60%;\n}\n#text-box-749331423 .text-box-content {\n  font-size: 100%;\n}\n<\/style>\n    <\/div>\n \n\n        <\/div>\n      <\/div>\n\n            \n<style>\n#banner-964054522 {\n  padding-top: 351px;\n  background-color: rgb(255, 255, 255);\n}\n#banner-964054522 .overlay {\n  background-color: rgba(85, 79, 79, 0);\n}\n@media (min-width:550px) {\n  #banner-964054522 {\n    padding-top: 500px;\n  }\n}\n<\/style>\n  <\/div>\n\n\n\n\t\t<\/div>\n\t\t\t\t\t<\/div>\n\n\t\n\n<\/div>\n<div class=\"row row-collapse row-full-width dyc-our-history-bg\"  id=\"row-1834559535\">\n\n\n\t<div id=\"col-1941639525\" class=\"col small-12 large-12\"  >\n\t\t\t\t<div class=\"col-inner\"  >\n\t\t\t\n\t\t\t\n\n<h3>wir stehen jetzt hier \u2026<\/h3>\n<p>Seit dem Milleniumjahr 2000 leitet Thomas Vitzthum, ebenfalls Destillateurmeister, die Vitzthum GmbH, verbindet mit unternehmerischem Weitblick, hohen Qualit\u00e4tsanspruch und modernste Technik mit Kreativit\u00e4t, Tradition und regionalen Aspekten.<br \/>\nGenerationenwechsel bringen neues Leben und frische Ideen und so pr\u00e4sentiert sich der<br \/>\n\u201eSchnaps-Laden\u201c seit August 2002 in v\u00f6llig neuem Ambiente. Die Adresse f\u00fcr feine, handwerklich hergestellte Spirituosen zeigt sich jetzt hell, klar strukturiert und mit einer durchg\u00e4ngigen Eleganz, die das Sortiment noch besser zur Geltung kommen l\u00e4sst.Das Programm der Br\u00e4nde, Geister und Lik\u00f6re wird durch eine gro\u00dfe Auswahl an Weinen aus der BRD, \u00d6sterreich, Italien und Spanien komplettiert. Goethes Worte \u201eDas Leben ist zu kurz, um schlechte Weine zu trinken\u201c sind f\u00fcr uns Credo, richtungsweisend f\u00fcr unser wirtschaftliches und kreatives Denken. Umgesetzt in die Praxis bedeutet dies, dass Sie bei uns die komplette Auswahl an Schn\u00e4psen und fast alle Weine in Ruhe oder philosophierend verkosten d\u00fcrfen. Denn unsere Produkte bieten Genuss, Kommunikation und Freude.<\/p>\n<h3>und blicken nach vorn \u2026<\/h3>\n<p>\u201eDer Wandel ist das Gesetz des Lebens\u201c \u2013 wie J.F. Kennedy beherzigen wir diese Weisheit und haben vor 2 Jahren neue Apfelb\u00e4ume gepflanzt. Eine alte Apfelsorte mit dem herrschaftlichen Namen \u201eFinkenwerder Herbstprinz\u201c ist Teil unseres Obstgartens geworden, um in einigen Jahren unseren Kunden auch einen sortenreinen Apfelbrand anbieten zu k\u00f6nnen.<br \/>\nZudem steht schon die Planung f\u00fcr eine Renovierung und Erweiterung unseres Ladens, mehr \u00dcbersicht und Platz f\u00fcr unsere ausgesuchtes und feines Sortiment.<\/p>\n\n\t\t<\/div>\n\t\t\t\t\n<style>\n#col-1941639525 > .col-inner {\n  margin: 11px 0px 0px 0px;\n}\n<\/style>\n\t<\/div>\n\n\t\n\n<\/div>\n<p>&nbsp;<\/p>\n<p>&nbsp;<\/p>\n\n","protected":false},"excerpt":{"rendered":"","protected":false},"author":1,"featured_media":570,"parent":0,"menu_order":0,"comment_status":"closed","ping_status":"closed","template":"page-blank-title-center.php","meta":{"footnotes":""},"class_list":["post-556","page","type-page","status-publish","has-post-thumbnail","hentry"],"yoast_head":"<!-- This site is optimized with the Yoast SEO plugin v27.5 - https:\/\/yoast.com\/product\/yoast-seo-wordpress\/ -->\n<title>Unsere Geschichte - Vitzthum Shop<\/title>\n<meta name=\"robots\" content=\"index, follow, max-snippet:-1, max-image-preview:large, max-video-preview:-1\" \/>\n<link rel=\"canonical\" href=\"https:\/\/rieser-tropfen.de\/shop\/unsere-geschichte\/\" \/>\n<meta property=\"og:locale\" content=\"de_DE\" \/>\n<meta property=\"og:type\" content=\"article\" \/>\n<meta property=\"og:title\" content=\"Unsere Geschichte - Vitzthum Shop\" \/>\n<meta property=\"og:url\" content=\"https:\/\/rieser-tropfen.de\/shop\/unsere-geschichte\/\" \/>\n<meta property=\"og:site_name\" content=\"Vitzthum Shop\" \/>\n<meta property=\"article:publisher\" content=\"https:\/\/www.facebook.com\/vitzthum.destillerie\/?locale=de_DE\" \/>\n<meta property=\"article:modified_time\" content=\"2023-02-16T14:08:19+00:00\" \/>\n<meta property=\"og:image\" content=\"https:\/\/rieser-tropfen.de\/shop\/wp-content\/uploads\/2017\/11\/Collage-Geschichte-1-1400x681.png\" \/>\n\t<meta property=\"og:image:width\" content=\"1400\" \/>\n\t<meta property=\"og:image:height\" content=\"681\" \/>\n\t<meta property=\"og:image:type\" content=\"image\/png\" \/>\n<meta name=\"twitter:card\" content=\"summary_large_image\" \/>\n<meta name=\"twitter:label1\" content=\"Gesch\u00e4tzte Lesezeit\" \/>\n\t<meta name=\"twitter:data1\" content=\"2\u00a0Minuten\" \/>\n<script type=\"application\/ld+json\" class=\"yoast-schema-graph\">{\"@context\":\"https:\\\/\\\/schema.org\",\"@graph\":[{\"@type\":\"WebPage\",\"@id\":\"https:\\\/\\\/rieser-tropfen.de\\\/shop\\\/unsere-geschichte\\\/\",\"url\":\"https:\\\/\\\/rieser-tropfen.de\\\/shop\\\/unsere-geschichte\\\/\",\"name\":\"Unsere Geschichte - Vitzthum Shop\",\"isPartOf\":{\"@id\":\"https:\\\/\\\/rieser-tropfen.de\\\/shop\\\/#website\"},\"primaryImageOfPage\":{\"@id\":\"https:\\\/\\\/rieser-tropfen.de\\\/shop\\\/unsere-geschichte\\\/#primaryimage\"},\"image\":{\"@id\":\"https:\\\/\\\/rieser-tropfen.de\\\/shop\\\/unsere-geschichte\\\/#primaryimage\"},\"thumbnailUrl\":\"https:\\\/\\\/rieser-tropfen.de\\\/shop\\\/wp-content\\\/uploads\\\/2017\\\/11\\\/Collage-Geschichte-1.png\",\"datePublished\":\"2017-11-05T10:34:38+00:00\",\"dateModified\":\"2023-02-16T14:08:19+00:00\",\"breadcrumb\":{\"@id\":\"https:\\\/\\\/rieser-tropfen.de\\\/shop\\\/unsere-geschichte\\\/#breadcrumb\"},\"inLanguage\":\"de\",\"potentialAction\":[{\"@type\":\"ReadAction\",\"target\":[\"https:\\\/\\\/rieser-tropfen.de\\\/shop\\\/unsere-geschichte\\\/\"]}]},{\"@type\":\"ImageObject\",\"inLanguage\":\"de\",\"@id\":\"https:\\\/\\\/rieser-tropfen.de\\\/shop\\\/unsere-geschichte\\\/#primaryimage\",\"url\":\"https:\\\/\\\/rieser-tropfen.de\\\/shop\\\/wp-content\\\/uploads\\\/2017\\\/11\\\/Collage-Geschichte-1.png\",\"contentUrl\":\"https:\\\/\\\/rieser-tropfen.de\\\/shop\\\/wp-content\\\/uploads\\\/2017\\\/11\\\/Collage-Geschichte-1.png\",\"width\":1440,\"height\":700},{\"@type\":\"BreadcrumbList\",\"@id\":\"https:\\\/\\\/rieser-tropfen.de\\\/shop\\\/unsere-geschichte\\\/#breadcrumb\",\"itemListElement\":[{\"@type\":\"ListItem\",\"position\":1,\"name\":\"Home\",\"item\":\"https:\\\/\\\/rieser-tropfen.de\\\/shop\\\/\"},{\"@type\":\"ListItem\",\"position\":2,\"name\":\"Unsere Geschichte\"}]},{\"@type\":\"WebSite\",\"@id\":\"https:\\\/\\\/rieser-tropfen.de\\\/shop\\\/#website\",\"url\":\"https:\\\/\\\/rieser-tropfen.de\\\/shop\\\/\",\"name\":\"Vitzthum Shop\",\"description\":\"handgemachte Beerengeister, Obstbr\u00e4nde und Kr\u00e4uter- sowie Fruchtlik\u00f6re\",\"publisher\":{\"@id\":\"https:\\\/\\\/rieser-tropfen.de\\\/shop\\\/#organization\"},\"potentialAction\":[{\"@type\":\"SearchAction\",\"target\":{\"@type\":\"EntryPoint\",\"urlTemplate\":\"https:\\\/\\\/rieser-tropfen.de\\\/shop\\\/?s={search_term_string}\"},\"query-input\":{\"@type\":\"PropertyValueSpecification\",\"valueRequired\":true,\"valueName\":\"search_term_string\"}}],\"inLanguage\":\"de\"},{\"@type\":\"Organization\",\"@id\":\"https:\\\/\\\/rieser-tropfen.de\\\/shop\\\/#organization\",\"name\":\"Vitzthum GmbH\",\"url\":\"https:\\\/\\\/rieser-tropfen.de\\\/shop\\\/\",\"logo\":{\"@type\":\"ImageObject\",\"inLanguage\":\"de\",\"@id\":\"https:\\\/\\\/rieser-tropfen.de\\\/shop\\\/#\\\/schema\\\/logo\\\/image\\\/\",\"url\":\"https:\\\/\\\/rieser-tropfen.de\\\/shop\\\/wp-content\\\/uploads\\\/2021\\\/03\\\/Logo-Vitzthum-2021-gold.jpg\",\"contentUrl\":\"https:\\\/\\\/rieser-tropfen.de\\\/shop\\\/wp-content\\\/uploads\\\/2021\\\/03\\\/Logo-Vitzthum-2021-gold.jpg\",\"width\":149,\"height\":69,\"caption\":\"Vitzthum GmbH\"},\"image\":{\"@id\":\"https:\\\/\\\/rieser-tropfen.de\\\/shop\\\/#\\\/schema\\\/logo\\\/image\\\/\"},\"sameAs\":[\"https:\\\/\\\/www.facebook.com\\\/vitzthum.destillerie\\\/?locale=de_DE\"]}]}<\/script>\n<!-- \/ Yoast SEO plugin. -->","yoast_head_json":{"title":"Unsere Geschichte - Vitzthum Shop","robots":{"index":"index","follow":"follow","max-snippet":"max-snippet:-1","max-image-preview":"max-image-preview:large","max-video-preview":"max-video-preview:-1"},"canonical":"https:\/\/rieser-tropfen.de\/shop\/unsere-geschichte\/","og_locale":"de_DE","og_type":"article","og_title":"Unsere Geschichte - Vitzthum Shop","og_url":"https:\/\/rieser-tropfen.de\/shop\/unsere-geschichte\/","og_site_name":"Vitzthum Shop","article_publisher":"https:\/\/www.facebook.com\/vitzthum.destillerie\/?locale=de_DE","article_modified_time":"2023-02-16T14:08:19+00:00","og_image":[{"width":1400,"height":681,"url":"https:\/\/rieser-tropfen.de\/shop\/wp-content\/uploads\/2017\/11\/Collage-Geschichte-1-1400x681.png","type":"image\/png"}],"twitter_card":"summary_large_image","twitter_misc":{"Gesch\u00e4tzte Lesezeit":"2\u00a0Minuten"},"schema":{"@context":"https:\/\/schema.org","@graph":[{"@type":"WebPage","@id":"https:\/\/rieser-tropfen.de\/shop\/unsere-geschichte\/","url":"https:\/\/rieser-tropfen.de\/shop\/unsere-geschichte\/","name":"Unsere Geschichte - Vitzthum Shop","isPartOf":{"@id":"https:\/\/rieser-tropfen.de\/shop\/#website"},"primaryImageOfPage":{"@id":"https:\/\/rieser-tropfen.de\/shop\/unsere-geschichte\/#primaryimage"},"image":{"@id":"https:\/\/rieser-tropfen.de\/shop\/unsere-geschichte\/#primaryimage"},"thumbnailUrl":"https:\/\/rieser-tropfen.de\/shop\/wp-content\/uploads\/2017\/11\/Collage-Geschichte-1.png","datePublished":"2017-11-05T10:34:38+00:00","dateModified":"2023-02-16T14:08:19+00:00","breadcrumb":{"@id":"https:\/\/rieser-tropfen.de\/shop\/unsere-geschichte\/#breadcrumb"},"inLanguage":"de","potentialAction":[{"@type":"ReadAction","target":["https:\/\/rieser-tropfen.de\/shop\/unsere-geschichte\/"]}]},{"@type":"ImageObject","inLanguage":"de","@id":"https:\/\/rieser-tropfen.de\/shop\/unsere-geschichte\/#primaryimage","url":"https:\/\/rieser-tropfen.de\/shop\/wp-content\/uploads\/2017\/11\/Collage-Geschichte-1.png","contentUrl":"https:\/\/rieser-tropfen.de\/shop\/wp-content\/uploads\/2017\/11\/Collage-Geschichte-1.png","width":1440,"height":700},{"@type":"BreadcrumbList","@id":"https:\/\/rieser-tropfen.de\/shop\/unsere-geschichte\/#breadcrumb","itemListElement":[{"@type":"ListItem","position":1,"name":"Home","item":"https:\/\/rieser-tropfen.de\/shop\/"},{"@type":"ListItem","position":2,"name":"Unsere Geschichte"}]},{"@type":"WebSite","@id":"https:\/\/rieser-tropfen.de\/shop\/#website","url":"https:\/\/rieser-tropfen.de\/shop\/","name":"Vitzthum Shop","description":"handgemachte Beerengeister, Obstbr\u00e4nde und Kr\u00e4uter- sowie Fruchtlik\u00f6re","publisher":{"@id":"https:\/\/rieser-tropfen.de\/shop\/#organization"},"potentialAction":[{"@type":"SearchAction","target":{"@type":"EntryPoint","urlTemplate":"https:\/\/rieser-tropfen.de\/shop\/?s={search_term_string}"},"query-input":{"@type":"PropertyValueSpecification","valueRequired":true,"valueName":"search_term_string"}}],"inLanguage":"de"},{"@type":"Organization","@id":"https:\/\/rieser-tropfen.de\/shop\/#organization","name":"Vitzthum GmbH","url":"https:\/\/rieser-tropfen.de\/shop\/","logo":{"@type":"ImageObject","inLanguage":"de","@id":"https:\/\/rieser-tropfen.de\/shop\/#\/schema\/logo\/image\/","url":"https:\/\/rieser-tropfen.de\/shop\/wp-content\/uploads\/2021\/03\/Logo-Vitzthum-2021-gold.jpg","contentUrl":"https:\/\/rieser-tropfen.de\/shop\/wp-content\/uploads\/2021\/03\/Logo-Vitzthum-2021-gold.jpg","width":149,"height":69,"caption":"Vitzthum GmbH"},"image":{"@id":"https:\/\/rieser-tropfen.de\/shop\/#\/schema\/logo\/image\/"},"sameAs":["https:\/\/www.facebook.com\/vitzthum.destillerie\/?locale=de_DE"]}]}},"_links":{"self":[{"href":"https:\/\/rieser-tropfen.de\/shop\/wp-json\/wp\/v2\/pages\/556","targetHints":{"allow":["GET"]}}],"collection":[{"href":"https:\/\/rieser-tropfen.de\/shop\/wp-json\/wp\/v2\/pages"}],"about":[{"href":"https:\/\/rieser-tropfen.de\/shop\/wp-json\/wp\/v2\/types\/page"}],"author":[{"embeddable":true,"href":"https:\/\/rieser-tropfen.de\/shop\/wp-json\/wp\/v2\/users\/1"}],"replies":[{"embeddable":true,"href":"https:\/\/rieser-tropfen.de\/shop\/wp-json\/wp\/v2\/comments?post=556"}],"version-history":[{"count":20,"href":"https:\/\/rieser-tropfen.de\/shop\/wp-json\/wp\/v2\/pages\/556\/revisions"}],"predecessor-version":[{"id":2481,"href":"https:\/\/rieser-tropfen.de\/shop\/wp-json\/wp\/v2\/pages\/556\/revisions\/2481"}],"wp:featuredmedia":[{"embeddable":true,"href":"https:\/\/rieser-tropfen.de\/shop\/wp-json\/wp\/v2\/media\/570"}],"wp:attachment":[{"href":"https:\/\/rieser-tropfen.de\/shop\/wp-json\/wp\/v2\/media?parent=556"}],"curies":[{"name":"wp","href":"https:\/\/api.w.org\/{rel}","templated":true}]}}