{"id":73,"date":"2016-08-04T11:15:19","date_gmt":"2016-08-04T11:15:19","guid":{"rendered":"http:\/\/flatsome.dev\/?page_id=8412"},"modified":"2023-02-16T15:05:07","modified_gmt":"2023-02-16T14:05:07","slug":"our-stores","status":"publish","type":"page","link":"https:\/\/rieser-tropfen.de\/shop\/shop\/gaumenfreuden-suess-wuerzig\/our-stores\/","title":{"rendered":"Unser Laden"},"content":{"rendered":"\n\n  <div class=\"banner has-hover has-parallax\" id=\"banner-1015105257\">\n          <div class=\"banner-inner fill\">\n        <div class=\"banner-bg fill\" data-parallax=\"-10\" data-parallax-container=\".banner\" data-parallax-background>\n            <img loading=\"lazy\" decoding=\"async\" width=\"1020\" height=\"498\" src=\"https:\/\/rieser-tropfen.de\/shop\/wp-content\/uploads\/2017\/11\/Laden-Ballon-1440x700-1400x683.jpg\" class=\"bg attachment-large size-large\" alt=\"\" \/>                        <div class=\"overlay\"><\/div>            \n                    <\/div>\n\t\t\n        <div class=\"banner-layers container\">\n            <div class=\"fill banner-link\"><\/div>            \n\n   <div id=\"text-box-742765353\" class=\"text-box banner-layer x50 md-x50 lg-x50 y50 md-y50 lg-y50 res-text\">\n                                <div class=\"text-box-content text dark\">\n              \n              <div class=\"text-inner text-center\">\n                  \n\n<div class=\"container section-title-container\" ><h3 class=\"section-title section-title-center\"><b aria-hidden=\"true\"><\/b><span class=\"section-title-main\" >UNSER LADEN<\/span><b aria-hidden=\"true\"><\/b><\/h3><\/div>\n\n<div class=\"is-divider divider clearfix\" style=\"margin-top:0.6em;margin-bottom:0.6em;max-width:99px;\"><\/div>\n\n<p class=\"uppercase\"><span style=\"font-size: 140%;\">\u00dcberredet wird hier niemand, \u00fcberzeugt allerdings so maNcher.<\/span><\/p>\n\n              <\/div>\n           <\/div>\n                            \n<style>\n#text-box-742765353 {\n  width: 60%;\n}\n#text-box-742765353 .text-box-content {\n  font-size: 100%;\n}\n@media (min-width:550px) {\n  #text-box-742765353 {\n    width: 68%;\n  }\n}\n<\/style>\n    <\/div>\n \n\n        <\/div>\n      <\/div>\n\n            \n<style>\n#banner-1015105257 {\n  padding-top: 300px;\n}\n#banner-1015105257 .overlay {\n  background-color: rgba(0, 0, 0, 0.47);\n}\n<\/style>\n  <\/div>\n\n\n\n\t<section class=\"section dark has-mask mask-arrow\" id=\"section_1593134687\">\n\t\t<div class=\"section-bg fill\" >\n\t\t\t\t\t\t\t\t\t<div class=\"section-bg-overlay absolute fill\"><\/div>\n\t\t\t\n\t<div class=\"is-border\"\n\t\tstyle=\"border-color:rgb(221, 153, 51);border-width:2px 0px 0px 0px;\">\n\t<\/div>\n\n\t\t<\/div>\n\n\t\t\n\n\t\t<div class=\"section-content relative\">\n\t\t\t\n\n<div class=\"row\"  id=\"row-140807450\">\n\n\n\t<div id=\"col-16017235\" class=\"col medium-4 small-12 large-4\"  >\n\t\t\t\t<div class=\"col-inner text-shadow-2\"  >\n\t\t\t\n\t\t\t\n\n<h2 class=\"uppercase\">GENUSS! KOMMUNIKATION! FREUDE!<\/h2>\n<p>Genau dies sollen Sie bei einem Besuch in unserem Gesch\u00e4ft sp\u00fcren, denn hier wird jeder Kunde von uns pers\u00f6nlich bedient.<\/p>\n\n\t\t<\/div>\n\t\t\t\t\t<\/div>\n\n\t\n\n\t<div id=\"col-740746158\" class=\"col medium-4 small-12 large-4\"  >\n\t\t\t\t<div class=\"col-inner text-shadow-2\"  >\n\t\t\t\n\t\t\t\n\n<div class=\"container section-title-container\" ><h3 class=\"section-title section-title-normal\"><b aria-hidden=\"true\"><\/b><span class=\"section-title-main\" >\u00d6ffnungszeiten<\/span><b aria-hidden=\"true\"><\/b><\/h3><\/div>\n\n<p style=\"text-align: center;\">Montag &#8211; Freitag:<\/p>\n<p style=\"text-align: center;\">9.00 &#8211; 12.00 Uhr und 14.00 &#8211; 18.00 Uhr<\/p>\n<p style=\"text-align: center;\">Samstag:<\/p>\n<p style=\"text-align: center;\">9.00 &#8211; 12.00 Uhr<\/p>\n<p style=\"text-align: center;\">Sonntag:<\/p>\n<p style=\"text-align: center;\">schlafen wir aus<\/p>\n\n\n\t\t<\/div>\n\t\t\t\t\t<\/div>\n\n\t\n\n\t<div id=\"col-1286037140\" class=\"col medium-4 small-12 large-4\"  >\n\t\t\t\t<div class=\"col-inner text-shadow-2\"  >\n\t\t\t\n\t\t\t\n\n<div class=\"container section-title-container\" ><h3 class=\"section-title section-title-normal\"><b aria-hidden=\"true\"><\/b><span class=\"section-title-main\" >Rufen Sie uns an<\/span><b aria-hidden=\"true\"><\/b><\/h3><\/div>\n\n<p>Telefon: 0049 (0)9081&nbsp;\u2013 4663<br \/>\nFax: 0049 (0)9081 23931<br \/>\nE-Mail: <a href=\"mailto:mail@rieser-tropfen.de\">mail@rieser-tropfen.de<\/a><\/p>\n\n\n\t\t<\/div>\n\t\t\t\t\t<\/div>\n\n\t\n\n<\/div>\n\n\t\t<\/div>\n\n\t\t\n<style>\n#section_1593134687 {\n  padding-top: 59px;\n  padding-bottom: 59px;\n  min-height: 300px;\n  background-color: rgb(119, 119, 119);\n}\n#section_1593134687 .section-bg-overlay {\n  background-color: rgba(0, 0, 0, 0);\n}\n<\/style>\n\t<\/section>\n\t\n\n<div class=\"row\"  id=\"row-118500737\">\n\n\n\t<div id=\"col-1069774562\" class=\"col medium-6 small-12 large-6\"  >\n\t\t\t\t<div class=\"col-inner\"  >\n\t\t\t\n\t\t\t\n\n\t<div id=\"gap-355164759\" class=\"gap-element clearfix\" style=\"display:block; height:auto;\">\n\t\t\n<style>\n#gap-355164759 {\n  padding-top: 50px;\n}\n<\/style>\n\t<\/div>\n\t\n\n<h1 class=\"uppercase\"><span style=\"font-size: 100%;\"><strong>Die Adresse f\u00fcr feine, handwerklich hergestellte Spirituosen.<\/strong><\/span><\/h1>\n<p>Das Programm der Br\u00e4nde, Geister und Lik\u00f6re wird durch eine gro\u00dfe Auswahl an Weinen aus der BRD, \u00d6sterreich, Italien und Spanien komplettiert.<\/p>\n<p>Goethes Worte \u201eDas Leben ist zu kurz, um schlechte Weine zu trinken\u201c sind f\u00fcr uns Credo.<\/p>\n<p>Umgesetzt in die Praxis bedeutet dies, dass Sie bei uns die komplette Auswahl an Schn\u00e4psen und fast alle Weine in Ruhe oder philosophierend verkosten d\u00fcrfen. Unsere Produkte bieten Genuss, Kommunikation und Freude.<\/p>\n<header class=\"site-header default\">\n<div class=\"page-meta\"><\/div>\n<\/header>\n\n\t\t<\/div>\n\t\t\t\t\n<style>\n#col-1069774562 > .col-inner {\n  padding: 0px 10px 0px 20px;\n  margin: 0px 0px 0px 0px;\n}\n<\/style>\n\t<\/div>\n\n\t\n\n\t<div id=\"col-771972652\" class=\"col medium-6 large-6\"  >\n\t\t\t\t<div class=\"col-inner\"  >\n\t\t\t\n\t\t\t\n\n<div class=\"slider-wrapper relative\" id=\"slider-1404370598\" >\n    <div class=\"slider slider-nav-circle slider-nav-large slider-nav-light slider-style-focus\"\n        data-flickity-options='{\n            \"cellAlign\": \"center\",\n            \"imagesLoaded\": true,\n            \"lazyLoad\": 1,\n            \"freeScroll\": false,\n            \"wrapAround\": true,\n            \"autoPlay\": 4000,\n            \"pauseAutoPlayOnHover\" : true,\n            \"prevNextButtons\": true,\n            \"contain\" : true,\n            \"adaptiveHeight\" : true,\n            \"dragThreshold\" : 10,\n            \"percentPosition\": true,\n            \"pageDots\": true,\n            \"rightToLeft\": false,\n            \"draggable\": true,\n            \"selectedAttraction\": 0.1,\n            \"parallax\" : 0,\n            \"friction\": 0.6        }'\n        >\n        \n\n\t<div class=\"img has-hover x md-x lg-x y md-y lg-y\" id=\"image_1205879519\">\n\t\t\t\t\t\t\t\t<div class=\"img-inner image-cover dark\" style=\"padding-top:100%;\">\n\t\t\t<img loading=\"lazy\" decoding=\"async\" width=\"1440\" height=\"700\" src=\"https:\/\/rieser-tropfen.de\/shop\/wp-content\/uploads\/2017\/11\/Laden-SpiriRegal-1440x700.jpg\" class=\"attachment-original size-original\" alt=\"\" srcset=\"https:\/\/rieser-tropfen.de\/shop\/wp-content\/uploads\/2017\/11\/Laden-SpiriRegal-1440x700.jpg 1440w, https:\/\/rieser-tropfen.de\/shop\/wp-content\/uploads\/2017\/11\/Laden-SpiriRegal-1440x700-510x248.jpg 510w, https:\/\/rieser-tropfen.de\/shop\/wp-content\/uploads\/2017\/11\/Laden-SpiriRegal-1440x700-800x389.jpg 800w, https:\/\/rieser-tropfen.de\/shop\/wp-content\/uploads\/2017\/11\/Laden-SpiriRegal-1440x700-768x373.jpg 768w, https:\/\/rieser-tropfen.de\/shop\/wp-content\/uploads\/2017\/11\/Laden-SpiriRegal-1440x700-1400x681.jpg 1400w\" sizes=\"auto, (max-width: 1440px) 100vw, 1440px\" \/>\t\t\t\t\t\t\n\t\t\t\t\t<\/div>\n\t\t\t\t\t\t\t\t\n<style>\n#image_1205879519 {\n  width: 100%;\n}\n<\/style>\n\t<\/div>\n\t\n\n\t<div class=\"img has-hover x md-x lg-x y md-y lg-y\" id=\"image_1663331649\">\n\t\t\t\t\t\t\t\t<div class=\"img-inner image-cover dark\" style=\"padding-top:100%;\">\n\t\t\t<img loading=\"lazy\" decoding=\"async\" width=\"1020\" height=\"496\" src=\"https:\/\/rieser-tropfen.de\/shop\/wp-content\/uploads\/2017\/11\/Laden-Weinregal-1440x700-1400x681.jpg\" class=\"attachment-large size-large\" alt=\"\" srcset=\"https:\/\/rieser-tropfen.de\/shop\/wp-content\/uploads\/2017\/11\/Laden-Weinregal-1440x700-1400x681.jpg 1400w, https:\/\/rieser-tropfen.de\/shop\/wp-content\/uploads\/2017\/11\/Laden-Weinregal-1440x700-510x248.jpg 510w, https:\/\/rieser-tropfen.de\/shop\/wp-content\/uploads\/2017\/11\/Laden-Weinregal-1440x700-800x389.jpg 800w, https:\/\/rieser-tropfen.de\/shop\/wp-content\/uploads\/2017\/11\/Laden-Weinregal-1440x700-768x373.jpg 768w, https:\/\/rieser-tropfen.de\/shop\/wp-content\/uploads\/2017\/11\/Laden-Weinregal-1440x700.jpg 1440w\" sizes=\"auto, (max-width: 1020px) 100vw, 1020px\" \/>\t\t\t\t\t\t\n\t\t\t\t\t<\/div>\n\t\t\t\t\t\t\t\t\n<style>\n#image_1663331649 {\n  width: 100%;\n}\n<\/style>\n\t<\/div>\n\t\n\n\t<div class=\"img has-hover x md-x lg-x y md-y lg-y\" id=\"image_951831686\">\n\t\t\t\t\t\t\t\t<div class=\"img-inner image-cover dark\" style=\"padding-top:100%;\">\n\t\t\t<img loading=\"lazy\" decoding=\"async\" width=\"1020\" height=\"496\" src=\"https:\/\/rieser-tropfen.de\/shop\/wp-content\/uploads\/2017\/11\/Laden-Weinregal-II-1440x700-1400x681.jpg\" class=\"attachment-large size-large\" alt=\"\" srcset=\"https:\/\/rieser-tropfen.de\/shop\/wp-content\/uploads\/2017\/11\/Laden-Weinregal-II-1440x700-1400x681.jpg 1400w, https:\/\/rieser-tropfen.de\/shop\/wp-content\/uploads\/2017\/11\/Laden-Weinregal-II-1440x700-510x248.jpg 510w, https:\/\/rieser-tropfen.de\/shop\/wp-content\/uploads\/2017\/11\/Laden-Weinregal-II-1440x700-800x389.jpg 800w, https:\/\/rieser-tropfen.de\/shop\/wp-content\/uploads\/2017\/11\/Laden-Weinregal-II-1440x700-768x373.jpg 768w, https:\/\/rieser-tropfen.de\/shop\/wp-content\/uploads\/2017\/11\/Laden-Weinregal-II-1440x700.jpg 1440w\" sizes=\"auto, (max-width: 1020px) 100vw, 1020px\" \/>\t\t\t\t\t\t\n\t\t\t\t\t<\/div>\n\t\t\t\t\t\t\t\t\n<style>\n#image_951831686 {\n  width: 100%;\n}\n<\/style>\n\t<\/div>\n\t\n\n\t<div class=\"img has-hover x md-x lg-x y md-y lg-y\" id=\"image_628428796\">\n\t\t\t\t\t\t\t\t<div class=\"img-inner image-cover dark\" style=\"padding-top:100%;\">\n\t\t\t<img loading=\"lazy\" decoding=\"async\" width=\"1020\" height=\"498\" src=\"https:\/\/rieser-tropfen.de\/shop\/wp-content\/uploads\/2017\/11\/Laden-Ballon-1440x700-1-1400x683.jpg\" class=\"attachment-large size-large\" alt=\"\" srcset=\"https:\/\/rieser-tropfen.de\/shop\/wp-content\/uploads\/2017\/11\/Laden-Ballon-1440x700-1-1400x683.jpg 1400w, https:\/\/rieser-tropfen.de\/shop\/wp-content\/uploads\/2017\/11\/Laden-Ballon-1440x700-1-510x249.jpg 510w, https:\/\/rieser-tropfen.de\/shop\/wp-content\/uploads\/2017\/11\/Laden-Ballon-1440x700-1-800x390.jpg 800w, https:\/\/rieser-tropfen.de\/shop\/wp-content\/uploads\/2017\/11\/Laden-Ballon-1440x700-1-768x374.jpg 768w, https:\/\/rieser-tropfen.de\/shop\/wp-content\/uploads\/2017\/11\/Laden-Ballon-1440x700-1.jpg 1440w\" sizes=\"auto, (max-width: 1020px) 100vw, 1020px\" \/>\t\t\t\t\t\t\n\t\t\t\t\t<\/div>\n\t\t\t\t\t\t\t\t\n<style>\n#image_628428796 {\n  width: 100%;\n}\n<\/style>\n\t<\/div>\n\t\n\n\n     <\/div>\n\n     <div class=\"loading-spin dark large centered\"><\/div>\n\n\t<\/div>\n\n\n\n\t\t<\/div>\n\t\t\t\t\t<\/div>\n\n\t\n\n<\/div>\n<div class=\"row\"  id=\"row-1528514385\">\n\n\n\t<div id=\"col-832775343\" class=\"col small-12 large-12 small-col-first\"  data-animate=\"fadeInLeft\">\n\t\t\t\t<div class=\"col-inner\"  >\n\t\t\t\n\t\t\t\n\n<h2 class=\"uppercase\">Umweltschutz wird bei uns grossgeschrieben<\/h2>\n\n\t\t<\/div>\n\t\t\t\t\t<\/div>\n\n\t\n\n<\/div>\n\n\t<section class=\"section\" id=\"section_36499020\">\n\t\t<div class=\"section-bg fill\" >\n\t\t\t\t\t\t\t\t\t\n\t\t\t\n\n\t\t<\/div>\n\n\t\t\n\n\t\t<div class=\"section-content relative\">\n\t\t\t\n\n<div class=\"row\"  id=\"row-532718847\">\n\n\n\t<div id=\"col-809274641\" class=\"col medium-4 small-12 large-4\"  >\n\t\t\t\t<div class=\"col-inner\"  >\n\t\t\t\n\t\t\t\n\n<h1><span style=\"font-size: 150%;\">Kein Plastik<\/span><\/h1>\n<p><span style=\"font-size: 90%;\">M\u00fcllvermeidung ist t\u00e4gliche Praxis<\/span><\/p>\n\n\t\t<\/div>\n\t\t\t\t\n<style>\n#col-809274641 > .col-inner {\n  padding: 0px 40px 0px 0px;\n}\n<\/style>\n\t<\/div>\n\n\t\n\n\t<div id=\"col-1780389806\" class=\"col medium-8 small-12 large-8\"  >\n\t\t\t\t<div class=\"col-inner\"  >\n\t\t\t\n\t\t\t\n\n<p>Seit 2 Jahren schon, gibt es in unserem Laden kein Cellophan mehr und auch keine Plastikt\u00fcten. Ihre Eink\u00e4ufe werden bei uns, nach Wunsch, in Papier-taschen oder Weinkartons verpackt.<br \/>\nIhre ausgesuchten Tropfen verpacken wir Ihnen in edlen K\u00f6rben oder Pr\u00e4sentkartons, bzw. -holzkisten. Gro\u00dfz\u00fcgig dekoriert mit Schleifen, etc. sind unsere Geschenkverpackungen ein Blickfang auf jeder Feier.<\/p>\n\n\t\t<\/div>\n\t\t\t\t\t<\/div>\n\n\t\n\n<\/div>\n\n\t\t<\/div>\n\n\t\t\n<style>\n#section_36499020 {\n  padding-top: 20px;\n  padding-bottom: 20px;\n}\n<\/style>\n\t<\/section>\n\t\n<div class=\"row\"  id=\"row-106612664\">\n\n\n\t<div id=\"col-44830040\" class=\"col medium-6 large-6\"  >\n\t\t\t\t<div class=\"col-inner\"  >\n\t\t\t\n\t\t\t\n\n\t<div class=\"img has-hover x md-x lg-x y md-y lg-y\" id=\"image_1258869068\">\n\t\t\t\t\t\t\t\t<div class=\"img-inner image-cover dark\" style=\"padding-top:56.25%;\">\n\t\t\t<img loading=\"lazy\" decoding=\"async\" width=\"590\" height=\"800\" src=\"https:\/\/rieser-tropfen.de\/shop\/wp-content\/uploads\/2017\/11\/Glasballons-orig-1-590x800.jpg\" class=\"attachment-large size-large\" alt=\"\" srcset=\"https:\/\/rieser-tropfen.de\/shop\/wp-content\/uploads\/2017\/11\/Glasballons-orig-1-590x800.jpg 590w, https:\/\/rieser-tropfen.de\/shop\/wp-content\/uploads\/2017\/11\/Glasballons-orig-1-510x692.jpg 510w, https:\/\/rieser-tropfen.de\/shop\/wp-content\/uploads\/2017\/11\/Glasballons-orig-1-295x400.jpg 295w, https:\/\/rieser-tropfen.de\/shop\/wp-content\/uploads\/2017\/11\/Glasballons-orig-1.jpg 737w\" sizes=\"auto, (max-width: 590px) 100vw, 590px\" \/>\t\t\t\t\t\t\n\t\t\t\t\t<\/div>\n\t\t\t\t\t\t\t\t\n<style>\n#image_1258869068 {\n  width: 100%;\n}\n<\/style>\n\t<\/div>\n\t\n\n\n\t\t<\/div>\n\t\t\t\t\t<\/div>\n\n\t\n\n\t<div id=\"col-348399785\" class=\"col medium-6 small-12 large-6\"  >\n\t\t\t\t<div class=\"col-inner\"  >\n\t\t\t\n\t\t\t\n\n\t<div id=\"gap-489881963\" class=\"gap-element clearfix\" style=\"display:block; height:auto;\">\n\t\t\n<style>\n#gap-489881963 {\n  padding-top: 50px;\n}\n<\/style>\n\t<\/div>\n\t\n\n<h1 class=\"uppercase\" style=\"text-align: center;\"><span style=\"font-size: 100%;\"><strong>Auff\u00fcllservice Ihrer leeren Flaschen<\/strong><\/span><\/h1>\n<p style=\"text-align: center;\">Sie bringen uns Ihre leeren Flaschen, wir f\u00fcllen wieder auf \u2013 egal welche Flaschen, egal wieviele!<br \/>\nNat\u00fcrliche soll sich dieser Einsatz auch f\u00fcr Sie lohnen; der offene Preis ist g\u00fcnstiger und das gute Gewissen nach dem Einkauf unbezahlbar.<\/p>\n<header class=\"site-header default\">\n<div class=\"page-meta\"><\/div>\n<\/header>\n\n\t\t<\/div>\n\t\t\t\t\n<style>\n#col-348399785 > .col-inner {\n  padding: 0px 10px 0px 20px;\n  margin: 0px 0px 0px 0px;\n}\n<\/style>\n\t<\/div>\n\n\t\n\n<\/div>\n\n\t<section class=\"section has-mask mask-arrow\" id=\"section_1786711654\">\n\t\t<div class=\"section-bg fill\" >\n\t\t\t\t\t\t\t\t\t\n\t\t\t\n\n\t\t<\/div>\n\n\t\t\n\n\t\t<div class=\"section-content relative\">\n\t\t\t\n\n\n  <div class=\"banner has-hover\" id=\"banner-2023833216\">\n          <div class=\"banner-inner fill\">\n        <div class=\"banner-bg fill\" >\n                                    <div class=\"overlay\"><\/div>            \n                    <\/div>\n\t\t\n        <div class=\"banner-layers container\">\n            <div class=\"fill banner-link\"><\/div>            \n\n   <div id=\"text-box-1379580720\" class=\"text-box banner-layer x50 md-x50 lg-x50 y50 md-y50 lg-y50 res-text\">\n                                <div class=\"text-box-content text dark\">\n              \n              <div class=\"text-inner text-center\">\n                  \n\n<p class=\"uppercase\"><span style=\"color: #f99b1c;\">&#8211; F\u00fcr jeden was dabei &#8211;<\/span><\/p>\n<h3 class=\"uppercase\"><strong><span style=\"color: #333333;\">Unsere kunterbunte Schnapsfamilie<\/span><br \/>\n<\/strong><\/h3>\n\t<div class=\"img has-hover x md-x lg-x y md-y lg-y\" id=\"image_654605639\">\n\t\t\t\t\t\t\t\t<div class=\"img-inner dark\" style=\"margin:29px 0px 24px 0px;\">\n\t\t\t<img loading=\"lazy\" decoding=\"async\" width=\"1020\" height=\"312\" src=\"https:\/\/rieser-tropfen.de\/shop\/wp-content\/uploads\/2017\/11\/07-FlaschFamilie.jpg\" class=\"attachment-large size-large\" alt=\"\" srcset=\"https:\/\/rieser-tropfen.de\/shop\/wp-content\/uploads\/2017\/11\/07-FlaschFamilie.jpg 1058w, https:\/\/rieser-tropfen.de\/shop\/wp-content\/uploads\/2017\/11\/07-FlaschFamilie-510x156.jpg 510w, https:\/\/rieser-tropfen.de\/shop\/wp-content\/uploads\/2017\/11\/07-FlaschFamilie-800x245.jpg 800w, https:\/\/rieser-tropfen.de\/shop\/wp-content\/uploads\/2017\/11\/07-FlaschFamilie-768x235.jpg 768w\" sizes=\"auto, (max-width: 1020px) 100vw, 1020px\" \/>\t\t\t\t\t\t\n\t\t\t\t\t<\/div>\n\t\t\t\t\t\t\t\t\n<style>\n#image_654605639 {\n  width: 100%;\n}\n<\/style>\n\t<\/div>\n\t\n\n<a href=\"http:\/\/rieser-tropfen.de\/shop\/produkt-kategorie\/rieser-tropfen\/\" class=\"button primary\" >\n\t\t<span>zum SHOP<\/span>\n\t<\/a>\n\n\n\n              <\/div>\n           <\/div>\n                            \n<style>\n#text-box-1379580720 {\n  width: 78%;\n}\n#text-box-1379580720 .text-box-content {\n  font-size: 100%;\n}\n<\/style>\n    <\/div>\n \n\n        <\/div>\n      <\/div>\n\n            \n<style>\n#banner-2023833216 {\n  padding-top: 521px;\n  background-color: rgb(241, 241, 241);\n}\n#banner-2023833216 .overlay {\n  background-color: rgba(0, 0, 0, 0);\n}\n<\/style>\n  <\/div>\n\n\n\n\t\t<\/div>\n\n\t\t\n<style>\n#section_1786711654 {\n  padding-top: 0px;\n  padding-bottom: 0px;\n}\n<\/style>\n\t<\/section>\n\t\n\n","protected":false},"excerpt":{"rendered":"","protected":false},"author":1,"featured_media":0,"parent":139,"menu_order":0,"comment_status":"closed","ping_status":"closed","template":"page-blank.php","meta":{"footnotes":""},"class_list":["post-73","page","type-page","status-publish","hentry"],"yoast_head":"<!-- This site is optimized with the Yoast SEO plugin v27.6 - https:\/\/yoast.com\/product\/yoast-seo-wordpress\/ -->\n<title>Unser Laden - Vitzthum Shop<\/title>\n<meta name=\"robots\" content=\"index, follow, max-snippet:-1, max-image-preview:large, max-video-preview:-1\" \/>\n<link rel=\"canonical\" href=\"https:\/\/rieser-tropfen.de\/shop\/shop\/gaumenfreuden-suess-wuerzig\/our-stores\/\" \/>\n<meta property=\"og:locale\" content=\"de_DE\" \/>\n<meta property=\"og:type\" content=\"article\" \/>\n<meta property=\"og:title\" content=\"Unser Laden - Vitzthum Shop\" \/>\n<meta property=\"og:url\" content=\"https:\/\/rieser-tropfen.de\/shop\/shop\/gaumenfreuden-suess-wuerzig\/our-stores\/\" \/>\n<meta property=\"og:site_name\" content=\"Vitzthum Shop\" \/>\n<meta property=\"article:publisher\" content=\"https:\/\/www.facebook.com\/vitzthum.destillerie\/?locale=de_DE\" \/>\n<meta property=\"article:modified_time\" content=\"2023-02-16T14:05:07+00:00\" \/>\n<meta name=\"twitter:card\" content=\"summary_large_image\" \/>\n<meta name=\"twitter:label1\" content=\"Gesch\u00e4tzte Lesezeit\" \/>\n\t<meta name=\"twitter:data1\" content=\"3\u00a0Minuten\" \/>\n<script type=\"application\/ld+json\" class=\"yoast-schema-graph\">{\"@context\":\"https:\\\/\\\/schema.org\",\"@graph\":[{\"@type\":\"WebPage\",\"@id\":\"https:\\\/\\\/rieser-tropfen.de\\\/shop\\\/shop\\\/gaumenfreuden-suess-wuerzig\\\/our-stores\\\/\",\"url\":\"https:\\\/\\\/rieser-tropfen.de\\\/shop\\\/shop\\\/gaumenfreuden-suess-wuerzig\\\/our-stores\\\/\",\"name\":\"Unser Laden - Vitzthum Shop\",\"isPartOf\":{\"@id\":\"https:\\\/\\\/rieser-tropfen.de\\\/shop\\\/#website\"},\"datePublished\":\"2016-08-04T11:15:19+00:00\",\"dateModified\":\"2023-02-16T14:05:07+00:00\",\"breadcrumb\":{\"@id\":\"https:\\\/\\\/rieser-tropfen.de\\\/shop\\\/shop\\\/gaumenfreuden-suess-wuerzig\\\/our-stores\\\/#breadcrumb\"},\"inLanguage\":\"de\",\"potentialAction\":[{\"@type\":\"ReadAction\",\"target\":[\"https:\\\/\\\/rieser-tropfen.de\\\/shop\\\/shop\\\/gaumenfreuden-suess-wuerzig\\\/our-stores\\\/\"]}]},{\"@type\":\"BreadcrumbList\",\"@id\":\"https:\\\/\\\/rieser-tropfen.de\\\/shop\\\/shop\\\/gaumenfreuden-suess-wuerzig\\\/our-stores\\\/#breadcrumb\",\"itemListElement\":[{\"@type\":\"ListItem\",\"position\":1,\"name\":\"Home\",\"item\":\"https:\\\/\\\/rieser-tropfen.de\\\/shop\\\/\"},{\"@type\":\"ListItem\",\"position\":2,\"name\":\"Shop\",\"item\":\"https:\\\/\\\/rieser-tropfen.de\\\/shop\\\/shop\\\/\"},{\"@type\":\"ListItem\",\"position\":3,\"name\":\"Gaumenfreuden &#8211; s\u00fcss +w\u00fcrzig\",\"item\":\"https:\\\/\\\/rieser-tropfen.de\\\/shop\\\/shop\\\/gaumenfreuden-suess-wuerzig\\\/\"},{\"@type\":\"ListItem\",\"position\":4,\"name\":\"Unser Laden\"}]},{\"@type\":\"WebSite\",\"@id\":\"https:\\\/\\\/rieser-tropfen.de\\\/shop\\\/#website\",\"url\":\"https:\\\/\\\/rieser-tropfen.de\\\/shop\\\/\",\"name\":\"Vitzthum Shop\",\"description\":\"handgemachte Beerengeister, Obstbr\u00e4nde und Kr\u00e4uter- sowie Fruchtlik\u00f6re\",\"publisher\":{\"@id\":\"https:\\\/\\\/rieser-tropfen.de\\\/shop\\\/#organization\"},\"potentialAction\":[{\"@type\":\"SearchAction\",\"target\":{\"@type\":\"EntryPoint\",\"urlTemplate\":\"https:\\\/\\\/rieser-tropfen.de\\\/shop\\\/?s={search_term_string}\"},\"query-input\":{\"@type\":\"PropertyValueSpecification\",\"valueRequired\":true,\"valueName\":\"search_term_string\"}}],\"inLanguage\":\"de\"},{\"@type\":\"Organization\",\"@id\":\"https:\\\/\\\/rieser-tropfen.de\\\/shop\\\/#organization\",\"name\":\"Vitzthum GmbH\",\"url\":\"https:\\\/\\\/rieser-tropfen.de\\\/shop\\\/\",\"logo\":{\"@type\":\"ImageObject\",\"inLanguage\":\"de\",\"@id\":\"https:\\\/\\\/rieser-tropfen.de\\\/shop\\\/#\\\/schema\\\/logo\\\/image\\\/\",\"url\":\"https:\\\/\\\/rieser-tropfen.de\\\/shop\\\/wp-content\\\/uploads\\\/2021\\\/03\\\/Logo-Vitzthum-2021-gold.jpg\",\"contentUrl\":\"https:\\\/\\\/rieser-tropfen.de\\\/shop\\\/wp-content\\\/uploads\\\/2021\\\/03\\\/Logo-Vitzthum-2021-gold.jpg\",\"width\":149,\"height\":69,\"caption\":\"Vitzthum GmbH\"},\"image\":{\"@id\":\"https:\\\/\\\/rieser-tropfen.de\\\/shop\\\/#\\\/schema\\\/logo\\\/image\\\/\"},\"sameAs\":[\"https:\\\/\\\/www.facebook.com\\\/vitzthum.destillerie\\\/?locale=de_DE\"]}]}<\/script>\n<!-- \/ Yoast SEO plugin. -->","yoast_head_json":{"title":"Unser Laden - Vitzthum Shop","robots":{"index":"index","follow":"follow","max-snippet":"max-snippet:-1","max-image-preview":"max-image-preview:large","max-video-preview":"max-video-preview:-1"},"canonical":"https:\/\/rieser-tropfen.de\/shop\/shop\/gaumenfreuden-suess-wuerzig\/our-stores\/","og_locale":"de_DE","og_type":"article","og_title":"Unser Laden - Vitzthum Shop","og_url":"https:\/\/rieser-tropfen.de\/shop\/shop\/gaumenfreuden-suess-wuerzig\/our-stores\/","og_site_name":"Vitzthum Shop","article_publisher":"https:\/\/www.facebook.com\/vitzthum.destillerie\/?locale=de_DE","article_modified_time":"2023-02-16T14:05:07+00:00","twitter_card":"summary_large_image","twitter_misc":{"Gesch\u00e4tzte Lesezeit":"3\u00a0Minuten"},"schema":{"@context":"https:\/\/schema.org","@graph":[{"@type":"WebPage","@id":"https:\/\/rieser-tropfen.de\/shop\/shop\/gaumenfreuden-suess-wuerzig\/our-stores\/","url":"https:\/\/rieser-tropfen.de\/shop\/shop\/gaumenfreuden-suess-wuerzig\/our-stores\/","name":"Unser Laden - Vitzthum Shop","isPartOf":{"@id":"https:\/\/rieser-tropfen.de\/shop\/#website"},"datePublished":"2016-08-04T11:15:19+00:00","dateModified":"2023-02-16T14:05:07+00:00","breadcrumb":{"@id":"https:\/\/rieser-tropfen.de\/shop\/shop\/gaumenfreuden-suess-wuerzig\/our-stores\/#breadcrumb"},"inLanguage":"de","potentialAction":[{"@type":"ReadAction","target":["https:\/\/rieser-tropfen.de\/shop\/shop\/gaumenfreuden-suess-wuerzig\/our-stores\/"]}]},{"@type":"BreadcrumbList","@id":"https:\/\/rieser-tropfen.de\/shop\/shop\/gaumenfreuden-suess-wuerzig\/our-stores\/#breadcrumb","itemListElement":[{"@type":"ListItem","position":1,"name":"Home","item":"https:\/\/rieser-tropfen.de\/shop\/"},{"@type":"ListItem","position":2,"name":"Shop","item":"https:\/\/rieser-tropfen.de\/shop\/shop\/"},{"@type":"ListItem","position":3,"name":"Gaumenfreuden &#8211; s\u00fcss +w\u00fcrzig","item":"https:\/\/rieser-tropfen.de\/shop\/shop\/gaumenfreuden-suess-wuerzig\/"},{"@type":"ListItem","position":4,"name":"Unser Laden"}]},{"@type":"WebSite","@id":"https:\/\/rieser-tropfen.de\/shop\/#website","url":"https:\/\/rieser-tropfen.de\/shop\/","name":"Vitzthum Shop","description":"handgemachte Beerengeister, Obstbr\u00e4nde und Kr\u00e4uter- sowie Fruchtlik\u00f6re","publisher":{"@id":"https:\/\/rieser-tropfen.de\/shop\/#organization"},"potentialAction":[{"@type":"SearchAction","target":{"@type":"EntryPoint","urlTemplate":"https:\/\/rieser-tropfen.de\/shop\/?s={search_term_string}"},"query-input":{"@type":"PropertyValueSpecification","valueRequired":true,"valueName":"search_term_string"}}],"inLanguage":"de"},{"@type":"Organization","@id":"https:\/\/rieser-tropfen.de\/shop\/#organization","name":"Vitzthum GmbH","url":"https:\/\/rieser-tropfen.de\/shop\/","logo":{"@type":"ImageObject","inLanguage":"de","@id":"https:\/\/rieser-tropfen.de\/shop\/#\/schema\/logo\/image\/","url":"https:\/\/rieser-tropfen.de\/shop\/wp-content\/uploads\/2021\/03\/Logo-Vitzthum-2021-gold.jpg","contentUrl":"https:\/\/rieser-tropfen.de\/shop\/wp-content\/uploads\/2021\/03\/Logo-Vitzthum-2021-gold.jpg","width":149,"height":69,"caption":"Vitzthum GmbH"},"image":{"@id":"https:\/\/rieser-tropfen.de\/shop\/#\/schema\/logo\/image\/"},"sameAs":["https:\/\/www.facebook.com\/vitzthum.destillerie\/?locale=de_DE"]}]}},"_links":{"self":[{"href":"https:\/\/rieser-tropfen.de\/shop\/wp-json\/wp\/v2\/pages\/73","targetHints":{"allow":["GET"]}}],"collection":[{"href":"https:\/\/rieser-tropfen.de\/shop\/wp-json\/wp\/v2\/pages"}],"about":[{"href":"https:\/\/rieser-tropfen.de\/shop\/wp-json\/wp\/v2\/types\/page"}],"author":[{"embeddable":true,"href":"https:\/\/rieser-tropfen.de\/shop\/wp-json\/wp\/v2\/users\/1"}],"replies":[{"embeddable":true,"href":"https:\/\/rieser-tropfen.de\/shop\/wp-json\/wp\/v2\/comments?post=73"}],"version-history":[{"count":58,"href":"https:\/\/rieser-tropfen.de\/shop\/wp-json\/wp\/v2\/pages\/73\/revisions"}],"predecessor-version":[{"id":2479,"href":"https:\/\/rieser-tropfen.de\/shop\/wp-json\/wp\/v2\/pages\/73\/revisions\/2479"}],"up":[{"embeddable":true,"href":"https:\/\/rieser-tropfen.de\/shop\/wp-json\/wp\/v2\/pages\/139"}],"wp:attachment":[{"href":"https:\/\/rieser-tropfen.de\/shop\/wp-json\/wp\/v2\/media?parent=73"}],"curies":[{"name":"wp","href":"https:\/\/api.w.org\/{rel}","templated":true}]}}