{"id":1041,"date":"2017-11-29T18:11:29","date_gmt":"2017-11-29T17:11:29","guid":{"rendered":"http:\/\/vitzthum.dynamic-cloud.de\/shop5\/?post_type=product&#038;p=1041"},"modified":"2024-12-09T17:50:46","modified_gmt":"2024-12-09T16:50:46","slug":"zitronenlikoer-kopie","status":"publish","type":"product","link":"https:\/\/rieser-tropfen.de\/shop\/produkt\/zitronenlikoer-kopie\/","title":{"rendered":"Zitronenlik\u00f6r"},"content":{"rendered":"<div class=\"row\"  id=\"row-1833422011\">\n\n\t<div id=\"col-1960928059\" class=\"col medium-6 small-12 large-6\"  >\n\t\t\t\t<div class=\"col-inner\"  >\n\t\t\t\n\t\t\t\n\t<div class=\"img has-hover x md-x lg-x y md-y lg-y\" id=\"image_482320723\">\n\t\t\t\t\t\t\t\t<div class=\"img-inner dark\" style=\"margin:0px 0px 0px 0px;\">\n\t\t\t<img loading=\"lazy\" decoding=\"async\" width=\"768\" height=\"969\" src=\"https:\/\/rieser-tropfen.de\/shop\/wp-content\/uploads\/2023\/06\/IMG_4541-768x969.jpg\" class=\"attachment-medium_large size-medium_large\" alt=\"\" srcset=\"https:\/\/rieser-tropfen.de\/shop\/wp-content\/uploads\/2023\/06\/IMG_4541-768x969.jpg 768w, https:\/\/rieser-tropfen.de\/shop\/wp-content\/uploads\/2023\/06\/IMG_4541-317x400.jpg 317w, https:\/\/rieser-tropfen.de\/shop\/wp-content\/uploads\/2023\/06\/IMG_4541-634x800.jpg 634w, https:\/\/rieser-tropfen.de\/shop\/wp-content\/uploads\/2023\/06\/IMG_4541-510x643.jpg 510w, https:\/\/rieser-tropfen.de\/shop\/wp-content\/uploads\/2023\/06\/IMG_4541.jpg 1015w\" sizes=\"auto, (max-width: 768px) 100vw, 768px\" \/>\t\t\t\t\t\t\n\t\t\t\t\t<\/div>\n\t\t\t\t\t\t\t\t\n<style>\n#image_482320723 {\n  width: 68%;\n}\n<\/style>\n\t<\/div>\n\t\n\t\t<\/div>\n\t\t\t\t\t<\/div>\n\n\t\n\n\t<div id=\"col-1001059265\" class=\"col medium-5 small-12 large-5\"  >\n\t\t\t\t<div class=\"col-inner\"  >\n\t\t\t\n\t\t\t\n<div class=\"title-subtitle-box \">\n<p><span style=\"color: #de901b;\">Ein Dauerbrenner \u2026<\/span><\/p>\n<h1>HUGO-Sprizz<\/h1>\n<\/div>\n<div class=\"wpb_text_column wpb_content_element vc_custom_1495458212349\">\n<div class=\"wpb_wrapper\">\n<p>150 ml Prosecco oder Sekt spritzig<br \/>\n100 ml Mineralwasser spritzig<br \/>\n2 cl = 1\/2 Schnapsglas Holunderbl\u00fctensirup<br \/>\n1 cl = 1\/2 Schnapsglas Zitronenlik\u00f6r<br \/>\n1 Spritzer Pfefferminzlik\u00f6r<\/p>\n<\/div>\n<\/div>\n\t\t<\/div>\n\t\t\t\t\n<style>\n#col-1001059265 > .col-inner {\n  padding: 70px 0px 0px 0px;\n}\n<\/style>\n\t<\/div>\n\n\t\n<\/div>\n<section id=\"content\">\n<div class=\"container\">\n<div class=\"row\">\n<div class=\"col-xs-12 col-md-12\">\n<div id=\"product-1424\" class=\"post-1424 product type-product status-publish has-post-thumbnail product_cat-likoere product_cat-fruchtlikoere product_tag-intensiv-fruchtig product_tag-schmelzend product_tag-weich first instock taxable shipping-taxable purchasable product-type-variable has-default-attributes has-children\">\n<div class=\"vc_row wpb_row vc_row-fluid vc_custom_1460727920666 vc_row-has-fill vc_row-o-content-middle vc_row-flex\">\n<div class=\"wpb_column vc_column_container vc_col-sm-12 vc_col-lg-6 vc_col-md-6\">\n<div class=\"vc_column-inner vc_custom_1460636569719\">\n<div class=\"wpb_wrapper\">\n<div class=\"title-subtitle-box \">\n<div class=\"title-subtitle-box \"><\/div>\n<div class=\"wpb_text_column wpb_content_element vc_custom_1495458212349\">\n<div class=\"wpb_wrapper\">\n<p>Die Zutaten nacheinander in ein gro\u00dfes Longdrinkglas f\u00fcllen, mit Eisw\u00fcrfel und Limettenscheiben servieren.<\/p>\n<\/div>\n<\/div>\n<\/div>\n<\/div>\n<\/div>\n<\/div>\n<\/div>\n<\/div>\n<\/div>\n<\/div>\n<\/div>\n<\/section>\n<p>F\u00fcllen Sie den Mix ohne Eisw\u00fcrfel in ein gro\u00dfes verschlie\u00dfbares Marmeladenglas und nehmen dies mit zum Grillen am Badesee, dort dann mit Eisw\u00fcrfel aufgie\u00dfen und genie\u00dfen.<\/p>\n<section id=\"content\">\n<div class=\"container\">\n<div class=\"row\">\n<div class=\"col-xs-12 col-md-12\">\n<div id=\"product-1424\" class=\"post-1424 product type-product status-publish has-post-thumbnail product_cat-likoere product_cat-fruchtlikoere product_tag-intensiv-fruchtig product_tag-schmelzend product_tag-weich first instock taxable shipping-taxable purchasable product-type-variable has-default-attributes has-children\">\n<div class=\"vc_row wpb_row vc_row-fluid vc_custom_1460727927848 vc_row-has-fill vc_row-o-content-middle vc_row-flex\">\n<div class=\"wpb_column vc_column_container vc_col-sm-12 vc_col-lg-6 vc_col-md-6\">\n<div class=\"vc_column-inner vc_custom_1460636579755\">\n<div class=\"wpb_wrapper\">\n<div class=\"title-subtitle-box \">\n<div class=\"title-subtitle-box \">\n<p><span style=\"color: #de901b;\">So fein, frisch und fruchtig !!<\/span><\/p>\n<h1>Zitronen-Tiramisu!<\/h1>\n<\/div>\n<div class=\"wpb_text_column wpb_content_element \">\n<div class=\"wpb_wrapper\">\n<p>1 Packung Biskuitboden<br \/>\n15 EL Zitronenlik\u00f6r<br \/>\n4 Eigelbe<br \/>\n2 Eiwei\u00df<br \/>\n5 EL Zucker<br \/>\n1 Pck Vanillezucker<br \/>\n3 EL Zitronensaft<br \/>\n200 g Mascarpone<br \/>\n3 EL gehackte Pistazien (nach Belieben)\u00a0 \u00a0 \u00a0 \u00a0 \u00a0 \u00a0 \u00a0 \u00a0 \u00a0 \u00a0 \u00a0 \u00a0 \u00a0 \u00a0 \u00a0 \u00a0 \u00a0 \u00a0 \u00a0 \u00a0Den Boden auseinanderschneiden auf die Arbeitsplatte legen und mit 10 EL Zitronenlik\u00f6r tr\u00e4nken. Eiwei\u00df separat mit einer Prise Salz zu Eischnee schlagen. Eigelbe, Zucker, Vanillezucker und Zitrusschale mit den R\u00fchrbesen des R\u00fchrger\u00e4ts cremig wei\u00df r\u00fchren. <span style=\"font-size: 14.4px;\">Mascarpone essl\u00f6ffelweise unterr\u00fchren, dabei den Zitronensaft und \u00fcbrigen Zitronenlik\u00f6r zugeben. Zum Schluss den Eischnee unterheben. <\/span><span style=\"font-size: 14.4px;\">Einen der getr\u00e4nkten B\u00f6den in eine Springform legen mit der H\u00e4lfte der Mascarponecreme bedecken, den zweiten auflegen und mit dem Rest der Creme vollst\u00e4ndig abdecken. \u00dcber Nacht abgedeckt in den K\u00fchlschrank stellen.<\/span><\/p>\n<\/div>\n<\/div>\n<\/div>\n<\/div>\n<\/div>\n<\/div>\n<\/div>\n<\/div>\n<\/div>\n<\/div>\n<\/div>\n<\/section>\n","protected":false},"excerpt":{"rendered":"<p>Bella Italia! Intensive Farbe und Zitrusfrucht, dabei feins\u00e4uerlich und saftig abgerundet. Mit Pfefferminze oder Zitronenmelisse, etwas Rum und Prosecco gemixt \u2013 ein erfrischender Aperitif.<\/p>\n","protected":false},"featured_media":1469,"template":"","meta":[],"product_brand":[],"product_cat":[59,58],"product_tag":[159,99,96,97,98,145,141],"class_list":{"0":"post-1041","1":"product","2":"type-product","3":"status-publish","4":"has-post-thumbnail","6":"product_cat-fruchtlikoere","7":"product_cat-likoere","8":"product_tag-citrus","9":"product_tag-frisch","10":"product_tag-fruchtig","11":"product_tag-saftig","12":"product_tag-saftige-zitrone","13":"product_tag-saftlikoer","14":"product_tag-zitronenlikoer","16":"first","17":"instock","18":"shipping-taxable","19":"purchasable","20":"product-type-variable","21":"has-default-attributes"},"yoast_head":"<!-- This site is optimized with the Yoast SEO plugin v27.5 - https:\/\/yoast.com\/product\/yoast-seo-wordpress\/ -->\n<title>Zitronenlik\u00f6r - Vitzthum Shop<\/title>\n<meta name=\"robots\" content=\"index, follow, max-snippet:-1, max-image-preview:large, max-video-preview:-1\" \/>\n<link rel=\"canonical\" href=\"https:\/\/rieser-tropfen.de\/shop\/produkt\/zitronenlikoer-kopie\/\" \/>\n<meta property=\"og:locale\" content=\"de_DE\" \/>\n<meta property=\"og:type\" content=\"article\" \/>\n<meta property=\"og:title\" content=\"Zitronenlik\u00f6r - Vitzthum Shop\" \/>\n<meta property=\"og:description\" content=\"Bella Italia! Intensive Farbe und Zitrusfrucht, dabei feins\u00e4uerlich und saftig abgerundet. Mit Pfefferminze oder Zitronenmelisse, etwas Rum und Prosecco gemixt \u2013 ein erfrischender Aperitif.\" \/>\n<meta property=\"og:url\" content=\"https:\/\/rieser-tropfen.de\/shop\/produkt\/zitronenlikoer-kopie\/\" \/>\n<meta property=\"og:site_name\" content=\"Vitzthum Shop\" \/>\n<meta property=\"article:publisher\" content=\"https:\/\/www.facebook.com\/vitzthum.destillerie\/?locale=de_DE\" \/>\n<meta property=\"article:modified_time\" content=\"2024-12-09T16:50:46+00:00\" \/>\n<meta property=\"og:image\" content=\"https:\/\/rieser-tropfen.de\/shop\/wp-content\/uploads\/2017\/11\/Zitronenlik\u00f6r-2x07-05B.jpg\" \/>\n\t<meta property=\"og:image:width\" content=\"500\" \/>\n\t<meta property=\"og:image:height\" content=\"600\" \/>\n\t<meta property=\"og:image:type\" content=\"image\/jpeg\" \/>\n<meta name=\"twitter:card\" content=\"summary_large_image\" \/>\n<meta name=\"twitter:label1\" content=\"Gesch\u00e4tzte Lesezeit\" \/>\n\t<meta name=\"twitter:data1\" content=\"2\u00a0Minuten\" \/>\n<script type=\"application\/ld+json\" class=\"yoast-schema-graph\">{\"@context\":\"https:\\\/\\\/schema.org\",\"@graph\":[{\"@type\":\"WebPage\",\"@id\":\"https:\\\/\\\/rieser-tropfen.de\\\/shop\\\/produkt\\\/zitronenlikoer-kopie\\\/\",\"url\":\"https:\\\/\\\/rieser-tropfen.de\\\/shop\\\/produkt\\\/zitronenlikoer-kopie\\\/\",\"name\":\"Zitronenlik\u00f6r - Vitzthum Shop\",\"isPartOf\":{\"@id\":\"https:\\\/\\\/rieser-tropfen.de\\\/shop\\\/#website\"},\"primaryImageOfPage\":{\"@id\":\"https:\\\/\\\/rieser-tropfen.de\\\/shop\\\/produkt\\\/zitronenlikoer-kopie\\\/#primaryimage\"},\"image\":{\"@id\":\"https:\\\/\\\/rieser-tropfen.de\\\/shop\\\/produkt\\\/zitronenlikoer-kopie\\\/#primaryimage\"},\"thumbnailUrl\":\"https:\\\/\\\/rieser-tropfen.de\\\/shop\\\/wp-content\\\/uploads\\\/2017\\\/11\\\/Zitronenlik\u00f6r-2x07-05B.jpg\",\"datePublished\":\"2017-11-29T17:11:29+00:00\",\"dateModified\":\"2024-12-09T16:50:46+00:00\",\"breadcrumb\":{\"@id\":\"https:\\\/\\\/rieser-tropfen.de\\\/shop\\\/produkt\\\/zitronenlikoer-kopie\\\/#breadcrumb\"},\"inLanguage\":\"de\",\"potentialAction\":[{\"@type\":\"ReadAction\",\"target\":[\"https:\\\/\\\/rieser-tropfen.de\\\/shop\\\/produkt\\\/zitronenlikoer-kopie\\\/\"]}]},{\"@type\":\"ImageObject\",\"inLanguage\":\"de\",\"@id\":\"https:\\\/\\\/rieser-tropfen.de\\\/shop\\\/produkt\\\/zitronenlikoer-kopie\\\/#primaryimage\",\"url\":\"https:\\\/\\\/rieser-tropfen.de\\\/shop\\\/wp-content\\\/uploads\\\/2017\\\/11\\\/Zitronenlik\u00f6r-2x07-05B.jpg\",\"contentUrl\":\"https:\\\/\\\/rieser-tropfen.de\\\/shop\\\/wp-content\\\/uploads\\\/2017\\\/11\\\/Zitronenlik\u00f6r-2x07-05B.jpg\",\"width\":500,\"height\":600},{\"@type\":\"BreadcrumbList\",\"@id\":\"https:\\\/\\\/rieser-tropfen.de\\\/shop\\\/produkt\\\/zitronenlikoer-kopie\\\/#breadcrumb\",\"itemListElement\":[{\"@type\":\"ListItem\",\"position\":1,\"name\":\"Home\",\"item\":\"https:\\\/\\\/rieser-tropfen.de\\\/shop\\\/\"},{\"@type\":\"ListItem\",\"position\":2,\"name\":\"Shop\",\"item\":\"https:\\\/\\\/rieser-tropfen.de\\\/shop\\\/shop\\\/\"},{\"@type\":\"ListItem\",\"position\":3,\"name\":\"Zitronenlik\u00f6r\"}]},{\"@type\":\"WebSite\",\"@id\":\"https:\\\/\\\/rieser-tropfen.de\\\/shop\\\/#website\",\"url\":\"https:\\\/\\\/rieser-tropfen.de\\\/shop\\\/\",\"name\":\"Vitzthum Shop\",\"description\":\"handgemachte Beerengeister, Obstbr\u00e4nde und Kr\u00e4uter- sowie Fruchtlik\u00f6re\",\"publisher\":{\"@id\":\"https:\\\/\\\/rieser-tropfen.de\\\/shop\\\/#organization\"},\"potentialAction\":[{\"@type\":\"SearchAction\",\"target\":{\"@type\":\"EntryPoint\",\"urlTemplate\":\"https:\\\/\\\/rieser-tropfen.de\\\/shop\\\/?s={search_term_string}\"},\"query-input\":{\"@type\":\"PropertyValueSpecification\",\"valueRequired\":true,\"valueName\":\"search_term_string\"}}],\"inLanguage\":\"de\"},{\"@type\":\"Organization\",\"@id\":\"https:\\\/\\\/rieser-tropfen.de\\\/shop\\\/#organization\",\"name\":\"Vitzthum GmbH\",\"url\":\"https:\\\/\\\/rieser-tropfen.de\\\/shop\\\/\",\"logo\":{\"@type\":\"ImageObject\",\"inLanguage\":\"de\",\"@id\":\"https:\\\/\\\/rieser-tropfen.de\\\/shop\\\/#\\\/schema\\\/logo\\\/image\\\/\",\"url\":\"https:\\\/\\\/rieser-tropfen.de\\\/shop\\\/wp-content\\\/uploads\\\/2021\\\/03\\\/Logo-Vitzthum-2021-gold.jpg\",\"contentUrl\":\"https:\\\/\\\/rieser-tropfen.de\\\/shop\\\/wp-content\\\/uploads\\\/2021\\\/03\\\/Logo-Vitzthum-2021-gold.jpg\",\"width\":149,\"height\":69,\"caption\":\"Vitzthum GmbH\"},\"image\":{\"@id\":\"https:\\\/\\\/rieser-tropfen.de\\\/shop\\\/#\\\/schema\\\/logo\\\/image\\\/\"},\"sameAs\":[\"https:\\\/\\\/www.facebook.com\\\/vitzthum.destillerie\\\/?locale=de_DE\"]}]}<\/script>\n<!-- \/ Yoast SEO plugin. -->","yoast_head_json":{"title":"Zitronenlik\u00f6r - Vitzthum Shop","robots":{"index":"index","follow":"follow","max-snippet":"max-snippet:-1","max-image-preview":"max-image-preview:large","max-video-preview":"max-video-preview:-1"},"canonical":"https:\/\/rieser-tropfen.de\/shop\/produkt\/zitronenlikoer-kopie\/","og_locale":"de_DE","og_type":"article","og_title":"Zitronenlik\u00f6r - Vitzthum Shop","og_description":"Bella Italia! Intensive Farbe und Zitrusfrucht, dabei feins\u00e4uerlich und saftig abgerundet. Mit Pfefferminze oder Zitronenmelisse, etwas Rum und Prosecco gemixt \u2013 ein erfrischender Aperitif.","og_url":"https:\/\/rieser-tropfen.de\/shop\/produkt\/zitronenlikoer-kopie\/","og_site_name":"Vitzthum Shop","article_publisher":"https:\/\/www.facebook.com\/vitzthum.destillerie\/?locale=de_DE","article_modified_time":"2024-12-09T16:50:46+00:00","og_image":[{"width":500,"height":600,"url":"https:\/\/rieser-tropfen.de\/shop\/wp-content\/uploads\/2017\/11\/Zitronenlik\u00f6r-2x07-05B.jpg","type":"image\/jpeg"}],"twitter_card":"summary_large_image","twitter_misc":{"Gesch\u00e4tzte Lesezeit":"2\u00a0Minuten"},"schema":{"@context":"https:\/\/schema.org","@graph":[{"@type":"WebPage","@id":"https:\/\/rieser-tropfen.de\/shop\/produkt\/zitronenlikoer-kopie\/","url":"https:\/\/rieser-tropfen.de\/shop\/produkt\/zitronenlikoer-kopie\/","name":"Zitronenlik\u00f6r - Vitzthum Shop","isPartOf":{"@id":"https:\/\/rieser-tropfen.de\/shop\/#website"},"primaryImageOfPage":{"@id":"https:\/\/rieser-tropfen.de\/shop\/produkt\/zitronenlikoer-kopie\/#primaryimage"},"image":{"@id":"https:\/\/rieser-tropfen.de\/shop\/produkt\/zitronenlikoer-kopie\/#primaryimage"},"thumbnailUrl":"https:\/\/rieser-tropfen.de\/shop\/wp-content\/uploads\/2017\/11\/Zitronenlik\u00f6r-2x07-05B.jpg","datePublished":"2017-11-29T17:11:29+00:00","dateModified":"2024-12-09T16:50:46+00:00","breadcrumb":{"@id":"https:\/\/rieser-tropfen.de\/shop\/produkt\/zitronenlikoer-kopie\/#breadcrumb"},"inLanguage":"de","potentialAction":[{"@type":"ReadAction","target":["https:\/\/rieser-tropfen.de\/shop\/produkt\/zitronenlikoer-kopie\/"]}]},{"@type":"ImageObject","inLanguage":"de","@id":"https:\/\/rieser-tropfen.de\/shop\/produkt\/zitronenlikoer-kopie\/#primaryimage","url":"https:\/\/rieser-tropfen.de\/shop\/wp-content\/uploads\/2017\/11\/Zitronenlik\u00f6r-2x07-05B.jpg","contentUrl":"https:\/\/rieser-tropfen.de\/shop\/wp-content\/uploads\/2017\/11\/Zitronenlik\u00f6r-2x07-05B.jpg","width":500,"height":600},{"@type":"BreadcrumbList","@id":"https:\/\/rieser-tropfen.de\/shop\/produkt\/zitronenlikoer-kopie\/#breadcrumb","itemListElement":[{"@type":"ListItem","position":1,"name":"Home","item":"https:\/\/rieser-tropfen.de\/shop\/"},{"@type":"ListItem","position":2,"name":"Shop","item":"https:\/\/rieser-tropfen.de\/shop\/shop\/"},{"@type":"ListItem","position":3,"name":"Zitronenlik\u00f6r"}]},{"@type":"WebSite","@id":"https:\/\/rieser-tropfen.de\/shop\/#website","url":"https:\/\/rieser-tropfen.de\/shop\/","name":"Vitzthum Shop","description":"handgemachte Beerengeister, Obstbr\u00e4nde und Kr\u00e4uter- sowie Fruchtlik\u00f6re","publisher":{"@id":"https:\/\/rieser-tropfen.de\/shop\/#organization"},"potentialAction":[{"@type":"SearchAction","target":{"@type":"EntryPoint","urlTemplate":"https:\/\/rieser-tropfen.de\/shop\/?s={search_term_string}"},"query-input":{"@type":"PropertyValueSpecification","valueRequired":true,"valueName":"search_term_string"}}],"inLanguage":"de"},{"@type":"Organization","@id":"https:\/\/rieser-tropfen.de\/shop\/#organization","name":"Vitzthum GmbH","url":"https:\/\/rieser-tropfen.de\/shop\/","logo":{"@type":"ImageObject","inLanguage":"de","@id":"https:\/\/rieser-tropfen.de\/shop\/#\/schema\/logo\/image\/","url":"https:\/\/rieser-tropfen.de\/shop\/wp-content\/uploads\/2021\/03\/Logo-Vitzthum-2021-gold.jpg","contentUrl":"https:\/\/rieser-tropfen.de\/shop\/wp-content\/uploads\/2021\/03\/Logo-Vitzthum-2021-gold.jpg","width":149,"height":69,"caption":"Vitzthum GmbH"},"image":{"@id":"https:\/\/rieser-tropfen.de\/shop\/#\/schema\/logo\/image\/"},"sameAs":["https:\/\/www.facebook.com\/vitzthum.destillerie\/?locale=de_DE"]}]}},"_links":{"self":[{"href":"https:\/\/rieser-tropfen.de\/shop\/wp-json\/wp\/v2\/product\/1041","targetHints":{"allow":["GET"]}}],"collection":[{"href":"https:\/\/rieser-tropfen.de\/shop\/wp-json\/wp\/v2\/product"}],"about":[{"href":"https:\/\/rieser-tropfen.de\/shop\/wp-json\/wp\/v2\/types\/product"}],"wp:featuredmedia":[{"embeddable":true,"href":"https:\/\/rieser-tropfen.de\/shop\/wp-json\/wp\/v2\/media\/1469"}],"wp:attachment":[{"href":"https:\/\/rieser-tropfen.de\/shop\/wp-json\/wp\/v2\/media?parent=1041"}],"wp:term":[{"taxonomy":"product_brand","embeddable":true,"href":"https:\/\/rieser-tropfen.de\/shop\/wp-json\/wp\/v2\/product_brand?post=1041"},{"taxonomy":"product_cat","embeddable":true,"href":"https:\/\/rieser-tropfen.de\/shop\/wp-json\/wp\/v2\/product_cat?post=1041"},{"taxonomy":"product_tag","embeddable":true,"href":"https:\/\/rieser-tropfen.de\/shop\/wp-json\/wp\/v2\/product_tag?post=1041"}],"curies":[{"name":"wp","href":"https:\/\/api.w.org\/{rel}","templated":true}]}}