{"id":1145,"date":"2017-12-06T16:31:33","date_gmt":"2017-12-06T15:31:33","guid":{"rendered":"http:\/\/rieser-tropfen.de\/shop\/?post_type=product&#038;p=1145"},"modified":"2023-03-08T16:01:21","modified_gmt":"2023-03-08T15:01:21","slug":"neef-emmich-weisser-burgunder","status":"publish","type":"product","link":"https:\/\/rieser-tropfen.de\/shop\/produkt\/neef-emmich-weisser-burgunder\/","title":{"rendered":"&#8212;&#8212; NEEF-EMMICH &#8212;&#8212; Wei\u00dfer Burgunder"},"content":{"rendered":"<p>Charmanter Begleiter f\u00fcr viele Gelegenheiten.\u00a0Knusprige Kartoffelr\u00f6sti mit gebeizter Lachsforelle und\u00a0Zitrusschmand.<\/p>\n<div class=\"title-subtitle-box \">\n<p><span style=\"color: #de901b;\">STELLT HOHE ANSPR\u00dcCHE!<\/span><\/p>\n<div class=\"title-subtitle-box \">\n<div class=\"title-subtitle-box \">\n<h1>Wei\u00dfer Burgunder<\/h1>\n<\/div>\n<div class=\"wpb_text_column wpb_content_element vc_custom_1490881768870\">\n<div class=\"wpb_wrapper\">\n<p>Der Wei\u00dfe Burgunder (auch Wei\u00dfburgunder, Pinot blanc, Pinot Bianco) geh\u00f6rt zur Gruppe der Burgunderweine und ist durch Mutation aus Grauem Burgunder entstanden.<\/p>\n<p>Durch die dezente S\u00e4ure und seine wunderbare Fruchtigkeit hat sich die Beliebtheit in den letzten Jahren stark gesteigert.<\/p>\n<\/div>\n<\/div>\n<\/div>\n<\/div>\n<div class=\"title-subtitle-box \">\n<div class=\"title-subtitle-box \">\n<p><span style=\"color: #de901b;\">SEIT GENERATIONEN &#8211;<\/span><\/p>\n<\/div>\n<\/div>\n<div class=\"title-subtitle-box \">\n<div class=\"title-subtitle-box \">\n<div class=\"title-subtitle-box \">\n<h1>Familienbetrieb im rheinhessischen Bermersheim<\/h1>\n<\/div>\n<div class=\"wpb_text_column wpb_content_element \">\n<div class=\"wpb_wrapper\">\n<p>Sch\u00f6n, wenn die Dinge um einen herum so klar und stimmig sind. \u201eHier bei uns ist die Welt noch in Ordnung\u201c. Der Weinbau bestimmt schon seit Generationen unser Leben. Und das ist gut so.<\/p>\n<p>Die Natur, die Familie, das Geh\u00f6ft, der Wein \u2013 was braucht man mehr?<\/p>\n<\/div>\n<\/div>\n<\/div>\n<\/div>\n","protected":false},"excerpt":{"rendered":"<p>Duftig und zartw\u00fcrzig mit dem Aroma von frischer Ananas,\u00a0Mirabelle, etwas Pfirsichhaut und gelben Pflaumen, dazu ganz fein\u00a0Akazienhonig und etwas Mandarine.\u00a0Am Gaumen reichlich gelbe Frucht wie Mirabelle und Ananas,\u00a0unterlegt mit fein ziselierter S\u00e4ure und einer Prise Mineralit\u00e4t, was\u00a0f\u00fcr Frische und Agilit\u00e4t sorgt. Das pikant-w\u00fcrzige Finish mit den\u00a0zartherben Noten von Grapefruit rundet das ganze perfekt ab.<\/p>\n","protected":false},"featured_media":2367,"template":"","meta":[],"product_brand":[],"product_cat":[163,60,161],"product_tag":[96,189,190,191,188,122,192,193],"class_list":{"0":"post-1145","1":"product","2":"type-product","3":"status-publish","4":"has-post-thumbnail","6":"product_cat-deutschland-weissweine","7":"product_cat-weine","8":"product_cat-weissweine","9":"product_tag-fruchtig","10":"product_tag-pinot-bianco","11":"product_tag-pinot-blanc","12":"product_tag-sommerwein","13":"product_tag-trocken","14":"product_tag-weich","15":"product_tag-weissburgunder","16":"product_tag-weisswein","18":"first","19":"instock","20":"shipping-taxable","21":"purchasable","22":"product-type-simple"},"yoast_head":"<!-- This site is optimized with the Yoast SEO plugin v27.5 - https:\/\/yoast.com\/product\/yoast-seo-wordpress\/ -->\n<title>- NEEF-EMMICH - Wei\u00dfer Burgunder - Vitzthum Shop<\/title>\n<meta name=\"robots\" content=\"index, follow, max-snippet:-1, max-image-preview:large, max-video-preview:-1\" \/>\n<link rel=\"canonical\" href=\"https:\/\/rieser-tropfen.de\/shop\/produkt\/neef-emmich-weisser-burgunder\/\" \/>\n<meta property=\"og:locale\" content=\"de_DE\" \/>\n<meta property=\"og:type\" content=\"article\" \/>\n<meta property=\"og:title\" content=\"- NEEF-EMMICH - Wei\u00dfer Burgunder - Vitzthum Shop\" \/>\n<meta property=\"og:description\" content=\"Duftig und zartw\u00fcrzig mit dem Aroma von frischer Ananas,\u00a0Mirabelle, etwas Pfirsichhaut und gelben Pflaumen, dazu ganz fein\u00a0Akazienhonig und etwas Mandarine.\u00a0Am Gaumen reichlich gelbe Frucht wie Mirabelle und Ananas,\u00a0unterlegt mit fein ziselierter S\u00e4ure und einer Prise Mineralit\u00e4t, was\u00a0f\u00fcr Frische und Agilit\u00e4t sorgt. Das pikant-w\u00fcrzige Finish mit den\u00a0zartherben Noten von Grapefruit rundet das ganze perfekt ab.\" \/>\n<meta property=\"og:url\" content=\"https:\/\/rieser-tropfen.de\/shop\/produkt\/neef-emmich-weisser-burgunder\/\" \/>\n<meta property=\"og:site_name\" content=\"Vitzthum Shop\" \/>\n<meta property=\"article:publisher\" content=\"https:\/\/www.facebook.com\/vitzthum.destillerie\/?locale=de_DE\" \/>\n<meta property=\"article:modified_time\" content=\"2023-03-08T15:01:21+00:00\" \/>\n<meta property=\"og:image\" content=\"https:\/\/rieser-tropfen.de\/shop\/wp-content\/uploads\/2017\/12\/NE-Weisser-Burgunder-shop5.png\" \/>\n\t<meta property=\"og:image:width\" content=\"500\" \/>\n\t<meta property=\"og:image:height\" content=\"600\" \/>\n\t<meta property=\"og:image:type\" content=\"image\/png\" \/>\n<meta name=\"twitter:card\" content=\"summary_large_image\" \/>\n<meta name=\"twitter:label1\" content=\"Gesch\u00e4tzte Lesezeit\" \/>\n\t<meta name=\"twitter:data1\" content=\"1\u00a0Minute\" \/>\n<script type=\"application\/ld+json\" class=\"yoast-schema-graph\">{\"@context\":\"https:\\\/\\\/schema.org\",\"@graph\":[{\"@type\":\"WebPage\",\"@id\":\"https:\\\/\\\/rieser-tropfen.de\\\/shop\\\/produkt\\\/neef-emmich-weisser-burgunder\\\/\",\"url\":\"https:\\\/\\\/rieser-tropfen.de\\\/shop\\\/produkt\\\/neef-emmich-weisser-burgunder\\\/\",\"name\":\"- NEEF-EMMICH - Wei\u00dfer Burgunder - Vitzthum Shop\",\"isPartOf\":{\"@id\":\"https:\\\/\\\/rieser-tropfen.de\\\/shop\\\/#website\"},\"primaryImageOfPage\":{\"@id\":\"https:\\\/\\\/rieser-tropfen.de\\\/shop\\\/produkt\\\/neef-emmich-weisser-burgunder\\\/#primaryimage\"},\"image\":{\"@id\":\"https:\\\/\\\/rieser-tropfen.de\\\/shop\\\/produkt\\\/neef-emmich-weisser-burgunder\\\/#primaryimage\"},\"thumbnailUrl\":\"https:\\\/\\\/rieser-tropfen.de\\\/shop\\\/wp-content\\\/uploads\\\/2017\\\/12\\\/NE-Weisser-Burgunder-shop5.png\",\"datePublished\":\"2017-12-06T15:31:33+00:00\",\"dateModified\":\"2023-03-08T15:01:21+00:00\",\"breadcrumb\":{\"@id\":\"https:\\\/\\\/rieser-tropfen.de\\\/shop\\\/produkt\\\/neef-emmich-weisser-burgunder\\\/#breadcrumb\"},\"inLanguage\":\"de\",\"potentialAction\":[{\"@type\":\"ReadAction\",\"target\":[\"https:\\\/\\\/rieser-tropfen.de\\\/shop\\\/produkt\\\/neef-emmich-weisser-burgunder\\\/\"]}]},{\"@type\":\"ImageObject\",\"inLanguage\":\"de\",\"@id\":\"https:\\\/\\\/rieser-tropfen.de\\\/shop\\\/produkt\\\/neef-emmich-weisser-burgunder\\\/#primaryimage\",\"url\":\"https:\\\/\\\/rieser-tropfen.de\\\/shop\\\/wp-content\\\/uploads\\\/2017\\\/12\\\/NE-Weisser-Burgunder-shop5.png\",\"contentUrl\":\"https:\\\/\\\/rieser-tropfen.de\\\/shop\\\/wp-content\\\/uploads\\\/2017\\\/12\\\/NE-Weisser-Burgunder-shop5.png\",\"width\":500,\"height\":600},{\"@type\":\"BreadcrumbList\",\"@id\":\"https:\\\/\\\/rieser-tropfen.de\\\/shop\\\/produkt\\\/neef-emmich-weisser-burgunder\\\/#breadcrumb\",\"itemListElement\":[{\"@type\":\"ListItem\",\"position\":1,\"name\":\"Home\",\"item\":\"https:\\\/\\\/rieser-tropfen.de\\\/shop\\\/\"},{\"@type\":\"ListItem\",\"position\":2,\"name\":\"Shop\",\"item\":\"https:\\\/\\\/rieser-tropfen.de\\\/shop\\\/shop\\\/\"},{\"@type\":\"ListItem\",\"position\":3,\"name\":\"&#8212;&#8212; NEEF-EMMICH &#8212;&#8212; Wei\u00dfer Burgunder\"}]},{\"@type\":\"WebSite\",\"@id\":\"https:\\\/\\\/rieser-tropfen.de\\\/shop\\\/#website\",\"url\":\"https:\\\/\\\/rieser-tropfen.de\\\/shop\\\/\",\"name\":\"Vitzthum Shop\",\"description\":\"handgemachte Beerengeister, Obstbr\u00e4nde und Kr\u00e4uter- sowie Fruchtlik\u00f6re\",\"publisher\":{\"@id\":\"https:\\\/\\\/rieser-tropfen.de\\\/shop\\\/#organization\"},\"potentialAction\":[{\"@type\":\"SearchAction\",\"target\":{\"@type\":\"EntryPoint\",\"urlTemplate\":\"https:\\\/\\\/rieser-tropfen.de\\\/shop\\\/?s={search_term_string}\"},\"query-input\":{\"@type\":\"PropertyValueSpecification\",\"valueRequired\":true,\"valueName\":\"search_term_string\"}}],\"inLanguage\":\"de\"},{\"@type\":\"Organization\",\"@id\":\"https:\\\/\\\/rieser-tropfen.de\\\/shop\\\/#organization\",\"name\":\"Vitzthum GmbH\",\"url\":\"https:\\\/\\\/rieser-tropfen.de\\\/shop\\\/\",\"logo\":{\"@type\":\"ImageObject\",\"inLanguage\":\"de\",\"@id\":\"https:\\\/\\\/rieser-tropfen.de\\\/shop\\\/#\\\/schema\\\/logo\\\/image\\\/\",\"url\":\"https:\\\/\\\/rieser-tropfen.de\\\/shop\\\/wp-content\\\/uploads\\\/2021\\\/03\\\/Logo-Vitzthum-2021-gold.jpg\",\"contentUrl\":\"https:\\\/\\\/rieser-tropfen.de\\\/shop\\\/wp-content\\\/uploads\\\/2021\\\/03\\\/Logo-Vitzthum-2021-gold.jpg\",\"width\":149,\"height\":69,\"caption\":\"Vitzthum GmbH\"},\"image\":{\"@id\":\"https:\\\/\\\/rieser-tropfen.de\\\/shop\\\/#\\\/schema\\\/logo\\\/image\\\/\"},\"sameAs\":[\"https:\\\/\\\/www.facebook.com\\\/vitzthum.destillerie\\\/?locale=de_DE\"]}]}<\/script>\n<!-- \/ Yoast SEO plugin. -->","yoast_head_json":{"title":"- NEEF-EMMICH - Wei\u00dfer Burgunder - Vitzthum Shop","robots":{"index":"index","follow":"follow","max-snippet":"max-snippet:-1","max-image-preview":"max-image-preview:large","max-video-preview":"max-video-preview:-1"},"canonical":"https:\/\/rieser-tropfen.de\/shop\/produkt\/neef-emmich-weisser-burgunder\/","og_locale":"de_DE","og_type":"article","og_title":"- NEEF-EMMICH - Wei\u00dfer Burgunder - Vitzthum Shop","og_description":"Duftig und zartw\u00fcrzig mit dem Aroma von frischer Ananas,\u00a0Mirabelle, etwas Pfirsichhaut und gelben Pflaumen, dazu ganz fein\u00a0Akazienhonig und etwas Mandarine.\u00a0Am Gaumen reichlich gelbe Frucht wie Mirabelle und Ananas,\u00a0unterlegt mit fein ziselierter S\u00e4ure und einer Prise Mineralit\u00e4t, was\u00a0f\u00fcr Frische und Agilit\u00e4t sorgt. Das pikant-w\u00fcrzige Finish mit den\u00a0zartherben Noten von Grapefruit rundet das ganze perfekt ab.","og_url":"https:\/\/rieser-tropfen.de\/shop\/produkt\/neef-emmich-weisser-burgunder\/","og_site_name":"Vitzthum Shop","article_publisher":"https:\/\/www.facebook.com\/vitzthum.destillerie\/?locale=de_DE","article_modified_time":"2023-03-08T15:01:21+00:00","og_image":[{"width":500,"height":600,"url":"https:\/\/rieser-tropfen.de\/shop\/wp-content\/uploads\/2017\/12\/NE-Weisser-Burgunder-shop5.png","type":"image\/png"}],"twitter_card":"summary_large_image","twitter_misc":{"Gesch\u00e4tzte Lesezeit":"1\u00a0Minute"},"schema":{"@context":"https:\/\/schema.org","@graph":[{"@type":"WebPage","@id":"https:\/\/rieser-tropfen.de\/shop\/produkt\/neef-emmich-weisser-burgunder\/","url":"https:\/\/rieser-tropfen.de\/shop\/produkt\/neef-emmich-weisser-burgunder\/","name":"- NEEF-EMMICH - Wei\u00dfer Burgunder - Vitzthum Shop","isPartOf":{"@id":"https:\/\/rieser-tropfen.de\/shop\/#website"},"primaryImageOfPage":{"@id":"https:\/\/rieser-tropfen.de\/shop\/produkt\/neef-emmich-weisser-burgunder\/#primaryimage"},"image":{"@id":"https:\/\/rieser-tropfen.de\/shop\/produkt\/neef-emmich-weisser-burgunder\/#primaryimage"},"thumbnailUrl":"https:\/\/rieser-tropfen.de\/shop\/wp-content\/uploads\/2017\/12\/NE-Weisser-Burgunder-shop5.png","datePublished":"2017-12-06T15:31:33+00:00","dateModified":"2023-03-08T15:01:21+00:00","breadcrumb":{"@id":"https:\/\/rieser-tropfen.de\/shop\/produkt\/neef-emmich-weisser-burgunder\/#breadcrumb"},"inLanguage":"de","potentialAction":[{"@type":"ReadAction","target":["https:\/\/rieser-tropfen.de\/shop\/produkt\/neef-emmich-weisser-burgunder\/"]}]},{"@type":"ImageObject","inLanguage":"de","@id":"https:\/\/rieser-tropfen.de\/shop\/produkt\/neef-emmich-weisser-burgunder\/#primaryimage","url":"https:\/\/rieser-tropfen.de\/shop\/wp-content\/uploads\/2017\/12\/NE-Weisser-Burgunder-shop5.png","contentUrl":"https:\/\/rieser-tropfen.de\/shop\/wp-content\/uploads\/2017\/12\/NE-Weisser-Burgunder-shop5.png","width":500,"height":600},{"@type":"BreadcrumbList","@id":"https:\/\/rieser-tropfen.de\/shop\/produkt\/neef-emmich-weisser-burgunder\/#breadcrumb","itemListElement":[{"@type":"ListItem","position":1,"name":"Home","item":"https:\/\/rieser-tropfen.de\/shop\/"},{"@type":"ListItem","position":2,"name":"Shop","item":"https:\/\/rieser-tropfen.de\/shop\/shop\/"},{"@type":"ListItem","position":3,"name":"&#8212;&#8212; NEEF-EMMICH &#8212;&#8212; Wei\u00dfer Burgunder"}]},{"@type":"WebSite","@id":"https:\/\/rieser-tropfen.de\/shop\/#website","url":"https:\/\/rieser-tropfen.de\/shop\/","name":"Vitzthum Shop","description":"handgemachte Beerengeister, Obstbr\u00e4nde und Kr\u00e4uter- sowie Fruchtlik\u00f6re","publisher":{"@id":"https:\/\/rieser-tropfen.de\/shop\/#organization"},"potentialAction":[{"@type":"SearchAction","target":{"@type":"EntryPoint","urlTemplate":"https:\/\/rieser-tropfen.de\/shop\/?s={search_term_string}"},"query-input":{"@type":"PropertyValueSpecification","valueRequired":true,"valueName":"search_term_string"}}],"inLanguage":"de"},{"@type":"Organization","@id":"https:\/\/rieser-tropfen.de\/shop\/#organization","name":"Vitzthum GmbH","url":"https:\/\/rieser-tropfen.de\/shop\/","logo":{"@type":"ImageObject","inLanguage":"de","@id":"https:\/\/rieser-tropfen.de\/shop\/#\/schema\/logo\/image\/","url":"https:\/\/rieser-tropfen.de\/shop\/wp-content\/uploads\/2021\/03\/Logo-Vitzthum-2021-gold.jpg","contentUrl":"https:\/\/rieser-tropfen.de\/shop\/wp-content\/uploads\/2021\/03\/Logo-Vitzthum-2021-gold.jpg","width":149,"height":69,"caption":"Vitzthum GmbH"},"image":{"@id":"https:\/\/rieser-tropfen.de\/shop\/#\/schema\/logo\/image\/"},"sameAs":["https:\/\/www.facebook.com\/vitzthum.destillerie\/?locale=de_DE"]}]}},"_links":{"self":[{"href":"https:\/\/rieser-tropfen.de\/shop\/wp-json\/wp\/v2\/product\/1145","targetHints":{"allow":["GET"]}}],"collection":[{"href":"https:\/\/rieser-tropfen.de\/shop\/wp-json\/wp\/v2\/product"}],"about":[{"href":"https:\/\/rieser-tropfen.de\/shop\/wp-json\/wp\/v2\/types\/product"}],"wp:featuredmedia":[{"embeddable":true,"href":"https:\/\/rieser-tropfen.de\/shop\/wp-json\/wp\/v2\/media\/2367"}],"wp:attachment":[{"href":"https:\/\/rieser-tropfen.de\/shop\/wp-json\/wp\/v2\/media?parent=1145"}],"wp:term":[{"taxonomy":"product_brand","embeddable":true,"href":"https:\/\/rieser-tropfen.de\/shop\/wp-json\/wp\/v2\/product_brand?post=1145"},{"taxonomy":"product_cat","embeddable":true,"href":"https:\/\/rieser-tropfen.de\/shop\/wp-json\/wp\/v2\/product_cat?post=1145"},{"taxonomy":"product_tag","embeddable":true,"href":"https:\/\/rieser-tropfen.de\/shop\/wp-json\/wp\/v2\/product_tag?post=1145"}],"curies":[{"name":"wp","href":"https:\/\/api.w.org\/{rel}","templated":true}]}}