{"id":1149,"date":"2017-12-06T16:57:27","date_gmt":"2017-12-06T15:57:27","guid":{"rendered":"http:\/\/rieser-tropfen.de\/shop\/?post_type=product&#038;p=1149"},"modified":"2023-08-15T16:45:21","modified_gmt":"2023-08-15T14:45:21","slug":"neef-emmich-riesling","status":"publish","type":"product","link":"https:\/\/rieser-tropfen.de\/shop\/produkt\/neef-emmich-riesling\/","title":{"rendered":"&#8212;&#8212; NEEF-EMMICH &#8212;&#8212; Riesling"},"content":{"rendered":"<p>Cantaloup-Melone mit luftgetrocknetem Schinken, Ruccola und\u00a0sonnengetrockneten Tomaten.<\/p>\n\t<div id=\"text-1824241505\" class=\"text\">\n\t\t\n<p>Fotograf: Jana Kay f\u00fcr Vinum<\/p>\n\t\t\n<style>\n#text-1824241505 {\n  font-size: 0.85rem;\n  line-height: 0.75;\n}\n<\/style>\n\t<\/div>\n\t\n\t<div class=\"img has-hover x md-x lg-x y md-y lg-y\" id=\"image_1678990698\">\n\t\t\t\t\t\t\t\t<div class=\"img-inner dark\" >\n\t\t\t\t\t\t\t\t\t\n\t\t\t\t\t<\/div>\n\t\t\t\t\t\t\t\t\n<style>\n#image_1678990698 {\n  width: 54%;\n}\n<\/style>\n\t<\/div>\n\t\n<div class=\"title-subtitle-box \">\n<p><span style=\"color: #de901b;\">DIE BESTE WEISSWEINSORTE &#8211; IHRE MAJEST\u00c4T!<\/span><\/p>\n<div class=\"title-subtitle-box \">\n<div class=\"title-subtitle-box \">\n<div class=\"title-subtitle-box \">\n<h1>Riesling &#8211; die K\u00f6nigin<\/h1>\n<\/div>\n<div class=\"wpb_text_column wpb_content_element vc_custom_1490879989278\">\n<div class=\"wpb_wrapper\">\n<p>Riesling ist eine wei\u00dfe Rebsorte, die zu den hochwertigsten und kulturpr\u00e4genden Gew\u00e4chsen gez\u00e4hlt wird. Die besten Rieslinge werden in klimatisch k\u00fchleren Weinbaugebieten erzeugt.<\/p>\n<\/div>\n<\/div>\n<\/div>\n<\/div>\n<\/div>\n<p>Die Farbe des Riesling-Weins kann von blass-gelb bis goldgelb reichen. Der von Natur aus h\u00f6here S\u00e4ureanteil f\u00fchrt h\u00e4ufig zu einem Buket, welches h\u00e4ufig an \u00c4pfel erinnert, was ihm auch eine hohe Lagerf\u00e4higkeit verschafft.<\/p>\n<div class=\"title-subtitle-box \">\n<div class=\"title-subtitle-box \">\n<p><span style=\"color: #de901b;\">MEINE WEINE SIND WIE ICH &#8230;<\/span><\/p>\n<\/div>\n<\/div>\n<div class=\"title-subtitle-box \">\n<div class=\"title-subtitle-box \">\n<div class=\"title-subtitle-box \">\n<div class=\"title-subtitle-box \">\n<h1>ehrlich, gradlinig und voller Freude!<\/h1>\n<\/div>\n<div class=\"wpb_text_column wpb_content_element \">\n<div class=\"wpb_wrapper\">\n<p>Wie sollte es auch anders sein? Beim Weinmachen kann ich mich nicht verstellen. Warum auch? Ich mache ihn so, wie ich es mir vorstelle, wie er mir und meiner Familie am besten schmeckt.<br \/>\nGuter Wein beginnt im Weinberg. Wenn er sich hier wohl f\u00fchlt, schmeckt man das sp\u00e4ter.Schluck f\u00fcr Schluck. Und daf\u00fcr sorge ich. Der Rest ist gutes, traditionelles Handwerk \u2013 nicht mehr und nicht weniger.<\/p>\n<\/div>\n<\/div>\n<\/div>\n<\/div>\n<\/div>\n","protected":false},"excerpt":{"rendered":"<p>Intensive Aromen von reifem, saftigem Pfirsisch, ein Korb voller\u00a0S\u00fcdfr\u00fcchte, weiterhin Nektarine, etwas Granny Smith Apfel und\u00a0ein Hauch Grapefruit str\u00f6men aus dem Glas. Insgesamt sehr saftig\u00a0und ansprechend, unterlegt mit feinw\u00fcrzigen Noten von\u00a0Grapefruitschale, dazu etwas Mandarine im Nachhall.\u00a0Ungemein s\u00fcffig und fuchtbetont zum Auftakt mit reichlich gelberFrucht, allen voran Pfirsich und reife Aprikose. Sehr rund und\u00a0ausgewogen mit harmonischem S\u00fcsse-S\u00e4urespiel und einer feinen,\u00a0zartherben Note von Limette zum Abschluss.<\/p>\n","protected":false},"featured_media":2365,"template":"","meta":[],"product_brand":[],"product_cat":[163,60,161],"product_tag":[194,96,196,191,195,188,193],"class_list":{"0":"post-1149","1":"product","2":"type-product","3":"status-publish","4":"has-post-thumbnail","6":"product_cat-deutschland-weissweine","7":"product_cat-weine","8":"product_cat-weissweine","9":"product_tag-erfrischende-saeure","10":"product_tag-fruchtig","11":"product_tag-riesling","12":"product_tag-sommerwein","13":"product_tag-spargelwein","14":"product_tag-trocken","15":"product_tag-weisswein","17":"first","18":"instock","19":"shipping-taxable","20":"purchasable","21":"product-type-simple"},"yoast_head":"<!-- This site is optimized with the Yoast SEO plugin v27.5 - https:\/\/yoast.com\/product\/yoast-seo-wordpress\/ -->\n<title>- NEEF-EMMICH - Riesling - Vitzthum Shop<\/title>\n<meta name=\"robots\" content=\"index, follow, max-snippet:-1, max-image-preview:large, max-video-preview:-1\" \/>\n<link rel=\"canonical\" href=\"https:\/\/rieser-tropfen.de\/shop\/produkt\/neef-emmich-riesling\/\" \/>\n<meta property=\"og:locale\" content=\"de_DE\" \/>\n<meta property=\"og:type\" content=\"article\" \/>\n<meta property=\"og:title\" content=\"- NEEF-EMMICH - Riesling - Vitzthum Shop\" \/>\n<meta property=\"og:description\" content=\"Intensive Aromen von reifem, saftigem Pfirsisch, ein Korb voller\u00a0S\u00fcdfr\u00fcchte, weiterhin Nektarine, etwas Granny Smith Apfel und\u00a0ein Hauch Grapefruit str\u00f6men aus dem Glas. Insgesamt sehr saftig\u00a0und ansprechend, unterlegt mit feinw\u00fcrzigen Noten von\u00a0Grapefruitschale, dazu etwas Mandarine im Nachhall.\u00a0Ungemein s\u00fcffig und fuchtbetont zum Auftakt mit reichlich gelberFrucht, allen voran Pfirsich und reife Aprikose. Sehr rund und\u00a0ausgewogen mit harmonischem S\u00fcsse-S\u00e4urespiel und einer feinen,\u00a0zartherben Note von Limette zum Abschluss.\" \/>\n<meta property=\"og:url\" content=\"https:\/\/rieser-tropfen.de\/shop\/produkt\/neef-emmich-riesling\/\" \/>\n<meta property=\"og:site_name\" content=\"Vitzthum Shop\" \/>\n<meta property=\"article:publisher\" content=\"https:\/\/www.facebook.com\/vitzthum.destillerie\/?locale=de_DE\" \/>\n<meta property=\"article:modified_time\" content=\"2023-08-15T14:45:21+00:00\" \/>\n<meta property=\"og:image\" content=\"https:\/\/rieser-tropfen.de\/shop\/wp-content\/uploads\/2017\/12\/NE-Riesling-shop5-1.png\" \/>\n\t<meta property=\"og:image:width\" content=\"500\" \/>\n\t<meta property=\"og:image:height\" content=\"600\" \/>\n\t<meta property=\"og:image:type\" content=\"image\/png\" \/>\n<meta name=\"twitter:card\" content=\"summary_large_image\" \/>\n<meta name=\"twitter:label1\" content=\"Gesch\u00e4tzte Lesezeit\" \/>\n\t<meta name=\"twitter:data1\" content=\"1\u00a0Minute\" \/>\n<script type=\"application\/ld+json\" class=\"yoast-schema-graph\">{\"@context\":\"https:\\\/\\\/schema.org\",\"@graph\":[{\"@type\":\"WebPage\",\"@id\":\"https:\\\/\\\/rieser-tropfen.de\\\/shop\\\/produkt\\\/neef-emmich-riesling\\\/\",\"url\":\"https:\\\/\\\/rieser-tropfen.de\\\/shop\\\/produkt\\\/neef-emmich-riesling\\\/\",\"name\":\"- NEEF-EMMICH - Riesling - Vitzthum Shop\",\"isPartOf\":{\"@id\":\"https:\\\/\\\/rieser-tropfen.de\\\/shop\\\/#website\"},\"primaryImageOfPage\":{\"@id\":\"https:\\\/\\\/rieser-tropfen.de\\\/shop\\\/produkt\\\/neef-emmich-riesling\\\/#primaryimage\"},\"image\":{\"@id\":\"https:\\\/\\\/rieser-tropfen.de\\\/shop\\\/produkt\\\/neef-emmich-riesling\\\/#primaryimage\"},\"thumbnailUrl\":\"https:\\\/\\\/rieser-tropfen.de\\\/shop\\\/wp-content\\\/uploads\\\/2017\\\/12\\\/NE-Riesling-shop5-1.png\",\"datePublished\":\"2017-12-06T15:57:27+00:00\",\"dateModified\":\"2023-08-15T14:45:21+00:00\",\"breadcrumb\":{\"@id\":\"https:\\\/\\\/rieser-tropfen.de\\\/shop\\\/produkt\\\/neef-emmich-riesling\\\/#breadcrumb\"},\"inLanguage\":\"de\",\"potentialAction\":[{\"@type\":\"ReadAction\",\"target\":[\"https:\\\/\\\/rieser-tropfen.de\\\/shop\\\/produkt\\\/neef-emmich-riesling\\\/\"]}]},{\"@type\":\"ImageObject\",\"inLanguage\":\"de\",\"@id\":\"https:\\\/\\\/rieser-tropfen.de\\\/shop\\\/produkt\\\/neef-emmich-riesling\\\/#primaryimage\",\"url\":\"https:\\\/\\\/rieser-tropfen.de\\\/shop\\\/wp-content\\\/uploads\\\/2017\\\/12\\\/NE-Riesling-shop5-1.png\",\"contentUrl\":\"https:\\\/\\\/rieser-tropfen.de\\\/shop\\\/wp-content\\\/uploads\\\/2017\\\/12\\\/NE-Riesling-shop5-1.png\",\"width\":500,\"height\":600},{\"@type\":\"BreadcrumbList\",\"@id\":\"https:\\\/\\\/rieser-tropfen.de\\\/shop\\\/produkt\\\/neef-emmich-riesling\\\/#breadcrumb\",\"itemListElement\":[{\"@type\":\"ListItem\",\"position\":1,\"name\":\"Home\",\"item\":\"https:\\\/\\\/rieser-tropfen.de\\\/shop\\\/\"},{\"@type\":\"ListItem\",\"position\":2,\"name\":\"Shop\",\"item\":\"https:\\\/\\\/rieser-tropfen.de\\\/shop\\\/shop\\\/\"},{\"@type\":\"ListItem\",\"position\":3,\"name\":\"&#8212;&#8212; NEEF-EMMICH &#8212;&#8212; Riesling\"}]},{\"@type\":\"WebSite\",\"@id\":\"https:\\\/\\\/rieser-tropfen.de\\\/shop\\\/#website\",\"url\":\"https:\\\/\\\/rieser-tropfen.de\\\/shop\\\/\",\"name\":\"Vitzthum Shop\",\"description\":\"handgemachte Beerengeister, Obstbr\u00e4nde und Kr\u00e4uter- sowie Fruchtlik\u00f6re\",\"publisher\":{\"@id\":\"https:\\\/\\\/rieser-tropfen.de\\\/shop\\\/#organization\"},\"potentialAction\":[{\"@type\":\"SearchAction\",\"target\":{\"@type\":\"EntryPoint\",\"urlTemplate\":\"https:\\\/\\\/rieser-tropfen.de\\\/shop\\\/?s={search_term_string}\"},\"query-input\":{\"@type\":\"PropertyValueSpecification\",\"valueRequired\":true,\"valueName\":\"search_term_string\"}}],\"inLanguage\":\"de\"},{\"@type\":\"Organization\",\"@id\":\"https:\\\/\\\/rieser-tropfen.de\\\/shop\\\/#organization\",\"name\":\"Vitzthum GmbH\",\"url\":\"https:\\\/\\\/rieser-tropfen.de\\\/shop\\\/\",\"logo\":{\"@type\":\"ImageObject\",\"inLanguage\":\"de\",\"@id\":\"https:\\\/\\\/rieser-tropfen.de\\\/shop\\\/#\\\/schema\\\/logo\\\/image\\\/\",\"url\":\"https:\\\/\\\/rieser-tropfen.de\\\/shop\\\/wp-content\\\/uploads\\\/2021\\\/03\\\/Logo-Vitzthum-2021-gold.jpg\",\"contentUrl\":\"https:\\\/\\\/rieser-tropfen.de\\\/shop\\\/wp-content\\\/uploads\\\/2021\\\/03\\\/Logo-Vitzthum-2021-gold.jpg\",\"width\":149,\"height\":69,\"caption\":\"Vitzthum GmbH\"},\"image\":{\"@id\":\"https:\\\/\\\/rieser-tropfen.de\\\/shop\\\/#\\\/schema\\\/logo\\\/image\\\/\"},\"sameAs\":[\"https:\\\/\\\/www.facebook.com\\\/vitzthum.destillerie\\\/?locale=de_DE\"]}]}<\/script>\n<!-- \/ Yoast SEO plugin. -->","yoast_head_json":{"title":"- NEEF-EMMICH - Riesling - Vitzthum Shop","robots":{"index":"index","follow":"follow","max-snippet":"max-snippet:-1","max-image-preview":"max-image-preview:large","max-video-preview":"max-video-preview:-1"},"canonical":"https:\/\/rieser-tropfen.de\/shop\/produkt\/neef-emmich-riesling\/","og_locale":"de_DE","og_type":"article","og_title":"- NEEF-EMMICH - Riesling - Vitzthum Shop","og_description":"Intensive Aromen von reifem, saftigem Pfirsisch, ein Korb voller\u00a0S\u00fcdfr\u00fcchte, weiterhin Nektarine, etwas Granny Smith Apfel und\u00a0ein Hauch Grapefruit str\u00f6men aus dem Glas. Insgesamt sehr saftig\u00a0und ansprechend, unterlegt mit feinw\u00fcrzigen Noten von\u00a0Grapefruitschale, dazu etwas Mandarine im Nachhall.\u00a0Ungemein s\u00fcffig und fuchtbetont zum Auftakt mit reichlich gelberFrucht, allen voran Pfirsich und reife Aprikose. Sehr rund und\u00a0ausgewogen mit harmonischem S\u00fcsse-S\u00e4urespiel und einer feinen,\u00a0zartherben Note von Limette zum Abschluss.","og_url":"https:\/\/rieser-tropfen.de\/shop\/produkt\/neef-emmich-riesling\/","og_site_name":"Vitzthum Shop","article_publisher":"https:\/\/www.facebook.com\/vitzthum.destillerie\/?locale=de_DE","article_modified_time":"2023-08-15T14:45:21+00:00","og_image":[{"width":500,"height":600,"url":"https:\/\/rieser-tropfen.de\/shop\/wp-content\/uploads\/2017\/12\/NE-Riesling-shop5-1.png","type":"image\/png"}],"twitter_card":"summary_large_image","twitter_misc":{"Gesch\u00e4tzte Lesezeit":"1\u00a0Minute"},"schema":{"@context":"https:\/\/schema.org","@graph":[{"@type":"WebPage","@id":"https:\/\/rieser-tropfen.de\/shop\/produkt\/neef-emmich-riesling\/","url":"https:\/\/rieser-tropfen.de\/shop\/produkt\/neef-emmich-riesling\/","name":"- NEEF-EMMICH - Riesling - Vitzthum Shop","isPartOf":{"@id":"https:\/\/rieser-tropfen.de\/shop\/#website"},"primaryImageOfPage":{"@id":"https:\/\/rieser-tropfen.de\/shop\/produkt\/neef-emmich-riesling\/#primaryimage"},"image":{"@id":"https:\/\/rieser-tropfen.de\/shop\/produkt\/neef-emmich-riesling\/#primaryimage"},"thumbnailUrl":"https:\/\/rieser-tropfen.de\/shop\/wp-content\/uploads\/2017\/12\/NE-Riesling-shop5-1.png","datePublished":"2017-12-06T15:57:27+00:00","dateModified":"2023-08-15T14:45:21+00:00","breadcrumb":{"@id":"https:\/\/rieser-tropfen.de\/shop\/produkt\/neef-emmich-riesling\/#breadcrumb"},"inLanguage":"de","potentialAction":[{"@type":"ReadAction","target":["https:\/\/rieser-tropfen.de\/shop\/produkt\/neef-emmich-riesling\/"]}]},{"@type":"ImageObject","inLanguage":"de","@id":"https:\/\/rieser-tropfen.de\/shop\/produkt\/neef-emmich-riesling\/#primaryimage","url":"https:\/\/rieser-tropfen.de\/shop\/wp-content\/uploads\/2017\/12\/NE-Riesling-shop5-1.png","contentUrl":"https:\/\/rieser-tropfen.de\/shop\/wp-content\/uploads\/2017\/12\/NE-Riesling-shop5-1.png","width":500,"height":600},{"@type":"BreadcrumbList","@id":"https:\/\/rieser-tropfen.de\/shop\/produkt\/neef-emmich-riesling\/#breadcrumb","itemListElement":[{"@type":"ListItem","position":1,"name":"Home","item":"https:\/\/rieser-tropfen.de\/shop\/"},{"@type":"ListItem","position":2,"name":"Shop","item":"https:\/\/rieser-tropfen.de\/shop\/shop\/"},{"@type":"ListItem","position":3,"name":"&#8212;&#8212; NEEF-EMMICH &#8212;&#8212; Riesling"}]},{"@type":"WebSite","@id":"https:\/\/rieser-tropfen.de\/shop\/#website","url":"https:\/\/rieser-tropfen.de\/shop\/","name":"Vitzthum Shop","description":"handgemachte Beerengeister, Obstbr\u00e4nde und Kr\u00e4uter- sowie Fruchtlik\u00f6re","publisher":{"@id":"https:\/\/rieser-tropfen.de\/shop\/#organization"},"potentialAction":[{"@type":"SearchAction","target":{"@type":"EntryPoint","urlTemplate":"https:\/\/rieser-tropfen.de\/shop\/?s={search_term_string}"},"query-input":{"@type":"PropertyValueSpecification","valueRequired":true,"valueName":"search_term_string"}}],"inLanguage":"de"},{"@type":"Organization","@id":"https:\/\/rieser-tropfen.de\/shop\/#organization","name":"Vitzthum GmbH","url":"https:\/\/rieser-tropfen.de\/shop\/","logo":{"@type":"ImageObject","inLanguage":"de","@id":"https:\/\/rieser-tropfen.de\/shop\/#\/schema\/logo\/image\/","url":"https:\/\/rieser-tropfen.de\/shop\/wp-content\/uploads\/2021\/03\/Logo-Vitzthum-2021-gold.jpg","contentUrl":"https:\/\/rieser-tropfen.de\/shop\/wp-content\/uploads\/2021\/03\/Logo-Vitzthum-2021-gold.jpg","width":149,"height":69,"caption":"Vitzthum GmbH"},"image":{"@id":"https:\/\/rieser-tropfen.de\/shop\/#\/schema\/logo\/image\/"},"sameAs":["https:\/\/www.facebook.com\/vitzthum.destillerie\/?locale=de_DE"]}]}},"_links":{"self":[{"href":"https:\/\/rieser-tropfen.de\/shop\/wp-json\/wp\/v2\/product\/1149","targetHints":{"allow":["GET"]}}],"collection":[{"href":"https:\/\/rieser-tropfen.de\/shop\/wp-json\/wp\/v2\/product"}],"about":[{"href":"https:\/\/rieser-tropfen.de\/shop\/wp-json\/wp\/v2\/types\/product"}],"wp:featuredmedia":[{"embeddable":true,"href":"https:\/\/rieser-tropfen.de\/shop\/wp-json\/wp\/v2\/media\/2365"}],"wp:attachment":[{"href":"https:\/\/rieser-tropfen.de\/shop\/wp-json\/wp\/v2\/media?parent=1149"}],"wp:term":[{"taxonomy":"product_brand","embeddable":true,"href":"https:\/\/rieser-tropfen.de\/shop\/wp-json\/wp\/v2\/product_brand?post=1149"},{"taxonomy":"product_cat","embeddable":true,"href":"https:\/\/rieser-tropfen.de\/shop\/wp-json\/wp\/v2\/product_cat?post=1149"},{"taxonomy":"product_tag","embeddable":true,"href":"https:\/\/rieser-tropfen.de\/shop\/wp-json\/wp\/v2\/product_tag?post=1149"}],"curies":[{"name":"wp","href":"https:\/\/api.w.org\/{rel}","templated":true}]}}