{"id":1153,"date":"2017-12-06T17:16:17","date_gmt":"2017-12-06T16:16:17","guid":{"rendered":"http:\/\/rieser-tropfen.de\/shop\/?post_type=product&#038;p=1153"},"modified":"2023-03-08T15:59:46","modified_gmt":"2023-03-08T14:59:46","slug":"neef-emmich-gruener-silvaner","status":"publish","type":"product","link":"https:\/\/rieser-tropfen.de\/shop\/produkt\/neef-emmich-gruener-silvaner\/","title":{"rendered":"&#8212;&#8212; NEEF-EMMICH &#8212;&#8212; Gr\u00fcner Silvaner"},"content":{"rendered":"<p>zu wei\u00dfem Spargel mit confiertem Lachsforellenfilet<\/p>\n<div class=\"title-subtitle-box \">\n<p><span style=\"color: #de901b;\">GEH\u00d6RT ZU DEN EDLEN WEINREBEN:<\/span><\/p>\n<div class=\"title-subtitle-box \">\n<div class=\"title-subtitle-box \">\n<p><span style=\"font-size: 25.92px; color: #333333;\">Gr\u00fcner Silvaner<\/span><\/p>\n<div class=\"title-subtitle-box \">\n<div class=\"wpb_text_column wpb_content_element vc_custom_1490887881142\">\n<div class=\"wpb_wrapper\">\n<p>Der Silvaner, auch Gr\u00fcner Silvaner genannt, geh\u00f6rt zu einer der \u00e4ltesten wei\u00dfen Rebsorten, die auch heute noch kultiviert werden. Im 17. Jahrhundert verlagerte sich der Anbau des Silvaners aus dem Donauraum in Siebenb\u00fcrgen nach Deutschland.<\/p>\n<\/div>\n<\/div>\n<\/div>\n<\/div>\n<\/div>\n<\/div>\n<p>Der Silvaner ist daf\u00fcr bekannt, dass er besonders gut sein Anbaugebiet wiederspiegelt und erdige mit fruchtigen Geschmacksrichtungen verbindet.<\/p>\n","protected":false},"excerpt":{"rendered":"<p>Ansprechend fruchtige Aromen von gelbem Apfel, Pfirsich und auch Nektarine. Dazu gesellen sich frische heimische Kr\u00e4uter, etwas Melisse sowie eine zart mineralische Ader. \u2014 Am Gaumen frisch und animierend mit gelber Frucht vor allem Delicious-Apfel sowie wei\u00dfer Johannisbeere. Zart kr\u00e4utrig und saftig mit anregender S\u00e4urestruktur.<\/p>\n","protected":false},"featured_media":2363,"template":"","meta":[],"product_brand":[],"product_cat":[163,60,161],"product_tag":[194,96,197,191,195,188,193],"class_list":{"0":"post-1153","1":"product","2":"type-product","3":"status-publish","4":"has-post-thumbnail","6":"product_cat-deutschland-weissweine","7":"product_cat-weine","8":"product_cat-weissweine","9":"product_tag-erfrischende-saeure","10":"product_tag-fruchtig","11":"product_tag-gruener-silvaner","12":"product_tag-sommerwein","13":"product_tag-spargelwein","14":"product_tag-trocken","15":"product_tag-weisswein","17":"first","18":"instock","19":"shipping-taxable","20":"purchasable","21":"product-type-simple"},"yoast_head":"<!-- This site is optimized with the Yoast SEO plugin v27.5 - https:\/\/yoast.com\/product\/yoast-seo-wordpress\/ -->\n<title>- NEEF-EMMICH - Gr\u00fcner Silvaner - Vitzthum Shop<\/title>\n<meta name=\"robots\" content=\"index, follow, max-snippet:-1, max-image-preview:large, max-video-preview:-1\" \/>\n<link rel=\"canonical\" href=\"https:\/\/rieser-tropfen.de\/shop\/produkt\/neef-emmich-gruener-silvaner\/\" \/>\n<meta property=\"og:locale\" content=\"de_DE\" \/>\n<meta property=\"og:type\" content=\"article\" \/>\n<meta property=\"og:title\" content=\"- NEEF-EMMICH - Gr\u00fcner Silvaner - Vitzthum Shop\" \/>\n<meta property=\"og:description\" content=\"Ansprechend fruchtige Aromen von gelbem Apfel, Pfirsich und auch Nektarine. Dazu gesellen sich frische heimische Kr\u00e4uter, etwas Melisse sowie eine zart mineralische Ader. \u2014 Am Gaumen frisch und animierend mit gelber Frucht vor allem Delicious-Apfel sowie wei\u00dfer Johannisbeere. Zart kr\u00e4utrig und saftig mit anregender S\u00e4urestruktur.\" \/>\n<meta property=\"og:url\" content=\"https:\/\/rieser-tropfen.de\/shop\/produkt\/neef-emmich-gruener-silvaner\/\" \/>\n<meta property=\"og:site_name\" content=\"Vitzthum Shop\" \/>\n<meta property=\"article:publisher\" content=\"https:\/\/www.facebook.com\/vitzthum.destillerie\/?locale=de_DE\" \/>\n<meta property=\"article:modified_time\" content=\"2023-03-08T14:59:46+00:00\" \/>\n<meta property=\"og:image\" content=\"https:\/\/rieser-tropfen.de\/shop\/wp-content\/uploads\/2017\/12\/NE-Gruener-Silvaner-shop5.png\" \/>\n\t<meta property=\"og:image:width\" content=\"500\" \/>\n\t<meta property=\"og:image:height\" content=\"600\" \/>\n\t<meta property=\"og:image:type\" content=\"image\/png\" \/>\n<meta name=\"twitter:card\" content=\"summary_large_image\" \/>\n<script type=\"application\/ld+json\" class=\"yoast-schema-graph\">{\"@context\":\"https:\\\/\\\/schema.org\",\"@graph\":[{\"@type\":\"WebPage\",\"@id\":\"https:\\\/\\\/rieser-tropfen.de\\\/shop\\\/produkt\\\/neef-emmich-gruener-silvaner\\\/\",\"url\":\"https:\\\/\\\/rieser-tropfen.de\\\/shop\\\/produkt\\\/neef-emmich-gruener-silvaner\\\/\",\"name\":\"- NEEF-EMMICH - Gr\u00fcner Silvaner - Vitzthum Shop\",\"isPartOf\":{\"@id\":\"https:\\\/\\\/rieser-tropfen.de\\\/shop\\\/#website\"},\"primaryImageOfPage\":{\"@id\":\"https:\\\/\\\/rieser-tropfen.de\\\/shop\\\/produkt\\\/neef-emmich-gruener-silvaner\\\/#primaryimage\"},\"image\":{\"@id\":\"https:\\\/\\\/rieser-tropfen.de\\\/shop\\\/produkt\\\/neef-emmich-gruener-silvaner\\\/#primaryimage\"},\"thumbnailUrl\":\"https:\\\/\\\/rieser-tropfen.de\\\/shop\\\/wp-content\\\/uploads\\\/2017\\\/12\\\/NE-Gruener-Silvaner-shop5.png\",\"datePublished\":\"2017-12-06T16:16:17+00:00\",\"dateModified\":\"2023-03-08T14:59:46+00:00\",\"breadcrumb\":{\"@id\":\"https:\\\/\\\/rieser-tropfen.de\\\/shop\\\/produkt\\\/neef-emmich-gruener-silvaner\\\/#breadcrumb\"},\"inLanguage\":\"de\",\"potentialAction\":[{\"@type\":\"ReadAction\",\"target\":[\"https:\\\/\\\/rieser-tropfen.de\\\/shop\\\/produkt\\\/neef-emmich-gruener-silvaner\\\/\"]}]},{\"@type\":\"ImageObject\",\"inLanguage\":\"de\",\"@id\":\"https:\\\/\\\/rieser-tropfen.de\\\/shop\\\/produkt\\\/neef-emmich-gruener-silvaner\\\/#primaryimage\",\"url\":\"https:\\\/\\\/rieser-tropfen.de\\\/shop\\\/wp-content\\\/uploads\\\/2017\\\/12\\\/NE-Gruener-Silvaner-shop5.png\",\"contentUrl\":\"https:\\\/\\\/rieser-tropfen.de\\\/shop\\\/wp-content\\\/uploads\\\/2017\\\/12\\\/NE-Gruener-Silvaner-shop5.png\",\"width\":500,\"height\":600},{\"@type\":\"BreadcrumbList\",\"@id\":\"https:\\\/\\\/rieser-tropfen.de\\\/shop\\\/produkt\\\/neef-emmich-gruener-silvaner\\\/#breadcrumb\",\"itemListElement\":[{\"@type\":\"ListItem\",\"position\":1,\"name\":\"Home\",\"item\":\"https:\\\/\\\/rieser-tropfen.de\\\/shop\\\/\"},{\"@type\":\"ListItem\",\"position\":2,\"name\":\"Shop\",\"item\":\"https:\\\/\\\/rieser-tropfen.de\\\/shop\\\/shop\\\/\"},{\"@type\":\"ListItem\",\"position\":3,\"name\":\"&#8212;&#8212; NEEF-EMMICH &#8212;&#8212; Gr\u00fcner Silvaner\"}]},{\"@type\":\"WebSite\",\"@id\":\"https:\\\/\\\/rieser-tropfen.de\\\/shop\\\/#website\",\"url\":\"https:\\\/\\\/rieser-tropfen.de\\\/shop\\\/\",\"name\":\"Vitzthum Shop\",\"description\":\"handgemachte Beerengeister, Obstbr\u00e4nde und Kr\u00e4uter- sowie Fruchtlik\u00f6re\",\"publisher\":{\"@id\":\"https:\\\/\\\/rieser-tropfen.de\\\/shop\\\/#organization\"},\"potentialAction\":[{\"@type\":\"SearchAction\",\"target\":{\"@type\":\"EntryPoint\",\"urlTemplate\":\"https:\\\/\\\/rieser-tropfen.de\\\/shop\\\/?s={search_term_string}\"},\"query-input\":{\"@type\":\"PropertyValueSpecification\",\"valueRequired\":true,\"valueName\":\"search_term_string\"}}],\"inLanguage\":\"de\"},{\"@type\":\"Organization\",\"@id\":\"https:\\\/\\\/rieser-tropfen.de\\\/shop\\\/#organization\",\"name\":\"Vitzthum GmbH\",\"url\":\"https:\\\/\\\/rieser-tropfen.de\\\/shop\\\/\",\"logo\":{\"@type\":\"ImageObject\",\"inLanguage\":\"de\",\"@id\":\"https:\\\/\\\/rieser-tropfen.de\\\/shop\\\/#\\\/schema\\\/logo\\\/image\\\/\",\"url\":\"https:\\\/\\\/rieser-tropfen.de\\\/shop\\\/wp-content\\\/uploads\\\/2021\\\/03\\\/Logo-Vitzthum-2021-gold.jpg\",\"contentUrl\":\"https:\\\/\\\/rieser-tropfen.de\\\/shop\\\/wp-content\\\/uploads\\\/2021\\\/03\\\/Logo-Vitzthum-2021-gold.jpg\",\"width\":149,\"height\":69,\"caption\":\"Vitzthum GmbH\"},\"image\":{\"@id\":\"https:\\\/\\\/rieser-tropfen.de\\\/shop\\\/#\\\/schema\\\/logo\\\/image\\\/\"},\"sameAs\":[\"https:\\\/\\\/www.facebook.com\\\/vitzthum.destillerie\\\/?locale=de_DE\"]}]}<\/script>\n<!-- \/ Yoast SEO plugin. -->","yoast_head_json":{"title":"- NEEF-EMMICH - Gr\u00fcner Silvaner - Vitzthum Shop","robots":{"index":"index","follow":"follow","max-snippet":"max-snippet:-1","max-image-preview":"max-image-preview:large","max-video-preview":"max-video-preview:-1"},"canonical":"https:\/\/rieser-tropfen.de\/shop\/produkt\/neef-emmich-gruener-silvaner\/","og_locale":"de_DE","og_type":"article","og_title":"- NEEF-EMMICH - Gr\u00fcner Silvaner - Vitzthum Shop","og_description":"Ansprechend fruchtige Aromen von gelbem Apfel, Pfirsich und auch Nektarine. Dazu gesellen sich frische heimische Kr\u00e4uter, etwas Melisse sowie eine zart mineralische Ader. \u2014 Am Gaumen frisch und animierend mit gelber Frucht vor allem Delicious-Apfel sowie wei\u00dfer Johannisbeere. Zart kr\u00e4utrig und saftig mit anregender S\u00e4urestruktur.","og_url":"https:\/\/rieser-tropfen.de\/shop\/produkt\/neef-emmich-gruener-silvaner\/","og_site_name":"Vitzthum Shop","article_publisher":"https:\/\/www.facebook.com\/vitzthum.destillerie\/?locale=de_DE","article_modified_time":"2023-03-08T14:59:46+00:00","og_image":[{"width":500,"height":600,"url":"https:\/\/rieser-tropfen.de\/shop\/wp-content\/uploads\/2017\/12\/NE-Gruener-Silvaner-shop5.png","type":"image\/png"}],"twitter_card":"summary_large_image","schema":{"@context":"https:\/\/schema.org","@graph":[{"@type":"WebPage","@id":"https:\/\/rieser-tropfen.de\/shop\/produkt\/neef-emmich-gruener-silvaner\/","url":"https:\/\/rieser-tropfen.de\/shop\/produkt\/neef-emmich-gruener-silvaner\/","name":"- NEEF-EMMICH - Gr\u00fcner Silvaner - Vitzthum Shop","isPartOf":{"@id":"https:\/\/rieser-tropfen.de\/shop\/#website"},"primaryImageOfPage":{"@id":"https:\/\/rieser-tropfen.de\/shop\/produkt\/neef-emmich-gruener-silvaner\/#primaryimage"},"image":{"@id":"https:\/\/rieser-tropfen.de\/shop\/produkt\/neef-emmich-gruener-silvaner\/#primaryimage"},"thumbnailUrl":"https:\/\/rieser-tropfen.de\/shop\/wp-content\/uploads\/2017\/12\/NE-Gruener-Silvaner-shop5.png","datePublished":"2017-12-06T16:16:17+00:00","dateModified":"2023-03-08T14:59:46+00:00","breadcrumb":{"@id":"https:\/\/rieser-tropfen.de\/shop\/produkt\/neef-emmich-gruener-silvaner\/#breadcrumb"},"inLanguage":"de","potentialAction":[{"@type":"ReadAction","target":["https:\/\/rieser-tropfen.de\/shop\/produkt\/neef-emmich-gruener-silvaner\/"]}]},{"@type":"ImageObject","inLanguage":"de","@id":"https:\/\/rieser-tropfen.de\/shop\/produkt\/neef-emmich-gruener-silvaner\/#primaryimage","url":"https:\/\/rieser-tropfen.de\/shop\/wp-content\/uploads\/2017\/12\/NE-Gruener-Silvaner-shop5.png","contentUrl":"https:\/\/rieser-tropfen.de\/shop\/wp-content\/uploads\/2017\/12\/NE-Gruener-Silvaner-shop5.png","width":500,"height":600},{"@type":"BreadcrumbList","@id":"https:\/\/rieser-tropfen.de\/shop\/produkt\/neef-emmich-gruener-silvaner\/#breadcrumb","itemListElement":[{"@type":"ListItem","position":1,"name":"Home","item":"https:\/\/rieser-tropfen.de\/shop\/"},{"@type":"ListItem","position":2,"name":"Shop","item":"https:\/\/rieser-tropfen.de\/shop\/shop\/"},{"@type":"ListItem","position":3,"name":"&#8212;&#8212; NEEF-EMMICH &#8212;&#8212; Gr\u00fcner Silvaner"}]},{"@type":"WebSite","@id":"https:\/\/rieser-tropfen.de\/shop\/#website","url":"https:\/\/rieser-tropfen.de\/shop\/","name":"Vitzthum Shop","description":"handgemachte Beerengeister, Obstbr\u00e4nde und Kr\u00e4uter- sowie Fruchtlik\u00f6re","publisher":{"@id":"https:\/\/rieser-tropfen.de\/shop\/#organization"},"potentialAction":[{"@type":"SearchAction","target":{"@type":"EntryPoint","urlTemplate":"https:\/\/rieser-tropfen.de\/shop\/?s={search_term_string}"},"query-input":{"@type":"PropertyValueSpecification","valueRequired":true,"valueName":"search_term_string"}}],"inLanguage":"de"},{"@type":"Organization","@id":"https:\/\/rieser-tropfen.de\/shop\/#organization","name":"Vitzthum GmbH","url":"https:\/\/rieser-tropfen.de\/shop\/","logo":{"@type":"ImageObject","inLanguage":"de","@id":"https:\/\/rieser-tropfen.de\/shop\/#\/schema\/logo\/image\/","url":"https:\/\/rieser-tropfen.de\/shop\/wp-content\/uploads\/2021\/03\/Logo-Vitzthum-2021-gold.jpg","contentUrl":"https:\/\/rieser-tropfen.de\/shop\/wp-content\/uploads\/2021\/03\/Logo-Vitzthum-2021-gold.jpg","width":149,"height":69,"caption":"Vitzthum GmbH"},"image":{"@id":"https:\/\/rieser-tropfen.de\/shop\/#\/schema\/logo\/image\/"},"sameAs":["https:\/\/www.facebook.com\/vitzthum.destillerie\/?locale=de_DE"]}]}},"_links":{"self":[{"href":"https:\/\/rieser-tropfen.de\/shop\/wp-json\/wp\/v2\/product\/1153","targetHints":{"allow":["GET"]}}],"collection":[{"href":"https:\/\/rieser-tropfen.de\/shop\/wp-json\/wp\/v2\/product"}],"about":[{"href":"https:\/\/rieser-tropfen.de\/shop\/wp-json\/wp\/v2\/types\/product"}],"wp:featuredmedia":[{"embeddable":true,"href":"https:\/\/rieser-tropfen.de\/shop\/wp-json\/wp\/v2\/media\/2363"}],"wp:attachment":[{"href":"https:\/\/rieser-tropfen.de\/shop\/wp-json\/wp\/v2\/media?parent=1153"}],"wp:term":[{"taxonomy":"product_brand","embeddable":true,"href":"https:\/\/rieser-tropfen.de\/shop\/wp-json\/wp\/v2\/product_brand?post=1153"},{"taxonomy":"product_cat","embeddable":true,"href":"https:\/\/rieser-tropfen.de\/shop\/wp-json\/wp\/v2\/product_cat?post=1153"},{"taxonomy":"product_tag","embeddable":true,"href":"https:\/\/rieser-tropfen.de\/shop\/wp-json\/wp\/v2\/product_tag?post=1153"}],"curies":[{"name":"wp","href":"https:\/\/api.w.org\/{rel}","templated":true}]}}