{"id":1222,"date":"2017-12-08T17:54:46","date_gmt":"2017-12-08T16:54:46","guid":{"rendered":"http:\/\/rieser-tropfen.de\/shop\/?post_type=product&#038;p=1222"},"modified":"2024-12-09T17:42:12","modified_gmt":"2024-12-09T16:42:12","slug":"kakao-mit-nuss-likoer","status":"publish","type":"product","link":"https:\/\/rieser-tropfen.de\/shop\/produkt\/kakao-mit-nuss-likoer\/","title":{"rendered":"Kakao mit Nuss Lik\u00f6r"},"content":{"rendered":"<div class=\"row\"  id=\"row-1342055718\">\n\n\t<div id=\"col-154123252\" class=\"col small-12 large-12\"  >\n\t\t\t\t<div class=\"col-inner\"  >\n\t\t\t\n\t\t\t\n<section id=\"content\">\n<div class=\"container\">\n<div class=\"row\">\n<div class=\"col-xs-12 col-md-12\">\n<div id=\"product-1424\" class=\"post-1424 product type-product status-publish has-post-thumbnail product_cat-likoere product_cat-fruchtlikoere product_tag-intensiv-fruchtig product_tag-schmelzend product_tag-weich first instock taxable shipping-taxable purchasable product-type-variable has-default-attributes has-children\">\n<div class=\"vc_row wpb_row vc_row-fluid vc_custom_1460727920666 vc_row-has-fill vc_row-o-content-middle vc_row-flex\">\n<div class=\"wpb_column vc_column_container vc_col-sm-12 vc_col-lg-6 vc_col-md-6\">\n<div class=\"vc_column-inner vc_custom_1460636569719\">\n<div class=\"wpb_wrapper\">\n<div class=\"title-subtitle-box \">\n<p><span style=\"color: #de901b;\">EIN KLASSIKER AUS UNSERER JUGEND &#8230;<\/span><\/p>\n<div class=\"title-subtitle-box \">\n<div class=\"title-subtitle-box \">\n<h1>LUMUMBA !!<\/h1>\n<\/div>\n<div class=\"wpb_text_column wpb_content_element vc_custom_1495119294167\">\n<div class=\"wpb_wrapper\">\n<p>250 ml Kakao \u2013 so wie sie ihn gerne trinken<br \/>\n2 cl = Schnapsglas Rum 40 oder 50 %vol<br \/>\n2 cl = Schnapsglas Kakao mit Nusslik\u00f6r<\/p>\n<p>Den Kakao erhitzen, in eine Tasse f\u00fclle und den Rum und Kakao mit Nusslik\u00f6r zugeben. Obenauf mit einer satten Sahnehaube kr\u00f6nen.<\/p>\n<p>K\u00f6nnen Sie nat\u00fcrlich in den warmen Monaten auch kalt genie\u00dfen!<\/p>\n<\/div>\n<\/div>\n<\/div>\n<\/div>\n<\/div>\n<\/div>\n<\/div>\n<\/div>\n<\/div>\n<\/div>\n<\/div>\n<\/div>\n<\/section>\n\t\t<\/div>\n\t\t\t\t\t<\/div>\n\n\t\n<\/div>\n<div class=\"row\"  id=\"row-147795932\">\n\n\t<div id=\"col-492931484\" class=\"col small-12 large-12\"  >\n\t\t\t\t<div class=\"col-inner\"  >\n\t\t\t\n\t\t\t\n<section id=\"content\">\n<div class=\"container\">\n<div class=\"row\">\n<div class=\"col-xs-12 col-md-12\">\n<div id=\"product-1424\" class=\"post-1424 product type-product status-publish has-post-thumbnail product_cat-likoere product_cat-fruchtlikoere product_tag-intensiv-fruchtig product_tag-schmelzend product_tag-weich first instock taxable shipping-taxable purchasable product-type-variable has-default-attributes has-children\">\n<div class=\"vc_row wpb_row vc_row-fluid vc_custom_1460727927848 vc_row-has-fill vc_row-o-content-middle vc_row-flex\">\n<div class=\"wpb_column vc_column_container vc_col-sm-12 vc_col-lg-6 vc_col-md-6\">\n<div class=\"vc_column-inner vc_custom_1460636579755\">\n<div class=\"wpb_wrapper\">\n<div class=\"title-subtitle-box \">\n<p><span style=\"color: #de901b;\">KAKAO LIEGT IN DER LUFT &#8230;<\/span><\/p>\n<div class=\"title-subtitle-box \">\n<div class=\"title-subtitle-box \">\n<h1>EIN TAUSENDSASSA!<\/h1>\n<\/div>\n<div class=\"wpb_text_column wpb_content_element \">\n<div class=\"wpb_wrapper\">\n<p>Der Kakao mit Nusslik\u00f6r ist \u00fcberall zu Hause, wo Frau ein klein wenig Pep in die K\u00fcche bringen m\u00f6chte. Nat\u00fcrlich beim Backen als Zugabe in den R\u00fchrteig von Schoko- oder Nusskuchen, bei Desserts zur Abrundung.<br \/>\nEinen Schu\u00df in den Kaffee \u2013 lassen Sie Ihrer Phantasie freien Lauf!<\/p>\n<\/div>\n<\/div>\n<\/div>\n<\/div>\n<\/div>\n<\/div>\n<\/div>\n<\/div>\n<\/div>\n<\/div>\n<\/div>\n<\/div>\n<\/section>\n\t\t<\/div>\n\t\t\t\t\n<style>\n#col-492931484 > .col-inner {\n  padding: 0px 0px 0px 0px;\n}\n<\/style>\n\t<\/div>\n\n\t\n<\/div>\n","protected":false},"excerpt":{"rendered":"<p>Dunkle Schokolade in der Nase, am Gaumen kr\u00e4ftige Kakaonote feinster Bohnen aus Ecuador. Dicht und samtig mit einer Kopfnote aus Haselnuss. Exquisiter Begleiter zum Kaffee und Dessert.<\/p>\n","protected":false},"featured_media":1571,"template":"","meta":[],"product_brand":[],"product_cat":[58,61],"product_tag":[209,214,211,213,212],"class_list":{"0":"post-1222","1":"product","2":"type-product","3":"status-publish","4":"has-post-thumbnail","6":"product_cat-likoere","7":"product_cat-sonstige-likoere","8":"product_tag-cocktaillikoer","9":"product_tag-kaffeelikoer","10":"product_tag-kakaolikoer","11":"product_tag-nusslikoer","12":"product_tag-schokoladenlikoer","14":"first","15":"instock","16":"shipping-taxable","17":"purchasable","18":"product-type-variable","19":"has-default-attributes"},"yoast_head":"<!-- This site is optimized with the Yoast SEO plugin v27.5 - https:\/\/yoast.com\/product\/yoast-seo-wordpress\/ -->\n<title>Kakao mit Nuss Lik\u00f6r - Vitzthum Shop<\/title>\n<meta name=\"robots\" content=\"index, follow, max-snippet:-1, max-image-preview:large, max-video-preview:-1\" \/>\n<link rel=\"canonical\" href=\"https:\/\/rieser-tropfen.de\/shop\/produkt\/kakao-mit-nuss-likoer\/\" \/>\n<meta property=\"og:locale\" content=\"de_DE\" \/>\n<meta property=\"og:type\" content=\"article\" \/>\n<meta property=\"og:title\" content=\"Kakao mit Nuss Lik\u00f6r - Vitzthum Shop\" \/>\n<meta property=\"og:description\" content=\"Dunkle Schokolade in der Nase, am Gaumen kr\u00e4ftige Kakaonote feinster Bohnen aus Ecuador. Dicht und samtig mit einer Kopfnote aus Haselnuss. Exquisiter Begleiter zum Kaffee und Dessert.\" \/>\n<meta property=\"og:url\" content=\"https:\/\/rieser-tropfen.de\/shop\/produkt\/kakao-mit-nuss-likoer\/\" \/>\n<meta property=\"og:site_name\" content=\"Vitzthum Shop\" \/>\n<meta property=\"article:publisher\" content=\"https:\/\/www.facebook.com\/vitzthum.destillerie\/?locale=de_DE\" \/>\n<meta property=\"article:modified_time\" content=\"2024-12-09T16:42:12+00:00\" \/>\n<meta property=\"og:image\" content=\"https:\/\/rieser-tropfen.de\/shop\/wp-content\/uploads\/2017\/12\/KakaoNuss-2x0705B-shop.jpg\" \/>\n\t<meta property=\"og:image:width\" content=\"500\" \/>\n\t<meta property=\"og:image:height\" content=\"600\" \/>\n\t<meta property=\"og:image:type\" content=\"image\/jpeg\" \/>\n<meta name=\"twitter:card\" content=\"summary_large_image\" \/>\n<meta name=\"twitter:label1\" content=\"Gesch\u00e4tzte Lesezeit\" \/>\n\t<meta name=\"twitter:data1\" content=\"1\u00a0Minute\" \/>\n<script type=\"application\/ld+json\" class=\"yoast-schema-graph\">{\"@context\":\"https:\\\/\\\/schema.org\",\"@graph\":[{\"@type\":\"WebPage\",\"@id\":\"https:\\\/\\\/rieser-tropfen.de\\\/shop\\\/produkt\\\/kakao-mit-nuss-likoer\\\/\",\"url\":\"https:\\\/\\\/rieser-tropfen.de\\\/shop\\\/produkt\\\/kakao-mit-nuss-likoer\\\/\",\"name\":\"Kakao mit Nuss Lik\u00f6r - Vitzthum Shop\",\"isPartOf\":{\"@id\":\"https:\\\/\\\/rieser-tropfen.de\\\/shop\\\/#website\"},\"primaryImageOfPage\":{\"@id\":\"https:\\\/\\\/rieser-tropfen.de\\\/shop\\\/produkt\\\/kakao-mit-nuss-likoer\\\/#primaryimage\"},\"image\":{\"@id\":\"https:\\\/\\\/rieser-tropfen.de\\\/shop\\\/produkt\\\/kakao-mit-nuss-likoer\\\/#primaryimage\"},\"thumbnailUrl\":\"https:\\\/\\\/rieser-tropfen.de\\\/shop\\\/wp-content\\\/uploads\\\/2017\\\/12\\\/KakaoNuss-2x0705B-shop.jpg\",\"datePublished\":\"2017-12-08T16:54:46+00:00\",\"dateModified\":\"2024-12-09T16:42:12+00:00\",\"breadcrumb\":{\"@id\":\"https:\\\/\\\/rieser-tropfen.de\\\/shop\\\/produkt\\\/kakao-mit-nuss-likoer\\\/#breadcrumb\"},\"inLanguage\":\"de\",\"potentialAction\":[{\"@type\":\"ReadAction\",\"target\":[\"https:\\\/\\\/rieser-tropfen.de\\\/shop\\\/produkt\\\/kakao-mit-nuss-likoer\\\/\"]}]},{\"@type\":\"ImageObject\",\"inLanguage\":\"de\",\"@id\":\"https:\\\/\\\/rieser-tropfen.de\\\/shop\\\/produkt\\\/kakao-mit-nuss-likoer\\\/#primaryimage\",\"url\":\"https:\\\/\\\/rieser-tropfen.de\\\/shop\\\/wp-content\\\/uploads\\\/2017\\\/12\\\/KakaoNuss-2x0705B-shop.jpg\",\"contentUrl\":\"https:\\\/\\\/rieser-tropfen.de\\\/shop\\\/wp-content\\\/uploads\\\/2017\\\/12\\\/KakaoNuss-2x0705B-shop.jpg\",\"width\":500,\"height\":600},{\"@type\":\"BreadcrumbList\",\"@id\":\"https:\\\/\\\/rieser-tropfen.de\\\/shop\\\/produkt\\\/kakao-mit-nuss-likoer\\\/#breadcrumb\",\"itemListElement\":[{\"@type\":\"ListItem\",\"position\":1,\"name\":\"Home\",\"item\":\"https:\\\/\\\/rieser-tropfen.de\\\/shop\\\/\"},{\"@type\":\"ListItem\",\"position\":2,\"name\":\"Shop\",\"item\":\"https:\\\/\\\/rieser-tropfen.de\\\/shop\\\/shop\\\/\"},{\"@type\":\"ListItem\",\"position\":3,\"name\":\"Kakao mit Nuss Lik\u00f6r\"}]},{\"@type\":\"WebSite\",\"@id\":\"https:\\\/\\\/rieser-tropfen.de\\\/shop\\\/#website\",\"url\":\"https:\\\/\\\/rieser-tropfen.de\\\/shop\\\/\",\"name\":\"Vitzthum Shop\",\"description\":\"handgemachte Beerengeister, Obstbr\u00e4nde und Kr\u00e4uter- sowie Fruchtlik\u00f6re\",\"publisher\":{\"@id\":\"https:\\\/\\\/rieser-tropfen.de\\\/shop\\\/#organization\"},\"potentialAction\":[{\"@type\":\"SearchAction\",\"target\":{\"@type\":\"EntryPoint\",\"urlTemplate\":\"https:\\\/\\\/rieser-tropfen.de\\\/shop\\\/?s={search_term_string}\"},\"query-input\":{\"@type\":\"PropertyValueSpecification\",\"valueRequired\":true,\"valueName\":\"search_term_string\"}}],\"inLanguage\":\"de\"},{\"@type\":\"Organization\",\"@id\":\"https:\\\/\\\/rieser-tropfen.de\\\/shop\\\/#organization\",\"name\":\"Vitzthum GmbH\",\"url\":\"https:\\\/\\\/rieser-tropfen.de\\\/shop\\\/\",\"logo\":{\"@type\":\"ImageObject\",\"inLanguage\":\"de\",\"@id\":\"https:\\\/\\\/rieser-tropfen.de\\\/shop\\\/#\\\/schema\\\/logo\\\/image\\\/\",\"url\":\"https:\\\/\\\/rieser-tropfen.de\\\/shop\\\/wp-content\\\/uploads\\\/2021\\\/03\\\/Logo-Vitzthum-2021-gold.jpg\",\"contentUrl\":\"https:\\\/\\\/rieser-tropfen.de\\\/shop\\\/wp-content\\\/uploads\\\/2021\\\/03\\\/Logo-Vitzthum-2021-gold.jpg\",\"width\":149,\"height\":69,\"caption\":\"Vitzthum GmbH\"},\"image\":{\"@id\":\"https:\\\/\\\/rieser-tropfen.de\\\/shop\\\/#\\\/schema\\\/logo\\\/image\\\/\"},\"sameAs\":[\"https:\\\/\\\/www.facebook.com\\\/vitzthum.destillerie\\\/?locale=de_DE\"]}]}<\/script>\n<!-- \/ Yoast SEO plugin. -->","yoast_head_json":{"title":"Kakao mit Nuss Lik\u00f6r - Vitzthum Shop","robots":{"index":"index","follow":"follow","max-snippet":"max-snippet:-1","max-image-preview":"max-image-preview:large","max-video-preview":"max-video-preview:-1"},"canonical":"https:\/\/rieser-tropfen.de\/shop\/produkt\/kakao-mit-nuss-likoer\/","og_locale":"de_DE","og_type":"article","og_title":"Kakao mit Nuss Lik\u00f6r - Vitzthum Shop","og_description":"Dunkle Schokolade in der Nase, am Gaumen kr\u00e4ftige Kakaonote feinster Bohnen aus Ecuador. Dicht und samtig mit einer Kopfnote aus Haselnuss. Exquisiter Begleiter zum Kaffee und Dessert.","og_url":"https:\/\/rieser-tropfen.de\/shop\/produkt\/kakao-mit-nuss-likoer\/","og_site_name":"Vitzthum Shop","article_publisher":"https:\/\/www.facebook.com\/vitzthum.destillerie\/?locale=de_DE","article_modified_time":"2024-12-09T16:42:12+00:00","og_image":[{"width":500,"height":600,"url":"https:\/\/rieser-tropfen.de\/shop\/wp-content\/uploads\/2017\/12\/KakaoNuss-2x0705B-shop.jpg","type":"image\/jpeg"}],"twitter_card":"summary_large_image","twitter_misc":{"Gesch\u00e4tzte Lesezeit":"1\u00a0Minute"},"schema":{"@context":"https:\/\/schema.org","@graph":[{"@type":"WebPage","@id":"https:\/\/rieser-tropfen.de\/shop\/produkt\/kakao-mit-nuss-likoer\/","url":"https:\/\/rieser-tropfen.de\/shop\/produkt\/kakao-mit-nuss-likoer\/","name":"Kakao mit Nuss Lik\u00f6r - Vitzthum Shop","isPartOf":{"@id":"https:\/\/rieser-tropfen.de\/shop\/#website"},"primaryImageOfPage":{"@id":"https:\/\/rieser-tropfen.de\/shop\/produkt\/kakao-mit-nuss-likoer\/#primaryimage"},"image":{"@id":"https:\/\/rieser-tropfen.de\/shop\/produkt\/kakao-mit-nuss-likoer\/#primaryimage"},"thumbnailUrl":"https:\/\/rieser-tropfen.de\/shop\/wp-content\/uploads\/2017\/12\/KakaoNuss-2x0705B-shop.jpg","datePublished":"2017-12-08T16:54:46+00:00","dateModified":"2024-12-09T16:42:12+00:00","breadcrumb":{"@id":"https:\/\/rieser-tropfen.de\/shop\/produkt\/kakao-mit-nuss-likoer\/#breadcrumb"},"inLanguage":"de","potentialAction":[{"@type":"ReadAction","target":["https:\/\/rieser-tropfen.de\/shop\/produkt\/kakao-mit-nuss-likoer\/"]}]},{"@type":"ImageObject","inLanguage":"de","@id":"https:\/\/rieser-tropfen.de\/shop\/produkt\/kakao-mit-nuss-likoer\/#primaryimage","url":"https:\/\/rieser-tropfen.de\/shop\/wp-content\/uploads\/2017\/12\/KakaoNuss-2x0705B-shop.jpg","contentUrl":"https:\/\/rieser-tropfen.de\/shop\/wp-content\/uploads\/2017\/12\/KakaoNuss-2x0705B-shop.jpg","width":500,"height":600},{"@type":"BreadcrumbList","@id":"https:\/\/rieser-tropfen.de\/shop\/produkt\/kakao-mit-nuss-likoer\/#breadcrumb","itemListElement":[{"@type":"ListItem","position":1,"name":"Home","item":"https:\/\/rieser-tropfen.de\/shop\/"},{"@type":"ListItem","position":2,"name":"Shop","item":"https:\/\/rieser-tropfen.de\/shop\/shop\/"},{"@type":"ListItem","position":3,"name":"Kakao mit Nuss Lik\u00f6r"}]},{"@type":"WebSite","@id":"https:\/\/rieser-tropfen.de\/shop\/#website","url":"https:\/\/rieser-tropfen.de\/shop\/","name":"Vitzthum Shop","description":"handgemachte Beerengeister, Obstbr\u00e4nde und Kr\u00e4uter- sowie Fruchtlik\u00f6re","publisher":{"@id":"https:\/\/rieser-tropfen.de\/shop\/#organization"},"potentialAction":[{"@type":"SearchAction","target":{"@type":"EntryPoint","urlTemplate":"https:\/\/rieser-tropfen.de\/shop\/?s={search_term_string}"},"query-input":{"@type":"PropertyValueSpecification","valueRequired":true,"valueName":"search_term_string"}}],"inLanguage":"de"},{"@type":"Organization","@id":"https:\/\/rieser-tropfen.de\/shop\/#organization","name":"Vitzthum GmbH","url":"https:\/\/rieser-tropfen.de\/shop\/","logo":{"@type":"ImageObject","inLanguage":"de","@id":"https:\/\/rieser-tropfen.de\/shop\/#\/schema\/logo\/image\/","url":"https:\/\/rieser-tropfen.de\/shop\/wp-content\/uploads\/2021\/03\/Logo-Vitzthum-2021-gold.jpg","contentUrl":"https:\/\/rieser-tropfen.de\/shop\/wp-content\/uploads\/2021\/03\/Logo-Vitzthum-2021-gold.jpg","width":149,"height":69,"caption":"Vitzthum GmbH"},"image":{"@id":"https:\/\/rieser-tropfen.de\/shop\/#\/schema\/logo\/image\/"},"sameAs":["https:\/\/www.facebook.com\/vitzthum.destillerie\/?locale=de_DE"]}]}},"_links":{"self":[{"href":"https:\/\/rieser-tropfen.de\/shop\/wp-json\/wp\/v2\/product\/1222","targetHints":{"allow":["GET"]}}],"collection":[{"href":"https:\/\/rieser-tropfen.de\/shop\/wp-json\/wp\/v2\/product"}],"about":[{"href":"https:\/\/rieser-tropfen.de\/shop\/wp-json\/wp\/v2\/types\/product"}],"wp:featuredmedia":[{"embeddable":true,"href":"https:\/\/rieser-tropfen.de\/shop\/wp-json\/wp\/v2\/media\/1571"}],"wp:attachment":[{"href":"https:\/\/rieser-tropfen.de\/shop\/wp-json\/wp\/v2\/media?parent=1222"}],"wp:term":[{"taxonomy":"product_brand","embeddable":true,"href":"https:\/\/rieser-tropfen.de\/shop\/wp-json\/wp\/v2\/product_brand?post=1222"},{"taxonomy":"product_cat","embeddable":true,"href":"https:\/\/rieser-tropfen.de\/shop\/wp-json\/wp\/v2\/product_cat?post=1222"},{"taxonomy":"product_tag","embeddable":true,"href":"https:\/\/rieser-tropfen.de\/shop\/wp-json\/wp\/v2\/product_tag?post=1222"}],"curies":[{"name":"wp","href":"https:\/\/api.w.org\/{rel}","templated":true}]}}