{"id":1241,"date":"2018-01-25T11:00:48","date_gmt":"2018-01-25T10:00:48","guid":{"rendered":"http:\/\/rieser-tropfen.de\/shop\/?post_type=product&#038;p=1241"},"modified":"2023-03-08T15:58:00","modified_gmt":"2023-03-08T14:58:00","slug":"neef-emmich-st-laurent","status":"publish","type":"product","link":"https:\/\/rieser-tropfen.de\/shop\/produkt\/neef-emmich-st-laurent\/","title":{"rendered":"&#8212;&#8212; NEEF-EMMICH &#8212;&#8212; St.Laurent"},"content":{"rendered":"<p>Dieser granatrote Wein mit all seinen aromatischen Facetten passt hervorragend zu H\u00fcftsteak vom Grill mit Wildkr\u00e4uterbutter und gebackenen Auberginen.<\/p>\n<div class=\"title-subtitle-box \">\n<p><span style=\"color: #de901b;\">FAST VERSCHWUNDEN\u00a0<\/span><\/p>\n<div class=\"title-subtitle-box \">\n<h1>St. Laurent &#8211; erlebt eine Renaissance<\/h1>\n<\/div>\n<div class=\"wpb_text_column wpb_content_element vc_custom_1490715323656\">\n<div class=\"wpb_wrapper\">\n<p>Der vermutlich letzte in Deutschland noch vorhandene Rebstock w\u00e4re beinahe in den sechziger Jahren in der Rebschule Rhodt ausgehackt worden. Nach mehreren Jahren der Erhaltungsz\u00fcchtung w\u00e4chst die Anbaufl\u00e4che stetig.<\/p>\n<\/div>\n<\/div>\n<\/div>\n<p>Meist sehen die Winzer die Rebsorte als Erg\u00e4nzung ihres gehobenen Rotweinangebots \u00a0doch es \u00a0handelt sich jetzt bei den Saint Laurent Weinen meist um anspruchsvolle Tropfen, die einen wunderbar weichen aromatischen Genuss versprechen.<\/p>\n<div class=\"title-subtitle-box \">\n<div class=\"title-subtitle-box \">\n<p><span style=\"color: #de901b;\">WAS LANGE W\u00c4HRT!<\/span><\/p>\n<h1>VERLEIHUNG DES STAATSEHRENPREISES<\/h1>\n<\/div>\n<div class=\"wpb_text_column wpb_content_element \">\n<div class=\"wpb_wrapper\">\n<p>F\u00fcr besondere Leistungen wird dem Weingut Neef-Emmich der Staatsehrenpreis des rheinland-pf\u00e4lzischen Ministersf\u00fcr Wirtschaft, Verkehr, Landwirtschaft und Weinbau, verliehen.\u00a0 \u00a0 \u00a0 \u00a0 \u00a0Gew\u00fcrdigt werden dabei die herausragenden betrieblichen Leistungen \u00fcber einen l\u00e4ngeren Zeitraum bei der Wein- und Sektpr\u00e4mierung.<\/p>\n<\/div>\n<\/div>\n<\/div>\n","protected":false},"excerpt":{"rendered":"<p>Zart-duftiges Bukett von Waldbeeren \u2013 insbesondere Erdbeere \u2013\u00a0und Marzipan, weiterhin Vanille, zart S\u00fc\u00dfkirsche, etwas Veilchen\u00a0und ganz leicht Herbstlaub. Saftig und animierend nach roten Beeren und Kirschen am Gaumen, fein und mit zartem Gerbstoff ausgestattet. Das Spiel von\u00a0S\u00fc\u00dfe und S\u00e4ure ist perfekt ausbalanciert, der Wein wirkt leicht und\u00a0beschwingt, dazu kommt eine feinherbe Mandelnote im Nachhall.<\/p>\n<p>&nbsp;<\/p>\n<p>&nbsp;<\/p>\n","protected":false},"featured_media":2376,"template":"","meta":[],"product_brand":[],"product_cat":[162,160,60],"product_tag":[183,216,217,178,215,188,122,95],"class_list":{"0":"post-1241","1":"product","2":"type-product","3":"status-publish","4":"has-post-thumbnail","6":"product_cat-deutschland","7":"product_cat-rotweine","8":"product_cat-weine","9":"product_tag-beerig","10":"product_tag-kirschnote","11":"product_tag-marzipannote","12":"product_tag-rotwein","13":"product_tag-st-laurent","14":"product_tag-trocken","15":"product_tag-weich","16":"product_tag-wenig-saeure","18":"first","19":"instock","20":"shipping-taxable","21":"purchasable","22":"product-type-simple"},"yoast_head":"<!-- This site is optimized with the Yoast SEO plugin v27.5 - https:\/\/yoast.com\/product\/yoast-seo-wordpress\/ -->\n<title>- NEEF-EMMICH - St.Laurent - Vitzthum Shop<\/title>\n<meta name=\"robots\" content=\"index, follow, max-snippet:-1, max-image-preview:large, max-video-preview:-1\" \/>\n<link rel=\"canonical\" href=\"https:\/\/rieser-tropfen.de\/shop\/produkt\/neef-emmich-st-laurent\/\" \/>\n<meta property=\"og:locale\" content=\"de_DE\" \/>\n<meta property=\"og:type\" content=\"article\" \/>\n<meta property=\"og:title\" content=\"- NEEF-EMMICH - St.Laurent - Vitzthum Shop\" \/>\n<meta property=\"og:description\" content=\"Zart-duftiges Bukett von Waldbeeren \u2013 insbesondere Erdbeere \u2013\u00a0und Marzipan, weiterhin Vanille, zart S\u00fc\u00dfkirsche, etwas Veilchen\u00a0und ganz leicht Herbstlaub. Saftig und animierend nach roten Beeren und Kirschen am Gaumen, fein und mit zartem Gerbstoff ausgestattet. Das Spiel von\u00a0S\u00fc\u00dfe und S\u00e4ure ist perfekt ausbalanciert, der Wein wirkt leicht und\u00a0beschwingt, dazu kommt eine feinherbe Mandelnote im Nachhall.  &nbsp;  &nbsp;\" \/>\n<meta property=\"og:url\" content=\"https:\/\/rieser-tropfen.de\/shop\/produkt\/neef-emmich-st-laurent\/\" \/>\n<meta property=\"og:site_name\" content=\"Vitzthum Shop\" \/>\n<meta property=\"article:publisher\" content=\"https:\/\/www.facebook.com\/vitzthum.destillerie\/?locale=de_DE\" \/>\n<meta property=\"article:modified_time\" content=\"2023-03-08T14:58:00+00:00\" \/>\n<meta property=\"og:image\" content=\"https:\/\/rieser-tropfen.de\/shop\/wp-content\/uploads\/2018\/01\/NE-St.Laurent-shop5-1.png\" \/>\n\t<meta property=\"og:image:width\" content=\"500\" \/>\n\t<meta property=\"og:image:height\" content=\"600\" \/>\n\t<meta property=\"og:image:type\" content=\"image\/png\" \/>\n<meta name=\"twitter:card\" content=\"summary_large_image\" \/>\n<meta name=\"twitter:label1\" content=\"Gesch\u00e4tzte Lesezeit\" \/>\n\t<meta name=\"twitter:data1\" content=\"1\u00a0Minute\" \/>\n<script type=\"application\/ld+json\" class=\"yoast-schema-graph\">{\"@context\":\"https:\\\/\\\/schema.org\",\"@graph\":[{\"@type\":\"WebPage\",\"@id\":\"https:\\\/\\\/rieser-tropfen.de\\\/shop\\\/produkt\\\/neef-emmich-st-laurent\\\/\",\"url\":\"https:\\\/\\\/rieser-tropfen.de\\\/shop\\\/produkt\\\/neef-emmich-st-laurent\\\/\",\"name\":\"- NEEF-EMMICH - St.Laurent - Vitzthum Shop\",\"isPartOf\":{\"@id\":\"https:\\\/\\\/rieser-tropfen.de\\\/shop\\\/#website\"},\"primaryImageOfPage\":{\"@id\":\"https:\\\/\\\/rieser-tropfen.de\\\/shop\\\/produkt\\\/neef-emmich-st-laurent\\\/#primaryimage\"},\"image\":{\"@id\":\"https:\\\/\\\/rieser-tropfen.de\\\/shop\\\/produkt\\\/neef-emmich-st-laurent\\\/#primaryimage\"},\"thumbnailUrl\":\"https:\\\/\\\/rieser-tropfen.de\\\/shop\\\/wp-content\\\/uploads\\\/2018\\\/01\\\/NE-St.Laurent-shop5-1.png\",\"datePublished\":\"2018-01-25T10:00:48+00:00\",\"dateModified\":\"2023-03-08T14:58:00+00:00\",\"breadcrumb\":{\"@id\":\"https:\\\/\\\/rieser-tropfen.de\\\/shop\\\/produkt\\\/neef-emmich-st-laurent\\\/#breadcrumb\"},\"inLanguage\":\"de\",\"potentialAction\":[{\"@type\":\"ReadAction\",\"target\":[\"https:\\\/\\\/rieser-tropfen.de\\\/shop\\\/produkt\\\/neef-emmich-st-laurent\\\/\"]}]},{\"@type\":\"ImageObject\",\"inLanguage\":\"de\",\"@id\":\"https:\\\/\\\/rieser-tropfen.de\\\/shop\\\/produkt\\\/neef-emmich-st-laurent\\\/#primaryimage\",\"url\":\"https:\\\/\\\/rieser-tropfen.de\\\/shop\\\/wp-content\\\/uploads\\\/2018\\\/01\\\/NE-St.Laurent-shop5-1.png\",\"contentUrl\":\"https:\\\/\\\/rieser-tropfen.de\\\/shop\\\/wp-content\\\/uploads\\\/2018\\\/01\\\/NE-St.Laurent-shop5-1.png\",\"width\":500,\"height\":600},{\"@type\":\"BreadcrumbList\",\"@id\":\"https:\\\/\\\/rieser-tropfen.de\\\/shop\\\/produkt\\\/neef-emmich-st-laurent\\\/#breadcrumb\",\"itemListElement\":[{\"@type\":\"ListItem\",\"position\":1,\"name\":\"Home\",\"item\":\"https:\\\/\\\/rieser-tropfen.de\\\/shop\\\/\"},{\"@type\":\"ListItem\",\"position\":2,\"name\":\"Shop\",\"item\":\"https:\\\/\\\/rieser-tropfen.de\\\/shop\\\/shop\\\/\"},{\"@type\":\"ListItem\",\"position\":3,\"name\":\"&#8212;&#8212; NEEF-EMMICH &#8212;&#8212; St.Laurent\"}]},{\"@type\":\"WebSite\",\"@id\":\"https:\\\/\\\/rieser-tropfen.de\\\/shop\\\/#website\",\"url\":\"https:\\\/\\\/rieser-tropfen.de\\\/shop\\\/\",\"name\":\"Vitzthum Shop\",\"description\":\"handgemachte Beerengeister, Obstbr\u00e4nde und Kr\u00e4uter- sowie Fruchtlik\u00f6re\",\"publisher\":{\"@id\":\"https:\\\/\\\/rieser-tropfen.de\\\/shop\\\/#organization\"},\"potentialAction\":[{\"@type\":\"SearchAction\",\"target\":{\"@type\":\"EntryPoint\",\"urlTemplate\":\"https:\\\/\\\/rieser-tropfen.de\\\/shop\\\/?s={search_term_string}\"},\"query-input\":{\"@type\":\"PropertyValueSpecification\",\"valueRequired\":true,\"valueName\":\"search_term_string\"}}],\"inLanguage\":\"de\"},{\"@type\":\"Organization\",\"@id\":\"https:\\\/\\\/rieser-tropfen.de\\\/shop\\\/#organization\",\"name\":\"Vitzthum GmbH\",\"url\":\"https:\\\/\\\/rieser-tropfen.de\\\/shop\\\/\",\"logo\":{\"@type\":\"ImageObject\",\"inLanguage\":\"de\",\"@id\":\"https:\\\/\\\/rieser-tropfen.de\\\/shop\\\/#\\\/schema\\\/logo\\\/image\\\/\",\"url\":\"https:\\\/\\\/rieser-tropfen.de\\\/shop\\\/wp-content\\\/uploads\\\/2021\\\/03\\\/Logo-Vitzthum-2021-gold.jpg\",\"contentUrl\":\"https:\\\/\\\/rieser-tropfen.de\\\/shop\\\/wp-content\\\/uploads\\\/2021\\\/03\\\/Logo-Vitzthum-2021-gold.jpg\",\"width\":149,\"height\":69,\"caption\":\"Vitzthum GmbH\"},\"image\":{\"@id\":\"https:\\\/\\\/rieser-tropfen.de\\\/shop\\\/#\\\/schema\\\/logo\\\/image\\\/\"},\"sameAs\":[\"https:\\\/\\\/www.facebook.com\\\/vitzthum.destillerie\\\/?locale=de_DE\"]}]}<\/script>\n<!-- \/ Yoast SEO plugin. -->","yoast_head_json":{"title":"- NEEF-EMMICH - St.Laurent - Vitzthum Shop","robots":{"index":"index","follow":"follow","max-snippet":"max-snippet:-1","max-image-preview":"max-image-preview:large","max-video-preview":"max-video-preview:-1"},"canonical":"https:\/\/rieser-tropfen.de\/shop\/produkt\/neef-emmich-st-laurent\/","og_locale":"de_DE","og_type":"article","og_title":"- NEEF-EMMICH - St.Laurent - Vitzthum Shop","og_description":"Zart-duftiges Bukett von Waldbeeren \u2013 insbesondere Erdbeere \u2013\u00a0und Marzipan, weiterhin Vanille, zart S\u00fc\u00dfkirsche, etwas Veilchen\u00a0und ganz leicht Herbstlaub. Saftig und animierend nach roten Beeren und Kirschen am Gaumen, fein und mit zartem Gerbstoff ausgestattet. Das Spiel von\u00a0S\u00fc\u00dfe und S\u00e4ure ist perfekt ausbalanciert, der Wein wirkt leicht und\u00a0beschwingt, dazu kommt eine feinherbe Mandelnote im Nachhall.  &nbsp;  &nbsp;","og_url":"https:\/\/rieser-tropfen.de\/shop\/produkt\/neef-emmich-st-laurent\/","og_site_name":"Vitzthum Shop","article_publisher":"https:\/\/www.facebook.com\/vitzthum.destillerie\/?locale=de_DE","article_modified_time":"2023-03-08T14:58:00+00:00","og_image":[{"width":500,"height":600,"url":"https:\/\/rieser-tropfen.de\/shop\/wp-content\/uploads\/2018\/01\/NE-St.Laurent-shop5-1.png","type":"image\/png"}],"twitter_card":"summary_large_image","twitter_misc":{"Gesch\u00e4tzte Lesezeit":"1\u00a0Minute"},"schema":{"@context":"https:\/\/schema.org","@graph":[{"@type":"WebPage","@id":"https:\/\/rieser-tropfen.de\/shop\/produkt\/neef-emmich-st-laurent\/","url":"https:\/\/rieser-tropfen.de\/shop\/produkt\/neef-emmich-st-laurent\/","name":"- NEEF-EMMICH - St.Laurent - Vitzthum Shop","isPartOf":{"@id":"https:\/\/rieser-tropfen.de\/shop\/#website"},"primaryImageOfPage":{"@id":"https:\/\/rieser-tropfen.de\/shop\/produkt\/neef-emmich-st-laurent\/#primaryimage"},"image":{"@id":"https:\/\/rieser-tropfen.de\/shop\/produkt\/neef-emmich-st-laurent\/#primaryimage"},"thumbnailUrl":"https:\/\/rieser-tropfen.de\/shop\/wp-content\/uploads\/2018\/01\/NE-St.Laurent-shop5-1.png","datePublished":"2018-01-25T10:00:48+00:00","dateModified":"2023-03-08T14:58:00+00:00","breadcrumb":{"@id":"https:\/\/rieser-tropfen.de\/shop\/produkt\/neef-emmich-st-laurent\/#breadcrumb"},"inLanguage":"de","potentialAction":[{"@type":"ReadAction","target":["https:\/\/rieser-tropfen.de\/shop\/produkt\/neef-emmich-st-laurent\/"]}]},{"@type":"ImageObject","inLanguage":"de","@id":"https:\/\/rieser-tropfen.de\/shop\/produkt\/neef-emmich-st-laurent\/#primaryimage","url":"https:\/\/rieser-tropfen.de\/shop\/wp-content\/uploads\/2018\/01\/NE-St.Laurent-shop5-1.png","contentUrl":"https:\/\/rieser-tropfen.de\/shop\/wp-content\/uploads\/2018\/01\/NE-St.Laurent-shop5-1.png","width":500,"height":600},{"@type":"BreadcrumbList","@id":"https:\/\/rieser-tropfen.de\/shop\/produkt\/neef-emmich-st-laurent\/#breadcrumb","itemListElement":[{"@type":"ListItem","position":1,"name":"Home","item":"https:\/\/rieser-tropfen.de\/shop\/"},{"@type":"ListItem","position":2,"name":"Shop","item":"https:\/\/rieser-tropfen.de\/shop\/shop\/"},{"@type":"ListItem","position":3,"name":"&#8212;&#8212; NEEF-EMMICH &#8212;&#8212; St.Laurent"}]},{"@type":"WebSite","@id":"https:\/\/rieser-tropfen.de\/shop\/#website","url":"https:\/\/rieser-tropfen.de\/shop\/","name":"Vitzthum Shop","description":"handgemachte Beerengeister, Obstbr\u00e4nde und Kr\u00e4uter- sowie Fruchtlik\u00f6re","publisher":{"@id":"https:\/\/rieser-tropfen.de\/shop\/#organization"},"potentialAction":[{"@type":"SearchAction","target":{"@type":"EntryPoint","urlTemplate":"https:\/\/rieser-tropfen.de\/shop\/?s={search_term_string}"},"query-input":{"@type":"PropertyValueSpecification","valueRequired":true,"valueName":"search_term_string"}}],"inLanguage":"de"},{"@type":"Organization","@id":"https:\/\/rieser-tropfen.de\/shop\/#organization","name":"Vitzthum GmbH","url":"https:\/\/rieser-tropfen.de\/shop\/","logo":{"@type":"ImageObject","inLanguage":"de","@id":"https:\/\/rieser-tropfen.de\/shop\/#\/schema\/logo\/image\/","url":"https:\/\/rieser-tropfen.de\/shop\/wp-content\/uploads\/2021\/03\/Logo-Vitzthum-2021-gold.jpg","contentUrl":"https:\/\/rieser-tropfen.de\/shop\/wp-content\/uploads\/2021\/03\/Logo-Vitzthum-2021-gold.jpg","width":149,"height":69,"caption":"Vitzthum GmbH"},"image":{"@id":"https:\/\/rieser-tropfen.de\/shop\/#\/schema\/logo\/image\/"},"sameAs":["https:\/\/www.facebook.com\/vitzthum.destillerie\/?locale=de_DE"]}]}},"_links":{"self":[{"href":"https:\/\/rieser-tropfen.de\/shop\/wp-json\/wp\/v2\/product\/1241","targetHints":{"allow":["GET"]}}],"collection":[{"href":"https:\/\/rieser-tropfen.de\/shop\/wp-json\/wp\/v2\/product"}],"about":[{"href":"https:\/\/rieser-tropfen.de\/shop\/wp-json\/wp\/v2\/types\/product"}],"wp:featuredmedia":[{"embeddable":true,"href":"https:\/\/rieser-tropfen.de\/shop\/wp-json\/wp\/v2\/media\/2376"}],"wp:attachment":[{"href":"https:\/\/rieser-tropfen.de\/shop\/wp-json\/wp\/v2\/media?parent=1241"}],"wp:term":[{"taxonomy":"product_brand","embeddable":true,"href":"https:\/\/rieser-tropfen.de\/shop\/wp-json\/wp\/v2\/product_brand?post=1241"},{"taxonomy":"product_cat","embeddable":true,"href":"https:\/\/rieser-tropfen.de\/shop\/wp-json\/wp\/v2\/product_cat?post=1241"},{"taxonomy":"product_tag","embeddable":true,"href":"https:\/\/rieser-tropfen.de\/shop\/wp-json\/wp\/v2\/product_tag?post=1241"}],"curies":[{"name":"wp","href":"https:\/\/api.w.org\/{rel}","templated":true}]}}