{"id":1251,"date":"2018-01-25T15:57:54","date_gmt":"2018-01-25T14:57:54","guid":{"rendered":"http:\/\/rieser-tropfen.de\/shop\/?post_type=product&#038;p=1251"},"modified":"2023-03-08T15:55:47","modified_gmt":"2023-03-08T14:55:47","slug":"neef-emmich-siegerrebe-beerenauslese","status":"publish","type":"product","link":"https:\/\/rieser-tropfen.de\/shop\/produkt\/neef-emmich-siegerrebe-beerenauslese\/","title":{"rendered":"NEEF-EMMICH &#8211; Siegerrebe Beerenauslese"},"content":{"rendered":"<p>Cremig-w\u00fcrzige Noten mit viel Exotik zum Auftakt: Ananas, gelber Pfirsich, etwas Nektarine, Papaya, Orange dazu kommen Honig und ein Hauch von Kokos. Alles sehr intensiv, nachhaltig und aromatisch.\u00a0Cremig-s\u00fc\u00df am Gaumen mit intensiver Frucht und einer herrlichen Frische ausgestattet. Opulent und dicht, gepackt mit exotischer Frucht, ungemein saftig und mit einer elegant verwobenen S\u00e4ure. Lang und ausgewogen mit kraftvoll w\u00fcrzigem Nachgeschmack. Toller S\u00fc\u00dfwein!<\/p>\n<div class=\"title-subtitle-box \">\n<p><span style=\"color: #de901b;\">S\u00dcNDIG &#8211; FRUCHTIG &#8211; VOLLMUNDIG!<\/span><\/p>\n<div class=\"title-subtitle-box \">\n<div class=\"title-subtitle-box \">\n<h1>Siegerrebe &#8211; der Name ist Programm<\/h1>\n<\/div>\n<div class=\"wpb_text_column wpb_content_element vc_custom_1490881768870\">\n<div class=\"wpb_wrapper\">\n<p>Die Siegerrebe ist eine Wei\u00dfweinsorte, deren Beeren leicht r\u00f6tlich sind. Sie ist eine Neuz\u00fcchtung, die aus einer Kreuzung zwischen Madeleine Angevine und Gew\u00fcrztraminer aus dem Jahr 1929 entstand.<\/p>\n<\/div>\n<\/div>\n<\/div>\n<\/div>\n","protected":false},"excerpt":{"rendered":"<p>Reife exotische Fruchtaromen schmeicheln der Nase. Ankl\u00e4nge von Papaya, Mango und Passionsfrucht pr\u00e4gen das Aromenspiel. Am Gaumen steht die opulente S\u00fc\u00dfe in wunderbarer Balance mit der feinen S\u00e4ure. Ein fast g\u00f6ttlicher Genuss&#8230;<\/p>\n","protected":false},"featured_media":2368,"template":"","meta":[],"product_brand":[],"product_cat":[163,60,161],"product_tag":[222,220,96,949,223,122,193,224],"class_list":{"0":"post-1251","1":"product","2":"type-product","3":"status-publish","4":"has-post-thumbnail","6":"product_cat-deutschland-weissweine","7":"product_cat-weine","8":"product_cat-weissweine","9":"product_tag-beerenauslese","10":"product_tag-dessertwein","11":"product_tag-fruchtig","12":"product_tag-siegerrebe","13":"product_tag-suess","14":"product_tag-weich","15":"product_tag-weisswein","16":"product_tag-wuchtige-frucht","18":"first","19":"instock","20":"shipping-taxable","21":"purchasable","22":"product-type-simple"},"yoast_head":"<!-- This site is optimized with the Yoast SEO plugin v27.5 - https:\/\/yoast.com\/product\/yoast-seo-wordpress\/ -->\n<title>NEEF-EMMICH - Siegerrebe Beerenauslese - Vitzthum Shop<\/title>\n<meta name=\"robots\" content=\"index, follow, max-snippet:-1, max-image-preview:large, max-video-preview:-1\" \/>\n<link rel=\"canonical\" href=\"https:\/\/rieser-tropfen.de\/shop\/produkt\/neef-emmich-siegerrebe-beerenauslese\/\" \/>\n<meta property=\"og:locale\" content=\"de_DE\" \/>\n<meta property=\"og:type\" content=\"article\" \/>\n<meta property=\"og:title\" content=\"NEEF-EMMICH - Siegerrebe Beerenauslese - Vitzthum Shop\" \/>\n<meta property=\"og:description\" content=\"Reife exotische Fruchtaromen schmeicheln der Nase. Ankl\u00e4nge von Papaya, Mango und Passionsfrucht pr\u00e4gen das Aromenspiel. Am Gaumen steht die opulente S\u00fc\u00dfe in wunderbarer Balance mit der feinen S\u00e4ure. Ein fast g\u00f6ttlicher Genuss...\" \/>\n<meta property=\"og:url\" content=\"https:\/\/rieser-tropfen.de\/shop\/produkt\/neef-emmich-siegerrebe-beerenauslese\/\" \/>\n<meta property=\"og:site_name\" content=\"Vitzthum Shop\" \/>\n<meta property=\"article:publisher\" content=\"https:\/\/www.facebook.com\/vitzthum.destillerie\/?locale=de_DE\" \/>\n<meta property=\"article:modified_time\" content=\"2023-03-08T14:55:47+00:00\" \/>\n<meta property=\"og:image\" content=\"https:\/\/rieser-tropfen.de\/shop\/wp-content\/uploads\/2018\/01\/Siegerrebe-Beerenauslese_Rheinhessen-scaled-1.jpg\" \/>\n\t<meta property=\"og:image:width\" content=\"1709\" \/>\n\t<meta property=\"og:image:height\" content=\"2560\" \/>\n\t<meta property=\"og:image:type\" content=\"image\/jpeg\" \/>\n<meta name=\"twitter:card\" content=\"summary_large_image\" \/>\n<meta name=\"twitter:label1\" content=\"Gesch\u00e4tzte Lesezeit\" \/>\n\t<meta name=\"twitter:data1\" content=\"1\u00a0Minute\" \/>\n<script type=\"application\/ld+json\" class=\"yoast-schema-graph\">{\"@context\":\"https:\\\/\\\/schema.org\",\"@graph\":[{\"@type\":\"WebPage\",\"@id\":\"https:\\\/\\\/rieser-tropfen.de\\\/shop\\\/produkt\\\/neef-emmich-siegerrebe-beerenauslese\\\/\",\"url\":\"https:\\\/\\\/rieser-tropfen.de\\\/shop\\\/produkt\\\/neef-emmich-siegerrebe-beerenauslese\\\/\",\"name\":\"NEEF-EMMICH - Siegerrebe Beerenauslese - Vitzthum Shop\",\"isPartOf\":{\"@id\":\"https:\\\/\\\/rieser-tropfen.de\\\/shop\\\/#website\"},\"primaryImageOfPage\":{\"@id\":\"https:\\\/\\\/rieser-tropfen.de\\\/shop\\\/produkt\\\/neef-emmich-siegerrebe-beerenauslese\\\/#primaryimage\"},\"image\":{\"@id\":\"https:\\\/\\\/rieser-tropfen.de\\\/shop\\\/produkt\\\/neef-emmich-siegerrebe-beerenauslese\\\/#primaryimage\"},\"thumbnailUrl\":\"https:\\\/\\\/rieser-tropfen.de\\\/shop\\\/wp-content\\\/uploads\\\/2018\\\/01\\\/Siegerrebe-Beerenauslese_Rheinhessen-scaled-1.jpg\",\"datePublished\":\"2018-01-25T14:57:54+00:00\",\"dateModified\":\"2023-03-08T14:55:47+00:00\",\"breadcrumb\":{\"@id\":\"https:\\\/\\\/rieser-tropfen.de\\\/shop\\\/produkt\\\/neef-emmich-siegerrebe-beerenauslese\\\/#breadcrumb\"},\"inLanguage\":\"de\",\"potentialAction\":[{\"@type\":\"ReadAction\",\"target\":[\"https:\\\/\\\/rieser-tropfen.de\\\/shop\\\/produkt\\\/neef-emmich-siegerrebe-beerenauslese\\\/\"]}]},{\"@type\":\"ImageObject\",\"inLanguage\":\"de\",\"@id\":\"https:\\\/\\\/rieser-tropfen.de\\\/shop\\\/produkt\\\/neef-emmich-siegerrebe-beerenauslese\\\/#primaryimage\",\"url\":\"https:\\\/\\\/rieser-tropfen.de\\\/shop\\\/wp-content\\\/uploads\\\/2018\\\/01\\\/Siegerrebe-Beerenauslese_Rheinhessen-scaled-1.jpg\",\"contentUrl\":\"https:\\\/\\\/rieser-tropfen.de\\\/shop\\\/wp-content\\\/uploads\\\/2018\\\/01\\\/Siegerrebe-Beerenauslese_Rheinhessen-scaled-1.jpg\",\"width\":1709,\"height\":2560},{\"@type\":\"BreadcrumbList\",\"@id\":\"https:\\\/\\\/rieser-tropfen.de\\\/shop\\\/produkt\\\/neef-emmich-siegerrebe-beerenauslese\\\/#breadcrumb\",\"itemListElement\":[{\"@type\":\"ListItem\",\"position\":1,\"name\":\"Home\",\"item\":\"https:\\\/\\\/rieser-tropfen.de\\\/shop\\\/\"},{\"@type\":\"ListItem\",\"position\":2,\"name\":\"Shop\",\"item\":\"https:\\\/\\\/rieser-tropfen.de\\\/shop\\\/shop\\\/\"},{\"@type\":\"ListItem\",\"position\":3,\"name\":\"NEEF-EMMICH &#8211; Siegerrebe Beerenauslese\"}]},{\"@type\":\"WebSite\",\"@id\":\"https:\\\/\\\/rieser-tropfen.de\\\/shop\\\/#website\",\"url\":\"https:\\\/\\\/rieser-tropfen.de\\\/shop\\\/\",\"name\":\"Vitzthum Shop\",\"description\":\"handgemachte Beerengeister, Obstbr\u00e4nde und Kr\u00e4uter- sowie Fruchtlik\u00f6re\",\"publisher\":{\"@id\":\"https:\\\/\\\/rieser-tropfen.de\\\/shop\\\/#organization\"},\"potentialAction\":[{\"@type\":\"SearchAction\",\"target\":{\"@type\":\"EntryPoint\",\"urlTemplate\":\"https:\\\/\\\/rieser-tropfen.de\\\/shop\\\/?s={search_term_string}\"},\"query-input\":{\"@type\":\"PropertyValueSpecification\",\"valueRequired\":true,\"valueName\":\"search_term_string\"}}],\"inLanguage\":\"de\"},{\"@type\":\"Organization\",\"@id\":\"https:\\\/\\\/rieser-tropfen.de\\\/shop\\\/#organization\",\"name\":\"Vitzthum GmbH\",\"url\":\"https:\\\/\\\/rieser-tropfen.de\\\/shop\\\/\",\"logo\":{\"@type\":\"ImageObject\",\"inLanguage\":\"de\",\"@id\":\"https:\\\/\\\/rieser-tropfen.de\\\/shop\\\/#\\\/schema\\\/logo\\\/image\\\/\",\"url\":\"https:\\\/\\\/rieser-tropfen.de\\\/shop\\\/wp-content\\\/uploads\\\/2021\\\/03\\\/Logo-Vitzthum-2021-gold.jpg\",\"contentUrl\":\"https:\\\/\\\/rieser-tropfen.de\\\/shop\\\/wp-content\\\/uploads\\\/2021\\\/03\\\/Logo-Vitzthum-2021-gold.jpg\",\"width\":149,\"height\":69,\"caption\":\"Vitzthum GmbH\"},\"image\":{\"@id\":\"https:\\\/\\\/rieser-tropfen.de\\\/shop\\\/#\\\/schema\\\/logo\\\/image\\\/\"},\"sameAs\":[\"https:\\\/\\\/www.facebook.com\\\/vitzthum.destillerie\\\/?locale=de_DE\"]}]}<\/script>\n<!-- \/ Yoast SEO plugin. -->","yoast_head_json":{"title":"NEEF-EMMICH - Siegerrebe Beerenauslese - Vitzthum Shop","robots":{"index":"index","follow":"follow","max-snippet":"max-snippet:-1","max-image-preview":"max-image-preview:large","max-video-preview":"max-video-preview:-1"},"canonical":"https:\/\/rieser-tropfen.de\/shop\/produkt\/neef-emmich-siegerrebe-beerenauslese\/","og_locale":"de_DE","og_type":"article","og_title":"NEEF-EMMICH - Siegerrebe Beerenauslese - Vitzthum Shop","og_description":"Reife exotische Fruchtaromen schmeicheln der Nase. Ankl\u00e4nge von Papaya, Mango und Passionsfrucht pr\u00e4gen das Aromenspiel. Am Gaumen steht die opulente S\u00fc\u00dfe in wunderbarer Balance mit der feinen S\u00e4ure. Ein fast g\u00f6ttlicher Genuss...","og_url":"https:\/\/rieser-tropfen.de\/shop\/produkt\/neef-emmich-siegerrebe-beerenauslese\/","og_site_name":"Vitzthum Shop","article_publisher":"https:\/\/www.facebook.com\/vitzthum.destillerie\/?locale=de_DE","article_modified_time":"2023-03-08T14:55:47+00:00","og_image":[{"width":1709,"height":2560,"url":"https:\/\/rieser-tropfen.de\/shop\/wp-content\/uploads\/2018\/01\/Siegerrebe-Beerenauslese_Rheinhessen-scaled-1.jpg","type":"image\/jpeg"}],"twitter_card":"summary_large_image","twitter_misc":{"Gesch\u00e4tzte Lesezeit":"1\u00a0Minute"},"schema":{"@context":"https:\/\/schema.org","@graph":[{"@type":"WebPage","@id":"https:\/\/rieser-tropfen.de\/shop\/produkt\/neef-emmich-siegerrebe-beerenauslese\/","url":"https:\/\/rieser-tropfen.de\/shop\/produkt\/neef-emmich-siegerrebe-beerenauslese\/","name":"NEEF-EMMICH - Siegerrebe Beerenauslese - Vitzthum Shop","isPartOf":{"@id":"https:\/\/rieser-tropfen.de\/shop\/#website"},"primaryImageOfPage":{"@id":"https:\/\/rieser-tropfen.de\/shop\/produkt\/neef-emmich-siegerrebe-beerenauslese\/#primaryimage"},"image":{"@id":"https:\/\/rieser-tropfen.de\/shop\/produkt\/neef-emmich-siegerrebe-beerenauslese\/#primaryimage"},"thumbnailUrl":"https:\/\/rieser-tropfen.de\/shop\/wp-content\/uploads\/2018\/01\/Siegerrebe-Beerenauslese_Rheinhessen-scaled-1.jpg","datePublished":"2018-01-25T14:57:54+00:00","dateModified":"2023-03-08T14:55:47+00:00","breadcrumb":{"@id":"https:\/\/rieser-tropfen.de\/shop\/produkt\/neef-emmich-siegerrebe-beerenauslese\/#breadcrumb"},"inLanguage":"de","potentialAction":[{"@type":"ReadAction","target":["https:\/\/rieser-tropfen.de\/shop\/produkt\/neef-emmich-siegerrebe-beerenauslese\/"]}]},{"@type":"ImageObject","inLanguage":"de","@id":"https:\/\/rieser-tropfen.de\/shop\/produkt\/neef-emmich-siegerrebe-beerenauslese\/#primaryimage","url":"https:\/\/rieser-tropfen.de\/shop\/wp-content\/uploads\/2018\/01\/Siegerrebe-Beerenauslese_Rheinhessen-scaled-1.jpg","contentUrl":"https:\/\/rieser-tropfen.de\/shop\/wp-content\/uploads\/2018\/01\/Siegerrebe-Beerenauslese_Rheinhessen-scaled-1.jpg","width":1709,"height":2560},{"@type":"BreadcrumbList","@id":"https:\/\/rieser-tropfen.de\/shop\/produkt\/neef-emmich-siegerrebe-beerenauslese\/#breadcrumb","itemListElement":[{"@type":"ListItem","position":1,"name":"Home","item":"https:\/\/rieser-tropfen.de\/shop\/"},{"@type":"ListItem","position":2,"name":"Shop","item":"https:\/\/rieser-tropfen.de\/shop\/shop\/"},{"@type":"ListItem","position":3,"name":"NEEF-EMMICH &#8211; Siegerrebe Beerenauslese"}]},{"@type":"WebSite","@id":"https:\/\/rieser-tropfen.de\/shop\/#website","url":"https:\/\/rieser-tropfen.de\/shop\/","name":"Vitzthum Shop","description":"handgemachte Beerengeister, Obstbr\u00e4nde und Kr\u00e4uter- sowie Fruchtlik\u00f6re","publisher":{"@id":"https:\/\/rieser-tropfen.de\/shop\/#organization"},"potentialAction":[{"@type":"SearchAction","target":{"@type":"EntryPoint","urlTemplate":"https:\/\/rieser-tropfen.de\/shop\/?s={search_term_string}"},"query-input":{"@type":"PropertyValueSpecification","valueRequired":true,"valueName":"search_term_string"}}],"inLanguage":"de"},{"@type":"Organization","@id":"https:\/\/rieser-tropfen.de\/shop\/#organization","name":"Vitzthum GmbH","url":"https:\/\/rieser-tropfen.de\/shop\/","logo":{"@type":"ImageObject","inLanguage":"de","@id":"https:\/\/rieser-tropfen.de\/shop\/#\/schema\/logo\/image\/","url":"https:\/\/rieser-tropfen.de\/shop\/wp-content\/uploads\/2021\/03\/Logo-Vitzthum-2021-gold.jpg","contentUrl":"https:\/\/rieser-tropfen.de\/shop\/wp-content\/uploads\/2021\/03\/Logo-Vitzthum-2021-gold.jpg","width":149,"height":69,"caption":"Vitzthum GmbH"},"image":{"@id":"https:\/\/rieser-tropfen.de\/shop\/#\/schema\/logo\/image\/"},"sameAs":["https:\/\/www.facebook.com\/vitzthum.destillerie\/?locale=de_DE"]}]}},"_links":{"self":[{"href":"https:\/\/rieser-tropfen.de\/shop\/wp-json\/wp\/v2\/product\/1251","targetHints":{"allow":["GET"]}}],"collection":[{"href":"https:\/\/rieser-tropfen.de\/shop\/wp-json\/wp\/v2\/product"}],"about":[{"href":"https:\/\/rieser-tropfen.de\/shop\/wp-json\/wp\/v2\/types\/product"}],"wp:featuredmedia":[{"embeddable":true,"href":"https:\/\/rieser-tropfen.de\/shop\/wp-json\/wp\/v2\/media\/2368"}],"wp:attachment":[{"href":"https:\/\/rieser-tropfen.de\/shop\/wp-json\/wp\/v2\/media?parent=1251"}],"wp:term":[{"taxonomy":"product_brand","embeddable":true,"href":"https:\/\/rieser-tropfen.de\/shop\/wp-json\/wp\/v2\/product_brand?post=1251"},{"taxonomy":"product_cat","embeddable":true,"href":"https:\/\/rieser-tropfen.de\/shop\/wp-json\/wp\/v2\/product_cat?post=1251"},{"taxonomy":"product_tag","embeddable":true,"href":"https:\/\/rieser-tropfen.de\/shop\/wp-json\/wp\/v2\/product_tag?post=1251"}],"curies":[{"name":"wp","href":"https:\/\/api.w.org\/{rel}","templated":true}]}}