{"id":1277,"date":"2018-01-29T14:21:03","date_gmt":"2018-01-29T13:21:03","guid":{"rendered":"http:\/\/rieser-tropfen.de\/shop\/?post_type=product&#038;p=1277"},"modified":"2022-11-08T17:10:03","modified_gmt":"2022-11-08T16:10:03","slug":"metzger-filet-noir","status":"publish","type":"product","link":"https:\/\/rieser-tropfen.de\/shop\/produkt\/metzger-filet-noir\/","title":{"rendered":"&#8212;&#8212; METZGER Uli &#8212;&#8212;&#8211; Filet noir"},"content":{"rendered":"<p>Der perfekte Begleiter f\u00fcr warme Sommerabende\u00a0am Grill mit w\u00fcrzigen Lammkotelettes oder\u00a0marinierten Rindersteaks und Grillgem\u00fcse.<\/p>\n<div class=\"title-subtitle-box \">\n<p><span style=\"color: #de901b;\">KATEGORIE\u00a0 &#8230;<\/span><\/p>\n<div class=\"title-subtitle-box \">\n<div class=\"title-subtitle-box \">\n<div class=\"title-subtitle-box \">\n<div class=\"title-subtitle-box \">\n<div class=\"title-subtitle-box \">\n<div class=\"title-subtitle-box \">\n<div class=\"title-subtitle-box \">\n<h1>A = Filetst\u00fcck<\/h1>\n<\/div>\n<div class=\"wpb_text_column wpb_content_element vc_custom_1501771701403\">\n<div class=\"wpb_wrapper\">\n<p>Sind unsere Spitzengew\u00e4chse und stammen aus den besten Lagen mit den \u00e4ltesten Reben. Durch die selektive Handlese erhalten wir nur geringe Ertr\u00e4ge.<\/p>\n<\/div>\n<\/div>\n<\/div>\n<\/div>\n<\/div>\n<\/div>\n<\/div>\n<\/div>\n<\/div>\n<p><span style=\"color: #de901b; font-size: 14.4px;\">KOMMEN SIE ZU UNS &#8230;<\/span><\/p>\n<div class=\"title-subtitle-box \">\n<div class=\"title-subtitle-box \">\n<div class=\"title-subtitle-box \">\n<div class=\"title-subtitle-box \">\n<div class=\"title-subtitle-box \">\n<div class=\"title-subtitle-box \">\n<div class=\"title-subtitle-box \">\n<div class=\"title-subtitle-box \">\n<h1>Gut gebettet!<\/h1>\n<\/div>\n<div class=\"wpb_text_column wpb_content_element \">\n<div class=\"wpb_wrapper\">\n<div class=\"text-box-wrap\">\n<div class=\"text-box text-box-left minimize active on\">\n<div class=\"text-box-inner\">\n<p>Gerne k\u00f6nnen Sie auch bei uns \u00fcbernachten und Asselheim zum Ausgangspunkt f\u00fcr Ihre Pfalz-Entdeckungen machen. Oder aber sanft in die Kissen sacken, wenn die n\u00f6tigen Bettschwere nach einem ausgiebigen Essen und der einen oder anderen Flasche Wein dies erfordert.<\/p>\n<\/div>\n<\/div>\n<\/div>\n<\/div>\n<\/div>\n<\/div>\n<\/div>\n<\/div>\n<\/div>\n<\/div>\n<\/div>\n<\/div>\n<p>&nbsp;<\/p>\n","protected":false},"excerpt":{"rendered":"<p>Eine Cuv\u00e9e nach franz\u00f6sischem\u00a0Vorbild, aber ganz auf pf\u00e4lzer Art! Die tiefdunkle, schon fast schwarze\u00a0Farbe f\u00e4llt direkt ins Auge um dann\u00a0geschmacklich im Mund fortgef\u00fchrt zu\u00a0werden: Dunkle Beeren, Sauerkirsche,\u00a0Schokolade, etwas Tabak und Leder.<\/p>\n","protected":false},"featured_media":2399,"template":"","meta":[],"product_brand":[],"product_cat":[162,160,60],"product_tag":[183,234,96,235,119,178,236,188,122],"class_list":{"0":"post-1277","1":"product","2":"type-product","3":"status-publish","4":"has-post-thumbnail","6":"product_cat-deutschland","7":"product_cat-rotweine","8":"product_cat-weine","9":"product_tag-beerig","10":"product_tag-cuvee","11":"product_tag-fruchtig","12":"product_tag-intensiv","13":"product_tag-intensiv-fruchtig","14":"product_tag-rotwein","15":"product_tag-schokolade","16":"product_tag-trocken","17":"product_tag-weich","19":"first","20":"instock","21":"shipping-taxable","22":"purchasable","23":"product-type-simple"},"yoast_head":"<!-- This site is optimized with the Yoast SEO plugin v27.5 - https:\/\/yoast.com\/product\/yoast-seo-wordpress\/ -->\n<title>- METZGER Uli - Filet noir - Vitzthum Shop<\/title>\n<meta name=\"robots\" content=\"index, follow, max-snippet:-1, max-image-preview:large, max-video-preview:-1\" \/>\n<link rel=\"canonical\" href=\"https:\/\/rieser-tropfen.de\/shop\/produkt\/metzger-filet-noir\/\" \/>\n<meta property=\"og:locale\" content=\"de_DE\" \/>\n<meta property=\"og:type\" content=\"article\" \/>\n<meta property=\"og:title\" content=\"- METZGER Uli - Filet noir - Vitzthum Shop\" \/>\n<meta property=\"og:description\" content=\"Eine Cuv\u00e9e nach franz\u00f6sischem\u00a0Vorbild, aber ganz auf pf\u00e4lzer Art! Die tiefdunkle, schon fast schwarze\u00a0Farbe f\u00e4llt direkt ins Auge um dann\u00a0geschmacklich im Mund fortgef\u00fchrt zu\u00a0werden: Dunkle Beeren, Sauerkirsche,\u00a0Schokolade, etwas Tabak und Leder.\" \/>\n<meta property=\"og:url\" content=\"https:\/\/rieser-tropfen.de\/shop\/produkt\/metzger-filet-noir\/\" \/>\n<meta property=\"og:site_name\" content=\"Vitzthum Shop\" \/>\n<meta property=\"article:publisher\" content=\"https:\/\/www.facebook.com\/vitzthum.destillerie\/?locale=de_DE\" \/>\n<meta property=\"article:modified_time\" content=\"2022-11-08T16:10:03+00:00\" \/>\n<meta property=\"og:image\" content=\"https:\/\/rieser-tropfen.de\/shop\/wp-content\/uploads\/2018\/01\/Metzger-Filet-noir-500x600-1.jpg\" \/>\n\t<meta property=\"og:image:width\" content=\"500\" \/>\n\t<meta property=\"og:image:height\" content=\"600\" \/>\n\t<meta property=\"og:image:type\" content=\"image\/jpeg\" \/>\n<meta name=\"twitter:card\" content=\"summary_large_image\" \/>\n<script type=\"application\/ld+json\" class=\"yoast-schema-graph\">{\"@context\":\"https:\\\/\\\/schema.org\",\"@graph\":[{\"@type\":\"WebPage\",\"@id\":\"https:\\\/\\\/rieser-tropfen.de\\\/shop\\\/produkt\\\/metzger-filet-noir\\\/\",\"url\":\"https:\\\/\\\/rieser-tropfen.de\\\/shop\\\/produkt\\\/metzger-filet-noir\\\/\",\"name\":\"- METZGER Uli - Filet noir - Vitzthum Shop\",\"isPartOf\":{\"@id\":\"https:\\\/\\\/rieser-tropfen.de\\\/shop\\\/#website\"},\"primaryImageOfPage\":{\"@id\":\"https:\\\/\\\/rieser-tropfen.de\\\/shop\\\/produkt\\\/metzger-filet-noir\\\/#primaryimage\"},\"image\":{\"@id\":\"https:\\\/\\\/rieser-tropfen.de\\\/shop\\\/produkt\\\/metzger-filet-noir\\\/#primaryimage\"},\"thumbnailUrl\":\"https:\\\/\\\/rieser-tropfen.de\\\/shop\\\/wp-content\\\/uploads\\\/2018\\\/01\\\/Metzger-Filet-noir-500x600-1.jpg\",\"datePublished\":\"2018-01-29T13:21:03+00:00\",\"dateModified\":\"2022-11-08T16:10:03+00:00\",\"breadcrumb\":{\"@id\":\"https:\\\/\\\/rieser-tropfen.de\\\/shop\\\/produkt\\\/metzger-filet-noir\\\/#breadcrumb\"},\"inLanguage\":\"de\",\"potentialAction\":[{\"@type\":\"ReadAction\",\"target\":[\"https:\\\/\\\/rieser-tropfen.de\\\/shop\\\/produkt\\\/metzger-filet-noir\\\/\"]}]},{\"@type\":\"ImageObject\",\"inLanguage\":\"de\",\"@id\":\"https:\\\/\\\/rieser-tropfen.de\\\/shop\\\/produkt\\\/metzger-filet-noir\\\/#primaryimage\",\"url\":\"https:\\\/\\\/rieser-tropfen.de\\\/shop\\\/wp-content\\\/uploads\\\/2018\\\/01\\\/Metzger-Filet-noir-500x600-1.jpg\",\"contentUrl\":\"https:\\\/\\\/rieser-tropfen.de\\\/shop\\\/wp-content\\\/uploads\\\/2018\\\/01\\\/Metzger-Filet-noir-500x600-1.jpg\",\"width\":500,\"height\":600},{\"@type\":\"BreadcrumbList\",\"@id\":\"https:\\\/\\\/rieser-tropfen.de\\\/shop\\\/produkt\\\/metzger-filet-noir\\\/#breadcrumb\",\"itemListElement\":[{\"@type\":\"ListItem\",\"position\":1,\"name\":\"Home\",\"item\":\"https:\\\/\\\/rieser-tropfen.de\\\/shop\\\/\"},{\"@type\":\"ListItem\",\"position\":2,\"name\":\"Shop\",\"item\":\"https:\\\/\\\/rieser-tropfen.de\\\/shop\\\/shop\\\/\"},{\"@type\":\"ListItem\",\"position\":3,\"name\":\"&#8212;&#8212; METZGER Uli &#8212;&#8212;&#8211; Filet noir\"}]},{\"@type\":\"WebSite\",\"@id\":\"https:\\\/\\\/rieser-tropfen.de\\\/shop\\\/#website\",\"url\":\"https:\\\/\\\/rieser-tropfen.de\\\/shop\\\/\",\"name\":\"Vitzthum Shop\",\"description\":\"handgemachte Beerengeister, Obstbr\u00e4nde und Kr\u00e4uter- sowie Fruchtlik\u00f6re\",\"publisher\":{\"@id\":\"https:\\\/\\\/rieser-tropfen.de\\\/shop\\\/#organization\"},\"potentialAction\":[{\"@type\":\"SearchAction\",\"target\":{\"@type\":\"EntryPoint\",\"urlTemplate\":\"https:\\\/\\\/rieser-tropfen.de\\\/shop\\\/?s={search_term_string}\"},\"query-input\":{\"@type\":\"PropertyValueSpecification\",\"valueRequired\":true,\"valueName\":\"search_term_string\"}}],\"inLanguage\":\"de\"},{\"@type\":\"Organization\",\"@id\":\"https:\\\/\\\/rieser-tropfen.de\\\/shop\\\/#organization\",\"name\":\"Vitzthum GmbH\",\"url\":\"https:\\\/\\\/rieser-tropfen.de\\\/shop\\\/\",\"logo\":{\"@type\":\"ImageObject\",\"inLanguage\":\"de\",\"@id\":\"https:\\\/\\\/rieser-tropfen.de\\\/shop\\\/#\\\/schema\\\/logo\\\/image\\\/\",\"url\":\"https:\\\/\\\/rieser-tropfen.de\\\/shop\\\/wp-content\\\/uploads\\\/2021\\\/03\\\/Logo-Vitzthum-2021-gold.jpg\",\"contentUrl\":\"https:\\\/\\\/rieser-tropfen.de\\\/shop\\\/wp-content\\\/uploads\\\/2021\\\/03\\\/Logo-Vitzthum-2021-gold.jpg\",\"width\":149,\"height\":69,\"caption\":\"Vitzthum GmbH\"},\"image\":{\"@id\":\"https:\\\/\\\/rieser-tropfen.de\\\/shop\\\/#\\\/schema\\\/logo\\\/image\\\/\"},\"sameAs\":[\"https:\\\/\\\/www.facebook.com\\\/vitzthum.destillerie\\\/?locale=de_DE\"]}]}<\/script>\n<!-- \/ Yoast SEO plugin. -->","yoast_head_json":{"title":"- METZGER Uli - Filet noir - Vitzthum Shop","robots":{"index":"index","follow":"follow","max-snippet":"max-snippet:-1","max-image-preview":"max-image-preview:large","max-video-preview":"max-video-preview:-1"},"canonical":"https:\/\/rieser-tropfen.de\/shop\/produkt\/metzger-filet-noir\/","og_locale":"de_DE","og_type":"article","og_title":"- METZGER Uli - Filet noir - Vitzthum Shop","og_description":"Eine Cuv\u00e9e nach franz\u00f6sischem\u00a0Vorbild, aber ganz auf pf\u00e4lzer Art! Die tiefdunkle, schon fast schwarze\u00a0Farbe f\u00e4llt direkt ins Auge um dann\u00a0geschmacklich im Mund fortgef\u00fchrt zu\u00a0werden: Dunkle Beeren, Sauerkirsche,\u00a0Schokolade, etwas Tabak und Leder.","og_url":"https:\/\/rieser-tropfen.de\/shop\/produkt\/metzger-filet-noir\/","og_site_name":"Vitzthum Shop","article_publisher":"https:\/\/www.facebook.com\/vitzthum.destillerie\/?locale=de_DE","article_modified_time":"2022-11-08T16:10:03+00:00","og_image":[{"width":500,"height":600,"url":"https:\/\/rieser-tropfen.de\/shop\/wp-content\/uploads\/2018\/01\/Metzger-Filet-noir-500x600-1.jpg","type":"image\/jpeg"}],"twitter_card":"summary_large_image","schema":{"@context":"https:\/\/schema.org","@graph":[{"@type":"WebPage","@id":"https:\/\/rieser-tropfen.de\/shop\/produkt\/metzger-filet-noir\/","url":"https:\/\/rieser-tropfen.de\/shop\/produkt\/metzger-filet-noir\/","name":"- METZGER Uli - Filet noir - Vitzthum Shop","isPartOf":{"@id":"https:\/\/rieser-tropfen.de\/shop\/#website"},"primaryImageOfPage":{"@id":"https:\/\/rieser-tropfen.de\/shop\/produkt\/metzger-filet-noir\/#primaryimage"},"image":{"@id":"https:\/\/rieser-tropfen.de\/shop\/produkt\/metzger-filet-noir\/#primaryimage"},"thumbnailUrl":"https:\/\/rieser-tropfen.de\/shop\/wp-content\/uploads\/2018\/01\/Metzger-Filet-noir-500x600-1.jpg","datePublished":"2018-01-29T13:21:03+00:00","dateModified":"2022-11-08T16:10:03+00:00","breadcrumb":{"@id":"https:\/\/rieser-tropfen.de\/shop\/produkt\/metzger-filet-noir\/#breadcrumb"},"inLanguage":"de","potentialAction":[{"@type":"ReadAction","target":["https:\/\/rieser-tropfen.de\/shop\/produkt\/metzger-filet-noir\/"]}]},{"@type":"ImageObject","inLanguage":"de","@id":"https:\/\/rieser-tropfen.de\/shop\/produkt\/metzger-filet-noir\/#primaryimage","url":"https:\/\/rieser-tropfen.de\/shop\/wp-content\/uploads\/2018\/01\/Metzger-Filet-noir-500x600-1.jpg","contentUrl":"https:\/\/rieser-tropfen.de\/shop\/wp-content\/uploads\/2018\/01\/Metzger-Filet-noir-500x600-1.jpg","width":500,"height":600},{"@type":"BreadcrumbList","@id":"https:\/\/rieser-tropfen.de\/shop\/produkt\/metzger-filet-noir\/#breadcrumb","itemListElement":[{"@type":"ListItem","position":1,"name":"Home","item":"https:\/\/rieser-tropfen.de\/shop\/"},{"@type":"ListItem","position":2,"name":"Shop","item":"https:\/\/rieser-tropfen.de\/shop\/shop\/"},{"@type":"ListItem","position":3,"name":"&#8212;&#8212; METZGER Uli &#8212;&#8212;&#8211; Filet noir"}]},{"@type":"WebSite","@id":"https:\/\/rieser-tropfen.de\/shop\/#website","url":"https:\/\/rieser-tropfen.de\/shop\/","name":"Vitzthum Shop","description":"handgemachte Beerengeister, Obstbr\u00e4nde und Kr\u00e4uter- sowie Fruchtlik\u00f6re","publisher":{"@id":"https:\/\/rieser-tropfen.de\/shop\/#organization"},"potentialAction":[{"@type":"SearchAction","target":{"@type":"EntryPoint","urlTemplate":"https:\/\/rieser-tropfen.de\/shop\/?s={search_term_string}"},"query-input":{"@type":"PropertyValueSpecification","valueRequired":true,"valueName":"search_term_string"}}],"inLanguage":"de"},{"@type":"Organization","@id":"https:\/\/rieser-tropfen.de\/shop\/#organization","name":"Vitzthum GmbH","url":"https:\/\/rieser-tropfen.de\/shop\/","logo":{"@type":"ImageObject","inLanguage":"de","@id":"https:\/\/rieser-tropfen.de\/shop\/#\/schema\/logo\/image\/","url":"https:\/\/rieser-tropfen.de\/shop\/wp-content\/uploads\/2021\/03\/Logo-Vitzthum-2021-gold.jpg","contentUrl":"https:\/\/rieser-tropfen.de\/shop\/wp-content\/uploads\/2021\/03\/Logo-Vitzthum-2021-gold.jpg","width":149,"height":69,"caption":"Vitzthum GmbH"},"image":{"@id":"https:\/\/rieser-tropfen.de\/shop\/#\/schema\/logo\/image\/"},"sameAs":["https:\/\/www.facebook.com\/vitzthum.destillerie\/?locale=de_DE"]}]}},"_links":{"self":[{"href":"https:\/\/rieser-tropfen.de\/shop\/wp-json\/wp\/v2\/product\/1277","targetHints":{"allow":["GET"]}}],"collection":[{"href":"https:\/\/rieser-tropfen.de\/shop\/wp-json\/wp\/v2\/product"}],"about":[{"href":"https:\/\/rieser-tropfen.de\/shop\/wp-json\/wp\/v2\/types\/product"}],"wp:featuredmedia":[{"embeddable":true,"href":"https:\/\/rieser-tropfen.de\/shop\/wp-json\/wp\/v2\/media\/2399"}],"wp:attachment":[{"href":"https:\/\/rieser-tropfen.de\/shop\/wp-json\/wp\/v2\/media?parent=1277"}],"wp:term":[{"taxonomy":"product_brand","embeddable":true,"href":"https:\/\/rieser-tropfen.de\/shop\/wp-json\/wp\/v2\/product_brand?post=1277"},{"taxonomy":"product_cat","embeddable":true,"href":"https:\/\/rieser-tropfen.de\/shop\/wp-json\/wp\/v2\/product_cat?post=1277"},{"taxonomy":"product_tag","embeddable":true,"href":"https:\/\/rieser-tropfen.de\/shop\/wp-json\/wp\/v2\/product_tag?post=1277"}],"curies":[{"name":"wp","href":"https:\/\/api.w.org\/{rel}","templated":true}]}}