{"id":1285,"date":"2018-01-29T15:14:31","date_gmt":"2018-01-29T14:14:31","guid":{"rendered":"http:\/\/rieser-tropfen.de\/shop\/?post_type=product&#038;p=1285"},"modified":"2024-01-08T14:55:51","modified_gmt":"2024-01-08T13:55:51","slug":"metzger-uli-blanc-de-noir","status":"publish","type":"product","link":"https:\/\/rieser-tropfen.de\/shop\/produkt\/metzger-uli-blanc-de-noir\/","title":{"rendered":"&#8212;&#8212;&#8211; METZGER Uli &#8212;&#8212;&#8212; Blanc de Noir"},"content":{"rendered":"<p><span style=\"color: #de901b; font-size: 14.4px;\">SEHR SENSIBEL &#8230;<\/span><\/p>\n<div class=\"title-subtitle-box \">\n<div class=\"title-subtitle-box \">\n<h1>Sp\u00e4tburgunder &#8211; nur was f\u00fcr K\u00f6nner!<\/h1>\n<\/div>\n<div class=\"wpb_text_column wpb_content_element vc_custom_1490878636259\">\n<div class=\"wpb_wrapper\">\n<p>Pinot noir, ist eine bedeutende und qualitativ sehr hochwertige Rotweinsorte. Sie hat weltweite Verbreitung und Bedeutung erlangt. Der Wein wird als K\u00f6nig der Rotweine bezeichnet.<\/p>\n<\/div>\n<\/div>\n<\/div>\n<form id=\"product_addtocart_form\" action=\"http:\/\/www.vif.de\/index.php\/checkout\/cart\/add\/uenc\/aHR0cDovL3d3dy52aWYuZGUvaW5kZXgucGhwL3NwYXRidXJndW5kZXItYy0yMDE1LWJyLXRyb2NrZW4tYnItdWxpLW1ldHpnZXItcGZhbHouaHRtbA,,\/product\/1909685\/form_key\/JJTY27YQ9IOmVNwL\/\" method=\"post\">Das edle Kind hat viele Namen: Pinot Noir, Pinot Nero, Blauburgunder oder Schwarzburgunder. Die Wiege dieser geschmackvollen Traube liegt im franz\u00f6sischen Burgund, doch ereits vor hunderten von Jahren \u00a0trat sie ihren Siegeszug auf deutschem Gebiet an und hat seitdem trotz ihrer Sensibilit\u00e4t die Weinliebhaber f\u00fcr sich gewonnen.<\/form>\n<div class=\"title-subtitle-box \">\n<div class=\"title-subtitle-box \">\n<div class=\"title-subtitle-box \">\n<div class=\"title-subtitle-box \">\n<div class=\"title-subtitle-box \">\n<div class=\"title-subtitle-box \">\n<div class=\"title-subtitle-box \">\n<div class=\"title-subtitle-box \">\n<div class=\"title-subtitle-box \"><\/div>\n<\/div>\n<\/div>\n<\/div>\n<\/div>\n<\/div>\n<\/div>\n<\/div>\n<\/div>\n","protected":false},"excerpt":{"rendered":"<p>Dezent rosa schimmert dieser wei\u00dfgekelterte Sp\u00e4tburgunder elegant im Glas. Frische und fruchtige Aromen von Erdbeeren und Spargel entfalten sich in der Nase. Mund und Gaumen erleben leicht herbe Akzente von Melonen, Kirschen und Apfelkompott, im Abgang wird von dezenten Pfeffernoten.<\/p>\n","protected":false},"featured_media":2336,"template":"","meta":[],"product_brand":[],"product_cat":[258,172,60],"product_tag":[183,241,96,238,240,191,187,188,122],"class_list":{"0":"post-1285","1":"product","2":"type-product","3":"status-publish","4":"has-post-thumbnail","6":"product_cat-deutschland-roseweine","7":"product_cat-roseweine","8":"product_cat-weine","9":"product_tag-beerig","10":"product_tag-feinduftig","11":"product_tag-fruchtig","12":"product_tag-pinot","13":"product_tag-rosewein","14":"product_tag-sommerwein","15":"product_tag-spaetburgunder","16":"product_tag-trocken","17":"product_tag-weich","19":"first","20":"instock","21":"shipping-taxable","22":"purchasable","23":"product-type-simple"},"yoast_head":"<!-- This site is optimized with the Yoast SEO plugin v27.5 - https:\/\/yoast.com\/product\/yoast-seo-wordpress\/ -->\n<title>- METZGER Uli - Blanc de Noir - Vitzthum Shop<\/title>\n<meta name=\"robots\" content=\"index, follow, max-snippet:-1, max-image-preview:large, max-video-preview:-1\" \/>\n<link rel=\"canonical\" href=\"https:\/\/rieser-tropfen.de\/shop\/produkt\/metzger-uli-blanc-de-noir\/\" \/>\n<meta property=\"og:locale\" content=\"de_DE\" \/>\n<meta property=\"og:type\" content=\"article\" \/>\n<meta property=\"og:title\" content=\"- METZGER Uli - Blanc de Noir - Vitzthum Shop\" \/>\n<meta property=\"og:description\" content=\"Dezent rosa schimmert dieser wei\u00dfgekelterte Sp\u00e4tburgunder elegant im Glas. Frische und fruchtige Aromen von Erdbeeren und Spargel entfalten sich in der Nase. Mund und Gaumen erleben leicht herbe Akzente von Melonen, Kirschen und Apfelkompott, im Abgang wird von dezenten Pfeffernoten.\" \/>\n<meta property=\"og:url\" content=\"https:\/\/rieser-tropfen.de\/shop\/produkt\/metzger-uli-blanc-de-noir\/\" \/>\n<meta property=\"og:site_name\" content=\"Vitzthum Shop\" \/>\n<meta property=\"article:publisher\" content=\"https:\/\/www.facebook.com\/vitzthum.destillerie\/?locale=de_DE\" \/>\n<meta property=\"article:modified_time\" content=\"2024-01-08T13:55:51+00:00\" \/>\n<meta property=\"og:image\" content=\"https:\/\/rieser-tropfen.de\/shop\/wp-content\/uploads\/2018\/01\/Metzger-B-blanc-de-noir.png\" \/>\n\t<meta property=\"og:image:width\" content=\"1000\" \/>\n\t<meta property=\"og:image:height\" content=\"1000\" \/>\n\t<meta property=\"og:image:type\" content=\"image\/png\" \/>\n<meta name=\"twitter:card\" content=\"summary_large_image\" \/>\n<meta name=\"twitter:label1\" content=\"Gesch\u00e4tzte Lesezeit\" \/>\n\t<meta name=\"twitter:data1\" content=\"1\u00a0Minute\" \/>\n<script type=\"application\/ld+json\" class=\"yoast-schema-graph\">{\"@context\":\"https:\\\/\\\/schema.org\",\"@graph\":[{\"@type\":\"WebPage\",\"@id\":\"https:\\\/\\\/rieser-tropfen.de\\\/shop\\\/produkt\\\/metzger-uli-blanc-de-noir\\\/\",\"url\":\"https:\\\/\\\/rieser-tropfen.de\\\/shop\\\/produkt\\\/metzger-uli-blanc-de-noir\\\/\",\"name\":\"- METZGER Uli - Blanc de Noir - Vitzthum Shop\",\"isPartOf\":{\"@id\":\"https:\\\/\\\/rieser-tropfen.de\\\/shop\\\/#website\"},\"primaryImageOfPage\":{\"@id\":\"https:\\\/\\\/rieser-tropfen.de\\\/shop\\\/produkt\\\/metzger-uli-blanc-de-noir\\\/#primaryimage\"},\"image\":{\"@id\":\"https:\\\/\\\/rieser-tropfen.de\\\/shop\\\/produkt\\\/metzger-uli-blanc-de-noir\\\/#primaryimage\"},\"thumbnailUrl\":\"https:\\\/\\\/rieser-tropfen.de\\\/shop\\\/wp-content\\\/uploads\\\/2018\\\/01\\\/Metzger-B-blanc-de-noir.png\",\"datePublished\":\"2018-01-29T14:14:31+00:00\",\"dateModified\":\"2024-01-08T13:55:51+00:00\",\"breadcrumb\":{\"@id\":\"https:\\\/\\\/rieser-tropfen.de\\\/shop\\\/produkt\\\/metzger-uli-blanc-de-noir\\\/#breadcrumb\"},\"inLanguage\":\"de\",\"potentialAction\":[{\"@type\":\"ReadAction\",\"target\":[\"https:\\\/\\\/rieser-tropfen.de\\\/shop\\\/produkt\\\/metzger-uli-blanc-de-noir\\\/\"]}]},{\"@type\":\"ImageObject\",\"inLanguage\":\"de\",\"@id\":\"https:\\\/\\\/rieser-tropfen.de\\\/shop\\\/produkt\\\/metzger-uli-blanc-de-noir\\\/#primaryimage\",\"url\":\"https:\\\/\\\/rieser-tropfen.de\\\/shop\\\/wp-content\\\/uploads\\\/2018\\\/01\\\/Metzger-B-blanc-de-noir.png\",\"contentUrl\":\"https:\\\/\\\/rieser-tropfen.de\\\/shop\\\/wp-content\\\/uploads\\\/2018\\\/01\\\/Metzger-B-blanc-de-noir.png\",\"width\":1000,\"height\":1000},{\"@type\":\"BreadcrumbList\",\"@id\":\"https:\\\/\\\/rieser-tropfen.de\\\/shop\\\/produkt\\\/metzger-uli-blanc-de-noir\\\/#breadcrumb\",\"itemListElement\":[{\"@type\":\"ListItem\",\"position\":1,\"name\":\"Home\",\"item\":\"https:\\\/\\\/rieser-tropfen.de\\\/shop\\\/\"},{\"@type\":\"ListItem\",\"position\":2,\"name\":\"Shop\",\"item\":\"https:\\\/\\\/rieser-tropfen.de\\\/shop\\\/shop\\\/\"},{\"@type\":\"ListItem\",\"position\":3,\"name\":\"&#8212;&#8212;&#8211; METZGER Uli &#8212;&#8212;&#8212; Blanc de Noir\"}]},{\"@type\":\"WebSite\",\"@id\":\"https:\\\/\\\/rieser-tropfen.de\\\/shop\\\/#website\",\"url\":\"https:\\\/\\\/rieser-tropfen.de\\\/shop\\\/\",\"name\":\"Vitzthum Shop\",\"description\":\"handgemachte Beerengeister, Obstbr\u00e4nde und Kr\u00e4uter- sowie Fruchtlik\u00f6re\",\"publisher\":{\"@id\":\"https:\\\/\\\/rieser-tropfen.de\\\/shop\\\/#organization\"},\"potentialAction\":[{\"@type\":\"SearchAction\",\"target\":{\"@type\":\"EntryPoint\",\"urlTemplate\":\"https:\\\/\\\/rieser-tropfen.de\\\/shop\\\/?s={search_term_string}\"},\"query-input\":{\"@type\":\"PropertyValueSpecification\",\"valueRequired\":true,\"valueName\":\"search_term_string\"}}],\"inLanguage\":\"de\"},{\"@type\":\"Organization\",\"@id\":\"https:\\\/\\\/rieser-tropfen.de\\\/shop\\\/#organization\",\"name\":\"Vitzthum GmbH\",\"url\":\"https:\\\/\\\/rieser-tropfen.de\\\/shop\\\/\",\"logo\":{\"@type\":\"ImageObject\",\"inLanguage\":\"de\",\"@id\":\"https:\\\/\\\/rieser-tropfen.de\\\/shop\\\/#\\\/schema\\\/logo\\\/image\\\/\",\"url\":\"https:\\\/\\\/rieser-tropfen.de\\\/shop\\\/wp-content\\\/uploads\\\/2021\\\/03\\\/Logo-Vitzthum-2021-gold.jpg\",\"contentUrl\":\"https:\\\/\\\/rieser-tropfen.de\\\/shop\\\/wp-content\\\/uploads\\\/2021\\\/03\\\/Logo-Vitzthum-2021-gold.jpg\",\"width\":149,\"height\":69,\"caption\":\"Vitzthum GmbH\"},\"image\":{\"@id\":\"https:\\\/\\\/rieser-tropfen.de\\\/shop\\\/#\\\/schema\\\/logo\\\/image\\\/\"},\"sameAs\":[\"https:\\\/\\\/www.facebook.com\\\/vitzthum.destillerie\\\/?locale=de_DE\"]}]}<\/script>\n<!-- \/ Yoast SEO plugin. -->","yoast_head_json":{"title":"- METZGER Uli - Blanc de Noir - Vitzthum Shop","robots":{"index":"index","follow":"follow","max-snippet":"max-snippet:-1","max-image-preview":"max-image-preview:large","max-video-preview":"max-video-preview:-1"},"canonical":"https:\/\/rieser-tropfen.de\/shop\/produkt\/metzger-uli-blanc-de-noir\/","og_locale":"de_DE","og_type":"article","og_title":"- METZGER Uli - Blanc de Noir - Vitzthum Shop","og_description":"Dezent rosa schimmert dieser wei\u00dfgekelterte Sp\u00e4tburgunder elegant im Glas. Frische und fruchtige Aromen von Erdbeeren und Spargel entfalten sich in der Nase. Mund und Gaumen erleben leicht herbe Akzente von Melonen, Kirschen und Apfelkompott, im Abgang wird von dezenten Pfeffernoten.","og_url":"https:\/\/rieser-tropfen.de\/shop\/produkt\/metzger-uli-blanc-de-noir\/","og_site_name":"Vitzthum Shop","article_publisher":"https:\/\/www.facebook.com\/vitzthum.destillerie\/?locale=de_DE","article_modified_time":"2024-01-08T13:55:51+00:00","og_image":[{"width":1000,"height":1000,"url":"https:\/\/rieser-tropfen.de\/shop\/wp-content\/uploads\/2018\/01\/Metzger-B-blanc-de-noir.png","type":"image\/png"}],"twitter_card":"summary_large_image","twitter_misc":{"Gesch\u00e4tzte Lesezeit":"1\u00a0Minute"},"schema":{"@context":"https:\/\/schema.org","@graph":[{"@type":"WebPage","@id":"https:\/\/rieser-tropfen.de\/shop\/produkt\/metzger-uli-blanc-de-noir\/","url":"https:\/\/rieser-tropfen.de\/shop\/produkt\/metzger-uli-blanc-de-noir\/","name":"- METZGER Uli - Blanc de Noir - Vitzthum Shop","isPartOf":{"@id":"https:\/\/rieser-tropfen.de\/shop\/#website"},"primaryImageOfPage":{"@id":"https:\/\/rieser-tropfen.de\/shop\/produkt\/metzger-uli-blanc-de-noir\/#primaryimage"},"image":{"@id":"https:\/\/rieser-tropfen.de\/shop\/produkt\/metzger-uli-blanc-de-noir\/#primaryimage"},"thumbnailUrl":"https:\/\/rieser-tropfen.de\/shop\/wp-content\/uploads\/2018\/01\/Metzger-B-blanc-de-noir.png","datePublished":"2018-01-29T14:14:31+00:00","dateModified":"2024-01-08T13:55:51+00:00","breadcrumb":{"@id":"https:\/\/rieser-tropfen.de\/shop\/produkt\/metzger-uli-blanc-de-noir\/#breadcrumb"},"inLanguage":"de","potentialAction":[{"@type":"ReadAction","target":["https:\/\/rieser-tropfen.de\/shop\/produkt\/metzger-uli-blanc-de-noir\/"]}]},{"@type":"ImageObject","inLanguage":"de","@id":"https:\/\/rieser-tropfen.de\/shop\/produkt\/metzger-uli-blanc-de-noir\/#primaryimage","url":"https:\/\/rieser-tropfen.de\/shop\/wp-content\/uploads\/2018\/01\/Metzger-B-blanc-de-noir.png","contentUrl":"https:\/\/rieser-tropfen.de\/shop\/wp-content\/uploads\/2018\/01\/Metzger-B-blanc-de-noir.png","width":1000,"height":1000},{"@type":"BreadcrumbList","@id":"https:\/\/rieser-tropfen.de\/shop\/produkt\/metzger-uli-blanc-de-noir\/#breadcrumb","itemListElement":[{"@type":"ListItem","position":1,"name":"Home","item":"https:\/\/rieser-tropfen.de\/shop\/"},{"@type":"ListItem","position":2,"name":"Shop","item":"https:\/\/rieser-tropfen.de\/shop\/shop\/"},{"@type":"ListItem","position":3,"name":"&#8212;&#8212;&#8211; METZGER Uli &#8212;&#8212;&#8212; Blanc de Noir"}]},{"@type":"WebSite","@id":"https:\/\/rieser-tropfen.de\/shop\/#website","url":"https:\/\/rieser-tropfen.de\/shop\/","name":"Vitzthum Shop","description":"handgemachte Beerengeister, Obstbr\u00e4nde und Kr\u00e4uter- sowie Fruchtlik\u00f6re","publisher":{"@id":"https:\/\/rieser-tropfen.de\/shop\/#organization"},"potentialAction":[{"@type":"SearchAction","target":{"@type":"EntryPoint","urlTemplate":"https:\/\/rieser-tropfen.de\/shop\/?s={search_term_string}"},"query-input":{"@type":"PropertyValueSpecification","valueRequired":true,"valueName":"search_term_string"}}],"inLanguage":"de"},{"@type":"Organization","@id":"https:\/\/rieser-tropfen.de\/shop\/#organization","name":"Vitzthum GmbH","url":"https:\/\/rieser-tropfen.de\/shop\/","logo":{"@type":"ImageObject","inLanguage":"de","@id":"https:\/\/rieser-tropfen.de\/shop\/#\/schema\/logo\/image\/","url":"https:\/\/rieser-tropfen.de\/shop\/wp-content\/uploads\/2021\/03\/Logo-Vitzthum-2021-gold.jpg","contentUrl":"https:\/\/rieser-tropfen.de\/shop\/wp-content\/uploads\/2021\/03\/Logo-Vitzthum-2021-gold.jpg","width":149,"height":69,"caption":"Vitzthum GmbH"},"image":{"@id":"https:\/\/rieser-tropfen.de\/shop\/#\/schema\/logo\/image\/"},"sameAs":["https:\/\/www.facebook.com\/vitzthum.destillerie\/?locale=de_DE"]}]}},"_links":{"self":[{"href":"https:\/\/rieser-tropfen.de\/shop\/wp-json\/wp\/v2\/product\/1285","targetHints":{"allow":["GET"]}}],"collection":[{"href":"https:\/\/rieser-tropfen.de\/shop\/wp-json\/wp\/v2\/product"}],"about":[{"href":"https:\/\/rieser-tropfen.de\/shop\/wp-json\/wp\/v2\/types\/product"}],"wp:featuredmedia":[{"embeddable":true,"href":"https:\/\/rieser-tropfen.de\/shop\/wp-json\/wp\/v2\/media\/2336"}],"wp:attachment":[{"href":"https:\/\/rieser-tropfen.de\/shop\/wp-json\/wp\/v2\/media?parent=1285"}],"wp:term":[{"taxonomy":"product_brand","embeddable":true,"href":"https:\/\/rieser-tropfen.de\/shop\/wp-json\/wp\/v2\/product_brand?post=1285"},{"taxonomy":"product_cat","embeddable":true,"href":"https:\/\/rieser-tropfen.de\/shop\/wp-json\/wp\/v2\/product_cat?post=1285"},{"taxonomy":"product_tag","embeddable":true,"href":"https:\/\/rieser-tropfen.de\/shop\/wp-json\/wp\/v2\/product_tag?post=1285"}],"curies":[{"name":"wp","href":"https:\/\/api.w.org\/{rel}","templated":true}]}}