{"id":1309,"date":"2018-02-01T16:39:59","date_gmt":"2018-02-01T15:39:59","guid":{"rendered":"http:\/\/rieser-tropfen.de\/shop\/?post_type=product&#038;p=1309"},"modified":"2022-10-24T12:27:46","modified_gmt":"2022-10-24T10:27:46","slug":"suevia-beerengeist","status":"publish","type":"product","link":"https:\/\/rieser-tropfen.de\/shop\/produkt\/suevia-beerengeist\/","title":{"rendered":"SUEVIA Beerengeist"},"content":{"rendered":"<p>&nbsp;<\/p>\n<div class=\"row\"  id=\"row-556559416\"><\/div>\n\n\t<div id=\"col-376496581\" class=\"col medium-4 small-12 large-4\"  >\n\t\t\t\t<div class=\"col-inner\"  >\n\t\t\t\n\t\t\t\t\t<\/div>\n\t\t\t\t\n<style>\n#col-376496581 > .col-inner {\n  padding: 23px 0px 0px 0px;\n}\n<\/style>\n\t<\/div>\n\n\t\n<div class=\"title-subtitle-box \">\n<p><span style=\"color: #de901b;\">EINE K\u00dcHLE SPEISEKAMMER\u00a0 &#8230;<\/span><\/p>\n<h1>IDEALE LAGERUNG<\/h1>\n<\/div>\n<div class=\"wpb_text_column wpb_content_element vc_custom_1499266982367\">\n<div class=\"wpb_wrapper\">\n<p>Bewahren Sie Ihre Obstler und auch Lik\u00f6re k\u00fchl und dunkel auf. W\u00e4rme und Sonnenlicht schaden der Qualit\u00e4t der Spirituosen. Beachten Sie, dass bei ge\u00f6ffneten Schnaps-Flaschen viele der fl\u00fcchtigen Aromen schnell verloren gehen. Sie sollten daher Flaschen nicht l\u00e4nger als notwendig ge\u00f6ffnet lassen.<\/p>\n<\/div>\n<\/div>\n<div class=\"title-subtitle-box \">\n<p><span style=\"color: #de901b;\">AUF KEINEN FALL AUS DEM K\u00dcHLSCHRANK!<\/span><\/p>\n<h1>TRINKTEMPERATUR 16-18 \u00b0C<\/h1>\n<\/div>\n<div class=\"wpb_text_column wpb_content_element \">\n<div class=\"wpb_wrapper\">\n<p><span style=\"font-size: 14.4px;\">Bei zu kalten Obstbr\u00e4nden und Beerengeistern verschlie\u00dfen sich die Aromen. Au\u00dferdem\u00a0<\/span>werden sog. minderwertige Sekund\u00e4raromen \u00fcberdeckt, was eine Beurteilung der Qualit\u00e4t des Edelbrandes beeintr\u00e4chtigt.\u00a0 \u00a0 \u00a0 \u00a0 Geben Sie dem Obstbrand, wie bei gelagerten Weinen, nach dem Einschenken etwas Zeit, um seine Aromen im Glas voll zu entfalten.<\/p>\n<\/div>\n<\/div>\n","protected":false},"excerpt":{"rendered":"<p>Aus dem Tris der feinsten Waldbeeren\u00a0gebrannt entfaltet dieser edle Geist\u00a0die feine fragile Frucht der Himbeere\u00a0mit duftiger Nase. Geerdet von der\u00a0dunklen Brombeere, durch deren weiche\u00a0opulent kernige Aromatik. Fehlt noch die\u00a0Dritte im Bunde, welche f\u00fcr Rasse und\u00a0feine S\u00e4ure sorgt, die Johannisbeere.<\/p>\n","protected":false},"featured_media":0,"template":"","meta":[],"product_brand":[],"product_cat":[85],"product_tag":[242,198,199,244,245,243,120,203,122],"class_list":{"0":"post-1309","1":"product","2":"type-product","3":"status-publish","5":"product_cat-suevia","6":"product_tag-brombeere","7":"product_tag-edel","8":"product_tag-feinherb","9":"product_tag-himbeere","10":"product_tag-intensiv-beerig","11":"product_tag-johannisbeere","12":"product_tag-lokale-spezialitaet","13":"product_tag-schmelzend","14":"product_tag-weich","16":"first","17":"instock","18":"shipping-taxable","19":"purchasable","20":"product-type-simple"},"yoast_head":"<!-- This site is optimized with the Yoast SEO plugin v27.5 - https:\/\/yoast.com\/product\/yoast-seo-wordpress\/ -->\n<title>SUEVIA Beerengeist - Vitzthum Shop<\/title>\n<meta name=\"robots\" content=\"index, follow, max-snippet:-1, max-image-preview:large, max-video-preview:-1\" \/>\n<link rel=\"canonical\" href=\"https:\/\/rieser-tropfen.de\/shop\/produkt\/suevia-beerengeist\/\" \/>\n<meta property=\"og:locale\" content=\"de_DE\" \/>\n<meta property=\"og:type\" content=\"article\" \/>\n<meta property=\"og:title\" content=\"SUEVIA Beerengeist - Vitzthum Shop\" \/>\n<meta property=\"og:description\" content=\"Aus dem Tris der feinsten Waldbeeren\u00a0gebrannt entfaltet dieser edle Geist\u00a0die feine fragile Frucht der Himbeere\u00a0mit duftiger Nase. Geerdet von der\u00a0dunklen Brombeere, durch deren weiche\u00a0opulent kernige Aromatik. Fehlt noch die\u00a0Dritte im Bunde, welche f\u00fcr Rasse und\u00a0feine S\u00e4ure sorgt, die Johannisbeere.\" \/>\n<meta property=\"og:url\" content=\"https:\/\/rieser-tropfen.de\/shop\/produkt\/suevia-beerengeist\/\" \/>\n<meta property=\"og:site_name\" content=\"Vitzthum Shop\" \/>\n<meta property=\"article:publisher\" content=\"https:\/\/www.facebook.com\/vitzthum.destillerie\/?locale=de_DE\" \/>\n<meta property=\"article:modified_time\" content=\"2022-10-24T10:27:46+00:00\" \/>\n<meta name=\"twitter:card\" content=\"summary_large_image\" \/>\n<meta name=\"twitter:label1\" content=\"Gesch\u00e4tzte Lesezeit\" \/>\n\t<meta name=\"twitter:data1\" content=\"1\u00a0Minute\" \/>\n<script type=\"application\/ld+json\" class=\"yoast-schema-graph\">{\"@context\":\"https:\\\/\\\/schema.org\",\"@graph\":[{\"@type\":\"WebPage\",\"@id\":\"https:\\\/\\\/rieser-tropfen.de\\\/shop\\\/produkt\\\/suevia-beerengeist\\\/\",\"url\":\"https:\\\/\\\/rieser-tropfen.de\\\/shop\\\/produkt\\\/suevia-beerengeist\\\/\",\"name\":\"SUEVIA Beerengeist - Vitzthum Shop\",\"isPartOf\":{\"@id\":\"https:\\\/\\\/rieser-tropfen.de\\\/shop\\\/#website\"},\"datePublished\":\"2018-02-01T15:39:59+00:00\",\"dateModified\":\"2022-10-24T10:27:46+00:00\",\"breadcrumb\":{\"@id\":\"https:\\\/\\\/rieser-tropfen.de\\\/shop\\\/produkt\\\/suevia-beerengeist\\\/#breadcrumb\"},\"inLanguage\":\"de\",\"potentialAction\":[{\"@type\":\"ReadAction\",\"target\":[\"https:\\\/\\\/rieser-tropfen.de\\\/shop\\\/produkt\\\/suevia-beerengeist\\\/\"]}]},{\"@type\":\"BreadcrumbList\",\"@id\":\"https:\\\/\\\/rieser-tropfen.de\\\/shop\\\/produkt\\\/suevia-beerengeist\\\/#breadcrumb\",\"itemListElement\":[{\"@type\":\"ListItem\",\"position\":1,\"name\":\"Home\",\"item\":\"https:\\\/\\\/rieser-tropfen.de\\\/shop\\\/\"},{\"@type\":\"ListItem\",\"position\":2,\"name\":\"Shop\",\"item\":\"https:\\\/\\\/rieser-tropfen.de\\\/shop\\\/shop\\\/\"},{\"@type\":\"ListItem\",\"position\":3,\"name\":\"SUEVIA Beerengeist\"}]},{\"@type\":\"WebSite\",\"@id\":\"https:\\\/\\\/rieser-tropfen.de\\\/shop\\\/#website\",\"url\":\"https:\\\/\\\/rieser-tropfen.de\\\/shop\\\/\",\"name\":\"Vitzthum Shop\",\"description\":\"handgemachte Beerengeister, Obstbr\u00e4nde und Kr\u00e4uter- sowie Fruchtlik\u00f6re\",\"publisher\":{\"@id\":\"https:\\\/\\\/rieser-tropfen.de\\\/shop\\\/#organization\"},\"potentialAction\":[{\"@type\":\"SearchAction\",\"target\":{\"@type\":\"EntryPoint\",\"urlTemplate\":\"https:\\\/\\\/rieser-tropfen.de\\\/shop\\\/?s={search_term_string}\"},\"query-input\":{\"@type\":\"PropertyValueSpecification\",\"valueRequired\":true,\"valueName\":\"search_term_string\"}}],\"inLanguage\":\"de\"},{\"@type\":\"Organization\",\"@id\":\"https:\\\/\\\/rieser-tropfen.de\\\/shop\\\/#organization\",\"name\":\"Vitzthum GmbH\",\"url\":\"https:\\\/\\\/rieser-tropfen.de\\\/shop\\\/\",\"logo\":{\"@type\":\"ImageObject\",\"inLanguage\":\"de\",\"@id\":\"https:\\\/\\\/rieser-tropfen.de\\\/shop\\\/#\\\/schema\\\/logo\\\/image\\\/\",\"url\":\"https:\\\/\\\/rieser-tropfen.de\\\/shop\\\/wp-content\\\/uploads\\\/2021\\\/03\\\/Logo-Vitzthum-2021-gold.jpg\",\"contentUrl\":\"https:\\\/\\\/rieser-tropfen.de\\\/shop\\\/wp-content\\\/uploads\\\/2021\\\/03\\\/Logo-Vitzthum-2021-gold.jpg\",\"width\":149,\"height\":69,\"caption\":\"Vitzthum GmbH\"},\"image\":{\"@id\":\"https:\\\/\\\/rieser-tropfen.de\\\/shop\\\/#\\\/schema\\\/logo\\\/image\\\/\"},\"sameAs\":[\"https:\\\/\\\/www.facebook.com\\\/vitzthum.destillerie\\\/?locale=de_DE\"]}]}<\/script>\n<!-- \/ Yoast SEO plugin. -->","yoast_head_json":{"title":"SUEVIA Beerengeist - Vitzthum Shop","robots":{"index":"index","follow":"follow","max-snippet":"max-snippet:-1","max-image-preview":"max-image-preview:large","max-video-preview":"max-video-preview:-1"},"canonical":"https:\/\/rieser-tropfen.de\/shop\/produkt\/suevia-beerengeist\/","og_locale":"de_DE","og_type":"article","og_title":"SUEVIA Beerengeist - Vitzthum Shop","og_description":"Aus dem Tris der feinsten Waldbeeren\u00a0gebrannt entfaltet dieser edle Geist\u00a0die feine fragile Frucht der Himbeere\u00a0mit duftiger Nase. Geerdet von der\u00a0dunklen Brombeere, durch deren weiche\u00a0opulent kernige Aromatik. Fehlt noch die\u00a0Dritte im Bunde, welche f\u00fcr Rasse und\u00a0feine S\u00e4ure sorgt, die Johannisbeere.","og_url":"https:\/\/rieser-tropfen.de\/shop\/produkt\/suevia-beerengeist\/","og_site_name":"Vitzthum Shop","article_publisher":"https:\/\/www.facebook.com\/vitzthum.destillerie\/?locale=de_DE","article_modified_time":"2022-10-24T10:27:46+00:00","twitter_card":"summary_large_image","twitter_misc":{"Gesch\u00e4tzte Lesezeit":"1\u00a0Minute"},"schema":{"@context":"https:\/\/schema.org","@graph":[{"@type":"WebPage","@id":"https:\/\/rieser-tropfen.de\/shop\/produkt\/suevia-beerengeist\/","url":"https:\/\/rieser-tropfen.de\/shop\/produkt\/suevia-beerengeist\/","name":"SUEVIA Beerengeist - Vitzthum Shop","isPartOf":{"@id":"https:\/\/rieser-tropfen.de\/shop\/#website"},"datePublished":"2018-02-01T15:39:59+00:00","dateModified":"2022-10-24T10:27:46+00:00","breadcrumb":{"@id":"https:\/\/rieser-tropfen.de\/shop\/produkt\/suevia-beerengeist\/#breadcrumb"},"inLanguage":"de","potentialAction":[{"@type":"ReadAction","target":["https:\/\/rieser-tropfen.de\/shop\/produkt\/suevia-beerengeist\/"]}]},{"@type":"BreadcrumbList","@id":"https:\/\/rieser-tropfen.de\/shop\/produkt\/suevia-beerengeist\/#breadcrumb","itemListElement":[{"@type":"ListItem","position":1,"name":"Home","item":"https:\/\/rieser-tropfen.de\/shop\/"},{"@type":"ListItem","position":2,"name":"Shop","item":"https:\/\/rieser-tropfen.de\/shop\/shop\/"},{"@type":"ListItem","position":3,"name":"SUEVIA Beerengeist"}]},{"@type":"WebSite","@id":"https:\/\/rieser-tropfen.de\/shop\/#website","url":"https:\/\/rieser-tropfen.de\/shop\/","name":"Vitzthum Shop","description":"handgemachte Beerengeister, Obstbr\u00e4nde und Kr\u00e4uter- sowie Fruchtlik\u00f6re","publisher":{"@id":"https:\/\/rieser-tropfen.de\/shop\/#organization"},"potentialAction":[{"@type":"SearchAction","target":{"@type":"EntryPoint","urlTemplate":"https:\/\/rieser-tropfen.de\/shop\/?s={search_term_string}"},"query-input":{"@type":"PropertyValueSpecification","valueRequired":true,"valueName":"search_term_string"}}],"inLanguage":"de"},{"@type":"Organization","@id":"https:\/\/rieser-tropfen.de\/shop\/#organization","name":"Vitzthum GmbH","url":"https:\/\/rieser-tropfen.de\/shop\/","logo":{"@type":"ImageObject","inLanguage":"de","@id":"https:\/\/rieser-tropfen.de\/shop\/#\/schema\/logo\/image\/","url":"https:\/\/rieser-tropfen.de\/shop\/wp-content\/uploads\/2021\/03\/Logo-Vitzthum-2021-gold.jpg","contentUrl":"https:\/\/rieser-tropfen.de\/shop\/wp-content\/uploads\/2021\/03\/Logo-Vitzthum-2021-gold.jpg","width":149,"height":69,"caption":"Vitzthum GmbH"},"image":{"@id":"https:\/\/rieser-tropfen.de\/shop\/#\/schema\/logo\/image\/"},"sameAs":["https:\/\/www.facebook.com\/vitzthum.destillerie\/?locale=de_DE"]}]}},"_links":{"self":[{"href":"https:\/\/rieser-tropfen.de\/shop\/wp-json\/wp\/v2\/product\/1309","targetHints":{"allow":["GET"]}}],"collection":[{"href":"https:\/\/rieser-tropfen.de\/shop\/wp-json\/wp\/v2\/product"}],"about":[{"href":"https:\/\/rieser-tropfen.de\/shop\/wp-json\/wp\/v2\/types\/product"}],"wp:attachment":[{"href":"https:\/\/rieser-tropfen.de\/shop\/wp-json\/wp\/v2\/media?parent=1309"}],"wp:term":[{"taxonomy":"product_brand","embeddable":true,"href":"https:\/\/rieser-tropfen.de\/shop\/wp-json\/wp\/v2\/product_brand?post=1309"},{"taxonomy":"product_cat","embeddable":true,"href":"https:\/\/rieser-tropfen.de\/shop\/wp-json\/wp\/v2\/product_cat?post=1309"},{"taxonomy":"product_tag","embeddable":true,"href":"https:\/\/rieser-tropfen.de\/shop\/wp-json\/wp\/v2\/product_tag?post=1309"}],"curies":[{"name":"wp","href":"https:\/\/api.w.org\/{rel}","templated":true}]}}