{"id":1323,"date":"2018-02-02T16:51:54","date_gmt":"2018-02-02T15:51:54","guid":{"rendered":"http:\/\/rieser-tropfen.de\/shop\/?post_type=product&#038;p=1323"},"modified":"2026-02-25T15:04:06","modified_gmt":"2026-02-25T14:04:06","slug":"antiche-terre-amore-assoluto-bio","status":"publish","type":"product","link":"https:\/\/rieser-tropfen.de\/shop\/produkt\/antiche-terre-amore-assoluto-bio\/","title":{"rendered":"&#8212;&#8212; ANTICHE TERRE &#8212;&#8212; Amore Assoluto BIO"},"content":{"rendered":"<form id=\"product_addtocart_form\" action=\"http:\/\/www.vif.de\/index.php\/checkout\/cart\/add\/uenc\/aHR0cDovL3d3dy52aWYuZGUvaW5kZXgucGhwL3NwYXRidXJndW5kZXItYy0yMDE1LWJyLXRyb2NrZW4tYnItdWxpLW1ldHpnZXItcGZhbHouaHRtbA,,\/product\/1909685\/form_key\/JJTY27YQ9IOmVNwL\/\" method=\"post\">Einfach so zur Vesper genauso gut geeignet wie zur Kalbsleber, oder einer fulminanten K\u00e4seplatte.<\/p>\n<\/form>\n<div class=\"title-subtitle-box \">\n<div class=\"title-subtitle-box \">\n<div class=\"title-subtitle-box \">\n<div class=\"title-subtitle-box \">\n<div class=\"title-subtitle-box \">\n<div class=\"title-subtitle-box \">\n<div class=\"title-subtitle-box \">\n<div class=\"title-subtitle-box \">\n<div class=\"title-subtitle-box \">\n<div class=\"title-subtitle-box \">\n<div class=\"title-subtitle-box \">\n<h1>BIO!! Und extrem gut!<\/h1>\n<\/div>\n<div class=\"wpb_text_column wpb_content_element vc_custom_1496150356044\">\n<div class=\"wpb_wrapper\">\n<p>BIO-Weine hatten bisher, und leider meist zurecht, keinen guten Ruf bzw. Geschmack. Etwas d\u00fcnn, seltsame Aromen \u2013 auch immer etwas unrund. Bei diesem Rotwein ist alles anders und genauso wie man es erwartet. Dichte Frucht, feines Tannin, volumin\u00f6ser Charakter \u2013 es geht also. Bravo!<\/p>\n<\/div>\n<\/div>\n<\/div>\n<\/div>\n<\/div>\n<\/div>\n<\/div>\n<\/div>\n<\/div>\n<\/div>\n<\/div>\n<\/div>\n<div class=\"title-subtitle-box \">\n<div class=\"title-subtitle-box \">\n<p><span style=\"color: #de901b;\">MAN LEGT AUCH WERT AUF &#8230;<\/span><\/p>\n<\/div>\n<\/div>\n<div class=\"title-subtitle-box \">\n<div class=\"title-subtitle-box \">\n<div class=\"title-subtitle-box \">\n<div class=\"title-subtitle-box \">\n<div class=\"title-subtitle-box \">\n<div class=\"title-subtitle-box \">\n<div class=\"title-subtitle-box \">\n<div class=\"title-subtitle-box \">\n<div class=\"title-subtitle-box \">\n<div class=\"title-subtitle-box \">\n<div class=\"title-subtitle-box \">\n<h1>Design<\/h1>\n<\/div>\n<div class=\"wpb_text_column wpb_content_element \">\n<div class=\"wpb_wrapper\">\n<p>Die Leidenschaft f\u00fcr Weinbau transportiert man auch mittels der Etiketten mit Weinen wie \u201eSolo Passione\u201c oder dem \u201eAmore Assoluto\u201c. Antiche Terre ist unsere Entdeckung des Jahres, noch unbekannt und deswegen mit einem sagenhaften Preis-\/Genu\u00dfverh\u00e4ltnis.<\/p>\n<\/div>\n<\/div>\n<\/div>\n<\/div>\n<\/div>\n<\/div>\n<\/div>\n<\/div>\n<\/div>\n<\/div>\n<\/div>\n<\/div>\n","protected":false},"excerpt":{"rendered":"<p>Changierenden Fruchtspiel von roten und dunklen, sehr reifen Beeren. Ausgesprochen rund und weich gleitet dieser Tropfen die Kehle hinunter. Brombeeren und leichte Ankl\u00e4nge von Rosinen machen sich im stattlichen Abgang bemerkbar.<\/p>\n","protected":false},"featured_media":2374,"template":"","meta":[],"product_brand":[],"product_cat":[166,160,60],"product_tag":[183,254,253,246,247,248,178,188,122,95],"class_list":{"0":"post-1323","1":"product","2":"type-product","3":"status-publish","4":"has-post-thumbnail","6":"product_cat-italien","7":"product_cat-rotweine","8":"product_cat-weine","9":"product_tag-beerig","10":"product_tag-bio","11":"product_tag-biowein","12":"product_tag-cabernet-sauvignon","13":"product_tag-corvina","14":"product_tag-rondinella","15":"product_tag-rotwein","16":"product_tag-trocken","17":"product_tag-weich","18":"product_tag-wenig-saeure","20":"first","21":"outofstock","22":"shipping-taxable","23":"purchasable","24":"product-type-simple"},"yoast_head":"<!-- This site is optimized with the Yoast SEO plugin v27.5 - https:\/\/yoast.com\/product\/yoast-seo-wordpress\/ -->\n<title>- ANTICHE TERRE - Amore Assoluto BIO - Vitzthum Shop<\/title>\n<meta name=\"robots\" content=\"index, follow, max-snippet:-1, max-image-preview:large, max-video-preview:-1\" \/>\n<link rel=\"canonical\" href=\"https:\/\/rieser-tropfen.de\/shop\/produkt\/antiche-terre-amore-assoluto-bio\/\" \/>\n<meta property=\"og:locale\" content=\"de_DE\" \/>\n<meta property=\"og:type\" content=\"article\" \/>\n<meta property=\"og:title\" content=\"- ANTICHE TERRE - Amore Assoluto BIO - Vitzthum Shop\" \/>\n<meta property=\"og:description\" content=\"Changierenden Fruchtspiel von roten und dunklen, sehr reifen Beeren. Ausgesprochen rund und weich gleitet dieser Tropfen die Kehle hinunter. Brombeeren und leichte Ankl\u00e4nge von Rosinen machen sich im stattlichen Abgang bemerkbar.\" \/>\n<meta property=\"og:url\" content=\"https:\/\/rieser-tropfen.de\/shop\/produkt\/antiche-terre-amore-assoluto-bio\/\" \/>\n<meta property=\"og:site_name\" content=\"Vitzthum Shop\" \/>\n<meta property=\"article:publisher\" content=\"https:\/\/www.facebook.com\/vitzthum.destillerie\/?locale=de_DE\" \/>\n<meta property=\"article:modified_time\" content=\"2026-02-25T14:04:06+00:00\" \/>\n<meta property=\"og:image\" content=\"https:\/\/rieser-tropfen.de\/shop\/wp-content\/uploads\/2018\/02\/AntTerre-Amore-assoluto-shop5-1.png\" \/>\n\t<meta property=\"og:image:width\" content=\"500\" \/>\n\t<meta property=\"og:image:height\" content=\"600\" \/>\n\t<meta property=\"og:image:type\" content=\"image\/png\" \/>\n<meta name=\"twitter:card\" content=\"summary_large_image\" \/>\n<meta name=\"twitter:label1\" content=\"Gesch\u00e4tzte Lesezeit\" \/>\n\t<meta name=\"twitter:data1\" content=\"1\u00a0Minute\" \/>\n<script type=\"application\/ld+json\" class=\"yoast-schema-graph\">{\"@context\":\"https:\\\/\\\/schema.org\",\"@graph\":[{\"@type\":\"WebPage\",\"@id\":\"https:\\\/\\\/rieser-tropfen.de\\\/shop\\\/produkt\\\/antiche-terre-amore-assoluto-bio\\\/\",\"url\":\"https:\\\/\\\/rieser-tropfen.de\\\/shop\\\/produkt\\\/antiche-terre-amore-assoluto-bio\\\/\",\"name\":\"- ANTICHE TERRE - Amore Assoluto BIO - Vitzthum Shop\",\"isPartOf\":{\"@id\":\"https:\\\/\\\/rieser-tropfen.de\\\/shop\\\/#website\"},\"primaryImageOfPage\":{\"@id\":\"https:\\\/\\\/rieser-tropfen.de\\\/shop\\\/produkt\\\/antiche-terre-amore-assoluto-bio\\\/#primaryimage\"},\"image\":{\"@id\":\"https:\\\/\\\/rieser-tropfen.de\\\/shop\\\/produkt\\\/antiche-terre-amore-assoluto-bio\\\/#primaryimage\"},\"thumbnailUrl\":\"https:\\\/\\\/rieser-tropfen.de\\\/shop\\\/wp-content\\\/uploads\\\/2018\\\/02\\\/AntTerre-Amore-assoluto-shop5-1.png\",\"datePublished\":\"2018-02-02T15:51:54+00:00\",\"dateModified\":\"2026-02-25T14:04:06+00:00\",\"breadcrumb\":{\"@id\":\"https:\\\/\\\/rieser-tropfen.de\\\/shop\\\/produkt\\\/antiche-terre-amore-assoluto-bio\\\/#breadcrumb\"},\"inLanguage\":\"de\",\"potentialAction\":[{\"@type\":\"ReadAction\",\"target\":[\"https:\\\/\\\/rieser-tropfen.de\\\/shop\\\/produkt\\\/antiche-terre-amore-assoluto-bio\\\/\"]}]},{\"@type\":\"ImageObject\",\"inLanguage\":\"de\",\"@id\":\"https:\\\/\\\/rieser-tropfen.de\\\/shop\\\/produkt\\\/antiche-terre-amore-assoluto-bio\\\/#primaryimage\",\"url\":\"https:\\\/\\\/rieser-tropfen.de\\\/shop\\\/wp-content\\\/uploads\\\/2018\\\/02\\\/AntTerre-Amore-assoluto-shop5-1.png\",\"contentUrl\":\"https:\\\/\\\/rieser-tropfen.de\\\/shop\\\/wp-content\\\/uploads\\\/2018\\\/02\\\/AntTerre-Amore-assoluto-shop5-1.png\",\"width\":500,\"height\":600},{\"@type\":\"BreadcrumbList\",\"@id\":\"https:\\\/\\\/rieser-tropfen.de\\\/shop\\\/produkt\\\/antiche-terre-amore-assoluto-bio\\\/#breadcrumb\",\"itemListElement\":[{\"@type\":\"ListItem\",\"position\":1,\"name\":\"Home\",\"item\":\"https:\\\/\\\/rieser-tropfen.de\\\/shop\\\/\"},{\"@type\":\"ListItem\",\"position\":2,\"name\":\"Shop\",\"item\":\"https:\\\/\\\/rieser-tropfen.de\\\/shop\\\/shop\\\/\"},{\"@type\":\"ListItem\",\"position\":3,\"name\":\"&#8212;&#8212; ANTICHE TERRE &#8212;&#8212; Amore Assoluto BIO\"}]},{\"@type\":\"WebSite\",\"@id\":\"https:\\\/\\\/rieser-tropfen.de\\\/shop\\\/#website\",\"url\":\"https:\\\/\\\/rieser-tropfen.de\\\/shop\\\/\",\"name\":\"Vitzthum Shop\",\"description\":\"handgemachte Beerengeister, Obstbr\u00e4nde und Kr\u00e4uter- sowie Fruchtlik\u00f6re\",\"publisher\":{\"@id\":\"https:\\\/\\\/rieser-tropfen.de\\\/shop\\\/#organization\"},\"potentialAction\":[{\"@type\":\"SearchAction\",\"target\":{\"@type\":\"EntryPoint\",\"urlTemplate\":\"https:\\\/\\\/rieser-tropfen.de\\\/shop\\\/?s={search_term_string}\"},\"query-input\":{\"@type\":\"PropertyValueSpecification\",\"valueRequired\":true,\"valueName\":\"search_term_string\"}}],\"inLanguage\":\"de\"},{\"@type\":\"Organization\",\"@id\":\"https:\\\/\\\/rieser-tropfen.de\\\/shop\\\/#organization\",\"name\":\"Vitzthum GmbH\",\"url\":\"https:\\\/\\\/rieser-tropfen.de\\\/shop\\\/\",\"logo\":{\"@type\":\"ImageObject\",\"inLanguage\":\"de\",\"@id\":\"https:\\\/\\\/rieser-tropfen.de\\\/shop\\\/#\\\/schema\\\/logo\\\/image\\\/\",\"url\":\"https:\\\/\\\/rieser-tropfen.de\\\/shop\\\/wp-content\\\/uploads\\\/2021\\\/03\\\/Logo-Vitzthum-2021-gold.jpg\",\"contentUrl\":\"https:\\\/\\\/rieser-tropfen.de\\\/shop\\\/wp-content\\\/uploads\\\/2021\\\/03\\\/Logo-Vitzthum-2021-gold.jpg\",\"width\":149,\"height\":69,\"caption\":\"Vitzthum GmbH\"},\"image\":{\"@id\":\"https:\\\/\\\/rieser-tropfen.de\\\/shop\\\/#\\\/schema\\\/logo\\\/image\\\/\"},\"sameAs\":[\"https:\\\/\\\/www.facebook.com\\\/vitzthum.destillerie\\\/?locale=de_DE\"]}]}<\/script>\n<!-- \/ Yoast SEO plugin. -->","yoast_head_json":{"title":"- ANTICHE TERRE - Amore Assoluto BIO - Vitzthum Shop","robots":{"index":"index","follow":"follow","max-snippet":"max-snippet:-1","max-image-preview":"max-image-preview:large","max-video-preview":"max-video-preview:-1"},"canonical":"https:\/\/rieser-tropfen.de\/shop\/produkt\/antiche-terre-amore-assoluto-bio\/","og_locale":"de_DE","og_type":"article","og_title":"- ANTICHE TERRE - Amore Assoluto BIO - Vitzthum Shop","og_description":"Changierenden Fruchtspiel von roten und dunklen, sehr reifen Beeren. Ausgesprochen rund und weich gleitet dieser Tropfen die Kehle hinunter. Brombeeren und leichte Ankl\u00e4nge von Rosinen machen sich im stattlichen Abgang bemerkbar.","og_url":"https:\/\/rieser-tropfen.de\/shop\/produkt\/antiche-terre-amore-assoluto-bio\/","og_site_name":"Vitzthum Shop","article_publisher":"https:\/\/www.facebook.com\/vitzthum.destillerie\/?locale=de_DE","article_modified_time":"2026-02-25T14:04:06+00:00","og_image":[{"width":500,"height":600,"url":"https:\/\/rieser-tropfen.de\/shop\/wp-content\/uploads\/2018\/02\/AntTerre-Amore-assoluto-shop5-1.png","type":"image\/png"}],"twitter_card":"summary_large_image","twitter_misc":{"Gesch\u00e4tzte Lesezeit":"1\u00a0Minute"},"schema":{"@context":"https:\/\/schema.org","@graph":[{"@type":"WebPage","@id":"https:\/\/rieser-tropfen.de\/shop\/produkt\/antiche-terre-amore-assoluto-bio\/","url":"https:\/\/rieser-tropfen.de\/shop\/produkt\/antiche-terre-amore-assoluto-bio\/","name":"- ANTICHE TERRE - Amore Assoluto BIO - Vitzthum Shop","isPartOf":{"@id":"https:\/\/rieser-tropfen.de\/shop\/#website"},"primaryImageOfPage":{"@id":"https:\/\/rieser-tropfen.de\/shop\/produkt\/antiche-terre-amore-assoluto-bio\/#primaryimage"},"image":{"@id":"https:\/\/rieser-tropfen.de\/shop\/produkt\/antiche-terre-amore-assoluto-bio\/#primaryimage"},"thumbnailUrl":"https:\/\/rieser-tropfen.de\/shop\/wp-content\/uploads\/2018\/02\/AntTerre-Amore-assoluto-shop5-1.png","datePublished":"2018-02-02T15:51:54+00:00","dateModified":"2026-02-25T14:04:06+00:00","breadcrumb":{"@id":"https:\/\/rieser-tropfen.de\/shop\/produkt\/antiche-terre-amore-assoluto-bio\/#breadcrumb"},"inLanguage":"de","potentialAction":[{"@type":"ReadAction","target":["https:\/\/rieser-tropfen.de\/shop\/produkt\/antiche-terre-amore-assoluto-bio\/"]}]},{"@type":"ImageObject","inLanguage":"de","@id":"https:\/\/rieser-tropfen.de\/shop\/produkt\/antiche-terre-amore-assoluto-bio\/#primaryimage","url":"https:\/\/rieser-tropfen.de\/shop\/wp-content\/uploads\/2018\/02\/AntTerre-Amore-assoluto-shop5-1.png","contentUrl":"https:\/\/rieser-tropfen.de\/shop\/wp-content\/uploads\/2018\/02\/AntTerre-Amore-assoluto-shop5-1.png","width":500,"height":600},{"@type":"BreadcrumbList","@id":"https:\/\/rieser-tropfen.de\/shop\/produkt\/antiche-terre-amore-assoluto-bio\/#breadcrumb","itemListElement":[{"@type":"ListItem","position":1,"name":"Home","item":"https:\/\/rieser-tropfen.de\/shop\/"},{"@type":"ListItem","position":2,"name":"Shop","item":"https:\/\/rieser-tropfen.de\/shop\/shop\/"},{"@type":"ListItem","position":3,"name":"&#8212;&#8212; ANTICHE TERRE &#8212;&#8212; Amore Assoluto BIO"}]},{"@type":"WebSite","@id":"https:\/\/rieser-tropfen.de\/shop\/#website","url":"https:\/\/rieser-tropfen.de\/shop\/","name":"Vitzthum Shop","description":"handgemachte Beerengeister, Obstbr\u00e4nde und Kr\u00e4uter- sowie Fruchtlik\u00f6re","publisher":{"@id":"https:\/\/rieser-tropfen.de\/shop\/#organization"},"potentialAction":[{"@type":"SearchAction","target":{"@type":"EntryPoint","urlTemplate":"https:\/\/rieser-tropfen.de\/shop\/?s={search_term_string}"},"query-input":{"@type":"PropertyValueSpecification","valueRequired":true,"valueName":"search_term_string"}}],"inLanguage":"de"},{"@type":"Organization","@id":"https:\/\/rieser-tropfen.de\/shop\/#organization","name":"Vitzthum GmbH","url":"https:\/\/rieser-tropfen.de\/shop\/","logo":{"@type":"ImageObject","inLanguage":"de","@id":"https:\/\/rieser-tropfen.de\/shop\/#\/schema\/logo\/image\/","url":"https:\/\/rieser-tropfen.de\/shop\/wp-content\/uploads\/2021\/03\/Logo-Vitzthum-2021-gold.jpg","contentUrl":"https:\/\/rieser-tropfen.de\/shop\/wp-content\/uploads\/2021\/03\/Logo-Vitzthum-2021-gold.jpg","width":149,"height":69,"caption":"Vitzthum GmbH"},"image":{"@id":"https:\/\/rieser-tropfen.de\/shop\/#\/schema\/logo\/image\/"},"sameAs":["https:\/\/www.facebook.com\/vitzthum.destillerie\/?locale=de_DE"]}]}},"_links":{"self":[{"href":"https:\/\/rieser-tropfen.de\/shop\/wp-json\/wp\/v2\/product\/1323","targetHints":{"allow":["GET"]}}],"collection":[{"href":"https:\/\/rieser-tropfen.de\/shop\/wp-json\/wp\/v2\/product"}],"about":[{"href":"https:\/\/rieser-tropfen.de\/shop\/wp-json\/wp\/v2\/types\/product"}],"wp:featuredmedia":[{"embeddable":true,"href":"https:\/\/rieser-tropfen.de\/shop\/wp-json\/wp\/v2\/media\/2374"}],"wp:attachment":[{"href":"https:\/\/rieser-tropfen.de\/shop\/wp-json\/wp\/v2\/media?parent=1323"}],"wp:term":[{"taxonomy":"product_brand","embeddable":true,"href":"https:\/\/rieser-tropfen.de\/shop\/wp-json\/wp\/v2\/product_brand?post=1323"},{"taxonomy":"product_cat","embeddable":true,"href":"https:\/\/rieser-tropfen.de\/shop\/wp-json\/wp\/v2\/product_cat?post=1323"},{"taxonomy":"product_tag","embeddable":true,"href":"https:\/\/rieser-tropfen.de\/shop\/wp-json\/wp\/v2\/product_tag?post=1323"}],"curies":[{"name":"wp","href":"https:\/\/api.w.org\/{rel}","templated":true}]}}