{"id":1336,"date":"2018-02-09T15:19:09","date_gmt":"2018-02-09T14:19:09","guid":{"rendered":"http:\/\/rieser-tropfen.de\/shop\/?post_type=product&#038;p=1336"},"modified":"2023-01-20T16:27:20","modified_gmt":"2023-01-20T15:27:20","slug":"antiche-terre-amarone","status":"publish","type":"product","link":"https:\/\/rieser-tropfen.de\/shop\/produkt\/antiche-terre-amarone\/","title":{"rendered":"&#8212;&#8212; ANTICHE TERRE &#8212;&#8212; Amarone"},"content":{"rendered":"<form id=\"product_addtocart_form\" action=\"http:\/\/www.vif.de\/index.php\/checkout\/cart\/add\/uenc\/aHR0cDovL3d3dy52aWYuZGUvaW5kZXgucGhwL3NwYXRidXJndW5kZXItYy0yMDE1LWJyLXRyb2NrZW4tYnItdWxpLW1ldHpnZXItcGZhbHouaHRtbA,,\/product\/1909685\/form_key\/JJTY27YQ9IOmVNwL\/\" method=\"post\">Dieser dichte samtige Rote passt zu allem w\u00fcrzig-geschmorten Gefl\u00fcgel, Rind, Kalt und Wild und nat\u00fcrlich zu Parmigiano und gereiftem Bergk\u00e4se.<\/p>\n<\/form>\n<div class=\"title-subtitle-box \">\n<p><span style=\"color: #de901b;\">KLEINE WEINKUNDE!<\/span><\/p>\n<div class=\"title-subtitle-box \">\n<div class=\"title-subtitle-box \">\n<div class=\"title-subtitle-box \">\n<div class=\"title-subtitle-box \">\n<div class=\"title-subtitle-box \">\n<div class=\"title-subtitle-box \">\n<div class=\"title-subtitle-box \">\n<div class=\"title-subtitle-box \">\n<div class=\"title-subtitle-box \">\n<div class=\"title-subtitle-box \">\n<h1>AMARONE &#8211; EINE BESONDERHEIT!<\/h1>\n<\/div>\n<div class=\"wpb_text_column wpb_content_element vc_custom_1496150356044\">\n<div class=\"wpb_wrapper\">\n<p>Der edelste unter den Weinen, hergestellt mit den besten Trauben, die w\u00e4hrend der Ernte von Hand geerntet werden. Die so geernteten Trauben werden dann in Kisten verpackt und in kontrollierten Temperaturumgebungen genommen, wo sie einen nat\u00fcrlichen Prozess des Trocknens der Trauben f\u00fcr einen Zeitraum von 3 oder 4 Monaten durchlaufen. Das Verdorren konzentriert somit den zuckerhaltigen Inhalt und beg\u00fcnstigt einige organoleptische Ver\u00e4nderungen an der Basis des Amarone-Geheimnisses. Der dicke Most, der durch Pressen der getrockneten Trauben erhalten wird, wird dann f\u00fcr einen Zeitraum von 15 bis 20 Tagen langsam fermentiert.<\/p>\n<\/div>\n<\/div>\n<\/div>\n<\/div>\n<\/div>\n<\/div>\n<\/div>\n<\/div>\n<\/div>\n<\/div>\n<\/div>\n<\/div>\n<form id=\"product_addtocart_form\" action=\"http:\/\/www.vif.de\/index.php\/checkout\/cart\/add\/uenc\/aHR0cDovL3d3dy52aWYuZGUvaW5kZXgucGhwL3NwYXRidXJndW5kZXItYy0yMDE1LWJyLXRyb2NrZW4tYnItdWxpLW1ldHpnZXItcGZhbHouaHRtbA,,\/product\/1909685\/form_key\/JJTY27YQ9IOmVNwL\/\" method=\"post\">Der so gewonnene Wein wird dann in Edelstahltanks getrennt, wo die malolaktische G\u00e4rung abgeschlossen ist. Nach diesem Prozess wird der Wein f\u00fcr 12 bis 18 Monate in kleine Eichen-Barriques umgef\u00fcllt.<\/form>\n<div class=\"title-subtitle-box \">\n<div class=\"title-subtitle-box \">\n<p><span style=\"color: #de901b;\">UNBEDINGT BEACHTEN F\u00dcR &#8230;<\/span><\/p>\n<h1>&#8230; DEN WAHREN TRINKGENUSS!<\/h1>\n<\/div>\n<\/div>\n<div class=\"title-subtitle-box \">\n<div class=\"title-subtitle-box \">\n<div class=\"title-subtitle-box \">\n<div class=\"title-subtitle-box \">\n<div class=\"title-subtitle-box \">\n<div class=\"title-subtitle-box \">\n<div class=\"title-subtitle-box \">\n<div class=\"title-subtitle-box \">\n<div class=\"title-subtitle-box \">\n<div class=\"title-subtitle-box \">\n<div class=\"wpb_text_column wpb_content_element \">\n<div class=\"wpb_wrapper\">\n<p>Vor dem Servieren in gro\u00dfen, tiefen Gl\u00e4sern mindestens eine Stunde lang dekantieren, um den Wein zu bel\u00fcften. Weine, die sehr lange reifen, wie dieser Amarone, der 12 Monate im Barriquefa\u00df liegt, ben\u00f6tigen Sauerstoff, um Ihre Aromen voll zu entfalten. Die Meinung der Fachleute dazu ist sehr unterschiedlich. Wir haben die Erfahrung gemacht, dass es sehr wohl einen positiven Effekt hat. Sehr wichtig ist dabei, dass Sie den Weinstein, der als Satz am Flaschenboden liegt, nicht aufr\u00fctteln und mit in den Dekanter gie\u00dfen.<\/p>\n<\/div>\n<\/div>\n<\/div>\n<\/div>\n<\/div>\n<\/div>\n<\/div>\n<\/div>\n<\/div>\n<\/div>\n<\/div>\n<\/div>\n","protected":false},"excerpt":{"rendered":"<p>Corvina Veronese, Corvinone, Rondinella ergeben einen samtigen, extrem dichten Roten, dessen Aromen von schwarzen Kirschen \u00fcber getrocknete Kr\u00e4uter bis hin zu Veilchen reichen. Seine kr\u00e4ftige Struktur mit seiner typischen, leicht bitteren Note machen ihn zum perfekten Begleiter f\u00fcr deftige Gerichte, wie geschmortem Fleisch.<\/p>\n","protected":false},"featured_media":2373,"template":"","meta":[],"product_brand":[],"product_cat":[166,160,60],"product_tag":[257,242,245,256,178,188,122,95],"class_list":{"0":"post-1336","1":"product","2":"type-product","3":"status-publish","4":"has-post-thumbnail","6":"product_cat-italien","7":"product_cat-rotweine","8":"product_cat-weine","9":"product_tag-amarone","10":"product_tag-brombeere","11":"product_tag-intensiv-beerig","12":"product_tag-kirschtoene","13":"product_tag-rotwein","14":"product_tag-trocken","15":"product_tag-weich","16":"product_tag-wenig-saeure","18":"first","19":"instock","20":"shipping-taxable","21":"purchasable","22":"product-type-simple"},"yoast_head":"<!-- This site is optimized with the Yoast SEO plugin v27.5 - https:\/\/yoast.com\/product\/yoast-seo-wordpress\/ -->\n<title>- ANTICHE TERRE - Amarone - Vitzthum Shop<\/title>\n<meta name=\"robots\" content=\"index, follow, max-snippet:-1, max-image-preview:large, max-video-preview:-1\" \/>\n<link rel=\"canonical\" href=\"https:\/\/rieser-tropfen.de\/shop\/produkt\/antiche-terre-amarone\/\" \/>\n<meta property=\"og:locale\" content=\"de_DE\" \/>\n<meta property=\"og:type\" content=\"article\" \/>\n<meta property=\"og:title\" content=\"- ANTICHE TERRE - Amarone - Vitzthum Shop\" \/>\n<meta property=\"og:description\" content=\"Corvina Veronese, Corvinone, Rondinella ergeben einen samtigen, extrem dichten Roten, dessen Aromen von schwarzen Kirschen \u00fcber getrocknete Kr\u00e4uter bis hin zu Veilchen reichen. Seine kr\u00e4ftige Struktur mit seiner typischen, leicht bitteren Note machen ihn zum perfekten Begleiter f\u00fcr deftige Gerichte, wie geschmortem Fleisch.\" \/>\n<meta property=\"og:url\" content=\"https:\/\/rieser-tropfen.de\/shop\/produkt\/antiche-terre-amarone\/\" \/>\n<meta property=\"og:site_name\" content=\"Vitzthum Shop\" \/>\n<meta property=\"article:publisher\" content=\"https:\/\/www.facebook.com\/vitzthum.destillerie\/?locale=de_DE\" \/>\n<meta property=\"article:modified_time\" content=\"2023-01-20T15:27:20+00:00\" \/>\n<meta property=\"og:image\" content=\"https:\/\/rieser-tropfen.de\/shop\/wp-content\/uploads\/2018\/02\/AntTerre-Amarone-shop5.png\" \/>\n\t<meta property=\"og:image:width\" content=\"500\" \/>\n\t<meta property=\"og:image:height\" content=\"600\" \/>\n\t<meta property=\"og:image:type\" content=\"image\/png\" \/>\n<meta name=\"twitter:card\" content=\"summary_large_image\" \/>\n<meta name=\"twitter:label1\" content=\"Gesch\u00e4tzte Lesezeit\" \/>\n\t<meta name=\"twitter:data1\" content=\"1\u00a0Minute\" \/>\n<script type=\"application\/ld+json\" class=\"yoast-schema-graph\">{\"@context\":\"https:\\\/\\\/schema.org\",\"@graph\":[{\"@type\":\"WebPage\",\"@id\":\"https:\\\/\\\/rieser-tropfen.de\\\/shop\\\/produkt\\\/antiche-terre-amarone\\\/\",\"url\":\"https:\\\/\\\/rieser-tropfen.de\\\/shop\\\/produkt\\\/antiche-terre-amarone\\\/\",\"name\":\"- ANTICHE TERRE - Amarone - Vitzthum Shop\",\"isPartOf\":{\"@id\":\"https:\\\/\\\/rieser-tropfen.de\\\/shop\\\/#website\"},\"primaryImageOfPage\":{\"@id\":\"https:\\\/\\\/rieser-tropfen.de\\\/shop\\\/produkt\\\/antiche-terre-amarone\\\/#primaryimage\"},\"image\":{\"@id\":\"https:\\\/\\\/rieser-tropfen.de\\\/shop\\\/produkt\\\/antiche-terre-amarone\\\/#primaryimage\"},\"thumbnailUrl\":\"https:\\\/\\\/rieser-tropfen.de\\\/shop\\\/wp-content\\\/uploads\\\/2018\\\/02\\\/AntTerre-Amarone-shop5.png\",\"datePublished\":\"2018-02-09T14:19:09+00:00\",\"dateModified\":\"2023-01-20T15:27:20+00:00\",\"breadcrumb\":{\"@id\":\"https:\\\/\\\/rieser-tropfen.de\\\/shop\\\/produkt\\\/antiche-terre-amarone\\\/#breadcrumb\"},\"inLanguage\":\"de\",\"potentialAction\":[{\"@type\":\"ReadAction\",\"target\":[\"https:\\\/\\\/rieser-tropfen.de\\\/shop\\\/produkt\\\/antiche-terre-amarone\\\/\"]}]},{\"@type\":\"ImageObject\",\"inLanguage\":\"de\",\"@id\":\"https:\\\/\\\/rieser-tropfen.de\\\/shop\\\/produkt\\\/antiche-terre-amarone\\\/#primaryimage\",\"url\":\"https:\\\/\\\/rieser-tropfen.de\\\/shop\\\/wp-content\\\/uploads\\\/2018\\\/02\\\/AntTerre-Amarone-shop5.png\",\"contentUrl\":\"https:\\\/\\\/rieser-tropfen.de\\\/shop\\\/wp-content\\\/uploads\\\/2018\\\/02\\\/AntTerre-Amarone-shop5.png\",\"width\":500,\"height\":600},{\"@type\":\"BreadcrumbList\",\"@id\":\"https:\\\/\\\/rieser-tropfen.de\\\/shop\\\/produkt\\\/antiche-terre-amarone\\\/#breadcrumb\",\"itemListElement\":[{\"@type\":\"ListItem\",\"position\":1,\"name\":\"Home\",\"item\":\"https:\\\/\\\/rieser-tropfen.de\\\/shop\\\/\"},{\"@type\":\"ListItem\",\"position\":2,\"name\":\"Shop\",\"item\":\"https:\\\/\\\/rieser-tropfen.de\\\/shop\\\/shop\\\/\"},{\"@type\":\"ListItem\",\"position\":3,\"name\":\"&#8212;&#8212; ANTICHE TERRE &#8212;&#8212; Amarone\"}]},{\"@type\":\"WebSite\",\"@id\":\"https:\\\/\\\/rieser-tropfen.de\\\/shop\\\/#website\",\"url\":\"https:\\\/\\\/rieser-tropfen.de\\\/shop\\\/\",\"name\":\"Vitzthum Shop\",\"description\":\"handgemachte Beerengeister, Obstbr\u00e4nde und Kr\u00e4uter- sowie Fruchtlik\u00f6re\",\"publisher\":{\"@id\":\"https:\\\/\\\/rieser-tropfen.de\\\/shop\\\/#organization\"},\"potentialAction\":[{\"@type\":\"SearchAction\",\"target\":{\"@type\":\"EntryPoint\",\"urlTemplate\":\"https:\\\/\\\/rieser-tropfen.de\\\/shop\\\/?s={search_term_string}\"},\"query-input\":{\"@type\":\"PropertyValueSpecification\",\"valueRequired\":true,\"valueName\":\"search_term_string\"}}],\"inLanguage\":\"de\"},{\"@type\":\"Organization\",\"@id\":\"https:\\\/\\\/rieser-tropfen.de\\\/shop\\\/#organization\",\"name\":\"Vitzthum GmbH\",\"url\":\"https:\\\/\\\/rieser-tropfen.de\\\/shop\\\/\",\"logo\":{\"@type\":\"ImageObject\",\"inLanguage\":\"de\",\"@id\":\"https:\\\/\\\/rieser-tropfen.de\\\/shop\\\/#\\\/schema\\\/logo\\\/image\\\/\",\"url\":\"https:\\\/\\\/rieser-tropfen.de\\\/shop\\\/wp-content\\\/uploads\\\/2021\\\/03\\\/Logo-Vitzthum-2021-gold.jpg\",\"contentUrl\":\"https:\\\/\\\/rieser-tropfen.de\\\/shop\\\/wp-content\\\/uploads\\\/2021\\\/03\\\/Logo-Vitzthum-2021-gold.jpg\",\"width\":149,\"height\":69,\"caption\":\"Vitzthum GmbH\"},\"image\":{\"@id\":\"https:\\\/\\\/rieser-tropfen.de\\\/shop\\\/#\\\/schema\\\/logo\\\/image\\\/\"},\"sameAs\":[\"https:\\\/\\\/www.facebook.com\\\/vitzthum.destillerie\\\/?locale=de_DE\"]}]}<\/script>\n<!-- \/ Yoast SEO plugin. -->","yoast_head_json":{"title":"- ANTICHE TERRE - Amarone - Vitzthum Shop","robots":{"index":"index","follow":"follow","max-snippet":"max-snippet:-1","max-image-preview":"max-image-preview:large","max-video-preview":"max-video-preview:-1"},"canonical":"https:\/\/rieser-tropfen.de\/shop\/produkt\/antiche-terre-amarone\/","og_locale":"de_DE","og_type":"article","og_title":"- ANTICHE TERRE - Amarone - Vitzthum Shop","og_description":"Corvina Veronese, Corvinone, Rondinella ergeben einen samtigen, extrem dichten Roten, dessen Aromen von schwarzen Kirschen \u00fcber getrocknete Kr\u00e4uter bis hin zu Veilchen reichen. Seine kr\u00e4ftige Struktur mit seiner typischen, leicht bitteren Note machen ihn zum perfekten Begleiter f\u00fcr deftige Gerichte, wie geschmortem Fleisch.","og_url":"https:\/\/rieser-tropfen.de\/shop\/produkt\/antiche-terre-amarone\/","og_site_name":"Vitzthum Shop","article_publisher":"https:\/\/www.facebook.com\/vitzthum.destillerie\/?locale=de_DE","article_modified_time":"2023-01-20T15:27:20+00:00","og_image":[{"width":500,"height":600,"url":"https:\/\/rieser-tropfen.de\/shop\/wp-content\/uploads\/2018\/02\/AntTerre-Amarone-shop5.png","type":"image\/png"}],"twitter_card":"summary_large_image","twitter_misc":{"Gesch\u00e4tzte Lesezeit":"1\u00a0Minute"},"schema":{"@context":"https:\/\/schema.org","@graph":[{"@type":"WebPage","@id":"https:\/\/rieser-tropfen.de\/shop\/produkt\/antiche-terre-amarone\/","url":"https:\/\/rieser-tropfen.de\/shop\/produkt\/antiche-terre-amarone\/","name":"- ANTICHE TERRE - Amarone - Vitzthum Shop","isPartOf":{"@id":"https:\/\/rieser-tropfen.de\/shop\/#website"},"primaryImageOfPage":{"@id":"https:\/\/rieser-tropfen.de\/shop\/produkt\/antiche-terre-amarone\/#primaryimage"},"image":{"@id":"https:\/\/rieser-tropfen.de\/shop\/produkt\/antiche-terre-amarone\/#primaryimage"},"thumbnailUrl":"https:\/\/rieser-tropfen.de\/shop\/wp-content\/uploads\/2018\/02\/AntTerre-Amarone-shop5.png","datePublished":"2018-02-09T14:19:09+00:00","dateModified":"2023-01-20T15:27:20+00:00","breadcrumb":{"@id":"https:\/\/rieser-tropfen.de\/shop\/produkt\/antiche-terre-amarone\/#breadcrumb"},"inLanguage":"de","potentialAction":[{"@type":"ReadAction","target":["https:\/\/rieser-tropfen.de\/shop\/produkt\/antiche-terre-amarone\/"]}]},{"@type":"ImageObject","inLanguage":"de","@id":"https:\/\/rieser-tropfen.de\/shop\/produkt\/antiche-terre-amarone\/#primaryimage","url":"https:\/\/rieser-tropfen.de\/shop\/wp-content\/uploads\/2018\/02\/AntTerre-Amarone-shop5.png","contentUrl":"https:\/\/rieser-tropfen.de\/shop\/wp-content\/uploads\/2018\/02\/AntTerre-Amarone-shop5.png","width":500,"height":600},{"@type":"BreadcrumbList","@id":"https:\/\/rieser-tropfen.de\/shop\/produkt\/antiche-terre-amarone\/#breadcrumb","itemListElement":[{"@type":"ListItem","position":1,"name":"Home","item":"https:\/\/rieser-tropfen.de\/shop\/"},{"@type":"ListItem","position":2,"name":"Shop","item":"https:\/\/rieser-tropfen.de\/shop\/shop\/"},{"@type":"ListItem","position":3,"name":"&#8212;&#8212; ANTICHE TERRE &#8212;&#8212; Amarone"}]},{"@type":"WebSite","@id":"https:\/\/rieser-tropfen.de\/shop\/#website","url":"https:\/\/rieser-tropfen.de\/shop\/","name":"Vitzthum Shop","description":"handgemachte Beerengeister, Obstbr\u00e4nde und Kr\u00e4uter- sowie Fruchtlik\u00f6re","publisher":{"@id":"https:\/\/rieser-tropfen.de\/shop\/#organization"},"potentialAction":[{"@type":"SearchAction","target":{"@type":"EntryPoint","urlTemplate":"https:\/\/rieser-tropfen.de\/shop\/?s={search_term_string}"},"query-input":{"@type":"PropertyValueSpecification","valueRequired":true,"valueName":"search_term_string"}}],"inLanguage":"de"},{"@type":"Organization","@id":"https:\/\/rieser-tropfen.de\/shop\/#organization","name":"Vitzthum GmbH","url":"https:\/\/rieser-tropfen.de\/shop\/","logo":{"@type":"ImageObject","inLanguage":"de","@id":"https:\/\/rieser-tropfen.de\/shop\/#\/schema\/logo\/image\/","url":"https:\/\/rieser-tropfen.de\/shop\/wp-content\/uploads\/2021\/03\/Logo-Vitzthum-2021-gold.jpg","contentUrl":"https:\/\/rieser-tropfen.de\/shop\/wp-content\/uploads\/2021\/03\/Logo-Vitzthum-2021-gold.jpg","width":149,"height":69,"caption":"Vitzthum GmbH"},"image":{"@id":"https:\/\/rieser-tropfen.de\/shop\/#\/schema\/logo\/image\/"},"sameAs":["https:\/\/www.facebook.com\/vitzthum.destillerie\/?locale=de_DE"]}]}},"_links":{"self":[{"href":"https:\/\/rieser-tropfen.de\/shop\/wp-json\/wp\/v2\/product\/1336","targetHints":{"allow":["GET"]}}],"collection":[{"href":"https:\/\/rieser-tropfen.de\/shop\/wp-json\/wp\/v2\/product"}],"about":[{"href":"https:\/\/rieser-tropfen.de\/shop\/wp-json\/wp\/v2\/types\/product"}],"wp:featuredmedia":[{"embeddable":true,"href":"https:\/\/rieser-tropfen.de\/shop\/wp-json\/wp\/v2\/media\/2373"}],"wp:attachment":[{"href":"https:\/\/rieser-tropfen.de\/shop\/wp-json\/wp\/v2\/media?parent=1336"}],"wp:term":[{"taxonomy":"product_brand","embeddable":true,"href":"https:\/\/rieser-tropfen.de\/shop\/wp-json\/wp\/v2\/product_brand?post=1336"},{"taxonomy":"product_cat","embeddable":true,"href":"https:\/\/rieser-tropfen.de\/shop\/wp-json\/wp\/v2\/product_cat?post=1336"},{"taxonomy":"product_tag","embeddable":true,"href":"https:\/\/rieser-tropfen.de\/shop\/wp-json\/wp\/v2\/product_tag?post=1336"}],"curies":[{"name":"wp","href":"https:\/\/api.w.org\/{rel}","templated":true}]}}