{"id":1545,"date":"2019-06-13T12:04:09","date_gmt":"2019-06-13T10:04:09","guid":{"rendered":"https:\/\/rieser-tropfen.de\/shop\/?post_type=product&#038;p=1545"},"modified":"2023-04-12T15:05:12","modified_gmt":"2023-04-12T13:05:12","slug":"suevia-obstbrand-fassgelagert","status":"publish","type":"product","link":"https:\/\/rieser-tropfen.de\/shop\/produkt\/suevia-obstbrand-fassgelagert\/","title":{"rendered":"SUEVIA Obstbrand &#8211; fassgelagert &#8211;"},"content":{"rendered":"\t<div class=\"img has-hover x md-x lg-x y md-y lg-y\" id=\"image_457150365\">\n\t\t\t\t\t\t\t\t<div class=\"img-inner dark\" style=\"margin:0px 0px 18px 0px;\">\n\t\t\t<img loading=\"lazy\" decoding=\"async\" width=\"1020\" height=\"490\" src=\"https:\/\/rieser-tropfen.de\/shop\/wp-content\/uploads\/2019\/06\/Obstgarten-Trilogie.jpg\" class=\"attachment-large size-large\" alt=\"\" srcset=\"https:\/\/rieser-tropfen.de\/shop\/wp-content\/uploads\/2019\/06\/Obstgarten-Trilogie.jpg 1040w, https:\/\/rieser-tropfen.de\/shop\/wp-content\/uploads\/2019\/06\/Obstgarten-Trilogie-510x245.jpg 510w, https:\/\/rieser-tropfen.de\/shop\/wp-content\/uploads\/2019\/06\/Obstgarten-Trilogie-800x385.jpg 800w, https:\/\/rieser-tropfen.de\/shop\/wp-content\/uploads\/2019\/06\/Obstgarten-Trilogie-768x369.jpg 768w\" sizes=\"auto, (max-width: 1020px) 100vw, 1020px\" \/>\t\t\t\t\t\t\n\t\t\t\t\t<\/div>\n\t\t\t\t\t\t\t\t\n<style>\n#image_457150365 {\n  width: 100%;\n}\n<\/style>\n\t<\/div>\n\t\n<p><span style=\"color: #de901b;\">im Schatten der N\u00f6rdlinger Stadtmauer\u00a0 &#8230;<\/span><\/p>\n<h1>unser Streuobstgarten.<\/h1>\n<div class=\"wpb_text_column wpb_content_elementvc_custom_1493304284354\">\n<div class=\"wpb_wrapper\">\n<p>Eine nahezu unersch\u00f6pfliche Vielfalt an Obstsorten bieten unsere hauseigenen Streuobstwiesen und die, unserer Rieser B\u00fcrger. Gerade die sp\u00e4treifenden \u00c4pfel und Birnen mit hohem Zuckergehalt und ausepr\u00e4tem sortentypischen Aroma sind f\u00fcr unsere Qualti\u00e4tsbr\u00e4nde uners\u00e4tzlicher Rohstoff. Es ist ein unbezahlbarer Vorteil, die Ausgangsbasis, sprich die Fr\u00fcchte, deren Anbau, die Pflege der Obstb\u00e4ume und optimale Erntezeit selbst festzulegen.\u00a0 \u00a0 \u00a0 \u00a0 \u00a0 \u00a0 \u00a0 \u00a0 \u00a0 \u00a0 \u00a0 \u00a0 \u00a0 \u00a0 \u00a0 \u00a0 \u00a0 \u00a0 \u00a0 \u00a0 \u00a0 \u00a0 \u00a0 \u00a0 \u00a0 \u00a0 \u00a0 \u00a0 \u00a0 \u00a0 \u00a0 \u00a0 \u00a0 \u00a0 Solch ein Biotop mit all seinen jahreszeitlichen Facetten, bietet zudem wervollte Lebensr\u00e4ume f\u00fcr zahlreiche, oft seltene Pflanzen und Tiere. Die Nutzung ohne chemischen Pflanzenschutz und Minerald\u00fcngereinsatz lassen artenreiche Blumen-wiesen entstehen, die wiederum den Kreislauf der biologischen Fruchtpflege durch N\u00fctzlinge schlie\u00dfen.<\/p>\n<\/div>\n<\/div>\n","protected":false},"excerpt":{"rendered":"<p>Sp\u00e4treifende alte Sorten, wie Cox Orange, Boskop, Goldpam\u00e4ne, Jakob-Fischer sowie Wahlsche Mostbirnen pr\u00e4gen seine wuchtig-dichte feinherbe Aromatik, die durch Fasslagerung mit edler Holznote (Vanille und Karamell) getragen wird.<\/p>\n","protected":false},"featured_media":1549,"template":"","meta":[],"product_brand":[],"product_cat":[70,85],"product_tag":[116,117,155,158,119,121,483],"class_list":{"0":"post-1545","1":"product","2":"type-product","3":"status-publish","4":"has-post-thumbnail","6":"product_cat-obstbraende","7":"product_cat-suevia","8":"product_tag-apfel-birnenbrand","9":"product_tag-apfelbrand","10":"product_tag-fasslagerung","11":"product_tag-holzfass","12":"product_tag-intensiv-fruchtig","13":"product_tag-obstbrand","14":"product_tag-obstwasser","16":"first","17":"instock","18":"shipping-taxable","19":"purchasable","20":"product-type-simple"},"yoast_head":"<!-- This site is optimized with the Yoast SEO plugin v27.5 - https:\/\/yoast.com\/product\/yoast-seo-wordpress\/ -->\n<title>SUEVIA Obstbrand - fassgelagert - Vitzthum Shop<\/title>\n<meta name=\"robots\" content=\"index, follow, max-snippet:-1, max-image-preview:large, max-video-preview:-1\" \/>\n<link rel=\"canonical\" href=\"https:\/\/rieser-tropfen.de\/shop\/produkt\/suevia-obstbrand-fassgelagert\/\" \/>\n<meta property=\"og:locale\" content=\"de_DE\" \/>\n<meta property=\"og:type\" content=\"article\" \/>\n<meta property=\"og:title\" content=\"SUEVIA Obstbrand - fassgelagert - Vitzthum Shop\" \/>\n<meta property=\"og:description\" content=\"Sp\u00e4treifende alte Sorten, wie Cox Orange, Boskop, Goldpam\u00e4ne, Jakob-Fischer sowie Wahlsche Mostbirnen pr\u00e4gen seine wuchtig-dichte feinherbe Aromatik, die durch Fasslagerung mit edler Holznote (Vanille und Karamell) getragen wird.\" \/>\n<meta property=\"og:url\" content=\"https:\/\/rieser-tropfen.de\/shop\/produkt\/suevia-obstbrand-fassgelagert\/\" \/>\n<meta property=\"og:site_name\" content=\"Vitzthum Shop\" \/>\n<meta property=\"article:publisher\" content=\"https:\/\/www.facebook.com\/vitzthum.destillerie\/?locale=de_DE\" \/>\n<meta property=\"article:modified_time\" content=\"2023-04-12T13:05:12+00:00\" \/>\n<meta property=\"og:image\" content=\"https:\/\/rieser-tropfen.de\/shop\/wp-content\/uploads\/2019\/06\/SUEVIA-Obstbrand-05A.jpg\" \/>\n\t<meta property=\"og:image:width\" content=\"500\" \/>\n\t<meta property=\"og:image:height\" content=\"600\" \/>\n\t<meta property=\"og:image:type\" content=\"image\/jpeg\" \/>\n<meta name=\"twitter:card\" content=\"summary_large_image\" \/>\n<meta name=\"twitter:label1\" content=\"Gesch\u00e4tzte Lesezeit\" \/>\n\t<meta name=\"twitter:data1\" content=\"1\u00a0Minute\" \/>\n<script type=\"application\/ld+json\" class=\"yoast-schema-graph\">{\"@context\":\"https:\\\/\\\/schema.org\",\"@graph\":[{\"@type\":\"WebPage\",\"@id\":\"https:\\\/\\\/rieser-tropfen.de\\\/shop\\\/produkt\\\/suevia-obstbrand-fassgelagert\\\/\",\"url\":\"https:\\\/\\\/rieser-tropfen.de\\\/shop\\\/produkt\\\/suevia-obstbrand-fassgelagert\\\/\",\"name\":\"SUEVIA Obstbrand - fassgelagert - Vitzthum Shop\",\"isPartOf\":{\"@id\":\"https:\\\/\\\/rieser-tropfen.de\\\/shop\\\/#website\"},\"primaryImageOfPage\":{\"@id\":\"https:\\\/\\\/rieser-tropfen.de\\\/shop\\\/produkt\\\/suevia-obstbrand-fassgelagert\\\/#primaryimage\"},\"image\":{\"@id\":\"https:\\\/\\\/rieser-tropfen.de\\\/shop\\\/produkt\\\/suevia-obstbrand-fassgelagert\\\/#primaryimage\"},\"thumbnailUrl\":\"https:\\\/\\\/rieser-tropfen.de\\\/shop\\\/wp-content\\\/uploads\\\/2019\\\/06\\\/SUEVIA-Obstbrand-05A.jpg\",\"datePublished\":\"2019-06-13T10:04:09+00:00\",\"dateModified\":\"2023-04-12T13:05:12+00:00\",\"breadcrumb\":{\"@id\":\"https:\\\/\\\/rieser-tropfen.de\\\/shop\\\/produkt\\\/suevia-obstbrand-fassgelagert\\\/#breadcrumb\"},\"inLanguage\":\"de\",\"potentialAction\":[{\"@type\":\"ReadAction\",\"target\":[\"https:\\\/\\\/rieser-tropfen.de\\\/shop\\\/produkt\\\/suevia-obstbrand-fassgelagert\\\/\"]}]},{\"@type\":\"ImageObject\",\"inLanguage\":\"de\",\"@id\":\"https:\\\/\\\/rieser-tropfen.de\\\/shop\\\/produkt\\\/suevia-obstbrand-fassgelagert\\\/#primaryimage\",\"url\":\"https:\\\/\\\/rieser-tropfen.de\\\/shop\\\/wp-content\\\/uploads\\\/2019\\\/06\\\/SUEVIA-Obstbrand-05A.jpg\",\"contentUrl\":\"https:\\\/\\\/rieser-tropfen.de\\\/shop\\\/wp-content\\\/uploads\\\/2019\\\/06\\\/SUEVIA-Obstbrand-05A.jpg\",\"width\":500,\"height\":600},{\"@type\":\"BreadcrumbList\",\"@id\":\"https:\\\/\\\/rieser-tropfen.de\\\/shop\\\/produkt\\\/suevia-obstbrand-fassgelagert\\\/#breadcrumb\",\"itemListElement\":[{\"@type\":\"ListItem\",\"position\":1,\"name\":\"Home\",\"item\":\"https:\\\/\\\/rieser-tropfen.de\\\/shop\\\/\"},{\"@type\":\"ListItem\",\"position\":2,\"name\":\"Shop\",\"item\":\"https:\\\/\\\/rieser-tropfen.de\\\/shop\\\/shop\\\/\"},{\"@type\":\"ListItem\",\"position\":3,\"name\":\"SUEVIA Obstbrand &#8211; fassgelagert &#8211;\"}]},{\"@type\":\"WebSite\",\"@id\":\"https:\\\/\\\/rieser-tropfen.de\\\/shop\\\/#website\",\"url\":\"https:\\\/\\\/rieser-tropfen.de\\\/shop\\\/\",\"name\":\"Vitzthum Shop\",\"description\":\"handgemachte Beerengeister, Obstbr\u00e4nde und Kr\u00e4uter- sowie Fruchtlik\u00f6re\",\"publisher\":{\"@id\":\"https:\\\/\\\/rieser-tropfen.de\\\/shop\\\/#organization\"},\"potentialAction\":[{\"@type\":\"SearchAction\",\"target\":{\"@type\":\"EntryPoint\",\"urlTemplate\":\"https:\\\/\\\/rieser-tropfen.de\\\/shop\\\/?s={search_term_string}\"},\"query-input\":{\"@type\":\"PropertyValueSpecification\",\"valueRequired\":true,\"valueName\":\"search_term_string\"}}],\"inLanguage\":\"de\"},{\"@type\":\"Organization\",\"@id\":\"https:\\\/\\\/rieser-tropfen.de\\\/shop\\\/#organization\",\"name\":\"Vitzthum GmbH\",\"url\":\"https:\\\/\\\/rieser-tropfen.de\\\/shop\\\/\",\"logo\":{\"@type\":\"ImageObject\",\"inLanguage\":\"de\",\"@id\":\"https:\\\/\\\/rieser-tropfen.de\\\/shop\\\/#\\\/schema\\\/logo\\\/image\\\/\",\"url\":\"https:\\\/\\\/rieser-tropfen.de\\\/shop\\\/wp-content\\\/uploads\\\/2021\\\/03\\\/Logo-Vitzthum-2021-gold.jpg\",\"contentUrl\":\"https:\\\/\\\/rieser-tropfen.de\\\/shop\\\/wp-content\\\/uploads\\\/2021\\\/03\\\/Logo-Vitzthum-2021-gold.jpg\",\"width\":149,\"height\":69,\"caption\":\"Vitzthum GmbH\"},\"image\":{\"@id\":\"https:\\\/\\\/rieser-tropfen.de\\\/shop\\\/#\\\/schema\\\/logo\\\/image\\\/\"},\"sameAs\":[\"https:\\\/\\\/www.facebook.com\\\/vitzthum.destillerie\\\/?locale=de_DE\"]}]}<\/script>\n<!-- \/ Yoast SEO plugin. -->","yoast_head_json":{"title":"SUEVIA Obstbrand - fassgelagert - Vitzthum Shop","robots":{"index":"index","follow":"follow","max-snippet":"max-snippet:-1","max-image-preview":"max-image-preview:large","max-video-preview":"max-video-preview:-1"},"canonical":"https:\/\/rieser-tropfen.de\/shop\/produkt\/suevia-obstbrand-fassgelagert\/","og_locale":"de_DE","og_type":"article","og_title":"SUEVIA Obstbrand - fassgelagert - Vitzthum Shop","og_description":"Sp\u00e4treifende alte Sorten, wie Cox Orange, Boskop, Goldpam\u00e4ne, Jakob-Fischer sowie Wahlsche Mostbirnen pr\u00e4gen seine wuchtig-dichte feinherbe Aromatik, die durch Fasslagerung mit edler Holznote (Vanille und Karamell) getragen wird.","og_url":"https:\/\/rieser-tropfen.de\/shop\/produkt\/suevia-obstbrand-fassgelagert\/","og_site_name":"Vitzthum Shop","article_publisher":"https:\/\/www.facebook.com\/vitzthum.destillerie\/?locale=de_DE","article_modified_time":"2023-04-12T13:05:12+00:00","og_image":[{"width":500,"height":600,"url":"https:\/\/rieser-tropfen.de\/shop\/wp-content\/uploads\/2019\/06\/SUEVIA-Obstbrand-05A.jpg","type":"image\/jpeg"}],"twitter_card":"summary_large_image","twitter_misc":{"Gesch\u00e4tzte Lesezeit":"1\u00a0Minute"},"schema":{"@context":"https:\/\/schema.org","@graph":[{"@type":"WebPage","@id":"https:\/\/rieser-tropfen.de\/shop\/produkt\/suevia-obstbrand-fassgelagert\/","url":"https:\/\/rieser-tropfen.de\/shop\/produkt\/suevia-obstbrand-fassgelagert\/","name":"SUEVIA Obstbrand - fassgelagert - Vitzthum Shop","isPartOf":{"@id":"https:\/\/rieser-tropfen.de\/shop\/#website"},"primaryImageOfPage":{"@id":"https:\/\/rieser-tropfen.de\/shop\/produkt\/suevia-obstbrand-fassgelagert\/#primaryimage"},"image":{"@id":"https:\/\/rieser-tropfen.de\/shop\/produkt\/suevia-obstbrand-fassgelagert\/#primaryimage"},"thumbnailUrl":"https:\/\/rieser-tropfen.de\/shop\/wp-content\/uploads\/2019\/06\/SUEVIA-Obstbrand-05A.jpg","datePublished":"2019-06-13T10:04:09+00:00","dateModified":"2023-04-12T13:05:12+00:00","breadcrumb":{"@id":"https:\/\/rieser-tropfen.de\/shop\/produkt\/suevia-obstbrand-fassgelagert\/#breadcrumb"},"inLanguage":"de","potentialAction":[{"@type":"ReadAction","target":["https:\/\/rieser-tropfen.de\/shop\/produkt\/suevia-obstbrand-fassgelagert\/"]}]},{"@type":"ImageObject","inLanguage":"de","@id":"https:\/\/rieser-tropfen.de\/shop\/produkt\/suevia-obstbrand-fassgelagert\/#primaryimage","url":"https:\/\/rieser-tropfen.de\/shop\/wp-content\/uploads\/2019\/06\/SUEVIA-Obstbrand-05A.jpg","contentUrl":"https:\/\/rieser-tropfen.de\/shop\/wp-content\/uploads\/2019\/06\/SUEVIA-Obstbrand-05A.jpg","width":500,"height":600},{"@type":"BreadcrumbList","@id":"https:\/\/rieser-tropfen.de\/shop\/produkt\/suevia-obstbrand-fassgelagert\/#breadcrumb","itemListElement":[{"@type":"ListItem","position":1,"name":"Home","item":"https:\/\/rieser-tropfen.de\/shop\/"},{"@type":"ListItem","position":2,"name":"Shop","item":"https:\/\/rieser-tropfen.de\/shop\/shop\/"},{"@type":"ListItem","position":3,"name":"SUEVIA Obstbrand &#8211; fassgelagert &#8211;"}]},{"@type":"WebSite","@id":"https:\/\/rieser-tropfen.de\/shop\/#website","url":"https:\/\/rieser-tropfen.de\/shop\/","name":"Vitzthum Shop","description":"handgemachte Beerengeister, Obstbr\u00e4nde und Kr\u00e4uter- sowie Fruchtlik\u00f6re","publisher":{"@id":"https:\/\/rieser-tropfen.de\/shop\/#organization"},"potentialAction":[{"@type":"SearchAction","target":{"@type":"EntryPoint","urlTemplate":"https:\/\/rieser-tropfen.de\/shop\/?s={search_term_string}"},"query-input":{"@type":"PropertyValueSpecification","valueRequired":true,"valueName":"search_term_string"}}],"inLanguage":"de"},{"@type":"Organization","@id":"https:\/\/rieser-tropfen.de\/shop\/#organization","name":"Vitzthum GmbH","url":"https:\/\/rieser-tropfen.de\/shop\/","logo":{"@type":"ImageObject","inLanguage":"de","@id":"https:\/\/rieser-tropfen.de\/shop\/#\/schema\/logo\/image\/","url":"https:\/\/rieser-tropfen.de\/shop\/wp-content\/uploads\/2021\/03\/Logo-Vitzthum-2021-gold.jpg","contentUrl":"https:\/\/rieser-tropfen.de\/shop\/wp-content\/uploads\/2021\/03\/Logo-Vitzthum-2021-gold.jpg","width":149,"height":69,"caption":"Vitzthum GmbH"},"image":{"@id":"https:\/\/rieser-tropfen.de\/shop\/#\/schema\/logo\/image\/"},"sameAs":["https:\/\/www.facebook.com\/vitzthum.destillerie\/?locale=de_DE"]}]}},"_links":{"self":[{"href":"https:\/\/rieser-tropfen.de\/shop\/wp-json\/wp\/v2\/product\/1545","targetHints":{"allow":["GET"]}}],"collection":[{"href":"https:\/\/rieser-tropfen.de\/shop\/wp-json\/wp\/v2\/product"}],"about":[{"href":"https:\/\/rieser-tropfen.de\/shop\/wp-json\/wp\/v2\/types\/product"}],"wp:featuredmedia":[{"embeddable":true,"href":"https:\/\/rieser-tropfen.de\/shop\/wp-json\/wp\/v2\/media\/1549"}],"wp:attachment":[{"href":"https:\/\/rieser-tropfen.de\/shop\/wp-json\/wp\/v2\/media?parent=1545"}],"wp:term":[{"taxonomy":"product_brand","embeddable":true,"href":"https:\/\/rieser-tropfen.de\/shop\/wp-json\/wp\/v2\/product_brand?post=1545"},{"taxonomy":"product_cat","embeddable":true,"href":"https:\/\/rieser-tropfen.de\/shop\/wp-json\/wp\/v2\/product_cat?post=1545"},{"taxonomy":"product_tag","embeddable":true,"href":"https:\/\/rieser-tropfen.de\/shop\/wp-json\/wp\/v2\/product_tag?post=1545"}],"curies":[{"name":"wp","href":"https:\/\/api.w.org\/{rel}","templated":true}]}}