{"id":1665,"date":"2020-02-12T11:17:18","date_gmt":"2020-02-12T10:17:18","guid":{"rendered":"https:\/\/rieser-tropfen.de\/shop\/?post_type=product&#038;p=1665"},"modified":"2022-10-24T11:48:21","modified_gmt":"2022-10-24T09:48:21","slug":"bio-boskop-apfelbrand","status":"publish","type":"product","link":"https:\/\/rieser-tropfen.de\/shop\/produkt\/bio-boskop-apfelbrand\/","title":{"rendered":"BIO Boskop Apfelbrand &#8211; Goldmedaille ISW 2020!!"},"content":{"rendered":"<div class=\"row\"  id=\"row-1144908615\"><\/div>\n\n\t<div id=\"col-1183485646\" class=\"col small-12 large-12\"  >\n\t\t\t\t<div class=\"col-inner\"  >\n\t\t\t\n\t\t\t\t\t<\/div>\n\t\t\t\t\n<style>\n#col-1183485646 > .col-inner {\n  padding: 18px 0px 0px 0px;\n}\n<\/style>\n\t<\/div>\n\n\t\n\t<div class=\"img has-hover x md-x lg-x y md-y lg-y\" id=\"image_1504244467\">\n\t\t\t\t\t\t\t\t<div class=\"img-inner dark\" >\n\t\t\t<img loading=\"lazy\" decoding=\"async\" width=\"1020\" height=\"490\" src=\"https:\/\/rieser-tropfen.de\/shop\/wp-content\/uploads\/2019\/06\/Obstgarten-Trilogie.jpg\" class=\"attachment-large size-large\" alt=\"\" srcset=\"https:\/\/rieser-tropfen.de\/shop\/wp-content\/uploads\/2019\/06\/Obstgarten-Trilogie.jpg 1040w, https:\/\/rieser-tropfen.de\/shop\/wp-content\/uploads\/2019\/06\/Obstgarten-Trilogie-510x245.jpg 510w, https:\/\/rieser-tropfen.de\/shop\/wp-content\/uploads\/2019\/06\/Obstgarten-Trilogie-800x385.jpg 800w, https:\/\/rieser-tropfen.de\/shop\/wp-content\/uploads\/2019\/06\/Obstgarten-Trilogie-768x369.jpg 768w\" sizes=\"auto, (max-width: 1020px) 100vw, 1020px\" \/>\t\t\t\t\t\t\n\t\t\t\t\t<\/div>\n\t\t\t\t\t\t\t\t\n<style>\n#image_1504244467 {\n  width: 100%;\n}\n<\/style>\n\t<\/div>\n\t\n<p><span style=\"color: #ffcc00;\">im Schatten der N\u00f6rdlinger Stadtmauer &#8211;<\/span><\/p>\n<h1>unser BIO-Streuobstgarten &#8211; zertifiziert seit 2019!<\/h1>\n<div class=\"wpb_text_column wpb_content_elementvc_custom_1493304284354\">\n<div class=\"wpb_wrapper\">\n<p>Eine geniale Vielfalt an Obstsorten bietet unser Streuobstgarten; gerade die sp\u00e4treifenden Apfel, Birnen und Zwetschgen mit hohem Zuckergehalt und ausgepr\u00e4gtem sortentypischen Aroma sind f\u00fcr einen Qualtit\u00e4tsbrand uners\u00e4tzlicher Rohstoff. Es ist ein unbezahlbarer Vorteil, die Ausgangsbasis, sprich die Fr\u00fcchte, deren Anbau, die Pflege der Obstb\u00e4ume und die optimale Erntezeit selbst festzulegen.\u00a0 \u00a0 \u00a0 \u00a0 \u00a0 \u00a0 \u00a0 \u00a0 \u00a0 \u00a0 \u00a0 \u00a0 \u00a0 \u00a0 \u00a0 \u00a0 \u00a0 \u00a0 \u00a0 \u00a0 \u00a0 \u00a0 \u00a0 \u00a0 \u00a0 \u00a0 \u00a0 \u00a0 \u00a0 \u00a0 \u00a0 \u00a0 \u00a0 \u00a0 \u00a0 \u00a0 \u00a0 \u00a0 \u00a0 \u00a0 \u00a0 \u00a0 \u00a0 \u00a0 \u00a0 \u00a0 \u00a0 \u00a0 \u00a0 \u00a0 \u00a0 \u00a0 \u00a0 \u00a0 \u00a0 \u00a0 \u00a0 \u00a0 \u00a0 \u00a0 \u00a0 \u00a0 \u00a0 \u00a0 \u00a0 \u00a0 \u00a0 \u00a0 \u00a0 \u00a0Solch ein Biotop, mit all seinen jahreszeitlichen Facetten, bietet zudem wertvolle Lebensr\u00e4ume f\u00fcr zahlreiche, oft seltene Pflanzen und Tiere. Die Nutzung ohne chemischen Pflanzenschutz und Minerald\u00fcngereinsatz lassen artenreiche Blumenwiesen entstehen, die wiederum den Keislauf der biologischen Fruchtpflege durch N\u00fctzlinge schlie\u00dfen.<\/p>\n<\/div>\n<\/div>\n<p><span style=\"color: #de901b;\">Lederapfel, Renette von Montfort &#8211;<\/span><\/p>\n<h1>Sch\u00f6ner von Boskoop!<\/h1>\n<p>Der Sch\u00f6ne aus Boskoop, im Deutschen zumeist kurz Boskop, ist eine zu den Renetten z\u00e4hlende Sorte des Kulturapfels und den Winter\u00e4pfeln zuzurechnen. Sein urspr\u00fcnglicher Name war Renette von Montfort. In \u00d6sterreich und Bayern wird er zu den Leder\u00e4pfeln gez\u00e4hlt. Wikipedia<br \/>\nDieser Apfel reift sehr sp\u00e4t, Ende Oktober, und ist unglaublich lange haltbar. Er besitzt ein festes Fruchtfleisch, das ihn zum perfekten Backapel macht. Seine feine S\u00e4ure mit dem feinherben Apfelaroma macht diese alte Apfelsorte zum wunderbaren Speiseobst.<\/p>\n","protected":false},"excerpt":{"rendered":"<p>intensiver fruchtiger Apfel in der Nase, der am Gaumen die wunderbare aromatische Vielfalt des Boskopapfels zeigt. Ein reinsortiger Apfelbrand der Extraklasse.<\/p>\n","protected":false},"featured_media":1873,"template":"","meta":[],"product_brand":[],"product_cat":[70,85],"product_tag":[117,592,591,589,94,575,120,590],"class_list":{"0":"post-1665","1":"product","2":"type-product","3":"status-publish","4":"has-post-thumbnail","6":"product_cat-obstbraende","7":"product_cat-suevia","8":"product_tag-apfelbrand","9":"product_tag-bio-apfelbrand","10":"product_tag-biologisch","11":"product_tag-boskop","12":"product_tag-duftig","13":"product_tag-herb-fruchtig","14":"product_tag-lokale-spezialitaet","15":"product_tag-reinsortiger-apfelbrand","17":"first","18":"instock","19":"shipping-taxable","20":"purchasable","21":"product-type-simple"},"yoast_head":"<!-- This site is optimized with the Yoast SEO plugin v27.5 - https:\/\/yoast.com\/product\/yoast-seo-wordpress\/ -->\n<title>BIO Boskop Apfelbrand - Goldmedaille ISW 2020!! - Vitzthum Shop<\/title>\n<meta name=\"robots\" content=\"index, follow, max-snippet:-1, max-image-preview:large, max-video-preview:-1\" \/>\n<link rel=\"canonical\" href=\"https:\/\/rieser-tropfen.de\/shop\/produkt\/bio-boskop-apfelbrand\/\" \/>\n<meta property=\"og:locale\" content=\"de_DE\" \/>\n<meta property=\"og:type\" content=\"article\" \/>\n<meta property=\"og:title\" content=\"BIO Boskop Apfelbrand - Goldmedaille ISW 2020!! - Vitzthum Shop\" \/>\n<meta property=\"og:description\" content=\"intensiver fruchtiger Apfel in der Nase, der am Gaumen die wunderbare aromatische Vielfalt des Boskopapfels zeigt. Ein reinsortiger Apfelbrand der Extraklasse.\" \/>\n<meta property=\"og:url\" content=\"https:\/\/rieser-tropfen.de\/shop\/produkt\/bio-boskop-apfelbrand\/\" \/>\n<meta property=\"og:site_name\" content=\"Vitzthum Shop\" \/>\n<meta property=\"article:publisher\" content=\"https:\/\/www.facebook.com\/vitzthum.destillerie\/?locale=de_DE\" \/>\n<meta property=\"article:modified_time\" content=\"2022-10-24T09:48:21+00:00\" \/>\n<meta property=\"og:image\" content=\"https:\/\/rieser-tropfen.de\/shop\/wp-content\/uploads\/2020\/02\/BIO-Boskop-Apfelbrand-ISW-Gold-2020.jpg\" \/>\n\t<meta property=\"og:image:width\" content=\"500\" \/>\n\t<meta property=\"og:image:height\" content=\"600\" \/>\n\t<meta property=\"og:image:type\" content=\"image\/jpeg\" \/>\n<meta name=\"twitter:card\" content=\"summary_large_image\" \/>\n<meta name=\"twitter:label1\" content=\"Gesch\u00e4tzte Lesezeit\" \/>\n\t<meta name=\"twitter:data1\" content=\"1\u00a0Minute\" \/>\n<script type=\"application\/ld+json\" class=\"yoast-schema-graph\">{\"@context\":\"https:\\\/\\\/schema.org\",\"@graph\":[{\"@type\":\"WebPage\",\"@id\":\"https:\\\/\\\/rieser-tropfen.de\\\/shop\\\/produkt\\\/bio-boskop-apfelbrand\\\/\",\"url\":\"https:\\\/\\\/rieser-tropfen.de\\\/shop\\\/produkt\\\/bio-boskop-apfelbrand\\\/\",\"name\":\"BIO Boskop Apfelbrand - Goldmedaille ISW 2020!! - Vitzthum Shop\",\"isPartOf\":{\"@id\":\"https:\\\/\\\/rieser-tropfen.de\\\/shop\\\/#website\"},\"primaryImageOfPage\":{\"@id\":\"https:\\\/\\\/rieser-tropfen.de\\\/shop\\\/produkt\\\/bio-boskop-apfelbrand\\\/#primaryimage\"},\"image\":{\"@id\":\"https:\\\/\\\/rieser-tropfen.de\\\/shop\\\/produkt\\\/bio-boskop-apfelbrand\\\/#primaryimage\"},\"thumbnailUrl\":\"https:\\\/\\\/rieser-tropfen.de\\\/shop\\\/wp-content\\\/uploads\\\/2020\\\/02\\\/BIO-Boskop-Apfelbrand-ISW-Gold-2020.jpg\",\"datePublished\":\"2020-02-12T10:17:18+00:00\",\"dateModified\":\"2022-10-24T09:48:21+00:00\",\"breadcrumb\":{\"@id\":\"https:\\\/\\\/rieser-tropfen.de\\\/shop\\\/produkt\\\/bio-boskop-apfelbrand\\\/#breadcrumb\"},\"inLanguage\":\"de\",\"potentialAction\":[{\"@type\":\"ReadAction\",\"target\":[\"https:\\\/\\\/rieser-tropfen.de\\\/shop\\\/produkt\\\/bio-boskop-apfelbrand\\\/\"]}]},{\"@type\":\"ImageObject\",\"inLanguage\":\"de\",\"@id\":\"https:\\\/\\\/rieser-tropfen.de\\\/shop\\\/produkt\\\/bio-boskop-apfelbrand\\\/#primaryimage\",\"url\":\"https:\\\/\\\/rieser-tropfen.de\\\/shop\\\/wp-content\\\/uploads\\\/2020\\\/02\\\/BIO-Boskop-Apfelbrand-ISW-Gold-2020.jpg\",\"contentUrl\":\"https:\\\/\\\/rieser-tropfen.de\\\/shop\\\/wp-content\\\/uploads\\\/2020\\\/02\\\/BIO-Boskop-Apfelbrand-ISW-Gold-2020.jpg\",\"width\":500,\"height\":600},{\"@type\":\"BreadcrumbList\",\"@id\":\"https:\\\/\\\/rieser-tropfen.de\\\/shop\\\/produkt\\\/bio-boskop-apfelbrand\\\/#breadcrumb\",\"itemListElement\":[{\"@type\":\"ListItem\",\"position\":1,\"name\":\"Home\",\"item\":\"https:\\\/\\\/rieser-tropfen.de\\\/shop\\\/\"},{\"@type\":\"ListItem\",\"position\":2,\"name\":\"Shop\",\"item\":\"https:\\\/\\\/rieser-tropfen.de\\\/shop\\\/shop\\\/\"},{\"@type\":\"ListItem\",\"position\":3,\"name\":\"BIO Boskop Apfelbrand &#8211; Goldmedaille ISW 2020!!\"}]},{\"@type\":\"WebSite\",\"@id\":\"https:\\\/\\\/rieser-tropfen.de\\\/shop\\\/#website\",\"url\":\"https:\\\/\\\/rieser-tropfen.de\\\/shop\\\/\",\"name\":\"Vitzthum Shop\",\"description\":\"handgemachte Beerengeister, Obstbr\u00e4nde und Kr\u00e4uter- sowie Fruchtlik\u00f6re\",\"publisher\":{\"@id\":\"https:\\\/\\\/rieser-tropfen.de\\\/shop\\\/#organization\"},\"potentialAction\":[{\"@type\":\"SearchAction\",\"target\":{\"@type\":\"EntryPoint\",\"urlTemplate\":\"https:\\\/\\\/rieser-tropfen.de\\\/shop\\\/?s={search_term_string}\"},\"query-input\":{\"@type\":\"PropertyValueSpecification\",\"valueRequired\":true,\"valueName\":\"search_term_string\"}}],\"inLanguage\":\"de\"},{\"@type\":\"Organization\",\"@id\":\"https:\\\/\\\/rieser-tropfen.de\\\/shop\\\/#organization\",\"name\":\"Vitzthum GmbH\",\"url\":\"https:\\\/\\\/rieser-tropfen.de\\\/shop\\\/\",\"logo\":{\"@type\":\"ImageObject\",\"inLanguage\":\"de\",\"@id\":\"https:\\\/\\\/rieser-tropfen.de\\\/shop\\\/#\\\/schema\\\/logo\\\/image\\\/\",\"url\":\"https:\\\/\\\/rieser-tropfen.de\\\/shop\\\/wp-content\\\/uploads\\\/2021\\\/03\\\/Logo-Vitzthum-2021-gold.jpg\",\"contentUrl\":\"https:\\\/\\\/rieser-tropfen.de\\\/shop\\\/wp-content\\\/uploads\\\/2021\\\/03\\\/Logo-Vitzthum-2021-gold.jpg\",\"width\":149,\"height\":69,\"caption\":\"Vitzthum GmbH\"},\"image\":{\"@id\":\"https:\\\/\\\/rieser-tropfen.de\\\/shop\\\/#\\\/schema\\\/logo\\\/image\\\/\"},\"sameAs\":[\"https:\\\/\\\/www.facebook.com\\\/vitzthum.destillerie\\\/?locale=de_DE\"]}]}<\/script>\n<!-- \/ Yoast SEO plugin. -->","yoast_head_json":{"title":"BIO Boskop Apfelbrand - Goldmedaille ISW 2020!! - Vitzthum Shop","robots":{"index":"index","follow":"follow","max-snippet":"max-snippet:-1","max-image-preview":"max-image-preview:large","max-video-preview":"max-video-preview:-1"},"canonical":"https:\/\/rieser-tropfen.de\/shop\/produkt\/bio-boskop-apfelbrand\/","og_locale":"de_DE","og_type":"article","og_title":"BIO Boskop Apfelbrand - Goldmedaille ISW 2020!! - Vitzthum Shop","og_description":"intensiver fruchtiger Apfel in der Nase, der am Gaumen die wunderbare aromatische Vielfalt des Boskopapfels zeigt. Ein reinsortiger Apfelbrand der Extraklasse.","og_url":"https:\/\/rieser-tropfen.de\/shop\/produkt\/bio-boskop-apfelbrand\/","og_site_name":"Vitzthum Shop","article_publisher":"https:\/\/www.facebook.com\/vitzthum.destillerie\/?locale=de_DE","article_modified_time":"2022-10-24T09:48:21+00:00","og_image":[{"width":500,"height":600,"url":"https:\/\/rieser-tropfen.de\/shop\/wp-content\/uploads\/2020\/02\/BIO-Boskop-Apfelbrand-ISW-Gold-2020.jpg","type":"image\/jpeg"}],"twitter_card":"summary_large_image","twitter_misc":{"Gesch\u00e4tzte Lesezeit":"1\u00a0Minute"},"schema":{"@context":"https:\/\/schema.org","@graph":[{"@type":"WebPage","@id":"https:\/\/rieser-tropfen.de\/shop\/produkt\/bio-boskop-apfelbrand\/","url":"https:\/\/rieser-tropfen.de\/shop\/produkt\/bio-boskop-apfelbrand\/","name":"BIO Boskop Apfelbrand - Goldmedaille ISW 2020!! - Vitzthum Shop","isPartOf":{"@id":"https:\/\/rieser-tropfen.de\/shop\/#website"},"primaryImageOfPage":{"@id":"https:\/\/rieser-tropfen.de\/shop\/produkt\/bio-boskop-apfelbrand\/#primaryimage"},"image":{"@id":"https:\/\/rieser-tropfen.de\/shop\/produkt\/bio-boskop-apfelbrand\/#primaryimage"},"thumbnailUrl":"https:\/\/rieser-tropfen.de\/shop\/wp-content\/uploads\/2020\/02\/BIO-Boskop-Apfelbrand-ISW-Gold-2020.jpg","datePublished":"2020-02-12T10:17:18+00:00","dateModified":"2022-10-24T09:48:21+00:00","breadcrumb":{"@id":"https:\/\/rieser-tropfen.de\/shop\/produkt\/bio-boskop-apfelbrand\/#breadcrumb"},"inLanguage":"de","potentialAction":[{"@type":"ReadAction","target":["https:\/\/rieser-tropfen.de\/shop\/produkt\/bio-boskop-apfelbrand\/"]}]},{"@type":"ImageObject","inLanguage":"de","@id":"https:\/\/rieser-tropfen.de\/shop\/produkt\/bio-boskop-apfelbrand\/#primaryimage","url":"https:\/\/rieser-tropfen.de\/shop\/wp-content\/uploads\/2020\/02\/BIO-Boskop-Apfelbrand-ISW-Gold-2020.jpg","contentUrl":"https:\/\/rieser-tropfen.de\/shop\/wp-content\/uploads\/2020\/02\/BIO-Boskop-Apfelbrand-ISW-Gold-2020.jpg","width":500,"height":600},{"@type":"BreadcrumbList","@id":"https:\/\/rieser-tropfen.de\/shop\/produkt\/bio-boskop-apfelbrand\/#breadcrumb","itemListElement":[{"@type":"ListItem","position":1,"name":"Home","item":"https:\/\/rieser-tropfen.de\/shop\/"},{"@type":"ListItem","position":2,"name":"Shop","item":"https:\/\/rieser-tropfen.de\/shop\/shop\/"},{"@type":"ListItem","position":3,"name":"BIO Boskop Apfelbrand &#8211; Goldmedaille ISW 2020!!"}]},{"@type":"WebSite","@id":"https:\/\/rieser-tropfen.de\/shop\/#website","url":"https:\/\/rieser-tropfen.de\/shop\/","name":"Vitzthum Shop","description":"handgemachte Beerengeister, Obstbr\u00e4nde und Kr\u00e4uter- sowie Fruchtlik\u00f6re","publisher":{"@id":"https:\/\/rieser-tropfen.de\/shop\/#organization"},"potentialAction":[{"@type":"SearchAction","target":{"@type":"EntryPoint","urlTemplate":"https:\/\/rieser-tropfen.de\/shop\/?s={search_term_string}"},"query-input":{"@type":"PropertyValueSpecification","valueRequired":true,"valueName":"search_term_string"}}],"inLanguage":"de"},{"@type":"Organization","@id":"https:\/\/rieser-tropfen.de\/shop\/#organization","name":"Vitzthum GmbH","url":"https:\/\/rieser-tropfen.de\/shop\/","logo":{"@type":"ImageObject","inLanguage":"de","@id":"https:\/\/rieser-tropfen.de\/shop\/#\/schema\/logo\/image\/","url":"https:\/\/rieser-tropfen.de\/shop\/wp-content\/uploads\/2021\/03\/Logo-Vitzthum-2021-gold.jpg","contentUrl":"https:\/\/rieser-tropfen.de\/shop\/wp-content\/uploads\/2021\/03\/Logo-Vitzthum-2021-gold.jpg","width":149,"height":69,"caption":"Vitzthum GmbH"},"image":{"@id":"https:\/\/rieser-tropfen.de\/shop\/#\/schema\/logo\/image\/"},"sameAs":["https:\/\/www.facebook.com\/vitzthum.destillerie\/?locale=de_DE"]}]}},"_links":{"self":[{"href":"https:\/\/rieser-tropfen.de\/shop\/wp-json\/wp\/v2\/product\/1665","targetHints":{"allow":["GET"]}}],"collection":[{"href":"https:\/\/rieser-tropfen.de\/shop\/wp-json\/wp\/v2\/product"}],"about":[{"href":"https:\/\/rieser-tropfen.de\/shop\/wp-json\/wp\/v2\/types\/product"}],"wp:featuredmedia":[{"embeddable":true,"href":"https:\/\/rieser-tropfen.de\/shop\/wp-json\/wp\/v2\/media\/1873"}],"wp:attachment":[{"href":"https:\/\/rieser-tropfen.de\/shop\/wp-json\/wp\/v2\/media?parent=1665"}],"wp:term":[{"taxonomy":"product_brand","embeddable":true,"href":"https:\/\/rieser-tropfen.de\/shop\/wp-json\/wp\/v2\/product_brand?post=1665"},{"taxonomy":"product_cat","embeddable":true,"href":"https:\/\/rieser-tropfen.de\/shop\/wp-json\/wp\/v2\/product_cat?post=1665"},{"taxonomy":"product_tag","embeddable":true,"href":"https:\/\/rieser-tropfen.de\/shop\/wp-json\/wp\/v2\/product_tag?post=1665"}],"curies":[{"name":"wp","href":"https:\/\/api.w.org\/{rel}","templated":true}]}}