{"id":1677,"date":"2020-02-12T15:53:06","date_gmt":"2020-02-12T14:53:06","guid":{"rendered":"https:\/\/rieser-tropfen.de\/shop\/?post_type=product&#038;p=1677"},"modified":"2024-11-15T16:51:06","modified_gmt":"2024-11-15T15:51:06","slug":"greenomic-olivenoel-500ml","status":"publish","type":"product","link":"https:\/\/rieser-tropfen.de\/shop\/produkt\/greenomic-olivenoel-500ml\/","title":{"rendered":"&#8211;GREENOMIC &#8211;Natives Oliven\u00f6l Extra"},"content":{"rendered":"<p><span style=\"color: #ffcc00;\">so soll Oliven\u00f6l schmecken, w\u00fcrzig, gr\u00fcne Noten &#8211;<\/span><\/p>\n<h1>Extra native OLIVEN\u00d6LE<\/h1>\n<div class=\"wpb_text_column wpb_content_elementvc_custom_1493304284354\">\n<div class=\"wpb_wrapper\">\n<p>EXTRA NATIVE OLIVEN\u00d6LE<br \/>\nExtra natives ungefiltertes Oliven\u00f6l aus unreifen gr\u00fcnen Oliven, dadurch entsteht die herausragende frische Qualit\u00e4t. Unser extra natives ungefiltertes Oliven\u00f6l von der griechischen Halbinsel Chalkidiki wird aus handgepfl\u00fcckten Oliven gewonnen und schonend kaltgepresst.<\/p>\n<p>F\u00fcr dieses fruchtige Oliven\u00f6l wird die fr\u00fche und geringere Novemberernte bevorzugt, denn zu dieser Zeit entfalten die noch gr\u00fcnen, unreifen Oliven das beste Aroma<\/p>\n<\/div>\n<\/div>\n","protected":false},"excerpt":{"rendered":"<p>Extra natives ungefiltertes Oliven\u00f6l aus unreifen gr\u00fcnen Oliven, dadurch entsteht die herausragende frische Qualit\u00e4t<\/p>\n","protected":false},"featured_media":2724,"template":"","meta":[],"product_brand":[],"product_cat":[614,615],"product_tag":[981,611,575,613,612,607,980],"class_list":{"0":"post-1677","1":"product","2":"type-product","3":"status-publish","4":"has-post-thumbnail","6":"product_cat-gaumenfreuden-suess-wuerzig","7":"product_cat-oele-wuerziges","8":"product_tag-chalkidiki","9":"product_tag-extra-nativ","10":"product_tag-herb-fruchtig","11":"product_tag-jahrgangsernte","12":"product_tag-kaltgepresst","13":"product_tag-olivenoel","14":"product_tag-ungefiltert","16":"first","17":"instock","18":"shipping-taxable","19":"purchasable","20":"product-type-simple"},"yoast_head":"<!-- This site is optimized with the Yoast SEO plugin v27.5 - https:\/\/yoast.com\/product\/yoast-seo-wordpress\/ -->\n<title>-GREENOMIC -Natives Oliven\u00f6l Extra - Vitzthum Shop<\/title>\n<meta name=\"robots\" content=\"index, follow, max-snippet:-1, max-image-preview:large, max-video-preview:-1\" \/>\n<link rel=\"canonical\" href=\"https:\/\/rieser-tropfen.de\/shop\/produkt\/greenomic-olivenoel-500ml\/\" \/>\n<meta property=\"og:locale\" content=\"de_DE\" \/>\n<meta property=\"og:type\" content=\"article\" \/>\n<meta property=\"og:title\" content=\"-GREENOMIC -Natives Oliven\u00f6l Extra - Vitzthum Shop\" \/>\n<meta property=\"og:description\" content=\"Extra natives ungefiltertes Oliven\u00f6l aus unreifen gr\u00fcnen Oliven, dadurch entsteht die herausragende frische Qualit\u00e4t\" \/>\n<meta property=\"og:url\" content=\"https:\/\/rieser-tropfen.de\/shop\/produkt\/greenomic-olivenoel-500ml\/\" \/>\n<meta property=\"og:site_name\" content=\"Vitzthum Shop\" \/>\n<meta property=\"article:publisher\" content=\"https:\/\/www.facebook.com\/vitzthum.destillerie\/?locale=de_DE\" \/>\n<meta property=\"article:modified_time\" content=\"2024-11-15T15:51:06+00:00\" \/>\n<meta property=\"og:image\" content=\"https:\/\/rieser-tropfen.de\/shop\/wp-content\/uploads\/2020\/02\/Greenomic-Olivenoel-cold-pressed-500-ml.jpg\" \/>\n\t<meta property=\"og:image:width\" content=\"800\" \/>\n\t<meta property=\"og:image:height\" content=\"800\" \/>\n\t<meta property=\"og:image:type\" content=\"image\/jpeg\" \/>\n<meta name=\"twitter:card\" content=\"summary_large_image\" \/>\n<meta name=\"twitter:label1\" content=\"Gesch\u00e4tzte Lesezeit\" \/>\n\t<meta name=\"twitter:data1\" content=\"1\u00a0Minute\" \/>\n<script type=\"application\/ld+json\" class=\"yoast-schema-graph\">{\"@context\":\"https:\\\/\\\/schema.org\",\"@graph\":[{\"@type\":\"WebPage\",\"@id\":\"https:\\\/\\\/rieser-tropfen.de\\\/shop\\\/produkt\\\/greenomic-olivenoel-500ml\\\/\",\"url\":\"https:\\\/\\\/rieser-tropfen.de\\\/shop\\\/produkt\\\/greenomic-olivenoel-500ml\\\/\",\"name\":\"-GREENOMIC -Natives Oliven\u00f6l Extra - Vitzthum Shop\",\"isPartOf\":{\"@id\":\"https:\\\/\\\/rieser-tropfen.de\\\/shop\\\/#website\"},\"primaryImageOfPage\":{\"@id\":\"https:\\\/\\\/rieser-tropfen.de\\\/shop\\\/produkt\\\/greenomic-olivenoel-500ml\\\/#primaryimage\"},\"image\":{\"@id\":\"https:\\\/\\\/rieser-tropfen.de\\\/shop\\\/produkt\\\/greenomic-olivenoel-500ml\\\/#primaryimage\"},\"thumbnailUrl\":\"https:\\\/\\\/rieser-tropfen.de\\\/shop\\\/wp-content\\\/uploads\\\/2020\\\/02\\\/Greenomic-Olivenoel-cold-pressed-500-ml.jpg\",\"datePublished\":\"2020-02-12T14:53:06+00:00\",\"dateModified\":\"2024-11-15T15:51:06+00:00\",\"breadcrumb\":{\"@id\":\"https:\\\/\\\/rieser-tropfen.de\\\/shop\\\/produkt\\\/greenomic-olivenoel-500ml\\\/#breadcrumb\"},\"inLanguage\":\"de\",\"potentialAction\":[{\"@type\":\"ReadAction\",\"target\":[\"https:\\\/\\\/rieser-tropfen.de\\\/shop\\\/produkt\\\/greenomic-olivenoel-500ml\\\/\"]}]},{\"@type\":\"ImageObject\",\"inLanguage\":\"de\",\"@id\":\"https:\\\/\\\/rieser-tropfen.de\\\/shop\\\/produkt\\\/greenomic-olivenoel-500ml\\\/#primaryimage\",\"url\":\"https:\\\/\\\/rieser-tropfen.de\\\/shop\\\/wp-content\\\/uploads\\\/2020\\\/02\\\/Greenomic-Olivenoel-cold-pressed-500-ml.jpg\",\"contentUrl\":\"https:\\\/\\\/rieser-tropfen.de\\\/shop\\\/wp-content\\\/uploads\\\/2020\\\/02\\\/Greenomic-Olivenoel-cold-pressed-500-ml.jpg\",\"width\":800,\"height\":800},{\"@type\":\"BreadcrumbList\",\"@id\":\"https:\\\/\\\/rieser-tropfen.de\\\/shop\\\/produkt\\\/greenomic-olivenoel-500ml\\\/#breadcrumb\",\"itemListElement\":[{\"@type\":\"ListItem\",\"position\":1,\"name\":\"Home\",\"item\":\"https:\\\/\\\/rieser-tropfen.de\\\/shop\\\/\"},{\"@type\":\"ListItem\",\"position\":2,\"name\":\"Shop\",\"item\":\"https:\\\/\\\/rieser-tropfen.de\\\/shop\\\/shop\\\/\"},{\"@type\":\"ListItem\",\"position\":3,\"name\":\"&#8211;GREENOMIC &#8211;Natives Oliven\u00f6l Extra\"}]},{\"@type\":\"WebSite\",\"@id\":\"https:\\\/\\\/rieser-tropfen.de\\\/shop\\\/#website\",\"url\":\"https:\\\/\\\/rieser-tropfen.de\\\/shop\\\/\",\"name\":\"Vitzthum Shop\",\"description\":\"handgemachte Beerengeister, Obstbr\u00e4nde und Kr\u00e4uter- sowie Fruchtlik\u00f6re\",\"publisher\":{\"@id\":\"https:\\\/\\\/rieser-tropfen.de\\\/shop\\\/#organization\"},\"potentialAction\":[{\"@type\":\"SearchAction\",\"target\":{\"@type\":\"EntryPoint\",\"urlTemplate\":\"https:\\\/\\\/rieser-tropfen.de\\\/shop\\\/?s={search_term_string}\"},\"query-input\":{\"@type\":\"PropertyValueSpecification\",\"valueRequired\":true,\"valueName\":\"search_term_string\"}}],\"inLanguage\":\"de\"},{\"@type\":\"Organization\",\"@id\":\"https:\\\/\\\/rieser-tropfen.de\\\/shop\\\/#organization\",\"name\":\"Vitzthum GmbH\",\"url\":\"https:\\\/\\\/rieser-tropfen.de\\\/shop\\\/\",\"logo\":{\"@type\":\"ImageObject\",\"inLanguage\":\"de\",\"@id\":\"https:\\\/\\\/rieser-tropfen.de\\\/shop\\\/#\\\/schema\\\/logo\\\/image\\\/\",\"url\":\"https:\\\/\\\/rieser-tropfen.de\\\/shop\\\/wp-content\\\/uploads\\\/2021\\\/03\\\/Logo-Vitzthum-2021-gold.jpg\",\"contentUrl\":\"https:\\\/\\\/rieser-tropfen.de\\\/shop\\\/wp-content\\\/uploads\\\/2021\\\/03\\\/Logo-Vitzthum-2021-gold.jpg\",\"width\":149,\"height\":69,\"caption\":\"Vitzthum GmbH\"},\"image\":{\"@id\":\"https:\\\/\\\/rieser-tropfen.de\\\/shop\\\/#\\\/schema\\\/logo\\\/image\\\/\"},\"sameAs\":[\"https:\\\/\\\/www.facebook.com\\\/vitzthum.destillerie\\\/?locale=de_DE\"]}]}<\/script>\n<!-- \/ Yoast SEO plugin. -->","yoast_head_json":{"title":"-GREENOMIC -Natives Oliven\u00f6l Extra - Vitzthum Shop","robots":{"index":"index","follow":"follow","max-snippet":"max-snippet:-1","max-image-preview":"max-image-preview:large","max-video-preview":"max-video-preview:-1"},"canonical":"https:\/\/rieser-tropfen.de\/shop\/produkt\/greenomic-olivenoel-500ml\/","og_locale":"de_DE","og_type":"article","og_title":"-GREENOMIC -Natives Oliven\u00f6l Extra - Vitzthum Shop","og_description":"Extra natives ungefiltertes Oliven\u00f6l aus unreifen gr\u00fcnen Oliven, dadurch entsteht die herausragende frische Qualit\u00e4t","og_url":"https:\/\/rieser-tropfen.de\/shop\/produkt\/greenomic-olivenoel-500ml\/","og_site_name":"Vitzthum Shop","article_publisher":"https:\/\/www.facebook.com\/vitzthum.destillerie\/?locale=de_DE","article_modified_time":"2024-11-15T15:51:06+00:00","og_image":[{"width":800,"height":800,"url":"https:\/\/rieser-tropfen.de\/shop\/wp-content\/uploads\/2020\/02\/Greenomic-Olivenoel-cold-pressed-500-ml.jpg","type":"image\/jpeg"}],"twitter_card":"summary_large_image","twitter_misc":{"Gesch\u00e4tzte Lesezeit":"1\u00a0Minute"},"schema":{"@context":"https:\/\/schema.org","@graph":[{"@type":"WebPage","@id":"https:\/\/rieser-tropfen.de\/shop\/produkt\/greenomic-olivenoel-500ml\/","url":"https:\/\/rieser-tropfen.de\/shop\/produkt\/greenomic-olivenoel-500ml\/","name":"-GREENOMIC -Natives Oliven\u00f6l Extra - Vitzthum Shop","isPartOf":{"@id":"https:\/\/rieser-tropfen.de\/shop\/#website"},"primaryImageOfPage":{"@id":"https:\/\/rieser-tropfen.de\/shop\/produkt\/greenomic-olivenoel-500ml\/#primaryimage"},"image":{"@id":"https:\/\/rieser-tropfen.de\/shop\/produkt\/greenomic-olivenoel-500ml\/#primaryimage"},"thumbnailUrl":"https:\/\/rieser-tropfen.de\/shop\/wp-content\/uploads\/2020\/02\/Greenomic-Olivenoel-cold-pressed-500-ml.jpg","datePublished":"2020-02-12T14:53:06+00:00","dateModified":"2024-11-15T15:51:06+00:00","breadcrumb":{"@id":"https:\/\/rieser-tropfen.de\/shop\/produkt\/greenomic-olivenoel-500ml\/#breadcrumb"},"inLanguage":"de","potentialAction":[{"@type":"ReadAction","target":["https:\/\/rieser-tropfen.de\/shop\/produkt\/greenomic-olivenoel-500ml\/"]}]},{"@type":"ImageObject","inLanguage":"de","@id":"https:\/\/rieser-tropfen.de\/shop\/produkt\/greenomic-olivenoel-500ml\/#primaryimage","url":"https:\/\/rieser-tropfen.de\/shop\/wp-content\/uploads\/2020\/02\/Greenomic-Olivenoel-cold-pressed-500-ml.jpg","contentUrl":"https:\/\/rieser-tropfen.de\/shop\/wp-content\/uploads\/2020\/02\/Greenomic-Olivenoel-cold-pressed-500-ml.jpg","width":800,"height":800},{"@type":"BreadcrumbList","@id":"https:\/\/rieser-tropfen.de\/shop\/produkt\/greenomic-olivenoel-500ml\/#breadcrumb","itemListElement":[{"@type":"ListItem","position":1,"name":"Home","item":"https:\/\/rieser-tropfen.de\/shop\/"},{"@type":"ListItem","position":2,"name":"Shop","item":"https:\/\/rieser-tropfen.de\/shop\/shop\/"},{"@type":"ListItem","position":3,"name":"&#8211;GREENOMIC &#8211;Natives Oliven\u00f6l Extra"}]},{"@type":"WebSite","@id":"https:\/\/rieser-tropfen.de\/shop\/#website","url":"https:\/\/rieser-tropfen.de\/shop\/","name":"Vitzthum Shop","description":"handgemachte Beerengeister, Obstbr\u00e4nde und Kr\u00e4uter- sowie Fruchtlik\u00f6re","publisher":{"@id":"https:\/\/rieser-tropfen.de\/shop\/#organization"},"potentialAction":[{"@type":"SearchAction","target":{"@type":"EntryPoint","urlTemplate":"https:\/\/rieser-tropfen.de\/shop\/?s={search_term_string}"},"query-input":{"@type":"PropertyValueSpecification","valueRequired":true,"valueName":"search_term_string"}}],"inLanguage":"de"},{"@type":"Organization","@id":"https:\/\/rieser-tropfen.de\/shop\/#organization","name":"Vitzthum GmbH","url":"https:\/\/rieser-tropfen.de\/shop\/","logo":{"@type":"ImageObject","inLanguage":"de","@id":"https:\/\/rieser-tropfen.de\/shop\/#\/schema\/logo\/image\/","url":"https:\/\/rieser-tropfen.de\/shop\/wp-content\/uploads\/2021\/03\/Logo-Vitzthum-2021-gold.jpg","contentUrl":"https:\/\/rieser-tropfen.de\/shop\/wp-content\/uploads\/2021\/03\/Logo-Vitzthum-2021-gold.jpg","width":149,"height":69,"caption":"Vitzthum GmbH"},"image":{"@id":"https:\/\/rieser-tropfen.de\/shop\/#\/schema\/logo\/image\/"},"sameAs":["https:\/\/www.facebook.com\/vitzthum.destillerie\/?locale=de_DE"]}]}},"_links":{"self":[{"href":"https:\/\/rieser-tropfen.de\/shop\/wp-json\/wp\/v2\/product\/1677","targetHints":{"allow":["GET"]}}],"collection":[{"href":"https:\/\/rieser-tropfen.de\/shop\/wp-json\/wp\/v2\/product"}],"about":[{"href":"https:\/\/rieser-tropfen.de\/shop\/wp-json\/wp\/v2\/types\/product"}],"wp:featuredmedia":[{"embeddable":true,"href":"https:\/\/rieser-tropfen.de\/shop\/wp-json\/wp\/v2\/media\/2724"}],"wp:attachment":[{"href":"https:\/\/rieser-tropfen.de\/shop\/wp-json\/wp\/v2\/media?parent=1677"}],"wp:term":[{"taxonomy":"product_brand","embeddable":true,"href":"https:\/\/rieser-tropfen.de\/shop\/wp-json\/wp\/v2\/product_brand?post=1677"},{"taxonomy":"product_cat","embeddable":true,"href":"https:\/\/rieser-tropfen.de\/shop\/wp-json\/wp\/v2\/product_cat?post=1677"},{"taxonomy":"product_tag","embeddable":true,"href":"https:\/\/rieser-tropfen.de\/shop\/wp-json\/wp\/v2\/product_tag?post=1677"}],"curies":[{"name":"wp","href":"https:\/\/api.w.org\/{rel}","templated":true}]}}