{"id":1737,"date":"2020-02-26T15:30:38","date_gmt":"2020-02-26T14:30:38","guid":{"rendered":"https:\/\/rieser-tropfen.de\/shop\/?post_type=product&#038;p=1737"},"modified":"2023-09-04T17:10:51","modified_gmt":"2023-09-04T15:10:51","slug":"kuerbiskerne-geroestet-rosmarin-salz","status":"publish","type":"product","link":"https:\/\/rieser-tropfen.de\/shop\/produkt\/kuerbiskerne-geroestet-rosmarin-salz\/","title":{"rendered":"SCHNELLs K\u00fcrbiskerne ger\u00f6stet mit Rosmarin + Salz"},"content":{"rendered":"<p><span style=\"color: #ffcc00;\">unscheinbar &#8211; doch voller guter Inhaltsstoffe &#8211;<\/span><\/p>\n<h1>kleine gr\u00fcne Kraftbomben!<\/h1>\n<div class=\"wpb_text_column wpb_content_elementvc_custom_1493304284354\">\n<div class=\"wpb_wrapper\">\n<p>K\u00fcrbiskerne ger\u00f6stet mit Rosmarin und Salz \u2013 der ideale Snack f\u00fcr Zwischendurch. F\u00fcr alle Rosmarinfans, die es gerne pikant m\u00f6gen. Sehr lecker zu einem Glas Wein, Sie k\u00f6nnen Sie z.B. auch \u00fcber Salate oder \u00fcber die K\u00fcrbissuppe streuen. Das schmeckt dann nicht nur, sondern sieht auch sehr sch\u00f6n aus.<br \/>\nSchnell\u00b4s K\u00fcrbiskerne sind regional angebaut. Im Mai werden die K\u00fcrbisse ausges\u00e4t, im Juni vom Unkraut befreit, und im Juli hoffen sie, dass viele Bienen ihre K\u00fcrbisbl\u00fcten besuchen. Im Oktober ist es dann endlich soweit. Die Schnell&#8217;s k\u00f6nnen dann aus unseren fu\u00dfballgro\u00dfen K\u00fcrbissen viele leckere Kerne ernten. In einem K\u00fcrbis stecken etwa 50-70 g K\u00fcrbiskerne.<\/p>\n<p>Anschlie\u00dfend werden die K\u00fcrbiskerne liebevoll in Handarbeit veredelt. Diese Kerne sind so lecker, weil sie ohne Zus\u00e4tze, Farbstoffe und Konservierungsmittel und nur mit hochwertigen regionalen Zutaten in der\u00a0 kleinen K\u00fcrbiskern-Manufaktur Schnell hergestellt werden.<\/p>\n<\/div>\n<\/div>\n","protected":false},"excerpt":{"rendered":"<p>Ger\u00f6stete K\u00fcrbiskerne umh\u00fcllt leicht salzig mit Rosmarin, knuspriger Geschmack mit dem gewissen Pep!<\/p>\n","protected":false},"featured_media":2383,"template":"","meta":[],"product_brand":[],"product_cat":[614,615],"product_tag":[667,693,670,665,666,692,694],"class_list":{"0":"post-1737","1":"product","2":"type-product","3":"status-publish","4":"has-post-thumbnail","6":"product_cat-gaumenfreuden-suess-wuerzig","7":"product_cat-oele-wuerziges","8":"product_tag-geroestet","9":"product_tag-gesalzen","10":"product_tag-knabberkerne","11":"product_tag-kuerbis","12":"product_tag-kuerbiskerne","13":"product_tag-rosmarin","14":"product_tag-wuerzige-knabberkerne","16":"first","17":"instock","18":"shipping-taxable","19":"purchasable","20":"product-type-simple"},"yoast_head":"<!-- This site is optimized with the Yoast SEO plugin v27.5 - https:\/\/yoast.com\/product\/yoast-seo-wordpress\/ -->\n<title>SCHNELLs K\u00fcrbiskerne ger\u00f6stet mit Rosmarin + Salz - Vitzthum Shop<\/title>\n<meta name=\"robots\" content=\"index, follow, max-snippet:-1, max-image-preview:large, max-video-preview:-1\" \/>\n<link rel=\"canonical\" href=\"https:\/\/rieser-tropfen.de\/shop\/produkt\/kuerbiskerne-geroestet-rosmarin-salz\/\" \/>\n<meta property=\"og:locale\" content=\"de_DE\" \/>\n<meta property=\"og:type\" content=\"article\" \/>\n<meta property=\"og:title\" content=\"SCHNELLs K\u00fcrbiskerne ger\u00f6stet mit Rosmarin + Salz - Vitzthum Shop\" \/>\n<meta property=\"og:description\" content=\"Ger\u00f6stete K\u00fcrbiskerne umh\u00fcllt leicht salzig mit Rosmarin, knuspriger Geschmack mit dem gewissen Pep!\" \/>\n<meta property=\"og:url\" content=\"https:\/\/rieser-tropfen.de\/shop\/produkt\/kuerbiskerne-geroestet-rosmarin-salz\/\" \/>\n<meta property=\"og:site_name\" content=\"Vitzthum Shop\" \/>\n<meta property=\"article:publisher\" content=\"https:\/\/www.facebook.com\/vitzthum.destillerie\/?locale=de_DE\" \/>\n<meta property=\"article:modified_time\" content=\"2023-09-04T15:10:51+00:00\" \/>\n<meta property=\"og:image\" content=\"https:\/\/rieser-tropfen.de\/shop\/wp-content\/uploads\/2020\/02\/Kuerbiskerne-RosmSalz.jpg\" \/>\n\t<meta property=\"og:image:width\" content=\"500\" \/>\n\t<meta property=\"og:image:height\" content=\"600\" \/>\n\t<meta property=\"og:image:type\" content=\"image\/jpeg\" \/>\n<meta name=\"twitter:card\" content=\"summary_large_image\" \/>\n<meta name=\"twitter:label1\" content=\"Gesch\u00e4tzte Lesezeit\" \/>\n\t<meta name=\"twitter:data1\" content=\"1\u00a0Minute\" \/>\n<script type=\"application\/ld+json\" class=\"yoast-schema-graph\">{\"@context\":\"https:\\\/\\\/schema.org\",\"@graph\":[{\"@type\":\"WebPage\",\"@id\":\"https:\\\/\\\/rieser-tropfen.de\\\/shop\\\/produkt\\\/kuerbiskerne-geroestet-rosmarin-salz\\\/\",\"url\":\"https:\\\/\\\/rieser-tropfen.de\\\/shop\\\/produkt\\\/kuerbiskerne-geroestet-rosmarin-salz\\\/\",\"name\":\"SCHNELLs K\u00fcrbiskerne ger\u00f6stet mit Rosmarin + Salz - Vitzthum Shop\",\"isPartOf\":{\"@id\":\"https:\\\/\\\/rieser-tropfen.de\\\/shop\\\/#website\"},\"primaryImageOfPage\":{\"@id\":\"https:\\\/\\\/rieser-tropfen.de\\\/shop\\\/produkt\\\/kuerbiskerne-geroestet-rosmarin-salz\\\/#primaryimage\"},\"image\":{\"@id\":\"https:\\\/\\\/rieser-tropfen.de\\\/shop\\\/produkt\\\/kuerbiskerne-geroestet-rosmarin-salz\\\/#primaryimage\"},\"thumbnailUrl\":\"https:\\\/\\\/rieser-tropfen.de\\\/shop\\\/wp-content\\\/uploads\\\/2020\\\/02\\\/Kuerbiskerne-RosmSalz.jpg\",\"datePublished\":\"2020-02-26T14:30:38+00:00\",\"dateModified\":\"2023-09-04T15:10:51+00:00\",\"breadcrumb\":{\"@id\":\"https:\\\/\\\/rieser-tropfen.de\\\/shop\\\/produkt\\\/kuerbiskerne-geroestet-rosmarin-salz\\\/#breadcrumb\"},\"inLanguage\":\"de\",\"potentialAction\":[{\"@type\":\"ReadAction\",\"target\":[\"https:\\\/\\\/rieser-tropfen.de\\\/shop\\\/produkt\\\/kuerbiskerne-geroestet-rosmarin-salz\\\/\"]}]},{\"@type\":\"ImageObject\",\"inLanguage\":\"de\",\"@id\":\"https:\\\/\\\/rieser-tropfen.de\\\/shop\\\/produkt\\\/kuerbiskerne-geroestet-rosmarin-salz\\\/#primaryimage\",\"url\":\"https:\\\/\\\/rieser-tropfen.de\\\/shop\\\/wp-content\\\/uploads\\\/2020\\\/02\\\/Kuerbiskerne-RosmSalz.jpg\",\"contentUrl\":\"https:\\\/\\\/rieser-tropfen.de\\\/shop\\\/wp-content\\\/uploads\\\/2020\\\/02\\\/Kuerbiskerne-RosmSalz.jpg\",\"width\":500,\"height\":600},{\"@type\":\"BreadcrumbList\",\"@id\":\"https:\\\/\\\/rieser-tropfen.de\\\/shop\\\/produkt\\\/kuerbiskerne-geroestet-rosmarin-salz\\\/#breadcrumb\",\"itemListElement\":[{\"@type\":\"ListItem\",\"position\":1,\"name\":\"Home\",\"item\":\"https:\\\/\\\/rieser-tropfen.de\\\/shop\\\/\"},{\"@type\":\"ListItem\",\"position\":2,\"name\":\"Shop\",\"item\":\"https:\\\/\\\/rieser-tropfen.de\\\/shop\\\/shop\\\/\"},{\"@type\":\"ListItem\",\"position\":3,\"name\":\"SCHNELLs K\u00fcrbiskerne ger\u00f6stet mit Rosmarin + Salz\"}]},{\"@type\":\"WebSite\",\"@id\":\"https:\\\/\\\/rieser-tropfen.de\\\/shop\\\/#website\",\"url\":\"https:\\\/\\\/rieser-tropfen.de\\\/shop\\\/\",\"name\":\"Vitzthum Shop\",\"description\":\"handgemachte Beerengeister, Obstbr\u00e4nde und Kr\u00e4uter- sowie Fruchtlik\u00f6re\",\"publisher\":{\"@id\":\"https:\\\/\\\/rieser-tropfen.de\\\/shop\\\/#organization\"},\"potentialAction\":[{\"@type\":\"SearchAction\",\"target\":{\"@type\":\"EntryPoint\",\"urlTemplate\":\"https:\\\/\\\/rieser-tropfen.de\\\/shop\\\/?s={search_term_string}\"},\"query-input\":{\"@type\":\"PropertyValueSpecification\",\"valueRequired\":true,\"valueName\":\"search_term_string\"}}],\"inLanguage\":\"de\"},{\"@type\":\"Organization\",\"@id\":\"https:\\\/\\\/rieser-tropfen.de\\\/shop\\\/#organization\",\"name\":\"Vitzthum GmbH\",\"url\":\"https:\\\/\\\/rieser-tropfen.de\\\/shop\\\/\",\"logo\":{\"@type\":\"ImageObject\",\"inLanguage\":\"de\",\"@id\":\"https:\\\/\\\/rieser-tropfen.de\\\/shop\\\/#\\\/schema\\\/logo\\\/image\\\/\",\"url\":\"https:\\\/\\\/rieser-tropfen.de\\\/shop\\\/wp-content\\\/uploads\\\/2021\\\/03\\\/Logo-Vitzthum-2021-gold.jpg\",\"contentUrl\":\"https:\\\/\\\/rieser-tropfen.de\\\/shop\\\/wp-content\\\/uploads\\\/2021\\\/03\\\/Logo-Vitzthum-2021-gold.jpg\",\"width\":149,\"height\":69,\"caption\":\"Vitzthum GmbH\"},\"image\":{\"@id\":\"https:\\\/\\\/rieser-tropfen.de\\\/shop\\\/#\\\/schema\\\/logo\\\/image\\\/\"},\"sameAs\":[\"https:\\\/\\\/www.facebook.com\\\/vitzthum.destillerie\\\/?locale=de_DE\"]}]}<\/script>\n<!-- \/ Yoast SEO plugin. -->","yoast_head_json":{"title":"SCHNELLs K\u00fcrbiskerne ger\u00f6stet mit Rosmarin + Salz - Vitzthum Shop","robots":{"index":"index","follow":"follow","max-snippet":"max-snippet:-1","max-image-preview":"max-image-preview:large","max-video-preview":"max-video-preview:-1"},"canonical":"https:\/\/rieser-tropfen.de\/shop\/produkt\/kuerbiskerne-geroestet-rosmarin-salz\/","og_locale":"de_DE","og_type":"article","og_title":"SCHNELLs K\u00fcrbiskerne ger\u00f6stet mit Rosmarin + Salz - Vitzthum Shop","og_description":"Ger\u00f6stete K\u00fcrbiskerne umh\u00fcllt leicht salzig mit Rosmarin, knuspriger Geschmack mit dem gewissen Pep!","og_url":"https:\/\/rieser-tropfen.de\/shop\/produkt\/kuerbiskerne-geroestet-rosmarin-salz\/","og_site_name":"Vitzthum Shop","article_publisher":"https:\/\/www.facebook.com\/vitzthum.destillerie\/?locale=de_DE","article_modified_time":"2023-09-04T15:10:51+00:00","og_image":[{"width":500,"height":600,"url":"https:\/\/rieser-tropfen.de\/shop\/wp-content\/uploads\/2020\/02\/Kuerbiskerne-RosmSalz.jpg","type":"image\/jpeg"}],"twitter_card":"summary_large_image","twitter_misc":{"Gesch\u00e4tzte Lesezeit":"1\u00a0Minute"},"schema":{"@context":"https:\/\/schema.org","@graph":[{"@type":"WebPage","@id":"https:\/\/rieser-tropfen.de\/shop\/produkt\/kuerbiskerne-geroestet-rosmarin-salz\/","url":"https:\/\/rieser-tropfen.de\/shop\/produkt\/kuerbiskerne-geroestet-rosmarin-salz\/","name":"SCHNELLs K\u00fcrbiskerne ger\u00f6stet mit Rosmarin + Salz - Vitzthum Shop","isPartOf":{"@id":"https:\/\/rieser-tropfen.de\/shop\/#website"},"primaryImageOfPage":{"@id":"https:\/\/rieser-tropfen.de\/shop\/produkt\/kuerbiskerne-geroestet-rosmarin-salz\/#primaryimage"},"image":{"@id":"https:\/\/rieser-tropfen.de\/shop\/produkt\/kuerbiskerne-geroestet-rosmarin-salz\/#primaryimage"},"thumbnailUrl":"https:\/\/rieser-tropfen.de\/shop\/wp-content\/uploads\/2020\/02\/Kuerbiskerne-RosmSalz.jpg","datePublished":"2020-02-26T14:30:38+00:00","dateModified":"2023-09-04T15:10:51+00:00","breadcrumb":{"@id":"https:\/\/rieser-tropfen.de\/shop\/produkt\/kuerbiskerne-geroestet-rosmarin-salz\/#breadcrumb"},"inLanguage":"de","potentialAction":[{"@type":"ReadAction","target":["https:\/\/rieser-tropfen.de\/shop\/produkt\/kuerbiskerne-geroestet-rosmarin-salz\/"]}]},{"@type":"ImageObject","inLanguage":"de","@id":"https:\/\/rieser-tropfen.de\/shop\/produkt\/kuerbiskerne-geroestet-rosmarin-salz\/#primaryimage","url":"https:\/\/rieser-tropfen.de\/shop\/wp-content\/uploads\/2020\/02\/Kuerbiskerne-RosmSalz.jpg","contentUrl":"https:\/\/rieser-tropfen.de\/shop\/wp-content\/uploads\/2020\/02\/Kuerbiskerne-RosmSalz.jpg","width":500,"height":600},{"@type":"BreadcrumbList","@id":"https:\/\/rieser-tropfen.de\/shop\/produkt\/kuerbiskerne-geroestet-rosmarin-salz\/#breadcrumb","itemListElement":[{"@type":"ListItem","position":1,"name":"Home","item":"https:\/\/rieser-tropfen.de\/shop\/"},{"@type":"ListItem","position":2,"name":"Shop","item":"https:\/\/rieser-tropfen.de\/shop\/shop\/"},{"@type":"ListItem","position":3,"name":"SCHNELLs K\u00fcrbiskerne ger\u00f6stet mit Rosmarin + Salz"}]},{"@type":"WebSite","@id":"https:\/\/rieser-tropfen.de\/shop\/#website","url":"https:\/\/rieser-tropfen.de\/shop\/","name":"Vitzthum Shop","description":"handgemachte Beerengeister, Obstbr\u00e4nde und Kr\u00e4uter- sowie Fruchtlik\u00f6re","publisher":{"@id":"https:\/\/rieser-tropfen.de\/shop\/#organization"},"potentialAction":[{"@type":"SearchAction","target":{"@type":"EntryPoint","urlTemplate":"https:\/\/rieser-tropfen.de\/shop\/?s={search_term_string}"},"query-input":{"@type":"PropertyValueSpecification","valueRequired":true,"valueName":"search_term_string"}}],"inLanguage":"de"},{"@type":"Organization","@id":"https:\/\/rieser-tropfen.de\/shop\/#organization","name":"Vitzthum GmbH","url":"https:\/\/rieser-tropfen.de\/shop\/","logo":{"@type":"ImageObject","inLanguage":"de","@id":"https:\/\/rieser-tropfen.de\/shop\/#\/schema\/logo\/image\/","url":"https:\/\/rieser-tropfen.de\/shop\/wp-content\/uploads\/2021\/03\/Logo-Vitzthum-2021-gold.jpg","contentUrl":"https:\/\/rieser-tropfen.de\/shop\/wp-content\/uploads\/2021\/03\/Logo-Vitzthum-2021-gold.jpg","width":149,"height":69,"caption":"Vitzthum GmbH"},"image":{"@id":"https:\/\/rieser-tropfen.de\/shop\/#\/schema\/logo\/image\/"},"sameAs":["https:\/\/www.facebook.com\/vitzthum.destillerie\/?locale=de_DE"]}]}},"_links":{"self":[{"href":"https:\/\/rieser-tropfen.de\/shop\/wp-json\/wp\/v2\/product\/1737","targetHints":{"allow":["GET"]}}],"collection":[{"href":"https:\/\/rieser-tropfen.de\/shop\/wp-json\/wp\/v2\/product"}],"about":[{"href":"https:\/\/rieser-tropfen.de\/shop\/wp-json\/wp\/v2\/types\/product"}],"wp:featuredmedia":[{"embeddable":true,"href":"https:\/\/rieser-tropfen.de\/shop\/wp-json\/wp\/v2\/media\/2383"}],"wp:attachment":[{"href":"https:\/\/rieser-tropfen.de\/shop\/wp-json\/wp\/v2\/media?parent=1737"}],"wp:term":[{"taxonomy":"product_brand","embeddable":true,"href":"https:\/\/rieser-tropfen.de\/shop\/wp-json\/wp\/v2\/product_brand?post=1737"},{"taxonomy":"product_cat","embeddable":true,"href":"https:\/\/rieser-tropfen.de\/shop\/wp-json\/wp\/v2\/product_cat?post=1737"},{"taxonomy":"product_tag","embeddable":true,"href":"https:\/\/rieser-tropfen.de\/shop\/wp-json\/wp\/v2\/product_tag?post=1737"}],"curies":[{"name":"wp","href":"https:\/\/api.w.org\/{rel}","templated":true}]}}