{"id":1740,"date":"2022-10-20T15:43:13","date_gmt":"2022-10-20T13:43:13","guid":{"rendered":"https:\/\/rieser-tropfen.de\/shop\/?post_type=product&#038;p=1740"},"modified":"2025-11-12T16:31:39","modified_gmt":"2025-11-12T15:31:39","slug":"kuerbiskernoel","status":"publish","type":"product","link":"https:\/\/rieser-tropfen.de\/shop\/produkt\/kuerbiskernoel\/","title":{"rendered":"SCHNELLSs &#8211; K\u00fcrbiskern\u00f6l &#8211; Erstpressung"},"content":{"rendered":"<p><span style=\"color: #ffcc00;\">2,5 kg K\u00fcrbiskerne werden ben\u00f6tigt f\u00fcr &#8211;<\/span><\/p>\n<h1>1 Liter tiefgr\u00fcnes K\u00fcrbiskern\u00f6l!<\/h1>\n<p>Die Schnell&#8217;s pressen ihr fr\u00e4nkisches K\u00fcrbiskern\u00f6l selbst in der eigenen \u00d6lm\u00fchle. Dazu verwenden sie selbst angebauten K\u00fcrbiskerne. Erst werden diese gemahlen, dann geknetet und im Anschluss daran ger\u00f6stet in der pPanne. Der letzten Arbeitsschritt: Einschichten der Kerne in den Seiher der Presse\u00a0 und pressen dann daraus das K\u00fcrbiskern\u00f6l.<\/p>\n<p>So erhalten sie ein 100% reines K\u00fcrbiskern\u00f6l, das frei von sonstigen Zus\u00e4tzen ist.<\/p>\n<p>Sie k\u00f6nnen es hervorragend f\u00fcr Salate verwenden. Sehr lecker ist es in Kombination mit einem fruchtigen Essig, z.B. f\u00fcr gr\u00fcnen Salat, Feldsalat, Tomate-Mozarella, K\u00fcrbissuppe, Karottengem\u00fcse und leckeres Pesto mit Rucola und K\u00fcrbiskernen.<\/p>\n<p><span style=\"font-size: 105%; color: #d83131;\">Wichtig ist: K\u00fcrbiskern\u00f6l sollte nicht erhitzt werden.<\/span><\/p>\n<p>Und ein besonderer Desserttipp f\u00fcr Sie: Geben Sie ein paar Tropfen K\u00fcrbiskern\u00f6l \u00fcber ihr Vanilleeis und dazu ein paar gebrannte K\u00fcrbiskerne.<\/p>\n<p>Lagerung: Lagern sie ihr \u00d6l k\u00fchl und dunkel, z.B. in einem K\u00fcchenschrank \u2013 es muss nicht in den K\u00fchlschrank. Verwenden k\u00f6nnen Sie es, wenn sie es ge\u00f6ffnet haben, ca. 9 Monate lang.<\/p>\n","protected":false},"excerpt":{"rendered":"<p>Einmal probiert &#8211; f\u00fcr immer verf\u00fchrt. Sein intensiv-nussiger Geschmack macht s\u00fcchtig; nicht nur in Salaten oder Suppen, ungew\u00f6hnlich aber excellent auf Vanilleeis!!<\/p>\n","protected":false},"featured_media":2382,"template":"","meta":[],"product_brand":[],"product_cat":[614,615],"product_tag":[696,695,698,697],"class_list":{"0":"post-1740","1":"product","2":"type-product","3":"status-publish","4":"has-post-thumbnail","6":"product_cat-gaumenfreuden-suess-wuerzig","7":"product_cat-oele-wuerziges","8":"product_tag-kernoel","9":"product_tag-kuerbiskernoel","10":"product_tag-nussoel","11":"product_tag-oel-aus-franken","13":"first","14":"instock","15":"shipping-taxable","16":"purchasable","17":"product-type-variable"},"yoast_head":"<!-- This site is optimized with the Yoast SEO plugin v27.5 - https:\/\/yoast.com\/product\/yoast-seo-wordpress\/ -->\n<title>SCHNELLSs - K\u00fcrbiskern\u00f6l - Erstpressung - Vitzthum Shop<\/title>\n<meta name=\"robots\" content=\"index, follow, max-snippet:-1, max-image-preview:large, max-video-preview:-1\" \/>\n<link rel=\"canonical\" href=\"https:\/\/rieser-tropfen.de\/shop\/produkt\/kuerbiskernoel\/\" \/>\n<meta property=\"og:locale\" content=\"de_DE\" \/>\n<meta property=\"og:type\" content=\"article\" \/>\n<meta property=\"og:title\" content=\"SCHNELLSs - K\u00fcrbiskern\u00f6l - Erstpressung - Vitzthum Shop\" \/>\n<meta property=\"og:description\" content=\"Einmal probiert - f\u00fcr immer verf\u00fchrt. Sein intensiv-nussiger Geschmack macht s\u00fcchtig; nicht nur in Salaten oder Suppen, ungew\u00f6hnlich aber excellent auf Vanilleeis!!\" \/>\n<meta property=\"og:url\" content=\"https:\/\/rieser-tropfen.de\/shop\/produkt\/kuerbiskernoel\/\" \/>\n<meta property=\"og:site_name\" content=\"Vitzthum Shop\" \/>\n<meta property=\"article:publisher\" content=\"https:\/\/www.facebook.com\/vitzthum.destillerie\/?locale=de_DE\" \/>\n<meta property=\"article:modified_time\" content=\"2025-11-12T15:31:39+00:00\" \/>\n<meta property=\"og:image\" content=\"https:\/\/rieser-tropfen.de\/shop\/wp-content\/uploads\/2020\/02\/Kuerbiskernoel-3xdiv.Groesse.jpg\" \/>\n\t<meta property=\"og:image:width\" content=\"500\" \/>\n\t<meta property=\"og:image:height\" content=\"600\" \/>\n\t<meta property=\"og:image:type\" content=\"image\/jpeg\" \/>\n<meta name=\"twitter:card\" content=\"summary_large_image\" \/>\n<meta name=\"twitter:label1\" content=\"Gesch\u00e4tzte Lesezeit\" \/>\n\t<meta name=\"twitter:data1\" content=\"2\u00a0Minuten\" \/>\n<script type=\"application\/ld+json\" class=\"yoast-schema-graph\">{\"@context\":\"https:\\\/\\\/schema.org\",\"@graph\":[{\"@type\":\"WebPage\",\"@id\":\"https:\\\/\\\/rieser-tropfen.de\\\/shop\\\/produkt\\\/kuerbiskernoel\\\/\",\"url\":\"https:\\\/\\\/rieser-tropfen.de\\\/shop\\\/produkt\\\/kuerbiskernoel\\\/\",\"name\":\"SCHNELLSs - K\u00fcrbiskern\u00f6l - Erstpressung - Vitzthum Shop\",\"isPartOf\":{\"@id\":\"https:\\\/\\\/rieser-tropfen.de\\\/shop\\\/#website\"},\"primaryImageOfPage\":{\"@id\":\"https:\\\/\\\/rieser-tropfen.de\\\/shop\\\/produkt\\\/kuerbiskernoel\\\/#primaryimage\"},\"image\":{\"@id\":\"https:\\\/\\\/rieser-tropfen.de\\\/shop\\\/produkt\\\/kuerbiskernoel\\\/#primaryimage\"},\"thumbnailUrl\":\"https:\\\/\\\/rieser-tropfen.de\\\/shop\\\/wp-content\\\/uploads\\\/2020\\\/02\\\/Kuerbiskernoel-3xdiv.Groesse.jpg\",\"datePublished\":\"2022-10-20T13:43:13+00:00\",\"dateModified\":\"2025-11-12T15:31:39+00:00\",\"breadcrumb\":{\"@id\":\"https:\\\/\\\/rieser-tropfen.de\\\/shop\\\/produkt\\\/kuerbiskernoel\\\/#breadcrumb\"},\"inLanguage\":\"de\",\"potentialAction\":[{\"@type\":\"ReadAction\",\"target\":[\"https:\\\/\\\/rieser-tropfen.de\\\/shop\\\/produkt\\\/kuerbiskernoel\\\/\"]}]},{\"@type\":\"ImageObject\",\"inLanguage\":\"de\",\"@id\":\"https:\\\/\\\/rieser-tropfen.de\\\/shop\\\/produkt\\\/kuerbiskernoel\\\/#primaryimage\",\"url\":\"https:\\\/\\\/rieser-tropfen.de\\\/shop\\\/wp-content\\\/uploads\\\/2020\\\/02\\\/Kuerbiskernoel-3xdiv.Groesse.jpg\",\"contentUrl\":\"https:\\\/\\\/rieser-tropfen.de\\\/shop\\\/wp-content\\\/uploads\\\/2020\\\/02\\\/Kuerbiskernoel-3xdiv.Groesse.jpg\",\"width\":500,\"height\":600},{\"@type\":\"BreadcrumbList\",\"@id\":\"https:\\\/\\\/rieser-tropfen.de\\\/shop\\\/produkt\\\/kuerbiskernoel\\\/#breadcrumb\",\"itemListElement\":[{\"@type\":\"ListItem\",\"position\":1,\"name\":\"Home\",\"item\":\"https:\\\/\\\/rieser-tropfen.de\\\/shop\\\/\"},{\"@type\":\"ListItem\",\"position\":2,\"name\":\"Shop\",\"item\":\"https:\\\/\\\/rieser-tropfen.de\\\/shop\\\/shop\\\/\"},{\"@type\":\"ListItem\",\"position\":3,\"name\":\"SCHNELLSs &#8211; K\u00fcrbiskern\u00f6l &#8211; Erstpressung\"}]},{\"@type\":\"WebSite\",\"@id\":\"https:\\\/\\\/rieser-tropfen.de\\\/shop\\\/#website\",\"url\":\"https:\\\/\\\/rieser-tropfen.de\\\/shop\\\/\",\"name\":\"Vitzthum Shop\",\"description\":\"handgemachte Beerengeister, Obstbr\u00e4nde und Kr\u00e4uter- sowie Fruchtlik\u00f6re\",\"publisher\":{\"@id\":\"https:\\\/\\\/rieser-tropfen.de\\\/shop\\\/#organization\"},\"potentialAction\":[{\"@type\":\"SearchAction\",\"target\":{\"@type\":\"EntryPoint\",\"urlTemplate\":\"https:\\\/\\\/rieser-tropfen.de\\\/shop\\\/?s={search_term_string}\"},\"query-input\":{\"@type\":\"PropertyValueSpecification\",\"valueRequired\":true,\"valueName\":\"search_term_string\"}}],\"inLanguage\":\"de\"},{\"@type\":\"Organization\",\"@id\":\"https:\\\/\\\/rieser-tropfen.de\\\/shop\\\/#organization\",\"name\":\"Vitzthum GmbH\",\"url\":\"https:\\\/\\\/rieser-tropfen.de\\\/shop\\\/\",\"logo\":{\"@type\":\"ImageObject\",\"inLanguage\":\"de\",\"@id\":\"https:\\\/\\\/rieser-tropfen.de\\\/shop\\\/#\\\/schema\\\/logo\\\/image\\\/\",\"url\":\"https:\\\/\\\/rieser-tropfen.de\\\/shop\\\/wp-content\\\/uploads\\\/2021\\\/03\\\/Logo-Vitzthum-2021-gold.jpg\",\"contentUrl\":\"https:\\\/\\\/rieser-tropfen.de\\\/shop\\\/wp-content\\\/uploads\\\/2021\\\/03\\\/Logo-Vitzthum-2021-gold.jpg\",\"width\":149,\"height\":69,\"caption\":\"Vitzthum GmbH\"},\"image\":{\"@id\":\"https:\\\/\\\/rieser-tropfen.de\\\/shop\\\/#\\\/schema\\\/logo\\\/image\\\/\"},\"sameAs\":[\"https:\\\/\\\/www.facebook.com\\\/vitzthum.destillerie\\\/?locale=de_DE\"]}]}<\/script>\n<!-- \/ Yoast SEO plugin. -->","yoast_head_json":{"title":"SCHNELLSs - K\u00fcrbiskern\u00f6l - Erstpressung - Vitzthum Shop","robots":{"index":"index","follow":"follow","max-snippet":"max-snippet:-1","max-image-preview":"max-image-preview:large","max-video-preview":"max-video-preview:-1"},"canonical":"https:\/\/rieser-tropfen.de\/shop\/produkt\/kuerbiskernoel\/","og_locale":"de_DE","og_type":"article","og_title":"SCHNELLSs - K\u00fcrbiskern\u00f6l - Erstpressung - Vitzthum Shop","og_description":"Einmal probiert - f\u00fcr immer verf\u00fchrt. Sein intensiv-nussiger Geschmack macht s\u00fcchtig; nicht nur in Salaten oder Suppen, ungew\u00f6hnlich aber excellent auf Vanilleeis!!","og_url":"https:\/\/rieser-tropfen.de\/shop\/produkt\/kuerbiskernoel\/","og_site_name":"Vitzthum Shop","article_publisher":"https:\/\/www.facebook.com\/vitzthum.destillerie\/?locale=de_DE","article_modified_time":"2025-11-12T15:31:39+00:00","og_image":[{"width":500,"height":600,"url":"https:\/\/rieser-tropfen.de\/shop\/wp-content\/uploads\/2020\/02\/Kuerbiskernoel-3xdiv.Groesse.jpg","type":"image\/jpeg"}],"twitter_card":"summary_large_image","twitter_misc":{"Gesch\u00e4tzte Lesezeit":"2\u00a0Minuten"},"schema":{"@context":"https:\/\/schema.org","@graph":[{"@type":"WebPage","@id":"https:\/\/rieser-tropfen.de\/shop\/produkt\/kuerbiskernoel\/","url":"https:\/\/rieser-tropfen.de\/shop\/produkt\/kuerbiskernoel\/","name":"SCHNELLSs - K\u00fcrbiskern\u00f6l - Erstpressung - Vitzthum Shop","isPartOf":{"@id":"https:\/\/rieser-tropfen.de\/shop\/#website"},"primaryImageOfPage":{"@id":"https:\/\/rieser-tropfen.de\/shop\/produkt\/kuerbiskernoel\/#primaryimage"},"image":{"@id":"https:\/\/rieser-tropfen.de\/shop\/produkt\/kuerbiskernoel\/#primaryimage"},"thumbnailUrl":"https:\/\/rieser-tropfen.de\/shop\/wp-content\/uploads\/2020\/02\/Kuerbiskernoel-3xdiv.Groesse.jpg","datePublished":"2022-10-20T13:43:13+00:00","dateModified":"2025-11-12T15:31:39+00:00","breadcrumb":{"@id":"https:\/\/rieser-tropfen.de\/shop\/produkt\/kuerbiskernoel\/#breadcrumb"},"inLanguage":"de","potentialAction":[{"@type":"ReadAction","target":["https:\/\/rieser-tropfen.de\/shop\/produkt\/kuerbiskernoel\/"]}]},{"@type":"ImageObject","inLanguage":"de","@id":"https:\/\/rieser-tropfen.de\/shop\/produkt\/kuerbiskernoel\/#primaryimage","url":"https:\/\/rieser-tropfen.de\/shop\/wp-content\/uploads\/2020\/02\/Kuerbiskernoel-3xdiv.Groesse.jpg","contentUrl":"https:\/\/rieser-tropfen.de\/shop\/wp-content\/uploads\/2020\/02\/Kuerbiskernoel-3xdiv.Groesse.jpg","width":500,"height":600},{"@type":"BreadcrumbList","@id":"https:\/\/rieser-tropfen.de\/shop\/produkt\/kuerbiskernoel\/#breadcrumb","itemListElement":[{"@type":"ListItem","position":1,"name":"Home","item":"https:\/\/rieser-tropfen.de\/shop\/"},{"@type":"ListItem","position":2,"name":"Shop","item":"https:\/\/rieser-tropfen.de\/shop\/shop\/"},{"@type":"ListItem","position":3,"name":"SCHNELLSs &#8211; K\u00fcrbiskern\u00f6l &#8211; Erstpressung"}]},{"@type":"WebSite","@id":"https:\/\/rieser-tropfen.de\/shop\/#website","url":"https:\/\/rieser-tropfen.de\/shop\/","name":"Vitzthum Shop","description":"handgemachte Beerengeister, Obstbr\u00e4nde und Kr\u00e4uter- sowie Fruchtlik\u00f6re","publisher":{"@id":"https:\/\/rieser-tropfen.de\/shop\/#organization"},"potentialAction":[{"@type":"SearchAction","target":{"@type":"EntryPoint","urlTemplate":"https:\/\/rieser-tropfen.de\/shop\/?s={search_term_string}"},"query-input":{"@type":"PropertyValueSpecification","valueRequired":true,"valueName":"search_term_string"}}],"inLanguage":"de"},{"@type":"Organization","@id":"https:\/\/rieser-tropfen.de\/shop\/#organization","name":"Vitzthum GmbH","url":"https:\/\/rieser-tropfen.de\/shop\/","logo":{"@type":"ImageObject","inLanguage":"de","@id":"https:\/\/rieser-tropfen.de\/shop\/#\/schema\/logo\/image\/","url":"https:\/\/rieser-tropfen.de\/shop\/wp-content\/uploads\/2021\/03\/Logo-Vitzthum-2021-gold.jpg","contentUrl":"https:\/\/rieser-tropfen.de\/shop\/wp-content\/uploads\/2021\/03\/Logo-Vitzthum-2021-gold.jpg","width":149,"height":69,"caption":"Vitzthum GmbH"},"image":{"@id":"https:\/\/rieser-tropfen.de\/shop\/#\/schema\/logo\/image\/"},"sameAs":["https:\/\/www.facebook.com\/vitzthum.destillerie\/?locale=de_DE"]}]}},"_links":{"self":[{"href":"https:\/\/rieser-tropfen.de\/shop\/wp-json\/wp\/v2\/product\/1740","targetHints":{"allow":["GET"]}}],"collection":[{"href":"https:\/\/rieser-tropfen.de\/shop\/wp-json\/wp\/v2\/product"}],"about":[{"href":"https:\/\/rieser-tropfen.de\/shop\/wp-json\/wp\/v2\/types\/product"}],"wp:featuredmedia":[{"embeddable":true,"href":"https:\/\/rieser-tropfen.de\/shop\/wp-json\/wp\/v2\/media\/2382"}],"wp:attachment":[{"href":"https:\/\/rieser-tropfen.de\/shop\/wp-json\/wp\/v2\/media?parent=1740"}],"wp:term":[{"taxonomy":"product_brand","embeddable":true,"href":"https:\/\/rieser-tropfen.de\/shop\/wp-json\/wp\/v2\/product_brand?post=1740"},{"taxonomy":"product_cat","embeddable":true,"href":"https:\/\/rieser-tropfen.de\/shop\/wp-json\/wp\/v2\/product_cat?post=1740"},{"taxonomy":"product_tag","embeddable":true,"href":"https:\/\/rieser-tropfen.de\/shop\/wp-json\/wp\/v2\/product_tag?post=1740"}],"curies":[{"name":"wp","href":"https:\/\/api.w.org\/{rel}","templated":true}]}}