{"id":1806,"date":"2020-05-14T11:35:27","date_gmt":"2020-05-14T09:35:27","guid":{"rendered":"https:\/\/rieser-tropfen.de\/shop\/?post_type=product&#038;p=1806"},"modified":"2022-10-21T16:38:32","modified_gmt":"2022-10-21T14:38:32","slug":"deligreece-fleur-de-sel","status":"publish","type":"product","link":"https:\/\/rieser-tropfen.de\/shop\/produkt\/deligreece-fleur-de-sel\/","title":{"rendered":"&#8212;-  DELIGREECE&#8212;&#8212; Fleur de Sel"},"content":{"rendered":"<div class=\"row\"  id=\"row-8404633\"><\/div>\n\n\t<div id=\"col-1148406869\" class=\"col small-12 large-12\"  >\n\t\t\t\t<div class=\"col-inner\"  >\n\t\t\t\n\t\t\t\t\t<\/div>\n\t\t\t\t\n<style>\n#col-1148406869 > .col-inner {\n  padding: 18px 0px 0px 0px;\n}\n<\/style>\n\t<\/div>\n\n\t\n<p><span style=\"color: #ffcc00;\">handgesch\u00f6pft von Kreta &#8211;\u00a0<\/span><\/p>\n<p><span style=\"font-size: 190%;\">Salzblumen &#8211; Fleur de Sel<\/span><\/p>\n<p>Fleur de Sel in seiner urspr\u00fcnglichen Form, F\u00fclle und Reinheit.<\/p>\n<p>Das Beste, was bei der Gewinnung von Salz entsteht.<br \/>\nAn der abgelegenen, \u00f6stlichen K\u00fcste der Insel Kreta, bilden schroffe Klippen aus schwarzer Vulkanerde nat\u00fcrliche Becken, in denen sich unter idealen Wind- und Sonnenverh\u00e4ltnissen in den Monaten Juli und August, Salzblumen bilden.<\/p>\n<p>Diese Salzblumen werden von Fischern, die mit Fischerbooten an die sehr schwer zug\u00e4nglichen Klippen fahren, in m\u00fchseliger Handarbeit abgesch\u00f6pft und anschlie\u00dfend sonnengetrocknet.<br \/>\nDas so geerntete Salz ist 100% natur belassen und wird ohne jegliche Verarbeitung abgef\u00fcllt. Durch die aufw\u00e4ndige Ernte sind nur sehr begrenzte Mengen von diesem einzigartigen Salz verf\u00fcgbar.<\/p>\n<p>Zarte, strahlend wei\u00dfe Kristalle, besonders knusprig, aromatisch und mild.<br \/>\nAls letzter Schliff auf Fisch, Fleisch oder Gem\u00fcse. Probieren Sie es auf einem frischen St\u00fcck Tomate, in Salaten oder als Starter mit Oliven\u00f6l und Baguette!<\/p>\n","protected":false},"excerpt":{"rendered":"<p>Zarte, strahlend wei\u00dfe Kristalle, besonders knusprig, aromatisch und mild.\u00a0Einfach \u00fcberall a la salt bae dr\u00fcberstreuen und genie\u00dfen.<\/p>\n","protected":false},"featured_media":2340,"template":"","meta":[],"product_brand":[],"product_cat":[614,615],"product_tag":[748,744,747,749,746,745],"class_list":{"0":"post-1806","1":"product","2":"type-product","3":"status-publish","4":"has-post-thumbnail","6":"product_cat-gaumenfreuden-suess-wuerzig","7":"product_cat-oele-wuerziges","8":"product_tag-edles-salz","9":"product_tag-fleur-de-sel","10":"product_tag-griechisches-salz","11":"product_tag-luxussalz","12":"product_tag-meersalz","13":"product_tag-salzblumen","15":"first","16":"instock","17":"shipping-taxable","18":"purchasable","19":"product-type-variable","20":"has-default-attributes"},"yoast_head":"<!-- This site is optimized with the Yoast SEO plugin v27.5 - https:\/\/yoast.com\/product\/yoast-seo-wordpress\/ -->\n<title>- DELIGREECE- Fleur de Sel - Vitzthum Shop<\/title>\n<meta name=\"robots\" content=\"index, follow, max-snippet:-1, max-image-preview:large, max-video-preview:-1\" \/>\n<link rel=\"canonical\" href=\"https:\/\/rieser-tropfen.de\/shop\/produkt\/deligreece-fleur-de-sel\/\" \/>\n<meta property=\"og:locale\" content=\"de_DE\" \/>\n<meta property=\"og:type\" content=\"article\" \/>\n<meta property=\"og:title\" content=\"- DELIGREECE- Fleur de Sel - Vitzthum Shop\" \/>\n<meta property=\"og:description\" content=\"Zarte, strahlend wei\u00dfe Kristalle, besonders knusprig, aromatisch und mild.\u00a0Einfach \u00fcberall a la salt bae dr\u00fcberstreuen und genie\u00dfen.\" \/>\n<meta property=\"og:url\" content=\"https:\/\/rieser-tropfen.de\/shop\/produkt\/deligreece-fleur-de-sel\/\" \/>\n<meta property=\"og:site_name\" content=\"Vitzthum Shop\" \/>\n<meta property=\"article:publisher\" content=\"https:\/\/www.facebook.com\/vitzthum.destillerie\/?locale=de_DE\" \/>\n<meta property=\"article:modified_time\" content=\"2022-10-21T14:38:32+00:00\" \/>\n<meta property=\"og:image\" content=\"https:\/\/rieser-tropfen.de\/shop\/wp-content\/uploads\/2020\/05\/Deligreece-Fleur-de-Sel-1.jpg\" \/>\n\t<meta property=\"og:image:width\" content=\"500\" \/>\n\t<meta property=\"og:image:height\" content=\"600\" \/>\n\t<meta property=\"og:image:type\" content=\"image\/jpeg\" \/>\n<meta name=\"twitter:card\" content=\"summary_large_image\" \/>\n<meta name=\"twitter:label1\" content=\"Gesch\u00e4tzte Lesezeit\" \/>\n\t<meta name=\"twitter:data1\" content=\"1\u00a0Minute\" \/>\n<script type=\"application\/ld+json\" class=\"yoast-schema-graph\">{\"@context\":\"https:\\\/\\\/schema.org\",\"@graph\":[{\"@type\":\"WebPage\",\"@id\":\"https:\\\/\\\/rieser-tropfen.de\\\/shop\\\/produkt\\\/deligreece-fleur-de-sel\\\/\",\"url\":\"https:\\\/\\\/rieser-tropfen.de\\\/shop\\\/produkt\\\/deligreece-fleur-de-sel\\\/\",\"name\":\"- DELIGREECE- Fleur de Sel - Vitzthum Shop\",\"isPartOf\":{\"@id\":\"https:\\\/\\\/rieser-tropfen.de\\\/shop\\\/#website\"},\"primaryImageOfPage\":{\"@id\":\"https:\\\/\\\/rieser-tropfen.de\\\/shop\\\/produkt\\\/deligreece-fleur-de-sel\\\/#primaryimage\"},\"image\":{\"@id\":\"https:\\\/\\\/rieser-tropfen.de\\\/shop\\\/produkt\\\/deligreece-fleur-de-sel\\\/#primaryimage\"},\"thumbnailUrl\":\"https:\\\/\\\/rieser-tropfen.de\\\/shop\\\/wp-content\\\/uploads\\\/2020\\\/05\\\/Deligreece-Fleur-de-Sel-1.jpg\",\"datePublished\":\"2020-05-14T09:35:27+00:00\",\"dateModified\":\"2022-10-21T14:38:32+00:00\",\"breadcrumb\":{\"@id\":\"https:\\\/\\\/rieser-tropfen.de\\\/shop\\\/produkt\\\/deligreece-fleur-de-sel\\\/#breadcrumb\"},\"inLanguage\":\"de\",\"potentialAction\":[{\"@type\":\"ReadAction\",\"target\":[\"https:\\\/\\\/rieser-tropfen.de\\\/shop\\\/produkt\\\/deligreece-fleur-de-sel\\\/\"]}]},{\"@type\":\"ImageObject\",\"inLanguage\":\"de\",\"@id\":\"https:\\\/\\\/rieser-tropfen.de\\\/shop\\\/produkt\\\/deligreece-fleur-de-sel\\\/#primaryimage\",\"url\":\"https:\\\/\\\/rieser-tropfen.de\\\/shop\\\/wp-content\\\/uploads\\\/2020\\\/05\\\/Deligreece-Fleur-de-Sel-1.jpg\",\"contentUrl\":\"https:\\\/\\\/rieser-tropfen.de\\\/shop\\\/wp-content\\\/uploads\\\/2020\\\/05\\\/Deligreece-Fleur-de-Sel-1.jpg\",\"width\":500,\"height\":600},{\"@type\":\"BreadcrumbList\",\"@id\":\"https:\\\/\\\/rieser-tropfen.de\\\/shop\\\/produkt\\\/deligreece-fleur-de-sel\\\/#breadcrumb\",\"itemListElement\":[{\"@type\":\"ListItem\",\"position\":1,\"name\":\"Home\",\"item\":\"https:\\\/\\\/rieser-tropfen.de\\\/shop\\\/\"},{\"@type\":\"ListItem\",\"position\":2,\"name\":\"Shop\",\"item\":\"https:\\\/\\\/rieser-tropfen.de\\\/shop\\\/shop\\\/\"},{\"@type\":\"ListItem\",\"position\":3,\"name\":\"&#8212;- DELIGREECE&#8212;&#8212; Fleur de Sel\"}]},{\"@type\":\"WebSite\",\"@id\":\"https:\\\/\\\/rieser-tropfen.de\\\/shop\\\/#website\",\"url\":\"https:\\\/\\\/rieser-tropfen.de\\\/shop\\\/\",\"name\":\"Vitzthum Shop\",\"description\":\"handgemachte Beerengeister, Obstbr\u00e4nde und Kr\u00e4uter- sowie Fruchtlik\u00f6re\",\"publisher\":{\"@id\":\"https:\\\/\\\/rieser-tropfen.de\\\/shop\\\/#organization\"},\"potentialAction\":[{\"@type\":\"SearchAction\",\"target\":{\"@type\":\"EntryPoint\",\"urlTemplate\":\"https:\\\/\\\/rieser-tropfen.de\\\/shop\\\/?s={search_term_string}\"},\"query-input\":{\"@type\":\"PropertyValueSpecification\",\"valueRequired\":true,\"valueName\":\"search_term_string\"}}],\"inLanguage\":\"de\"},{\"@type\":\"Organization\",\"@id\":\"https:\\\/\\\/rieser-tropfen.de\\\/shop\\\/#organization\",\"name\":\"Vitzthum GmbH\",\"url\":\"https:\\\/\\\/rieser-tropfen.de\\\/shop\\\/\",\"logo\":{\"@type\":\"ImageObject\",\"inLanguage\":\"de\",\"@id\":\"https:\\\/\\\/rieser-tropfen.de\\\/shop\\\/#\\\/schema\\\/logo\\\/image\\\/\",\"url\":\"https:\\\/\\\/rieser-tropfen.de\\\/shop\\\/wp-content\\\/uploads\\\/2021\\\/03\\\/Logo-Vitzthum-2021-gold.jpg\",\"contentUrl\":\"https:\\\/\\\/rieser-tropfen.de\\\/shop\\\/wp-content\\\/uploads\\\/2021\\\/03\\\/Logo-Vitzthum-2021-gold.jpg\",\"width\":149,\"height\":69,\"caption\":\"Vitzthum GmbH\"},\"image\":{\"@id\":\"https:\\\/\\\/rieser-tropfen.de\\\/shop\\\/#\\\/schema\\\/logo\\\/image\\\/\"},\"sameAs\":[\"https:\\\/\\\/www.facebook.com\\\/vitzthum.destillerie\\\/?locale=de_DE\"]}]}<\/script>\n<!-- \/ Yoast SEO plugin. -->","yoast_head_json":{"title":"- DELIGREECE- Fleur de Sel - Vitzthum Shop","robots":{"index":"index","follow":"follow","max-snippet":"max-snippet:-1","max-image-preview":"max-image-preview:large","max-video-preview":"max-video-preview:-1"},"canonical":"https:\/\/rieser-tropfen.de\/shop\/produkt\/deligreece-fleur-de-sel\/","og_locale":"de_DE","og_type":"article","og_title":"- DELIGREECE- Fleur de Sel - Vitzthum Shop","og_description":"Zarte, strahlend wei\u00dfe Kristalle, besonders knusprig, aromatisch und mild.\u00a0Einfach \u00fcberall a la salt bae dr\u00fcberstreuen und genie\u00dfen.","og_url":"https:\/\/rieser-tropfen.de\/shop\/produkt\/deligreece-fleur-de-sel\/","og_site_name":"Vitzthum Shop","article_publisher":"https:\/\/www.facebook.com\/vitzthum.destillerie\/?locale=de_DE","article_modified_time":"2022-10-21T14:38:32+00:00","og_image":[{"width":500,"height":600,"url":"https:\/\/rieser-tropfen.de\/shop\/wp-content\/uploads\/2020\/05\/Deligreece-Fleur-de-Sel-1.jpg","type":"image\/jpeg"}],"twitter_card":"summary_large_image","twitter_misc":{"Gesch\u00e4tzte Lesezeit":"1\u00a0Minute"},"schema":{"@context":"https:\/\/schema.org","@graph":[{"@type":"WebPage","@id":"https:\/\/rieser-tropfen.de\/shop\/produkt\/deligreece-fleur-de-sel\/","url":"https:\/\/rieser-tropfen.de\/shop\/produkt\/deligreece-fleur-de-sel\/","name":"- DELIGREECE- Fleur de Sel - Vitzthum Shop","isPartOf":{"@id":"https:\/\/rieser-tropfen.de\/shop\/#website"},"primaryImageOfPage":{"@id":"https:\/\/rieser-tropfen.de\/shop\/produkt\/deligreece-fleur-de-sel\/#primaryimage"},"image":{"@id":"https:\/\/rieser-tropfen.de\/shop\/produkt\/deligreece-fleur-de-sel\/#primaryimage"},"thumbnailUrl":"https:\/\/rieser-tropfen.de\/shop\/wp-content\/uploads\/2020\/05\/Deligreece-Fleur-de-Sel-1.jpg","datePublished":"2020-05-14T09:35:27+00:00","dateModified":"2022-10-21T14:38:32+00:00","breadcrumb":{"@id":"https:\/\/rieser-tropfen.de\/shop\/produkt\/deligreece-fleur-de-sel\/#breadcrumb"},"inLanguage":"de","potentialAction":[{"@type":"ReadAction","target":["https:\/\/rieser-tropfen.de\/shop\/produkt\/deligreece-fleur-de-sel\/"]}]},{"@type":"ImageObject","inLanguage":"de","@id":"https:\/\/rieser-tropfen.de\/shop\/produkt\/deligreece-fleur-de-sel\/#primaryimage","url":"https:\/\/rieser-tropfen.de\/shop\/wp-content\/uploads\/2020\/05\/Deligreece-Fleur-de-Sel-1.jpg","contentUrl":"https:\/\/rieser-tropfen.de\/shop\/wp-content\/uploads\/2020\/05\/Deligreece-Fleur-de-Sel-1.jpg","width":500,"height":600},{"@type":"BreadcrumbList","@id":"https:\/\/rieser-tropfen.de\/shop\/produkt\/deligreece-fleur-de-sel\/#breadcrumb","itemListElement":[{"@type":"ListItem","position":1,"name":"Home","item":"https:\/\/rieser-tropfen.de\/shop\/"},{"@type":"ListItem","position":2,"name":"Shop","item":"https:\/\/rieser-tropfen.de\/shop\/shop\/"},{"@type":"ListItem","position":3,"name":"&#8212;- DELIGREECE&#8212;&#8212; Fleur de Sel"}]},{"@type":"WebSite","@id":"https:\/\/rieser-tropfen.de\/shop\/#website","url":"https:\/\/rieser-tropfen.de\/shop\/","name":"Vitzthum Shop","description":"handgemachte Beerengeister, Obstbr\u00e4nde und Kr\u00e4uter- sowie Fruchtlik\u00f6re","publisher":{"@id":"https:\/\/rieser-tropfen.de\/shop\/#organization"},"potentialAction":[{"@type":"SearchAction","target":{"@type":"EntryPoint","urlTemplate":"https:\/\/rieser-tropfen.de\/shop\/?s={search_term_string}"},"query-input":{"@type":"PropertyValueSpecification","valueRequired":true,"valueName":"search_term_string"}}],"inLanguage":"de"},{"@type":"Organization","@id":"https:\/\/rieser-tropfen.de\/shop\/#organization","name":"Vitzthum GmbH","url":"https:\/\/rieser-tropfen.de\/shop\/","logo":{"@type":"ImageObject","inLanguage":"de","@id":"https:\/\/rieser-tropfen.de\/shop\/#\/schema\/logo\/image\/","url":"https:\/\/rieser-tropfen.de\/shop\/wp-content\/uploads\/2021\/03\/Logo-Vitzthum-2021-gold.jpg","contentUrl":"https:\/\/rieser-tropfen.de\/shop\/wp-content\/uploads\/2021\/03\/Logo-Vitzthum-2021-gold.jpg","width":149,"height":69,"caption":"Vitzthum GmbH"},"image":{"@id":"https:\/\/rieser-tropfen.de\/shop\/#\/schema\/logo\/image\/"},"sameAs":["https:\/\/www.facebook.com\/vitzthum.destillerie\/?locale=de_DE"]}]}},"_links":{"self":[{"href":"https:\/\/rieser-tropfen.de\/shop\/wp-json\/wp\/v2\/product\/1806","targetHints":{"allow":["GET"]}}],"collection":[{"href":"https:\/\/rieser-tropfen.de\/shop\/wp-json\/wp\/v2\/product"}],"about":[{"href":"https:\/\/rieser-tropfen.de\/shop\/wp-json\/wp\/v2\/types\/product"}],"wp:featuredmedia":[{"embeddable":true,"href":"https:\/\/rieser-tropfen.de\/shop\/wp-json\/wp\/v2\/media\/2340"}],"wp:attachment":[{"href":"https:\/\/rieser-tropfen.de\/shop\/wp-json\/wp\/v2\/media?parent=1806"}],"wp:term":[{"taxonomy":"product_brand","embeddable":true,"href":"https:\/\/rieser-tropfen.de\/shop\/wp-json\/wp\/v2\/product_brand?post=1806"},{"taxonomy":"product_cat","embeddable":true,"href":"https:\/\/rieser-tropfen.de\/shop\/wp-json\/wp\/v2\/product_cat?post=1806"},{"taxonomy":"product_tag","embeddable":true,"href":"https:\/\/rieser-tropfen.de\/shop\/wp-json\/wp\/v2\/product_tag?post=1806"}],"curies":[{"name":"wp","href":"https:\/\/api.w.org\/{rel}","templated":true}]}}