{"id":1835,"date":"2020-05-26T14:22:19","date_gmt":"2020-05-26T12:22:19","guid":{"rendered":"https:\/\/rieser-tropfen.de\/shop\/?post_type=product&#038;p=1835"},"modified":"2023-11-07T17:41:02","modified_gmt":"2023-11-07T16:41:02","slug":"dewi-pesto-baerlauch","status":"publish","type":"product","link":"https:\/\/rieser-tropfen.de\/shop\/produkt\/dewi-pesto-baerlauch\/","title":{"rendered":"&#8212;&#8211;DeWi&#8212;&#8211; Pesto &#8212;&#8212;  B\u00e4rlauch"},"content":{"rendered":"<p><span style=\"color: #ffcc00;\">viele Namen &#8211;\u00a0<\/span><\/p>\n<p><span style=\"font-size: 190%;\">ein Kraut &#8211; B\u00e4rlauch &#8211; oder &#8230;<\/span><\/p>\n<p>B\u00e4renkraut, B\u00e4renlauch, Hexenknofel, Hexenzwiebel, Hexenzwiefel, Judenzwiebel, Rams, Ramschel, Ramsel, Ramsen, R\u00e4nsel, Teufelsknoblauch, Waldherre, Waldknoblauch, Waldlauch, Wilder Knoblauch, Wilder Knofel, Wurmlauch, Zigeunerzwiebel, Hexenzwiebel, Hexenzwiefel, Ramsen, Zigeunerlauch<\/p>\n<p>Dieses tolle Kraut hat nur eine kurze Saison von Mitte M\u00e4rz bis Mitte Mai, in welcher die Bl\u00e4tter geerntet werden. Danach geht B\u00e4rlauch in die Bl\u00fcten und Samenbildung \u00fcber. Es gibt viele M\u00f6glichkeiten, frische B\u00e4rlauchbl\u00e4tter zuzubereiten:<\/p>\n<p>Als Suppe, pur oder gemeinsam mit anderen Wildkr\u00e4utern (z.B. als Gr\u00fcndonnerstagssuppe) oder in Gem\u00fcse- oder Kartoffelsuppe<br \/>\nIm Salat, fein geschnitten zu Gem\u00fcse-, Nudel- oder Blattsalaten<br \/>\nAls Gew\u00fcrz in Kr\u00e4uterquark, Kr\u00e4uterbutter und allen Gerichten, zu denen auch Knoblauch passt<br \/>\nWie Spinat, auch gemischt mit Brennnesseln und Giersch<br \/>\nZur Bereitung von k\u00f6stlichen Pastasaucen<\/p>\n<p>Quelle: kostbare Natur.net<\/p>\n","protected":false},"excerpt":{"rendered":"<p>Feine Gew\u00fcrzmischung mit 21% B\u00e4rlauch, 20% Pinienkerne, Zwiebel, Knoblauch, Steinsalz, Tomatenflocken (Tomatenmarkkonzentrat, Maisst\u00e4rke), Basilikum, Paprika, Pfeffer.<\/p>\n","protected":false},"featured_media":2384,"template":"","meta":[],"product_brand":[],"product_cat":[614,615],"product_tag":[785,783,763,761,759,762,176,782,784],"class_list":{"0":"post-1835","1":"product","2":"type-product","3":"status-publish","4":"has-post-thumbnail","6":"product_cat-gaumenfreuden-suess-wuerzig","7":"product_cat-oele-wuerziges","8":"product_tag-aufstrich","9":"product_tag-baerlauch","10":"product_tag-fertigmischung","11":"product_tag-gewuerze","12":"product_tag-gewuerzmischung","13":"product_tag-gewuerzzubereitung","14":"product_tag-kraeuter","15":"product_tag-pesto","16":"product_tag-pinienkerne","18":"first","19":"instock","20":"shipping-taxable","21":"purchasable","22":"product-type-variable"},"yoast_head":"<!-- This site is optimized with the Yoast SEO plugin v27.5 - https:\/\/yoast.com\/product\/yoast-seo-wordpress\/ -->\n<title>-DeWi- Pesto - B\u00e4rlauch - Vitzthum Shop<\/title>\n<meta name=\"robots\" content=\"index, follow, max-snippet:-1, max-image-preview:large, max-video-preview:-1\" \/>\n<link rel=\"canonical\" href=\"https:\/\/rieser-tropfen.de\/shop\/produkt\/dewi-pesto-baerlauch\/\" \/>\n<meta property=\"og:locale\" content=\"de_DE\" \/>\n<meta property=\"og:type\" content=\"article\" \/>\n<meta property=\"og:title\" content=\"-DeWi- Pesto - B\u00e4rlauch - Vitzthum Shop\" \/>\n<meta property=\"og:description\" content=\"Feine Gew\u00fcrzmischung mit 21% B\u00e4rlauch, 20% Pinienkerne, Zwiebel, Knoblauch, Steinsalz, Tomatenflocken (Tomatenmarkkonzentrat, Maisst\u00e4rke), Basilikum, Paprika, Pfeffer.\" \/>\n<meta property=\"og:url\" content=\"https:\/\/rieser-tropfen.de\/shop\/produkt\/dewi-pesto-baerlauch\/\" \/>\n<meta property=\"og:site_name\" content=\"Vitzthum Shop\" \/>\n<meta property=\"article:publisher\" content=\"https:\/\/www.facebook.com\/vitzthum.destillerie\/?locale=de_DE\" \/>\n<meta property=\"article:modified_time\" content=\"2023-11-07T16:41:02+00:00\" \/>\n<meta property=\"og:image\" content=\"https:\/\/rieser-tropfen.de\/shop\/wp-content\/uploads\/2020\/05\/DeWi-Baerlauchpesto.jpg\" \/>\n\t<meta property=\"og:image:width\" content=\"500\" \/>\n\t<meta property=\"og:image:height\" content=\"600\" \/>\n\t<meta property=\"og:image:type\" content=\"image\/jpeg\" \/>\n<meta name=\"twitter:card\" content=\"summary_large_image\" \/>\n<meta name=\"twitter:label1\" content=\"Gesch\u00e4tzte Lesezeit\" \/>\n\t<meta name=\"twitter:data1\" content=\"1\u00a0Minute\" \/>\n<script type=\"application\/ld+json\" class=\"yoast-schema-graph\">{\"@context\":\"https:\\\/\\\/schema.org\",\"@graph\":[{\"@type\":\"WebPage\",\"@id\":\"https:\\\/\\\/rieser-tropfen.de\\\/shop\\\/produkt\\\/dewi-pesto-baerlauch\\\/\",\"url\":\"https:\\\/\\\/rieser-tropfen.de\\\/shop\\\/produkt\\\/dewi-pesto-baerlauch\\\/\",\"name\":\"-DeWi- Pesto - B\u00e4rlauch - Vitzthum Shop\",\"isPartOf\":{\"@id\":\"https:\\\/\\\/rieser-tropfen.de\\\/shop\\\/#website\"},\"primaryImageOfPage\":{\"@id\":\"https:\\\/\\\/rieser-tropfen.de\\\/shop\\\/produkt\\\/dewi-pesto-baerlauch\\\/#primaryimage\"},\"image\":{\"@id\":\"https:\\\/\\\/rieser-tropfen.de\\\/shop\\\/produkt\\\/dewi-pesto-baerlauch\\\/#primaryimage\"},\"thumbnailUrl\":\"https:\\\/\\\/rieser-tropfen.de\\\/shop\\\/wp-content\\\/uploads\\\/2020\\\/05\\\/DeWi-Baerlauchpesto.jpg\",\"datePublished\":\"2020-05-26T12:22:19+00:00\",\"dateModified\":\"2023-11-07T16:41:02+00:00\",\"breadcrumb\":{\"@id\":\"https:\\\/\\\/rieser-tropfen.de\\\/shop\\\/produkt\\\/dewi-pesto-baerlauch\\\/#breadcrumb\"},\"inLanguage\":\"de\",\"potentialAction\":[{\"@type\":\"ReadAction\",\"target\":[\"https:\\\/\\\/rieser-tropfen.de\\\/shop\\\/produkt\\\/dewi-pesto-baerlauch\\\/\"]}]},{\"@type\":\"ImageObject\",\"inLanguage\":\"de\",\"@id\":\"https:\\\/\\\/rieser-tropfen.de\\\/shop\\\/produkt\\\/dewi-pesto-baerlauch\\\/#primaryimage\",\"url\":\"https:\\\/\\\/rieser-tropfen.de\\\/shop\\\/wp-content\\\/uploads\\\/2020\\\/05\\\/DeWi-Baerlauchpesto.jpg\",\"contentUrl\":\"https:\\\/\\\/rieser-tropfen.de\\\/shop\\\/wp-content\\\/uploads\\\/2020\\\/05\\\/DeWi-Baerlauchpesto.jpg\",\"width\":500,\"height\":600},{\"@type\":\"BreadcrumbList\",\"@id\":\"https:\\\/\\\/rieser-tropfen.de\\\/shop\\\/produkt\\\/dewi-pesto-baerlauch\\\/#breadcrumb\",\"itemListElement\":[{\"@type\":\"ListItem\",\"position\":1,\"name\":\"Home\",\"item\":\"https:\\\/\\\/rieser-tropfen.de\\\/shop\\\/\"},{\"@type\":\"ListItem\",\"position\":2,\"name\":\"Shop\",\"item\":\"https:\\\/\\\/rieser-tropfen.de\\\/shop\\\/shop\\\/\"},{\"@type\":\"ListItem\",\"position\":3,\"name\":\"&#8212;&#8211;DeWi&#8212;&#8211; Pesto &#8212;&#8212; B\u00e4rlauch\"}]},{\"@type\":\"WebSite\",\"@id\":\"https:\\\/\\\/rieser-tropfen.de\\\/shop\\\/#website\",\"url\":\"https:\\\/\\\/rieser-tropfen.de\\\/shop\\\/\",\"name\":\"Vitzthum Shop\",\"description\":\"handgemachte Beerengeister, Obstbr\u00e4nde und Kr\u00e4uter- sowie Fruchtlik\u00f6re\",\"publisher\":{\"@id\":\"https:\\\/\\\/rieser-tropfen.de\\\/shop\\\/#organization\"},\"potentialAction\":[{\"@type\":\"SearchAction\",\"target\":{\"@type\":\"EntryPoint\",\"urlTemplate\":\"https:\\\/\\\/rieser-tropfen.de\\\/shop\\\/?s={search_term_string}\"},\"query-input\":{\"@type\":\"PropertyValueSpecification\",\"valueRequired\":true,\"valueName\":\"search_term_string\"}}],\"inLanguage\":\"de\"},{\"@type\":\"Organization\",\"@id\":\"https:\\\/\\\/rieser-tropfen.de\\\/shop\\\/#organization\",\"name\":\"Vitzthum GmbH\",\"url\":\"https:\\\/\\\/rieser-tropfen.de\\\/shop\\\/\",\"logo\":{\"@type\":\"ImageObject\",\"inLanguage\":\"de\",\"@id\":\"https:\\\/\\\/rieser-tropfen.de\\\/shop\\\/#\\\/schema\\\/logo\\\/image\\\/\",\"url\":\"https:\\\/\\\/rieser-tropfen.de\\\/shop\\\/wp-content\\\/uploads\\\/2021\\\/03\\\/Logo-Vitzthum-2021-gold.jpg\",\"contentUrl\":\"https:\\\/\\\/rieser-tropfen.de\\\/shop\\\/wp-content\\\/uploads\\\/2021\\\/03\\\/Logo-Vitzthum-2021-gold.jpg\",\"width\":149,\"height\":69,\"caption\":\"Vitzthum GmbH\"},\"image\":{\"@id\":\"https:\\\/\\\/rieser-tropfen.de\\\/shop\\\/#\\\/schema\\\/logo\\\/image\\\/\"},\"sameAs\":[\"https:\\\/\\\/www.facebook.com\\\/vitzthum.destillerie\\\/?locale=de_DE\"]}]}<\/script>\n<!-- \/ Yoast SEO plugin. -->","yoast_head_json":{"title":"-DeWi- Pesto - B\u00e4rlauch - Vitzthum Shop","robots":{"index":"index","follow":"follow","max-snippet":"max-snippet:-1","max-image-preview":"max-image-preview:large","max-video-preview":"max-video-preview:-1"},"canonical":"https:\/\/rieser-tropfen.de\/shop\/produkt\/dewi-pesto-baerlauch\/","og_locale":"de_DE","og_type":"article","og_title":"-DeWi- Pesto - B\u00e4rlauch - Vitzthum Shop","og_description":"Feine Gew\u00fcrzmischung mit 21% B\u00e4rlauch, 20% Pinienkerne, Zwiebel, Knoblauch, Steinsalz, Tomatenflocken (Tomatenmarkkonzentrat, Maisst\u00e4rke), Basilikum, Paprika, Pfeffer.","og_url":"https:\/\/rieser-tropfen.de\/shop\/produkt\/dewi-pesto-baerlauch\/","og_site_name":"Vitzthum Shop","article_publisher":"https:\/\/www.facebook.com\/vitzthum.destillerie\/?locale=de_DE","article_modified_time":"2023-11-07T16:41:02+00:00","og_image":[{"width":500,"height":600,"url":"https:\/\/rieser-tropfen.de\/shop\/wp-content\/uploads\/2020\/05\/DeWi-Baerlauchpesto.jpg","type":"image\/jpeg"}],"twitter_card":"summary_large_image","twitter_misc":{"Gesch\u00e4tzte Lesezeit":"1\u00a0Minute"},"schema":{"@context":"https:\/\/schema.org","@graph":[{"@type":"WebPage","@id":"https:\/\/rieser-tropfen.de\/shop\/produkt\/dewi-pesto-baerlauch\/","url":"https:\/\/rieser-tropfen.de\/shop\/produkt\/dewi-pesto-baerlauch\/","name":"-DeWi- Pesto - B\u00e4rlauch - Vitzthum Shop","isPartOf":{"@id":"https:\/\/rieser-tropfen.de\/shop\/#website"},"primaryImageOfPage":{"@id":"https:\/\/rieser-tropfen.de\/shop\/produkt\/dewi-pesto-baerlauch\/#primaryimage"},"image":{"@id":"https:\/\/rieser-tropfen.de\/shop\/produkt\/dewi-pesto-baerlauch\/#primaryimage"},"thumbnailUrl":"https:\/\/rieser-tropfen.de\/shop\/wp-content\/uploads\/2020\/05\/DeWi-Baerlauchpesto.jpg","datePublished":"2020-05-26T12:22:19+00:00","dateModified":"2023-11-07T16:41:02+00:00","breadcrumb":{"@id":"https:\/\/rieser-tropfen.de\/shop\/produkt\/dewi-pesto-baerlauch\/#breadcrumb"},"inLanguage":"de","potentialAction":[{"@type":"ReadAction","target":["https:\/\/rieser-tropfen.de\/shop\/produkt\/dewi-pesto-baerlauch\/"]}]},{"@type":"ImageObject","inLanguage":"de","@id":"https:\/\/rieser-tropfen.de\/shop\/produkt\/dewi-pesto-baerlauch\/#primaryimage","url":"https:\/\/rieser-tropfen.de\/shop\/wp-content\/uploads\/2020\/05\/DeWi-Baerlauchpesto.jpg","contentUrl":"https:\/\/rieser-tropfen.de\/shop\/wp-content\/uploads\/2020\/05\/DeWi-Baerlauchpesto.jpg","width":500,"height":600},{"@type":"BreadcrumbList","@id":"https:\/\/rieser-tropfen.de\/shop\/produkt\/dewi-pesto-baerlauch\/#breadcrumb","itemListElement":[{"@type":"ListItem","position":1,"name":"Home","item":"https:\/\/rieser-tropfen.de\/shop\/"},{"@type":"ListItem","position":2,"name":"Shop","item":"https:\/\/rieser-tropfen.de\/shop\/shop\/"},{"@type":"ListItem","position":3,"name":"&#8212;&#8211;DeWi&#8212;&#8211; Pesto &#8212;&#8212; B\u00e4rlauch"}]},{"@type":"WebSite","@id":"https:\/\/rieser-tropfen.de\/shop\/#website","url":"https:\/\/rieser-tropfen.de\/shop\/","name":"Vitzthum Shop","description":"handgemachte Beerengeister, Obstbr\u00e4nde und Kr\u00e4uter- sowie Fruchtlik\u00f6re","publisher":{"@id":"https:\/\/rieser-tropfen.de\/shop\/#organization"},"potentialAction":[{"@type":"SearchAction","target":{"@type":"EntryPoint","urlTemplate":"https:\/\/rieser-tropfen.de\/shop\/?s={search_term_string}"},"query-input":{"@type":"PropertyValueSpecification","valueRequired":true,"valueName":"search_term_string"}}],"inLanguage":"de"},{"@type":"Organization","@id":"https:\/\/rieser-tropfen.de\/shop\/#organization","name":"Vitzthum GmbH","url":"https:\/\/rieser-tropfen.de\/shop\/","logo":{"@type":"ImageObject","inLanguage":"de","@id":"https:\/\/rieser-tropfen.de\/shop\/#\/schema\/logo\/image\/","url":"https:\/\/rieser-tropfen.de\/shop\/wp-content\/uploads\/2021\/03\/Logo-Vitzthum-2021-gold.jpg","contentUrl":"https:\/\/rieser-tropfen.de\/shop\/wp-content\/uploads\/2021\/03\/Logo-Vitzthum-2021-gold.jpg","width":149,"height":69,"caption":"Vitzthum GmbH"},"image":{"@id":"https:\/\/rieser-tropfen.de\/shop\/#\/schema\/logo\/image\/"},"sameAs":["https:\/\/www.facebook.com\/vitzthum.destillerie\/?locale=de_DE"]}]}},"_links":{"self":[{"href":"https:\/\/rieser-tropfen.de\/shop\/wp-json\/wp\/v2\/product\/1835","targetHints":{"allow":["GET"]}}],"collection":[{"href":"https:\/\/rieser-tropfen.de\/shop\/wp-json\/wp\/v2\/product"}],"about":[{"href":"https:\/\/rieser-tropfen.de\/shop\/wp-json\/wp\/v2\/types\/product"}],"wp:featuredmedia":[{"embeddable":true,"href":"https:\/\/rieser-tropfen.de\/shop\/wp-json\/wp\/v2\/media\/2384"}],"wp:attachment":[{"href":"https:\/\/rieser-tropfen.de\/shop\/wp-json\/wp\/v2\/media?parent=1835"}],"wp:term":[{"taxonomy":"product_brand","embeddable":true,"href":"https:\/\/rieser-tropfen.de\/shop\/wp-json\/wp\/v2\/product_brand?post=1835"},{"taxonomy":"product_cat","embeddable":true,"href":"https:\/\/rieser-tropfen.de\/shop\/wp-json\/wp\/v2\/product_cat?post=1835"},{"taxonomy":"product_tag","embeddable":true,"href":"https:\/\/rieser-tropfen.de\/shop\/wp-json\/wp\/v2\/product_tag?post=1835"}],"curies":[{"name":"wp","href":"https:\/\/api.w.org\/{rel}","templated":true}]}}