{"id":2006,"date":"2021-03-08T16:41:53","date_gmt":"2021-03-08T15:41:53","guid":{"rendered":"https:\/\/rieser-tropfen.de\/shop\/?post_type=product&#038;p=2006"},"modified":"2023-01-20T16:23:59","modified_gmt":"2023-01-20T15:23:59","slug":"wg-cleebronn-guegglingen-lemberger-feinherb","status":"publish","type":"product","link":"https:\/\/rieser-tropfen.de\/shop\/produkt\/wg-cleebronn-guegglingen-lemberger-feinherb\/","title":{"rendered":"WEING\u00c4RTNER Cleebronn Lemberger feinherb"},"content":{"rendered":"<form id=\"product_addtocart_form\" action=\"http:\/\/www.vif.de\/index.php\/checkout\/cart\/add\/uenc\/aHR0cDovL3d3dy52aWYuZGUvaW5kZXgucGhwL3NwYXRidXJndW5kZXItYy0yMDE1LWJyLXRyb2NrZW4tYnItdWxpLW1ldHpnZXItcGZhbHouaHRtbA,,\/product\/1909685\/form_key\/JJTY27YQ9IOmVNwL\/\" method=\"post\">F\u00fcr Genie\u00dfer, die gerne schmeichelnd trinken &#8230;.. zu Kuchen<\/p>\n<\/form>\n<div class=\"title-subtitle-box \">\n<p><span style=\"color: #de901b;\">IM TEAM UNSCHLAGBAR\u00a0 &#8230;<\/span><\/p>\n<div class=\"title-subtitle-box \">\n<div class=\"title-subtitle-box \">\n<div class=\"title-subtitle-box \">\n<div class=\"title-subtitle-box \">\n<div class=\"title-subtitle-box \">\n<div class=\"title-subtitle-box \">\n<div class=\"title-subtitle-box \">\n<div class=\"title-subtitle-box \">\n<h1>die Weing\u00e4rtner Cleebronn-G\u00fcgglingen<\/h1>\n<\/div>\n<div class=\"wpb_text_column wpb_content_element \">\n<div class=\"wpb_wrapper\">\n<p>Qualit\u00e4tsstreben steht bei uns an oberster Stelle. Getreu dem Grundsatz \u201eSo behutsam wie m\u00f6glich \u2013 so viel Technik wie n\u00f6tig\u201c begleitet unser Kellermeister Andreas Reichert mit gro\u00dfem Talent und leidenschaftlichem Engagement die Weine auf ihrem Weg zur perfekten Reife. Nur die richtige Kombination aus Fachkenntnis und Feingef\u00fchl gepaart mit der notwendigen Geduld, bringt unverf\u00e4lschte, authentische Rot- und Wei\u00dfweine hervor.<\/p>\n<\/div>\n<\/div>\n<\/div>\n<\/div>\n<\/div>\n<\/div>\n<\/div>\n<\/div>\n<\/div>\n<\/div>\n<div class=\"title-subtitle-box \">\n<div class=\"title-subtitle-box \">\n<p><span style=\"color: #de901b;\">BEI DEN DEUTSCHEN BELIEBT &#8211; EGAL UNTER WELCHEM NAMEN &#8230;<\/span><\/p>\n<\/div>\n<\/div>\n<div class=\"title-subtitle-box \">\n<div class=\"title-subtitle-box \">\n<div class=\"title-subtitle-box \">\n<div class=\"title-subtitle-box \">\n<div class=\"title-subtitle-box \">\n<div class=\"title-subtitle-box \">\n<div class=\"title-subtitle-box \">\n<div class=\"title-subtitle-box \">\n<div class=\"title-subtitle-box \">\n<h1>Lemberger, Blaufr\u00e4nkisch oder Blauer Limberger<\/h1>\n<\/div>\n<div class=\"wpb_text_column wpb_content_element vc_custom_1501852650286\">\n<div class=\"wpb_wrapper\">\n<p>Lemberger ist eine in Deutschland fast nur in W\u00fcrttemberg angebaute, sp\u00e4t reifende Rotweinsorte, die fruchtige, kraftvolle und je nach Vinifikation farb- und tanninreiche Weine liefert, die oft zu den besten der meist guten, in besseren Jahren mitunter ausgezeichneten w\u00fcrttembergischen Rotweine z\u00e4hlen. Die Rebe stammt vermutlich aus den Donaul\u00e4ndern und ist in \u00d6sterreich mit rund 2690ha unter dem Namen Blaufr\u00e4nkisch die dritth\u00e4ufigste rote Rebsorte. 94 % ihrer Rebst\u00f6cke befinden sich in der Weinbauregion Burgenland. Dieser Rotwein ist kr\u00e4ftig im Geschmack und von tiefroter bis rotschwarzer Farbe. Der Wein hat einen hohen S\u00e4ure- und Gerbstoffgehalt und sein Aroma erinnert an Fr\u00fcchte wie Kirsche oder Pflaume. Es h\u00e4ngt vom Lesezeitpunkt ab, ob Rotwein aus Lemberger-Trauben eher fruchtig und leicht oder intensiv und charakterstark wird.<\/p>\n<\/div>\n<\/div>\n<\/div>\n<\/div>\n<\/div>\n<\/div>\n<\/div>\n<\/div>\n<\/div>\n<\/div>\n","protected":false},"excerpt":{"rendered":"<p>Einladende Aromen von dunklen Waldbeeren im Duft. Klemmt sich f\u00f6rmlich an den Gaumen und l\u00e4sst so schnell auch nicht wieder los. Leicht gek\u00fchlt ist dieser Rotwein ein Genuss, das Ganze bei moderatem Alkoholgehalt.<\/p>\n","protected":false},"featured_media":2393,"template":"","meta":[],"product_brand":[],"product_cat":[162,160,60],"product_tag":[183,93,199,841,178,191,122],"class_list":{"0":"post-2006","1":"product","2":"type-product","3":"status-publish","4":"has-post-thumbnail","6":"product_cat-deutschland","7":"product_cat-rotweine","8":"product_cat-weine","9":"product_tag-beerig","10":"product_tag-feinfruchtig","11":"product_tag-feinherb","12":"product_tag-lemberger","13":"product_tag-rotwein","14":"product_tag-sommerwein","15":"product_tag-weich","17":"first","18":"instock","19":"shipping-taxable","20":"purchasable","21":"product-type-simple"},"yoast_head":"<!-- This site is optimized with the Yoast SEO plugin v27.5 - https:\/\/yoast.com\/product\/yoast-seo-wordpress\/ -->\n<title>WEING\u00c4RTNER Cleebronn Lemberger feinherb - Vitzthum Shop<\/title>\n<meta name=\"robots\" content=\"index, follow, max-snippet:-1, max-image-preview:large, max-video-preview:-1\" \/>\n<link rel=\"canonical\" href=\"https:\/\/rieser-tropfen.de\/shop\/produkt\/wg-cleebronn-guegglingen-lemberger-feinherb\/\" \/>\n<meta property=\"og:locale\" content=\"de_DE\" \/>\n<meta property=\"og:type\" content=\"article\" \/>\n<meta property=\"og:title\" content=\"WEING\u00c4RTNER Cleebronn Lemberger feinherb - Vitzthum Shop\" \/>\n<meta property=\"og:description\" content=\"Einladende Aromen von dunklen Waldbeeren im Duft. Klemmt sich f\u00f6rmlich an den Gaumen und l\u00e4sst so schnell auch nicht wieder los. Leicht gek\u00fchlt ist dieser Rotwein ein Genuss, das Ganze bei moderatem Alkoholgehalt.\" \/>\n<meta property=\"og:url\" content=\"https:\/\/rieser-tropfen.de\/shop\/produkt\/wg-cleebronn-guegglingen-lemberger-feinherb\/\" \/>\n<meta property=\"og:site_name\" content=\"Vitzthum Shop\" \/>\n<meta property=\"article:publisher\" content=\"https:\/\/www.facebook.com\/vitzthum.destillerie\/?locale=de_DE\" \/>\n<meta property=\"article:modified_time\" content=\"2023-01-20T15:23:59+00:00\" \/>\n<meta property=\"og:image\" content=\"https:\/\/rieser-tropfen.de\/shop\/wp-content\/uploads\/2021\/03\/WG-CleeGuegg-Lemberger-ff.jpg\" \/>\n\t<meta property=\"og:image:width\" content=\"500\" \/>\n\t<meta property=\"og:image:height\" content=\"600\" \/>\n\t<meta property=\"og:image:type\" content=\"image\/jpeg\" \/>\n<meta name=\"twitter:card\" content=\"summary_large_image\" \/>\n<meta name=\"twitter:label1\" content=\"Gesch\u00e4tzte Lesezeit\" \/>\n\t<meta name=\"twitter:data1\" content=\"1\u00a0Minute\" \/>\n<script type=\"application\/ld+json\" class=\"yoast-schema-graph\">{\"@context\":\"https:\\\/\\\/schema.org\",\"@graph\":[{\"@type\":\"WebPage\",\"@id\":\"https:\\\/\\\/rieser-tropfen.de\\\/shop\\\/produkt\\\/wg-cleebronn-guegglingen-lemberger-feinherb\\\/\",\"url\":\"https:\\\/\\\/rieser-tropfen.de\\\/shop\\\/produkt\\\/wg-cleebronn-guegglingen-lemberger-feinherb\\\/\",\"name\":\"WEING\u00c4RTNER Cleebronn Lemberger feinherb - Vitzthum Shop\",\"isPartOf\":{\"@id\":\"https:\\\/\\\/rieser-tropfen.de\\\/shop\\\/#website\"},\"primaryImageOfPage\":{\"@id\":\"https:\\\/\\\/rieser-tropfen.de\\\/shop\\\/produkt\\\/wg-cleebronn-guegglingen-lemberger-feinherb\\\/#primaryimage\"},\"image\":{\"@id\":\"https:\\\/\\\/rieser-tropfen.de\\\/shop\\\/produkt\\\/wg-cleebronn-guegglingen-lemberger-feinherb\\\/#primaryimage\"},\"thumbnailUrl\":\"https:\\\/\\\/rieser-tropfen.de\\\/shop\\\/wp-content\\\/uploads\\\/2021\\\/03\\\/WG-CleeGuegg-Lemberger-ff.jpg\",\"datePublished\":\"2021-03-08T15:41:53+00:00\",\"dateModified\":\"2023-01-20T15:23:59+00:00\",\"breadcrumb\":{\"@id\":\"https:\\\/\\\/rieser-tropfen.de\\\/shop\\\/produkt\\\/wg-cleebronn-guegglingen-lemberger-feinherb\\\/#breadcrumb\"},\"inLanguage\":\"de\",\"potentialAction\":[{\"@type\":\"ReadAction\",\"target\":[\"https:\\\/\\\/rieser-tropfen.de\\\/shop\\\/produkt\\\/wg-cleebronn-guegglingen-lemberger-feinherb\\\/\"]}]},{\"@type\":\"ImageObject\",\"inLanguage\":\"de\",\"@id\":\"https:\\\/\\\/rieser-tropfen.de\\\/shop\\\/produkt\\\/wg-cleebronn-guegglingen-lemberger-feinherb\\\/#primaryimage\",\"url\":\"https:\\\/\\\/rieser-tropfen.de\\\/shop\\\/wp-content\\\/uploads\\\/2021\\\/03\\\/WG-CleeGuegg-Lemberger-ff.jpg\",\"contentUrl\":\"https:\\\/\\\/rieser-tropfen.de\\\/shop\\\/wp-content\\\/uploads\\\/2021\\\/03\\\/WG-CleeGuegg-Lemberger-ff.jpg\",\"width\":500,\"height\":600},{\"@type\":\"BreadcrumbList\",\"@id\":\"https:\\\/\\\/rieser-tropfen.de\\\/shop\\\/produkt\\\/wg-cleebronn-guegglingen-lemberger-feinherb\\\/#breadcrumb\",\"itemListElement\":[{\"@type\":\"ListItem\",\"position\":1,\"name\":\"Home\",\"item\":\"https:\\\/\\\/rieser-tropfen.de\\\/shop\\\/\"},{\"@type\":\"ListItem\",\"position\":2,\"name\":\"Shop\",\"item\":\"https:\\\/\\\/rieser-tropfen.de\\\/shop\\\/shop\\\/\"},{\"@type\":\"ListItem\",\"position\":3,\"name\":\"WEING\u00c4RTNER Cleebronn Lemberger feinherb\"}]},{\"@type\":\"WebSite\",\"@id\":\"https:\\\/\\\/rieser-tropfen.de\\\/shop\\\/#website\",\"url\":\"https:\\\/\\\/rieser-tropfen.de\\\/shop\\\/\",\"name\":\"Vitzthum Shop\",\"description\":\"handgemachte Beerengeister, Obstbr\u00e4nde und Kr\u00e4uter- sowie Fruchtlik\u00f6re\",\"publisher\":{\"@id\":\"https:\\\/\\\/rieser-tropfen.de\\\/shop\\\/#organization\"},\"potentialAction\":[{\"@type\":\"SearchAction\",\"target\":{\"@type\":\"EntryPoint\",\"urlTemplate\":\"https:\\\/\\\/rieser-tropfen.de\\\/shop\\\/?s={search_term_string}\"},\"query-input\":{\"@type\":\"PropertyValueSpecification\",\"valueRequired\":true,\"valueName\":\"search_term_string\"}}],\"inLanguage\":\"de\"},{\"@type\":\"Organization\",\"@id\":\"https:\\\/\\\/rieser-tropfen.de\\\/shop\\\/#organization\",\"name\":\"Vitzthum GmbH\",\"url\":\"https:\\\/\\\/rieser-tropfen.de\\\/shop\\\/\",\"logo\":{\"@type\":\"ImageObject\",\"inLanguage\":\"de\",\"@id\":\"https:\\\/\\\/rieser-tropfen.de\\\/shop\\\/#\\\/schema\\\/logo\\\/image\\\/\",\"url\":\"https:\\\/\\\/rieser-tropfen.de\\\/shop\\\/wp-content\\\/uploads\\\/2021\\\/03\\\/Logo-Vitzthum-2021-gold.jpg\",\"contentUrl\":\"https:\\\/\\\/rieser-tropfen.de\\\/shop\\\/wp-content\\\/uploads\\\/2021\\\/03\\\/Logo-Vitzthum-2021-gold.jpg\",\"width\":149,\"height\":69,\"caption\":\"Vitzthum GmbH\"},\"image\":{\"@id\":\"https:\\\/\\\/rieser-tropfen.de\\\/shop\\\/#\\\/schema\\\/logo\\\/image\\\/\"},\"sameAs\":[\"https:\\\/\\\/www.facebook.com\\\/vitzthum.destillerie\\\/?locale=de_DE\"]}]}<\/script>\n<!-- \/ Yoast SEO plugin. -->","yoast_head_json":{"title":"WEING\u00c4RTNER Cleebronn Lemberger feinherb - Vitzthum Shop","robots":{"index":"index","follow":"follow","max-snippet":"max-snippet:-1","max-image-preview":"max-image-preview:large","max-video-preview":"max-video-preview:-1"},"canonical":"https:\/\/rieser-tropfen.de\/shop\/produkt\/wg-cleebronn-guegglingen-lemberger-feinherb\/","og_locale":"de_DE","og_type":"article","og_title":"WEING\u00c4RTNER Cleebronn Lemberger feinherb - Vitzthum Shop","og_description":"Einladende Aromen von dunklen Waldbeeren im Duft. Klemmt sich f\u00f6rmlich an den Gaumen und l\u00e4sst so schnell auch nicht wieder los. Leicht gek\u00fchlt ist dieser Rotwein ein Genuss, das Ganze bei moderatem Alkoholgehalt.","og_url":"https:\/\/rieser-tropfen.de\/shop\/produkt\/wg-cleebronn-guegglingen-lemberger-feinherb\/","og_site_name":"Vitzthum Shop","article_publisher":"https:\/\/www.facebook.com\/vitzthum.destillerie\/?locale=de_DE","article_modified_time":"2023-01-20T15:23:59+00:00","og_image":[{"width":500,"height":600,"url":"https:\/\/rieser-tropfen.de\/shop\/wp-content\/uploads\/2021\/03\/WG-CleeGuegg-Lemberger-ff.jpg","type":"image\/jpeg"}],"twitter_card":"summary_large_image","twitter_misc":{"Gesch\u00e4tzte Lesezeit":"1\u00a0Minute"},"schema":{"@context":"https:\/\/schema.org","@graph":[{"@type":"WebPage","@id":"https:\/\/rieser-tropfen.de\/shop\/produkt\/wg-cleebronn-guegglingen-lemberger-feinherb\/","url":"https:\/\/rieser-tropfen.de\/shop\/produkt\/wg-cleebronn-guegglingen-lemberger-feinherb\/","name":"WEING\u00c4RTNER Cleebronn Lemberger feinherb - Vitzthum Shop","isPartOf":{"@id":"https:\/\/rieser-tropfen.de\/shop\/#website"},"primaryImageOfPage":{"@id":"https:\/\/rieser-tropfen.de\/shop\/produkt\/wg-cleebronn-guegglingen-lemberger-feinherb\/#primaryimage"},"image":{"@id":"https:\/\/rieser-tropfen.de\/shop\/produkt\/wg-cleebronn-guegglingen-lemberger-feinherb\/#primaryimage"},"thumbnailUrl":"https:\/\/rieser-tropfen.de\/shop\/wp-content\/uploads\/2021\/03\/WG-CleeGuegg-Lemberger-ff.jpg","datePublished":"2021-03-08T15:41:53+00:00","dateModified":"2023-01-20T15:23:59+00:00","breadcrumb":{"@id":"https:\/\/rieser-tropfen.de\/shop\/produkt\/wg-cleebronn-guegglingen-lemberger-feinherb\/#breadcrumb"},"inLanguage":"de","potentialAction":[{"@type":"ReadAction","target":["https:\/\/rieser-tropfen.de\/shop\/produkt\/wg-cleebronn-guegglingen-lemberger-feinherb\/"]}]},{"@type":"ImageObject","inLanguage":"de","@id":"https:\/\/rieser-tropfen.de\/shop\/produkt\/wg-cleebronn-guegglingen-lemberger-feinherb\/#primaryimage","url":"https:\/\/rieser-tropfen.de\/shop\/wp-content\/uploads\/2021\/03\/WG-CleeGuegg-Lemberger-ff.jpg","contentUrl":"https:\/\/rieser-tropfen.de\/shop\/wp-content\/uploads\/2021\/03\/WG-CleeGuegg-Lemberger-ff.jpg","width":500,"height":600},{"@type":"BreadcrumbList","@id":"https:\/\/rieser-tropfen.de\/shop\/produkt\/wg-cleebronn-guegglingen-lemberger-feinherb\/#breadcrumb","itemListElement":[{"@type":"ListItem","position":1,"name":"Home","item":"https:\/\/rieser-tropfen.de\/shop\/"},{"@type":"ListItem","position":2,"name":"Shop","item":"https:\/\/rieser-tropfen.de\/shop\/shop\/"},{"@type":"ListItem","position":3,"name":"WEING\u00c4RTNER Cleebronn Lemberger feinherb"}]},{"@type":"WebSite","@id":"https:\/\/rieser-tropfen.de\/shop\/#website","url":"https:\/\/rieser-tropfen.de\/shop\/","name":"Vitzthum Shop","description":"handgemachte Beerengeister, Obstbr\u00e4nde und Kr\u00e4uter- sowie Fruchtlik\u00f6re","publisher":{"@id":"https:\/\/rieser-tropfen.de\/shop\/#organization"},"potentialAction":[{"@type":"SearchAction","target":{"@type":"EntryPoint","urlTemplate":"https:\/\/rieser-tropfen.de\/shop\/?s={search_term_string}"},"query-input":{"@type":"PropertyValueSpecification","valueRequired":true,"valueName":"search_term_string"}}],"inLanguage":"de"},{"@type":"Organization","@id":"https:\/\/rieser-tropfen.de\/shop\/#organization","name":"Vitzthum GmbH","url":"https:\/\/rieser-tropfen.de\/shop\/","logo":{"@type":"ImageObject","inLanguage":"de","@id":"https:\/\/rieser-tropfen.de\/shop\/#\/schema\/logo\/image\/","url":"https:\/\/rieser-tropfen.de\/shop\/wp-content\/uploads\/2021\/03\/Logo-Vitzthum-2021-gold.jpg","contentUrl":"https:\/\/rieser-tropfen.de\/shop\/wp-content\/uploads\/2021\/03\/Logo-Vitzthum-2021-gold.jpg","width":149,"height":69,"caption":"Vitzthum GmbH"},"image":{"@id":"https:\/\/rieser-tropfen.de\/shop\/#\/schema\/logo\/image\/"},"sameAs":["https:\/\/www.facebook.com\/vitzthum.destillerie\/?locale=de_DE"]}]}},"_links":{"self":[{"href":"https:\/\/rieser-tropfen.de\/shop\/wp-json\/wp\/v2\/product\/2006","targetHints":{"allow":["GET"]}}],"collection":[{"href":"https:\/\/rieser-tropfen.de\/shop\/wp-json\/wp\/v2\/product"}],"about":[{"href":"https:\/\/rieser-tropfen.de\/shop\/wp-json\/wp\/v2\/types\/product"}],"wp:featuredmedia":[{"embeddable":true,"href":"https:\/\/rieser-tropfen.de\/shop\/wp-json\/wp\/v2\/media\/2393"}],"wp:attachment":[{"href":"https:\/\/rieser-tropfen.de\/shop\/wp-json\/wp\/v2\/media?parent=2006"}],"wp:term":[{"taxonomy":"product_brand","embeddable":true,"href":"https:\/\/rieser-tropfen.de\/shop\/wp-json\/wp\/v2\/product_brand?post=2006"},{"taxonomy":"product_cat","embeddable":true,"href":"https:\/\/rieser-tropfen.de\/shop\/wp-json\/wp\/v2\/product_cat?post=2006"},{"taxonomy":"product_tag","embeddable":true,"href":"https:\/\/rieser-tropfen.de\/shop\/wp-json\/wp\/v2\/product_tag?post=2006"}],"curies":[{"name":"wp","href":"https:\/\/api.w.org\/{rel}","templated":true}]}}