{"id":2049,"date":"2021-04-21T14:58:17","date_gmt":"2021-04-21T12:58:17","guid":{"rendered":"https:\/\/rieser-tropfen.de\/shop\/?post_type=product&#038;p=2049"},"modified":"2023-02-28T16:50:21","modified_gmt":"2023-02-28T15:50:21","slug":"weingaertner-cleebronn-stm-lemberger-weissherbst","status":"publish","type":"product","link":"https:\/\/rieser-tropfen.de\/shop\/produkt\/weingaertner-cleebronn-stm-lemberger-weissherbst\/","title":{"rendered":"WEING\u00c4RTNER Cleebronn   St.M Lemb. Wei\u00dfherbst"},"content":{"rendered":"<form id=\"product_addtocart_form\" action=\"http:\/\/www.vif.de\/index.php\/checkout\/cart\/add\/uenc\/aHR0cDovL3d3dy52aWYuZGUvaW5kZXgucGhwL3NwYXRidXJndW5kZXItYy0yMDE1LWJyLXRyb2NrZW4tYnItdWxpLW1ldHpnZXItcGZhbHouaHRtbA,,\/product\/1909685\/form_key\/JJTY27YQ9IOmVNwL\/\" method=\"post\"><span style=\"color: #de901b; font-size: 14.4px;\">IM TEAM UNSCHLAGBAR\u00a0 &#8230;<\/span><\/p>\n<div class=\"title-subtitle-box \">\n<div class=\"title-subtitle-box \">\n<div class=\"title-subtitle-box \">\n<div class=\"title-subtitle-box \">\n<div class=\"title-subtitle-box \">\n<div class=\"title-subtitle-box \">\n<div class=\"title-subtitle-box \">\n<div class=\"title-subtitle-box \">\n<div class=\"title-subtitle-box \">\n<h1>die Weing\u00e4rtner Cleebronn-G\u00fcgglingen<\/h1>\n<\/div>\n<div class=\"wpb_text_column wpb_content_element \">\n<div class=\"wpb_wrapper\">\n<p>Qualit\u00e4tsstreben steht bei uns an oberster Stelle. Getreu dem Grundsatz \u201eSo behutsam wie m\u00f6glich \u2013 so viel Technik wie n\u00f6tig\u201c begleitet unser Kellermeister Andreas Reichert mit gro\u00dfem Talent und leidenschaftlichem Engagement die Weine auf ihrem Weg zur perfekten Reife. Nur die richtige Kombination aus Fachkenntnis und Feingef\u00fchl gepaart mit der notwendigen Geduld, bringt unverf\u00e4lschte, authentische Rot- und Wei\u00dfweine hervor.<\/p>\n<\/div>\n<\/div>\n<\/div>\n<\/div>\n<\/div>\n<\/div>\n<\/div>\n<\/div>\n<\/div>\n<\/div>\n<p><span style=\"color: #de901b; font-size: 14.4px;\">Warum Wei\u00dfherbst und nicht Ros\u00e9 ?<\/span><\/p>\n<div class=\"title-subtitle-box \">\n<div class=\"title-subtitle-box \">\n<div class=\"title-subtitle-box \">\n<div class=\"title-subtitle-box \">\n<div class=\"title-subtitle-box \">\n<div class=\"title-subtitle-box \">\n<div class=\"title-subtitle-box \">\n<div class=\"title-subtitle-box \">\n<div class=\"title-subtitle-box \">\n<h1>Technik Wei\u00dfherbst<\/h1>\n<\/div>\n<div class=\"wpb_text_column wpb_content_element vc_custom_1501852650286\">\n<div class=\"wpb_wrapper\">\n<p>Im Gegensatz zu Rotling undSchillerwein\u00a0 ist Wei\u00dfherbst ein echter Ros\u00e9wein. Die Besonderheit liegt darin, dass f\u00fcr seine Herstellung nur eine rote Traubensorte verwendet werden darf, d.h. er besteht zu 100% aus der gew\u00e4hlten Traubensorte! Der Most daf\u00fcr muss zu 95% hell gekeltert sein, 5% d\u00fcrfen davon auch rot sein, aber immer aus der gew\u00e4hlten Rebsorte. Die Angabe Wei\u00dfherbst ist nur zul\u00e4ssig f\u00fcr Qualit\u00e4ts- und Pr\u00e4dikatsweine, die Angabe der verwendeten Rebsorte in Kombination mit dem Begriff Wei\u00dfherbst auf dem Etikett ist Pflicht! Die Angabe Wei\u00dfherbst schlie\u00dft die Verwendung der Begriffe Ros\u00e9 und Ros\u00e9wein aus.\u00a0 Quelle: Weinfachberater<\/p>\n<\/div>\n<\/div>\n<\/div>\n<\/div>\n<\/div>\n<\/div>\n<\/div>\n<\/div>\n<\/div>\n<\/div>\n<\/form>\n","protected":false},"excerpt":{"rendered":"<p>Vielschichtiges Bukett nach Johannisbeeren und Pflaumen. Auf die Zunge legen sich s\u00fc\u00dfliche Beerenaromen, getragen von einer vitalen Fruchts\u00e4ure.<\/p>\n","protected":false},"featured_media":2337,"template":"","meta":[],"product_brand":[],"product_cat":[258,172,60],"product_tag":[183,93,99,841,240,191,122],"class_list":{"0":"post-2049","1":"product","2":"type-product","3":"status-publish","4":"has-post-thumbnail","6":"product_cat-deutschland-roseweine","7":"product_cat-roseweine","8":"product_cat-weine","9":"product_tag-beerig","10":"product_tag-feinfruchtig","11":"product_tag-frisch","12":"product_tag-lemberger","13":"product_tag-rosewein","14":"product_tag-sommerwein","15":"product_tag-weich","17":"first","18":"instock","19":"shipping-taxable","20":"purchasable","21":"product-type-simple"},"yoast_head":"<!-- This site is optimized with the Yoast SEO plugin v27.5 - https:\/\/yoast.com\/product\/yoast-seo-wordpress\/ -->\n<title>WEING\u00c4RTNER Cleebronn  St.M Lemb. Wei\u00dfherbst - Vitzthum Shop<\/title>\n<meta name=\"robots\" content=\"index, follow, max-snippet:-1, max-image-preview:large, max-video-preview:-1\" \/>\n<link rel=\"canonical\" href=\"https:\/\/rieser-tropfen.de\/shop\/produkt\/weingaertner-cleebronn-stm-lemberger-weissherbst\/\" \/>\n<meta property=\"og:locale\" content=\"de_DE\" \/>\n<meta property=\"og:type\" content=\"article\" \/>\n<meta property=\"og:title\" content=\"WEING\u00c4RTNER Cleebronn  St.M Lemb. Wei\u00dfherbst - Vitzthum Shop\" \/>\n<meta property=\"og:description\" content=\"Vielschichtiges Bukett nach Johannisbeeren und Pflaumen. Auf die Zunge legen sich s\u00fc\u00dfliche Beerenaromen, getragen von einer vitalen Fruchts\u00e4ure.\" \/>\n<meta property=\"og:url\" content=\"https:\/\/rieser-tropfen.de\/shop\/produkt\/weingaertner-cleebronn-stm-lemberger-weissherbst\/\" \/>\n<meta property=\"og:site_name\" content=\"Vitzthum Shop\" \/>\n<meta property=\"article:publisher\" content=\"https:\/\/www.facebook.com\/vitzthum.destillerie\/?locale=de_DE\" \/>\n<meta property=\"article:modified_time\" content=\"2023-02-28T15:50:21+00:00\" \/>\n<meta property=\"og:image\" content=\"https:\/\/rieser-tropfen.de\/shop\/wp-content\/uploads\/2021\/04\/WG-CleeGuegg-StM-Weissherbst.jpg\" \/>\n\t<meta property=\"og:image:width\" content=\"500\" \/>\n\t<meta property=\"og:image:height\" content=\"600\" \/>\n\t<meta property=\"og:image:type\" content=\"image\/jpeg\" \/>\n<meta name=\"twitter:card\" content=\"summary_large_image\" \/>\n<meta name=\"twitter:label1\" content=\"Gesch\u00e4tzte Lesezeit\" \/>\n\t<meta name=\"twitter:data1\" content=\"1\u00a0Minute\" \/>\n<script type=\"application\/ld+json\" class=\"yoast-schema-graph\">{\"@context\":\"https:\\\/\\\/schema.org\",\"@graph\":[{\"@type\":\"WebPage\",\"@id\":\"https:\\\/\\\/rieser-tropfen.de\\\/shop\\\/produkt\\\/weingaertner-cleebronn-stm-lemberger-weissherbst\\\/\",\"url\":\"https:\\\/\\\/rieser-tropfen.de\\\/shop\\\/produkt\\\/weingaertner-cleebronn-stm-lemberger-weissherbst\\\/\",\"name\":\"WEING\u00c4RTNER Cleebronn St.M Lemb. Wei\u00dfherbst - Vitzthum Shop\",\"isPartOf\":{\"@id\":\"https:\\\/\\\/rieser-tropfen.de\\\/shop\\\/#website\"},\"primaryImageOfPage\":{\"@id\":\"https:\\\/\\\/rieser-tropfen.de\\\/shop\\\/produkt\\\/weingaertner-cleebronn-stm-lemberger-weissherbst\\\/#primaryimage\"},\"image\":{\"@id\":\"https:\\\/\\\/rieser-tropfen.de\\\/shop\\\/produkt\\\/weingaertner-cleebronn-stm-lemberger-weissherbst\\\/#primaryimage\"},\"thumbnailUrl\":\"https:\\\/\\\/rieser-tropfen.de\\\/shop\\\/wp-content\\\/uploads\\\/2021\\\/04\\\/WG-CleeGuegg-StM-Weissherbst.jpg\",\"datePublished\":\"2021-04-21T12:58:17+00:00\",\"dateModified\":\"2023-02-28T15:50:21+00:00\",\"breadcrumb\":{\"@id\":\"https:\\\/\\\/rieser-tropfen.de\\\/shop\\\/produkt\\\/weingaertner-cleebronn-stm-lemberger-weissherbst\\\/#breadcrumb\"},\"inLanguage\":\"de\",\"potentialAction\":[{\"@type\":\"ReadAction\",\"target\":[\"https:\\\/\\\/rieser-tropfen.de\\\/shop\\\/produkt\\\/weingaertner-cleebronn-stm-lemberger-weissherbst\\\/\"]}]},{\"@type\":\"ImageObject\",\"inLanguage\":\"de\",\"@id\":\"https:\\\/\\\/rieser-tropfen.de\\\/shop\\\/produkt\\\/weingaertner-cleebronn-stm-lemberger-weissherbst\\\/#primaryimage\",\"url\":\"https:\\\/\\\/rieser-tropfen.de\\\/shop\\\/wp-content\\\/uploads\\\/2021\\\/04\\\/WG-CleeGuegg-StM-Weissherbst.jpg\",\"contentUrl\":\"https:\\\/\\\/rieser-tropfen.de\\\/shop\\\/wp-content\\\/uploads\\\/2021\\\/04\\\/WG-CleeGuegg-StM-Weissherbst.jpg\",\"width\":500,\"height\":600},{\"@type\":\"BreadcrumbList\",\"@id\":\"https:\\\/\\\/rieser-tropfen.de\\\/shop\\\/produkt\\\/weingaertner-cleebronn-stm-lemberger-weissherbst\\\/#breadcrumb\",\"itemListElement\":[{\"@type\":\"ListItem\",\"position\":1,\"name\":\"Home\",\"item\":\"https:\\\/\\\/rieser-tropfen.de\\\/shop\\\/\"},{\"@type\":\"ListItem\",\"position\":2,\"name\":\"Shop\",\"item\":\"https:\\\/\\\/rieser-tropfen.de\\\/shop\\\/shop\\\/\"},{\"@type\":\"ListItem\",\"position\":3,\"name\":\"WEING\u00c4RTNER Cleebronn St.M Lemb. Wei\u00dfherbst\"}]},{\"@type\":\"WebSite\",\"@id\":\"https:\\\/\\\/rieser-tropfen.de\\\/shop\\\/#website\",\"url\":\"https:\\\/\\\/rieser-tropfen.de\\\/shop\\\/\",\"name\":\"Vitzthum Shop\",\"description\":\"handgemachte Beerengeister, Obstbr\u00e4nde und Kr\u00e4uter- sowie Fruchtlik\u00f6re\",\"publisher\":{\"@id\":\"https:\\\/\\\/rieser-tropfen.de\\\/shop\\\/#organization\"},\"potentialAction\":[{\"@type\":\"SearchAction\",\"target\":{\"@type\":\"EntryPoint\",\"urlTemplate\":\"https:\\\/\\\/rieser-tropfen.de\\\/shop\\\/?s={search_term_string}\"},\"query-input\":{\"@type\":\"PropertyValueSpecification\",\"valueRequired\":true,\"valueName\":\"search_term_string\"}}],\"inLanguage\":\"de\"},{\"@type\":\"Organization\",\"@id\":\"https:\\\/\\\/rieser-tropfen.de\\\/shop\\\/#organization\",\"name\":\"Vitzthum GmbH\",\"url\":\"https:\\\/\\\/rieser-tropfen.de\\\/shop\\\/\",\"logo\":{\"@type\":\"ImageObject\",\"inLanguage\":\"de\",\"@id\":\"https:\\\/\\\/rieser-tropfen.de\\\/shop\\\/#\\\/schema\\\/logo\\\/image\\\/\",\"url\":\"https:\\\/\\\/rieser-tropfen.de\\\/shop\\\/wp-content\\\/uploads\\\/2021\\\/03\\\/Logo-Vitzthum-2021-gold.jpg\",\"contentUrl\":\"https:\\\/\\\/rieser-tropfen.de\\\/shop\\\/wp-content\\\/uploads\\\/2021\\\/03\\\/Logo-Vitzthum-2021-gold.jpg\",\"width\":149,\"height\":69,\"caption\":\"Vitzthum GmbH\"},\"image\":{\"@id\":\"https:\\\/\\\/rieser-tropfen.de\\\/shop\\\/#\\\/schema\\\/logo\\\/image\\\/\"},\"sameAs\":[\"https:\\\/\\\/www.facebook.com\\\/vitzthum.destillerie\\\/?locale=de_DE\"]}]}<\/script>\n<!-- \/ Yoast SEO plugin. -->","yoast_head_json":{"title":"WEING\u00c4RTNER Cleebronn  St.M Lemb. Wei\u00dfherbst - Vitzthum Shop","robots":{"index":"index","follow":"follow","max-snippet":"max-snippet:-1","max-image-preview":"max-image-preview:large","max-video-preview":"max-video-preview:-1"},"canonical":"https:\/\/rieser-tropfen.de\/shop\/produkt\/weingaertner-cleebronn-stm-lemberger-weissherbst\/","og_locale":"de_DE","og_type":"article","og_title":"WEING\u00c4RTNER Cleebronn  St.M Lemb. Wei\u00dfherbst - Vitzthum Shop","og_description":"Vielschichtiges Bukett nach Johannisbeeren und Pflaumen. Auf die Zunge legen sich s\u00fc\u00dfliche Beerenaromen, getragen von einer vitalen Fruchts\u00e4ure.","og_url":"https:\/\/rieser-tropfen.de\/shop\/produkt\/weingaertner-cleebronn-stm-lemberger-weissherbst\/","og_site_name":"Vitzthum Shop","article_publisher":"https:\/\/www.facebook.com\/vitzthum.destillerie\/?locale=de_DE","article_modified_time":"2023-02-28T15:50:21+00:00","og_image":[{"width":500,"height":600,"url":"https:\/\/rieser-tropfen.de\/shop\/wp-content\/uploads\/2021\/04\/WG-CleeGuegg-StM-Weissherbst.jpg","type":"image\/jpeg"}],"twitter_card":"summary_large_image","twitter_misc":{"Gesch\u00e4tzte Lesezeit":"1\u00a0Minute"},"schema":{"@context":"https:\/\/schema.org","@graph":[{"@type":"WebPage","@id":"https:\/\/rieser-tropfen.de\/shop\/produkt\/weingaertner-cleebronn-stm-lemberger-weissherbst\/","url":"https:\/\/rieser-tropfen.de\/shop\/produkt\/weingaertner-cleebronn-stm-lemberger-weissherbst\/","name":"WEING\u00c4RTNER Cleebronn St.M Lemb. Wei\u00dfherbst - Vitzthum Shop","isPartOf":{"@id":"https:\/\/rieser-tropfen.de\/shop\/#website"},"primaryImageOfPage":{"@id":"https:\/\/rieser-tropfen.de\/shop\/produkt\/weingaertner-cleebronn-stm-lemberger-weissherbst\/#primaryimage"},"image":{"@id":"https:\/\/rieser-tropfen.de\/shop\/produkt\/weingaertner-cleebronn-stm-lemberger-weissherbst\/#primaryimage"},"thumbnailUrl":"https:\/\/rieser-tropfen.de\/shop\/wp-content\/uploads\/2021\/04\/WG-CleeGuegg-StM-Weissherbst.jpg","datePublished":"2021-04-21T12:58:17+00:00","dateModified":"2023-02-28T15:50:21+00:00","breadcrumb":{"@id":"https:\/\/rieser-tropfen.de\/shop\/produkt\/weingaertner-cleebronn-stm-lemberger-weissherbst\/#breadcrumb"},"inLanguage":"de","potentialAction":[{"@type":"ReadAction","target":["https:\/\/rieser-tropfen.de\/shop\/produkt\/weingaertner-cleebronn-stm-lemberger-weissherbst\/"]}]},{"@type":"ImageObject","inLanguage":"de","@id":"https:\/\/rieser-tropfen.de\/shop\/produkt\/weingaertner-cleebronn-stm-lemberger-weissherbst\/#primaryimage","url":"https:\/\/rieser-tropfen.de\/shop\/wp-content\/uploads\/2021\/04\/WG-CleeGuegg-StM-Weissherbst.jpg","contentUrl":"https:\/\/rieser-tropfen.de\/shop\/wp-content\/uploads\/2021\/04\/WG-CleeGuegg-StM-Weissherbst.jpg","width":500,"height":600},{"@type":"BreadcrumbList","@id":"https:\/\/rieser-tropfen.de\/shop\/produkt\/weingaertner-cleebronn-stm-lemberger-weissherbst\/#breadcrumb","itemListElement":[{"@type":"ListItem","position":1,"name":"Home","item":"https:\/\/rieser-tropfen.de\/shop\/"},{"@type":"ListItem","position":2,"name":"Shop","item":"https:\/\/rieser-tropfen.de\/shop\/shop\/"},{"@type":"ListItem","position":3,"name":"WEING\u00c4RTNER Cleebronn St.M Lemb. Wei\u00dfherbst"}]},{"@type":"WebSite","@id":"https:\/\/rieser-tropfen.de\/shop\/#website","url":"https:\/\/rieser-tropfen.de\/shop\/","name":"Vitzthum Shop","description":"handgemachte Beerengeister, Obstbr\u00e4nde und Kr\u00e4uter- sowie Fruchtlik\u00f6re","publisher":{"@id":"https:\/\/rieser-tropfen.de\/shop\/#organization"},"potentialAction":[{"@type":"SearchAction","target":{"@type":"EntryPoint","urlTemplate":"https:\/\/rieser-tropfen.de\/shop\/?s={search_term_string}"},"query-input":{"@type":"PropertyValueSpecification","valueRequired":true,"valueName":"search_term_string"}}],"inLanguage":"de"},{"@type":"Organization","@id":"https:\/\/rieser-tropfen.de\/shop\/#organization","name":"Vitzthum GmbH","url":"https:\/\/rieser-tropfen.de\/shop\/","logo":{"@type":"ImageObject","inLanguage":"de","@id":"https:\/\/rieser-tropfen.de\/shop\/#\/schema\/logo\/image\/","url":"https:\/\/rieser-tropfen.de\/shop\/wp-content\/uploads\/2021\/03\/Logo-Vitzthum-2021-gold.jpg","contentUrl":"https:\/\/rieser-tropfen.de\/shop\/wp-content\/uploads\/2021\/03\/Logo-Vitzthum-2021-gold.jpg","width":149,"height":69,"caption":"Vitzthum GmbH"},"image":{"@id":"https:\/\/rieser-tropfen.de\/shop\/#\/schema\/logo\/image\/"},"sameAs":["https:\/\/www.facebook.com\/vitzthum.destillerie\/?locale=de_DE"]}]}},"_links":{"self":[{"href":"https:\/\/rieser-tropfen.de\/shop\/wp-json\/wp\/v2\/product\/2049","targetHints":{"allow":["GET"]}}],"collection":[{"href":"https:\/\/rieser-tropfen.de\/shop\/wp-json\/wp\/v2\/product"}],"about":[{"href":"https:\/\/rieser-tropfen.de\/shop\/wp-json\/wp\/v2\/types\/product"}],"wp:featuredmedia":[{"embeddable":true,"href":"https:\/\/rieser-tropfen.de\/shop\/wp-json\/wp\/v2\/media\/2337"}],"wp:attachment":[{"href":"https:\/\/rieser-tropfen.de\/shop\/wp-json\/wp\/v2\/media?parent=2049"}],"wp:term":[{"taxonomy":"product_brand","embeddable":true,"href":"https:\/\/rieser-tropfen.de\/shop\/wp-json\/wp\/v2\/product_brand?post=2049"},{"taxonomy":"product_cat","embeddable":true,"href":"https:\/\/rieser-tropfen.de\/shop\/wp-json\/wp\/v2\/product_cat?post=2049"},{"taxonomy":"product_tag","embeddable":true,"href":"https:\/\/rieser-tropfen.de\/shop\/wp-json\/wp\/v2\/product_tag?post=2049"}],"curies":[{"name":"wp","href":"https:\/\/api.w.org\/{rel}","templated":true}]}}