{"id":2168,"date":"2021-09-29T16:36:13","date_gmt":"2021-09-29T14:36:13","guid":{"rendered":"https:\/\/rieser-tropfen.de\/shop\/?post_type=product&#038;p=2168"},"modified":"2025-02-13T15:40:17","modified_gmt":"2025-02-13T14:40:17","slug":"vitzthums-gluehwein-mit-heidelbeere","status":"publish","type":"product","link":"https:\/\/rieser-tropfen.de\/shop\/produkt\/vitzthums-gluehwein-mit-heidelbeere\/","title":{"rendered":"&#8212; VITZTHUM&#8217;s Gl\u00fchwein &#8212; mit Heidelbeere"},"content":{"rendered":"<div class=\"row\"  id=\"row-926265505\">\n\n\t<div id=\"col-1516601051\" class=\"col small-12 large-12\"  >\n\t\t\t\t<div class=\"col-inner\"  >\n\t\t\t\n\t\t\t\n<p><span style=\"color: #ffcc00;\">nicht nur f\u00fcr die Weihnachtszeit &#8211;<\/span><\/p>\n<h1>gew\u00fcrzter Wein schon im Mittelalter!<\/h1>\n<div class=\"wpb_text_column wpb_content_elementvc_custom_1493304284354\">\n<div class=\"wpb_wrapper\">\n<p>Der Vorl\u00e4ufer des Gl\u00fchweins ist das Conditum Paradoxum aus der Antike. Im Mittelalter waren kalt getrunkene W\u00fcrzweine beliebt, wie der Hypocras, die in den Gew\u00fcrzzutaten und im Geschmack dem heutigen Gl\u00fchwein vermutlich \u00e4hnlich waren.<\/p>\n<p>Das wohl \u00e4lteste \u00fcberlieferte Gl\u00fchweinrezept Mitteldeutschlands stammt von August Josef Ludwig von Wackerbarth vom 11. Dezember 1843: Pro Kanne (knapp ein Liter) vier Loth (ein Loth entspricht knapp 16 Gramm) Zimt, zwei Loth Ingwer, ein Loth Anis, ein Loth Granatapfel, ein Loth Muskatn\u00fcsse, ein Loth Kardamom sowie ein Gran (heute rund 60 Milligramm) Safran, ges\u00fc\u00dft mit Zucker oder Honig.[2]\n<p>Im Jahr 1845 wurde Gl\u00fchwein wie folgt beschrieben:<\/p>\n<p>\u201eMan setzt \u00bd Flasche guten Rotwein mit 2 oder 3 Gew\u00fcrznelken und etwas Zimt verdeckt aufs Feuer, dann s\u00fc\u00dft man ihn nach Geschmack und l\u00e4\u00dft ihn 2\u20133 Minuten kochen. Man serviert ihn in Gl\u00e4sern, nachdem man ihn vorher durch ein Sieb gegossen hat.\u201c<\/p>\n<p>\u2013 Henriette Davidis: Praktisches Kochbuch f\u00fcr die b\u00fcrgerliche und feine K\u00fcche: Reprint der Berliner Ausgabe, Augsburg 1997; Erstver\u00f6ffentlichung 1845; Getr\u00e4nke; Warme Getr\u00e4nke<\/p>\n<p>Quelle: wikipedia<\/p>\n<\/div>\n<\/div>\n\t\t<\/div>\n\t\t\t\t\n<style>\n#col-1516601051 > .col-inner {\n  padding: 18px 0px 0px 0px;\n}\n<\/style>\n\t<\/div>\n\n\t\n<\/div>\n","protected":false},"excerpt":{"rendered":"<p>Dunkelroter, fruchtig-kr\u00e4ftiger Merlotwein verschmilzt mit hochwertigen Gew\u00fcrzextrakten aus Zimt, Nelken, Piment, Orange und Zitrone, abgerundet mit Heidelbeersaft.<\/p>\n","protected":false},"featured_media":2860,"template":"","meta":[],"product_brand":[],"product_cat":[918,60],"product_tag":[920,922,919,120,921,178,923,924],"class_list":{"0":"post-2168","1":"product","2":"type-product","3":"status-publish","4":"has-post-thumbnail","6":"product_cat-gluehweine-punsch","7":"product_cat-weine","8":"product_tag-gewuerzter-wein","9":"product_tag-gluehpunsch","10":"product_tag-gluehwein","11":"product_tag-lokale-spezialitaet","12":"product_tag-punsch","13":"product_tag-rotwein","14":"product_tag-weihnachtspunsch","15":"product_tag-weihnachtswein","17":"first","18":"instock","19":"shipping-taxable","20":"purchasable","21":"product-type-simple"},"yoast_head":"<!-- This site is optimized with the Yoast SEO plugin v27.5 - https:\/\/yoast.com\/product\/yoast-seo-wordpress\/ -->\n<title>- VITZTHUM&#039;s Gl\u00fchwein - mit Heidelbeere - Vitzthum Shop<\/title>\n<meta name=\"robots\" content=\"index, follow, max-snippet:-1, max-image-preview:large, max-video-preview:-1\" \/>\n<link rel=\"canonical\" href=\"https:\/\/rieser-tropfen.de\/shop\/produkt\/vitzthums-gluehwein-mit-heidelbeere\/\" \/>\n<meta property=\"og:locale\" content=\"de_DE\" \/>\n<meta property=\"og:type\" content=\"article\" \/>\n<meta property=\"og:title\" content=\"- VITZTHUM&#039;s Gl\u00fchwein - mit Heidelbeere - Vitzthum Shop\" \/>\n<meta property=\"og:description\" content=\"Dunkelroter, fruchtig-kr\u00e4ftiger Merlotwein verschmilzt mit hochwertigen Gew\u00fcrzextrakten aus Zimt, Nelken, Piment, Orange und Zitrone, abgerundet mit Heidelbeersaft.\" \/>\n<meta property=\"og:url\" content=\"https:\/\/rieser-tropfen.de\/shop\/produkt\/vitzthums-gluehwein-mit-heidelbeere\/\" \/>\n<meta property=\"og:site_name\" content=\"Vitzthum Shop\" \/>\n<meta property=\"article:publisher\" content=\"https:\/\/www.facebook.com\/vitzthum.destillerie\/?locale=de_DE\" \/>\n<meta property=\"article:modified_time\" content=\"2025-02-13T14:40:17+00:00\" \/>\n<meta property=\"og:image\" content=\"https:\/\/rieser-tropfen.de\/shop\/wp-content\/uploads\/2021\/09\/Vitzthum-Gluehwein-Heidelbeere.jpg\" \/>\n\t<meta property=\"og:image:width\" content=\"500\" \/>\n\t<meta property=\"og:image:height\" content=\"600\" \/>\n\t<meta property=\"og:image:type\" content=\"image\/jpeg\" \/>\n<meta name=\"twitter:card\" content=\"summary_large_image\" \/>\n<meta name=\"twitter:label1\" content=\"Gesch\u00e4tzte Lesezeit\" \/>\n\t<meta name=\"twitter:data1\" content=\"2\u00a0Minuten\" \/>\n<script type=\"application\/ld+json\" class=\"yoast-schema-graph\">{\"@context\":\"https:\\\/\\\/schema.org\",\"@graph\":[{\"@type\":\"WebPage\",\"@id\":\"https:\\\/\\\/rieser-tropfen.de\\\/shop\\\/produkt\\\/vitzthums-gluehwein-mit-heidelbeere\\\/\",\"url\":\"https:\\\/\\\/rieser-tropfen.de\\\/shop\\\/produkt\\\/vitzthums-gluehwein-mit-heidelbeere\\\/\",\"name\":\"- VITZTHUM's Gl\u00fchwein - mit Heidelbeere - Vitzthum Shop\",\"isPartOf\":{\"@id\":\"https:\\\/\\\/rieser-tropfen.de\\\/shop\\\/#website\"},\"primaryImageOfPage\":{\"@id\":\"https:\\\/\\\/rieser-tropfen.de\\\/shop\\\/produkt\\\/vitzthums-gluehwein-mit-heidelbeere\\\/#primaryimage\"},\"image\":{\"@id\":\"https:\\\/\\\/rieser-tropfen.de\\\/shop\\\/produkt\\\/vitzthums-gluehwein-mit-heidelbeere\\\/#primaryimage\"},\"thumbnailUrl\":\"https:\\\/\\\/rieser-tropfen.de\\\/shop\\\/wp-content\\\/uploads\\\/2021\\\/09\\\/Vitzthum-Gluehwein-Heidelbeere.jpg\",\"datePublished\":\"2021-09-29T14:36:13+00:00\",\"dateModified\":\"2025-02-13T14:40:17+00:00\",\"breadcrumb\":{\"@id\":\"https:\\\/\\\/rieser-tropfen.de\\\/shop\\\/produkt\\\/vitzthums-gluehwein-mit-heidelbeere\\\/#breadcrumb\"},\"inLanguage\":\"de\",\"potentialAction\":[{\"@type\":\"ReadAction\",\"target\":[\"https:\\\/\\\/rieser-tropfen.de\\\/shop\\\/produkt\\\/vitzthums-gluehwein-mit-heidelbeere\\\/\"]}]},{\"@type\":\"ImageObject\",\"inLanguage\":\"de\",\"@id\":\"https:\\\/\\\/rieser-tropfen.de\\\/shop\\\/produkt\\\/vitzthums-gluehwein-mit-heidelbeere\\\/#primaryimage\",\"url\":\"https:\\\/\\\/rieser-tropfen.de\\\/shop\\\/wp-content\\\/uploads\\\/2021\\\/09\\\/Vitzthum-Gluehwein-Heidelbeere.jpg\",\"contentUrl\":\"https:\\\/\\\/rieser-tropfen.de\\\/shop\\\/wp-content\\\/uploads\\\/2021\\\/09\\\/Vitzthum-Gluehwein-Heidelbeere.jpg\",\"width\":500,\"height\":600},{\"@type\":\"BreadcrumbList\",\"@id\":\"https:\\\/\\\/rieser-tropfen.de\\\/shop\\\/produkt\\\/vitzthums-gluehwein-mit-heidelbeere\\\/#breadcrumb\",\"itemListElement\":[{\"@type\":\"ListItem\",\"position\":1,\"name\":\"Home\",\"item\":\"https:\\\/\\\/rieser-tropfen.de\\\/shop\\\/\"},{\"@type\":\"ListItem\",\"position\":2,\"name\":\"Shop\",\"item\":\"https:\\\/\\\/rieser-tropfen.de\\\/shop\\\/shop\\\/\"},{\"@type\":\"ListItem\",\"position\":3,\"name\":\"&#8212; VITZTHUM&#8217;s Gl\u00fchwein &#8212; mit Heidelbeere\"}]},{\"@type\":\"WebSite\",\"@id\":\"https:\\\/\\\/rieser-tropfen.de\\\/shop\\\/#website\",\"url\":\"https:\\\/\\\/rieser-tropfen.de\\\/shop\\\/\",\"name\":\"Vitzthum Shop\",\"description\":\"handgemachte Beerengeister, Obstbr\u00e4nde und Kr\u00e4uter- sowie Fruchtlik\u00f6re\",\"publisher\":{\"@id\":\"https:\\\/\\\/rieser-tropfen.de\\\/shop\\\/#organization\"},\"potentialAction\":[{\"@type\":\"SearchAction\",\"target\":{\"@type\":\"EntryPoint\",\"urlTemplate\":\"https:\\\/\\\/rieser-tropfen.de\\\/shop\\\/?s={search_term_string}\"},\"query-input\":{\"@type\":\"PropertyValueSpecification\",\"valueRequired\":true,\"valueName\":\"search_term_string\"}}],\"inLanguage\":\"de\"},{\"@type\":\"Organization\",\"@id\":\"https:\\\/\\\/rieser-tropfen.de\\\/shop\\\/#organization\",\"name\":\"Vitzthum GmbH\",\"url\":\"https:\\\/\\\/rieser-tropfen.de\\\/shop\\\/\",\"logo\":{\"@type\":\"ImageObject\",\"inLanguage\":\"de\",\"@id\":\"https:\\\/\\\/rieser-tropfen.de\\\/shop\\\/#\\\/schema\\\/logo\\\/image\\\/\",\"url\":\"https:\\\/\\\/rieser-tropfen.de\\\/shop\\\/wp-content\\\/uploads\\\/2021\\\/03\\\/Logo-Vitzthum-2021-gold.jpg\",\"contentUrl\":\"https:\\\/\\\/rieser-tropfen.de\\\/shop\\\/wp-content\\\/uploads\\\/2021\\\/03\\\/Logo-Vitzthum-2021-gold.jpg\",\"width\":149,\"height\":69,\"caption\":\"Vitzthum GmbH\"},\"image\":{\"@id\":\"https:\\\/\\\/rieser-tropfen.de\\\/shop\\\/#\\\/schema\\\/logo\\\/image\\\/\"},\"sameAs\":[\"https:\\\/\\\/www.facebook.com\\\/vitzthum.destillerie\\\/?locale=de_DE\"]}]}<\/script>\n<!-- \/ Yoast SEO plugin. -->","yoast_head_json":{"title":"- VITZTHUM's Gl\u00fchwein - mit Heidelbeere - Vitzthum Shop","robots":{"index":"index","follow":"follow","max-snippet":"max-snippet:-1","max-image-preview":"max-image-preview:large","max-video-preview":"max-video-preview:-1"},"canonical":"https:\/\/rieser-tropfen.de\/shop\/produkt\/vitzthums-gluehwein-mit-heidelbeere\/","og_locale":"de_DE","og_type":"article","og_title":"- VITZTHUM's Gl\u00fchwein - mit Heidelbeere - Vitzthum Shop","og_description":"Dunkelroter, fruchtig-kr\u00e4ftiger Merlotwein verschmilzt mit hochwertigen Gew\u00fcrzextrakten aus Zimt, Nelken, Piment, Orange und Zitrone, abgerundet mit Heidelbeersaft.","og_url":"https:\/\/rieser-tropfen.de\/shop\/produkt\/vitzthums-gluehwein-mit-heidelbeere\/","og_site_name":"Vitzthum Shop","article_publisher":"https:\/\/www.facebook.com\/vitzthum.destillerie\/?locale=de_DE","article_modified_time":"2025-02-13T14:40:17+00:00","og_image":[{"width":500,"height":600,"url":"https:\/\/rieser-tropfen.de\/shop\/wp-content\/uploads\/2021\/09\/Vitzthum-Gluehwein-Heidelbeere.jpg","type":"image\/jpeg"}],"twitter_card":"summary_large_image","twitter_misc":{"Gesch\u00e4tzte Lesezeit":"2\u00a0Minuten"},"schema":{"@context":"https:\/\/schema.org","@graph":[{"@type":"WebPage","@id":"https:\/\/rieser-tropfen.de\/shop\/produkt\/vitzthums-gluehwein-mit-heidelbeere\/","url":"https:\/\/rieser-tropfen.de\/shop\/produkt\/vitzthums-gluehwein-mit-heidelbeere\/","name":"- VITZTHUM's Gl\u00fchwein - mit Heidelbeere - Vitzthum Shop","isPartOf":{"@id":"https:\/\/rieser-tropfen.de\/shop\/#website"},"primaryImageOfPage":{"@id":"https:\/\/rieser-tropfen.de\/shop\/produkt\/vitzthums-gluehwein-mit-heidelbeere\/#primaryimage"},"image":{"@id":"https:\/\/rieser-tropfen.de\/shop\/produkt\/vitzthums-gluehwein-mit-heidelbeere\/#primaryimage"},"thumbnailUrl":"https:\/\/rieser-tropfen.de\/shop\/wp-content\/uploads\/2021\/09\/Vitzthum-Gluehwein-Heidelbeere.jpg","datePublished":"2021-09-29T14:36:13+00:00","dateModified":"2025-02-13T14:40:17+00:00","breadcrumb":{"@id":"https:\/\/rieser-tropfen.de\/shop\/produkt\/vitzthums-gluehwein-mit-heidelbeere\/#breadcrumb"},"inLanguage":"de","potentialAction":[{"@type":"ReadAction","target":["https:\/\/rieser-tropfen.de\/shop\/produkt\/vitzthums-gluehwein-mit-heidelbeere\/"]}]},{"@type":"ImageObject","inLanguage":"de","@id":"https:\/\/rieser-tropfen.de\/shop\/produkt\/vitzthums-gluehwein-mit-heidelbeere\/#primaryimage","url":"https:\/\/rieser-tropfen.de\/shop\/wp-content\/uploads\/2021\/09\/Vitzthum-Gluehwein-Heidelbeere.jpg","contentUrl":"https:\/\/rieser-tropfen.de\/shop\/wp-content\/uploads\/2021\/09\/Vitzthum-Gluehwein-Heidelbeere.jpg","width":500,"height":600},{"@type":"BreadcrumbList","@id":"https:\/\/rieser-tropfen.de\/shop\/produkt\/vitzthums-gluehwein-mit-heidelbeere\/#breadcrumb","itemListElement":[{"@type":"ListItem","position":1,"name":"Home","item":"https:\/\/rieser-tropfen.de\/shop\/"},{"@type":"ListItem","position":2,"name":"Shop","item":"https:\/\/rieser-tropfen.de\/shop\/shop\/"},{"@type":"ListItem","position":3,"name":"&#8212; VITZTHUM&#8217;s Gl\u00fchwein &#8212; mit Heidelbeere"}]},{"@type":"WebSite","@id":"https:\/\/rieser-tropfen.de\/shop\/#website","url":"https:\/\/rieser-tropfen.de\/shop\/","name":"Vitzthum Shop","description":"handgemachte Beerengeister, Obstbr\u00e4nde und Kr\u00e4uter- sowie Fruchtlik\u00f6re","publisher":{"@id":"https:\/\/rieser-tropfen.de\/shop\/#organization"},"potentialAction":[{"@type":"SearchAction","target":{"@type":"EntryPoint","urlTemplate":"https:\/\/rieser-tropfen.de\/shop\/?s={search_term_string}"},"query-input":{"@type":"PropertyValueSpecification","valueRequired":true,"valueName":"search_term_string"}}],"inLanguage":"de"},{"@type":"Organization","@id":"https:\/\/rieser-tropfen.de\/shop\/#organization","name":"Vitzthum GmbH","url":"https:\/\/rieser-tropfen.de\/shop\/","logo":{"@type":"ImageObject","inLanguage":"de","@id":"https:\/\/rieser-tropfen.de\/shop\/#\/schema\/logo\/image\/","url":"https:\/\/rieser-tropfen.de\/shop\/wp-content\/uploads\/2021\/03\/Logo-Vitzthum-2021-gold.jpg","contentUrl":"https:\/\/rieser-tropfen.de\/shop\/wp-content\/uploads\/2021\/03\/Logo-Vitzthum-2021-gold.jpg","width":149,"height":69,"caption":"Vitzthum GmbH"},"image":{"@id":"https:\/\/rieser-tropfen.de\/shop\/#\/schema\/logo\/image\/"},"sameAs":["https:\/\/www.facebook.com\/vitzthum.destillerie\/?locale=de_DE"]}]}},"_links":{"self":[{"href":"https:\/\/rieser-tropfen.de\/shop\/wp-json\/wp\/v2\/product\/2168","targetHints":{"allow":["GET"]}}],"collection":[{"href":"https:\/\/rieser-tropfen.de\/shop\/wp-json\/wp\/v2\/product"}],"about":[{"href":"https:\/\/rieser-tropfen.de\/shop\/wp-json\/wp\/v2\/types\/product"}],"wp:featuredmedia":[{"embeddable":true,"href":"https:\/\/rieser-tropfen.de\/shop\/wp-json\/wp\/v2\/media\/2860"}],"wp:attachment":[{"href":"https:\/\/rieser-tropfen.de\/shop\/wp-json\/wp\/v2\/media?parent=2168"}],"wp:term":[{"taxonomy":"product_brand","embeddable":true,"href":"https:\/\/rieser-tropfen.de\/shop\/wp-json\/wp\/v2\/product_brand?post=2168"},{"taxonomy":"product_cat","embeddable":true,"href":"https:\/\/rieser-tropfen.de\/shop\/wp-json\/wp\/v2\/product_cat?post=2168"},{"taxonomy":"product_tag","embeddable":true,"href":"https:\/\/rieser-tropfen.de\/shop\/wp-json\/wp\/v2\/product_tag?post=2168"}],"curies":[{"name":"wp","href":"https:\/\/api.w.org\/{rel}","templated":true}]}}