{"id":240,"date":"2013-08-08T21:08:19","date_gmt":"2013-08-08T21:08:19","guid":{"rendered":"http:\/\/uxthemes.wpengine.com\/?post_type=product&#038;p=149"},"modified":"2024-12-09T12:03:25","modified_gmt":"2024-12-09T11:03:25","slug":"williams-birnenlikoer","status":"publish","type":"product","link":"https:\/\/rieser-tropfen.de\/shop\/produkt\/williams-birnenlikoer\/","title":{"rendered":"Williams-Birnenlik\u00f6r"},"content":{"rendered":"<p><span style=\"color: #de901b; font-size: 14.4px;\">Ganz einfach!<\/span><\/p>\n<section id=\"content\">\n<div class=\"container\">\n<div class=\"row\">\n<div class=\"col-xs-12 col-md-12\">\n<div id=\"product-1424\" class=\"post-1424 product type-product status-publish has-post-thumbnail product_cat-likoere product_cat-fruchtlikoere product_tag-intensiv-fruchtig product_tag-schmelzend product_tag-weich first instock taxable shipping-taxable purchasable product-type-variable has-default-attributes has-children\">\n<div class=\"vc_row wpb_row vc_row-fluid vc_custom_1460727920666 vc_row-has-fill vc_row-o-content-middle vc_row-flex\">\n<div class=\"wpb_column vc_column_container vc_col-sm-12 vc_col-lg-6 vc_col-md-6\">\n<div class=\"vc_column-inner vc_custom_1460636569719\">\n<div class=\"wpb_wrapper\">\n<div class=\"title-subtitle-box \">\n<h1>Probieren Sie&#8217;s doch mal aus &#8230;.<\/h1>\n<\/div>\n<div class=\"wpb_text_column wpb_content_element vc_custom_1487690392938\">\n<div class=\"wpb_wrapper\">\n<p>2 cl = Schnapsglas \u00a0Williams-Birnenlik\u00f6r<br \/>\n150 ml Prosecco oder Sekt spritzig<br \/>\n100 ml Mineralwasser spritzig<\/p>\n<p>Die Zutaten nacheinander in ein bauchiges Rotweinglas f\u00fcllen, mit Eisw\u00fcrfel und passenden gefrorenen Fr\u00fcchten (Mandarinen) servieren.<br \/>\nNehmen Sie dazu einfach Dosenmandarinen, die Sie abgie\u00dfen und auf einem Tablett st\u00fcckig einfrieren, erst danach in einen Beutel umf\u00fcllen<\/p>\n<\/div>\n<\/div>\n<\/div>\n<\/div>\n<\/div>\n<\/div>\n<\/div>\n<\/div>\n<\/div>\n<\/div>\n<\/section>\n<section id=\"content\">\n<div class=\"container\">\n<div class=\"row\">\n<div class=\"col-xs-12 col-md-12\">\n<div id=\"product-1424\" class=\"post-1424 product type-product status-publish has-post-thumbnail product_cat-likoere product_cat-fruchtlikoere product_tag-intensiv-fruchtig product_tag-schmelzend product_tag-weich first instock taxable shipping-taxable purchasable product-type-variable has-default-attributes has-children\">\n<div class=\"vc_row wpb_row vc_row-fluid vc_custom_1460727927848 vc_row-has-fill vc_row-o-content-middle vc_row-flex\">\n<div class=\"wpb_column vc_column_container vc_col-sm-12 vc_col-lg-6 vc_col-md-6\">\n<div class=\"vc_column-inner vc_custom_1460636579755\">\n<div class=\"wpb_wrapper\">\n<div class=\"title-subtitle-box \">\n<p><span style=\"color: #de901b;\">&#8211; zum Nachtisch &#8211;<\/span><\/p>\n<h1>Oder doch auf&#8217;s Eis<\/h1>\n<\/div>\n<div class=\"wpb_text_column wpb_content_element \">\n<div class=\"wpb_wrapper\">\n<p>Nat\u00fcrlich gibt unser Williams-Birnenlik\u00f6r auch Ihren Desserts eine unverwechselbare Note.<br \/>\nWerten Sie cremiges Vanilleeis auf, einfach 1 Kugel in die Schale, ein Schu\u00df Sekt dar\u00fcber und zum Schlu\u00df einen kleinen oder gr\u00f6\u00dferen Spritzer Williamslik\u00f6r.<br \/>\nGenauso k\u00f6nnen Sie Ihrem R\u00fchrkuchen oder Cremetorten eine edle Abrundung geben, indem Sie dem Teig oder der Creme 2 cl des Lik\u00f6rs untermischen<\/p>\n<\/div>\n<\/div>\n<\/div>\n<\/div>\n<\/div>\n<\/div>\n<\/div>\n<\/div>\n<\/div>\n<\/div>\n<\/section>\n","protected":false},"excerpt":{"rendered":"<p>Vollreife Brine, s\u00fcss-fruchtig, ein Traum zu sahnigem Camenbert, geht mit w\u00fcrzig-pikantem Roquefort eine exzellente Verbingung ein.<\/p>\n","protected":false},"featured_media":1468,"template":"","meta":[],"product_brand":[],"product_cat":[59,58],"product_tag":[143,96,97,145,144],"class_list":{"0":"post-240","1":"product","2":"type-product","3":"status-publish","4":"has-post-thumbnail","6":"product_cat-fruchtlikoere","7":"product_cat-likoere","8":"product_tag-birnenlikoer","9":"product_tag-fruchtig","10":"product_tag-saftig","11":"product_tag-saftlikoer","12":"product_tag-williamslikoer","14":"first","15":"instock","16":"shipping-taxable","17":"purchasable","18":"product-type-variable","19":"has-default-attributes"},"yoast_head":"<!-- This site is optimized with the Yoast SEO plugin v27.5 - https:\/\/yoast.com\/product\/yoast-seo-wordpress\/ -->\n<title>Williams-Birnenlik\u00f6r - Vitzthum Shop<\/title>\n<meta name=\"robots\" content=\"index, follow, max-snippet:-1, max-image-preview:large, max-video-preview:-1\" \/>\n<link rel=\"canonical\" href=\"https:\/\/rieser-tropfen.de\/shop\/produkt\/williams-birnenlikoer\/\" \/>\n<meta property=\"og:locale\" content=\"de_DE\" \/>\n<meta property=\"og:type\" content=\"article\" \/>\n<meta property=\"og:title\" content=\"Williams-Birnenlik\u00f6r - Vitzthum Shop\" \/>\n<meta property=\"og:description\" content=\"Vollreife Brine, s\u00fcss-fruchtig, ein Traum zu sahnigem Camenbert, geht mit w\u00fcrzig-pikantem Roquefort eine exzellente Verbingung ein.\" \/>\n<meta property=\"og:url\" content=\"https:\/\/rieser-tropfen.de\/shop\/produkt\/williams-birnenlikoer\/\" \/>\n<meta property=\"og:site_name\" content=\"Vitzthum Shop\" \/>\n<meta property=\"article:publisher\" content=\"https:\/\/www.facebook.com\/vitzthum.destillerie\/?locale=de_DE\" \/>\n<meta property=\"article:modified_time\" content=\"2024-12-09T11:03:25+00:00\" \/>\n<meta property=\"og:image\" content=\"https:\/\/rieser-tropfen.de\/shop\/wp-content\/uploads\/2013\/08\/WilliamsBirnenlik\u00f6r-2x0705B.jpg\" \/>\n\t<meta property=\"og:image:width\" content=\"500\" \/>\n\t<meta property=\"og:image:height\" content=\"600\" \/>\n\t<meta property=\"og:image:type\" content=\"image\/jpeg\" \/>\n<meta name=\"twitter:card\" content=\"summary_large_image\" \/>\n<meta name=\"twitter:label1\" content=\"Gesch\u00e4tzte Lesezeit\" \/>\n\t<meta name=\"twitter:data1\" content=\"1\u00a0Minute\" \/>\n<script type=\"application\/ld+json\" class=\"yoast-schema-graph\">{\"@context\":\"https:\\\/\\\/schema.org\",\"@graph\":[{\"@type\":\"WebPage\",\"@id\":\"https:\\\/\\\/rieser-tropfen.de\\\/shop\\\/produkt\\\/williams-birnenlikoer\\\/\",\"url\":\"https:\\\/\\\/rieser-tropfen.de\\\/shop\\\/produkt\\\/williams-birnenlikoer\\\/\",\"name\":\"Williams-Birnenlik\u00f6r - Vitzthum Shop\",\"isPartOf\":{\"@id\":\"https:\\\/\\\/rieser-tropfen.de\\\/shop\\\/#website\"},\"primaryImageOfPage\":{\"@id\":\"https:\\\/\\\/rieser-tropfen.de\\\/shop\\\/produkt\\\/williams-birnenlikoer\\\/#primaryimage\"},\"image\":{\"@id\":\"https:\\\/\\\/rieser-tropfen.de\\\/shop\\\/produkt\\\/williams-birnenlikoer\\\/#primaryimage\"},\"thumbnailUrl\":\"https:\\\/\\\/rieser-tropfen.de\\\/shop\\\/wp-content\\\/uploads\\\/2013\\\/08\\\/WilliamsBirnenlik\u00f6r-2x0705B.jpg\",\"datePublished\":\"2013-08-08T21:08:19+00:00\",\"dateModified\":\"2024-12-09T11:03:25+00:00\",\"breadcrumb\":{\"@id\":\"https:\\\/\\\/rieser-tropfen.de\\\/shop\\\/produkt\\\/williams-birnenlikoer\\\/#breadcrumb\"},\"inLanguage\":\"de\",\"potentialAction\":[{\"@type\":\"ReadAction\",\"target\":[\"https:\\\/\\\/rieser-tropfen.de\\\/shop\\\/produkt\\\/williams-birnenlikoer\\\/\"]}]},{\"@type\":\"ImageObject\",\"inLanguage\":\"de\",\"@id\":\"https:\\\/\\\/rieser-tropfen.de\\\/shop\\\/produkt\\\/williams-birnenlikoer\\\/#primaryimage\",\"url\":\"https:\\\/\\\/rieser-tropfen.de\\\/shop\\\/wp-content\\\/uploads\\\/2013\\\/08\\\/WilliamsBirnenlik\u00f6r-2x0705B.jpg\",\"contentUrl\":\"https:\\\/\\\/rieser-tropfen.de\\\/shop\\\/wp-content\\\/uploads\\\/2013\\\/08\\\/WilliamsBirnenlik\u00f6r-2x0705B.jpg\",\"width\":500,\"height\":600},{\"@type\":\"BreadcrumbList\",\"@id\":\"https:\\\/\\\/rieser-tropfen.de\\\/shop\\\/produkt\\\/williams-birnenlikoer\\\/#breadcrumb\",\"itemListElement\":[{\"@type\":\"ListItem\",\"position\":1,\"name\":\"Home\",\"item\":\"https:\\\/\\\/rieser-tropfen.de\\\/shop\\\/\"},{\"@type\":\"ListItem\",\"position\":2,\"name\":\"Shop\",\"item\":\"https:\\\/\\\/rieser-tropfen.de\\\/shop\\\/shop\\\/\"},{\"@type\":\"ListItem\",\"position\":3,\"name\":\"Williams-Birnenlik\u00f6r\"}]},{\"@type\":\"WebSite\",\"@id\":\"https:\\\/\\\/rieser-tropfen.de\\\/shop\\\/#website\",\"url\":\"https:\\\/\\\/rieser-tropfen.de\\\/shop\\\/\",\"name\":\"Vitzthum Shop\",\"description\":\"handgemachte Beerengeister, Obstbr\u00e4nde und Kr\u00e4uter- sowie Fruchtlik\u00f6re\",\"publisher\":{\"@id\":\"https:\\\/\\\/rieser-tropfen.de\\\/shop\\\/#organization\"},\"potentialAction\":[{\"@type\":\"SearchAction\",\"target\":{\"@type\":\"EntryPoint\",\"urlTemplate\":\"https:\\\/\\\/rieser-tropfen.de\\\/shop\\\/?s={search_term_string}\"},\"query-input\":{\"@type\":\"PropertyValueSpecification\",\"valueRequired\":true,\"valueName\":\"search_term_string\"}}],\"inLanguage\":\"de\"},{\"@type\":\"Organization\",\"@id\":\"https:\\\/\\\/rieser-tropfen.de\\\/shop\\\/#organization\",\"name\":\"Vitzthum GmbH\",\"url\":\"https:\\\/\\\/rieser-tropfen.de\\\/shop\\\/\",\"logo\":{\"@type\":\"ImageObject\",\"inLanguage\":\"de\",\"@id\":\"https:\\\/\\\/rieser-tropfen.de\\\/shop\\\/#\\\/schema\\\/logo\\\/image\\\/\",\"url\":\"https:\\\/\\\/rieser-tropfen.de\\\/shop\\\/wp-content\\\/uploads\\\/2021\\\/03\\\/Logo-Vitzthum-2021-gold.jpg\",\"contentUrl\":\"https:\\\/\\\/rieser-tropfen.de\\\/shop\\\/wp-content\\\/uploads\\\/2021\\\/03\\\/Logo-Vitzthum-2021-gold.jpg\",\"width\":149,\"height\":69,\"caption\":\"Vitzthum GmbH\"},\"image\":{\"@id\":\"https:\\\/\\\/rieser-tropfen.de\\\/shop\\\/#\\\/schema\\\/logo\\\/image\\\/\"},\"sameAs\":[\"https:\\\/\\\/www.facebook.com\\\/vitzthum.destillerie\\\/?locale=de_DE\"]}]}<\/script>\n<!-- \/ Yoast SEO plugin. -->","yoast_head_json":{"title":"Williams-Birnenlik\u00f6r - Vitzthum Shop","robots":{"index":"index","follow":"follow","max-snippet":"max-snippet:-1","max-image-preview":"max-image-preview:large","max-video-preview":"max-video-preview:-1"},"canonical":"https:\/\/rieser-tropfen.de\/shop\/produkt\/williams-birnenlikoer\/","og_locale":"de_DE","og_type":"article","og_title":"Williams-Birnenlik\u00f6r - Vitzthum Shop","og_description":"Vollreife Brine, s\u00fcss-fruchtig, ein Traum zu sahnigem Camenbert, geht mit w\u00fcrzig-pikantem Roquefort eine exzellente Verbingung ein.","og_url":"https:\/\/rieser-tropfen.de\/shop\/produkt\/williams-birnenlikoer\/","og_site_name":"Vitzthum Shop","article_publisher":"https:\/\/www.facebook.com\/vitzthum.destillerie\/?locale=de_DE","article_modified_time":"2024-12-09T11:03:25+00:00","og_image":[{"width":500,"height":600,"url":"https:\/\/rieser-tropfen.de\/shop\/wp-content\/uploads\/2013\/08\/WilliamsBirnenlik\u00f6r-2x0705B.jpg","type":"image\/jpeg"}],"twitter_card":"summary_large_image","twitter_misc":{"Gesch\u00e4tzte Lesezeit":"1\u00a0Minute"},"schema":{"@context":"https:\/\/schema.org","@graph":[{"@type":"WebPage","@id":"https:\/\/rieser-tropfen.de\/shop\/produkt\/williams-birnenlikoer\/","url":"https:\/\/rieser-tropfen.de\/shop\/produkt\/williams-birnenlikoer\/","name":"Williams-Birnenlik\u00f6r - Vitzthum Shop","isPartOf":{"@id":"https:\/\/rieser-tropfen.de\/shop\/#website"},"primaryImageOfPage":{"@id":"https:\/\/rieser-tropfen.de\/shop\/produkt\/williams-birnenlikoer\/#primaryimage"},"image":{"@id":"https:\/\/rieser-tropfen.de\/shop\/produkt\/williams-birnenlikoer\/#primaryimage"},"thumbnailUrl":"https:\/\/rieser-tropfen.de\/shop\/wp-content\/uploads\/2013\/08\/WilliamsBirnenlik\u00f6r-2x0705B.jpg","datePublished":"2013-08-08T21:08:19+00:00","dateModified":"2024-12-09T11:03:25+00:00","breadcrumb":{"@id":"https:\/\/rieser-tropfen.de\/shop\/produkt\/williams-birnenlikoer\/#breadcrumb"},"inLanguage":"de","potentialAction":[{"@type":"ReadAction","target":["https:\/\/rieser-tropfen.de\/shop\/produkt\/williams-birnenlikoer\/"]}]},{"@type":"ImageObject","inLanguage":"de","@id":"https:\/\/rieser-tropfen.de\/shop\/produkt\/williams-birnenlikoer\/#primaryimage","url":"https:\/\/rieser-tropfen.de\/shop\/wp-content\/uploads\/2013\/08\/WilliamsBirnenlik\u00f6r-2x0705B.jpg","contentUrl":"https:\/\/rieser-tropfen.de\/shop\/wp-content\/uploads\/2013\/08\/WilliamsBirnenlik\u00f6r-2x0705B.jpg","width":500,"height":600},{"@type":"BreadcrumbList","@id":"https:\/\/rieser-tropfen.de\/shop\/produkt\/williams-birnenlikoer\/#breadcrumb","itemListElement":[{"@type":"ListItem","position":1,"name":"Home","item":"https:\/\/rieser-tropfen.de\/shop\/"},{"@type":"ListItem","position":2,"name":"Shop","item":"https:\/\/rieser-tropfen.de\/shop\/shop\/"},{"@type":"ListItem","position":3,"name":"Williams-Birnenlik\u00f6r"}]},{"@type":"WebSite","@id":"https:\/\/rieser-tropfen.de\/shop\/#website","url":"https:\/\/rieser-tropfen.de\/shop\/","name":"Vitzthum Shop","description":"handgemachte Beerengeister, Obstbr\u00e4nde und Kr\u00e4uter- sowie Fruchtlik\u00f6re","publisher":{"@id":"https:\/\/rieser-tropfen.de\/shop\/#organization"},"potentialAction":[{"@type":"SearchAction","target":{"@type":"EntryPoint","urlTemplate":"https:\/\/rieser-tropfen.de\/shop\/?s={search_term_string}"},"query-input":{"@type":"PropertyValueSpecification","valueRequired":true,"valueName":"search_term_string"}}],"inLanguage":"de"},{"@type":"Organization","@id":"https:\/\/rieser-tropfen.de\/shop\/#organization","name":"Vitzthum GmbH","url":"https:\/\/rieser-tropfen.de\/shop\/","logo":{"@type":"ImageObject","inLanguage":"de","@id":"https:\/\/rieser-tropfen.de\/shop\/#\/schema\/logo\/image\/","url":"https:\/\/rieser-tropfen.de\/shop\/wp-content\/uploads\/2021\/03\/Logo-Vitzthum-2021-gold.jpg","contentUrl":"https:\/\/rieser-tropfen.de\/shop\/wp-content\/uploads\/2021\/03\/Logo-Vitzthum-2021-gold.jpg","width":149,"height":69,"caption":"Vitzthum GmbH"},"image":{"@id":"https:\/\/rieser-tropfen.de\/shop\/#\/schema\/logo\/image\/"},"sameAs":["https:\/\/www.facebook.com\/vitzthum.destillerie\/?locale=de_DE"]}]}},"_links":{"self":[{"href":"https:\/\/rieser-tropfen.de\/shop\/wp-json\/wp\/v2\/product\/240","targetHints":{"allow":["GET"]}}],"collection":[{"href":"https:\/\/rieser-tropfen.de\/shop\/wp-json\/wp\/v2\/product"}],"about":[{"href":"https:\/\/rieser-tropfen.de\/shop\/wp-json\/wp\/v2\/types\/product"}],"wp:featuredmedia":[{"embeddable":true,"href":"https:\/\/rieser-tropfen.de\/shop\/wp-json\/wp\/v2\/media\/1468"}],"wp:attachment":[{"href":"https:\/\/rieser-tropfen.de\/shop\/wp-json\/wp\/v2\/media?parent=240"}],"wp:term":[{"taxonomy":"product_brand","embeddable":true,"href":"https:\/\/rieser-tropfen.de\/shop\/wp-json\/wp\/v2\/product_brand?post=240"},{"taxonomy":"product_cat","embeddable":true,"href":"https:\/\/rieser-tropfen.de\/shop\/wp-json\/wp\/v2\/product_cat?post=240"},{"taxonomy":"product_tag","embeddable":true,"href":"https:\/\/rieser-tropfen.de\/shop\/wp-json\/wp\/v2\/product_tag?post=240"}],"curies":[{"name":"wp","href":"https:\/\/api.w.org\/{rel}","templated":true}]}}