{"id":261,"date":"2013-06-07T11:07:19","date_gmt":"2013-06-07T11:07:19","guid":{"rendered":"http:\/\/demo2.woothemes.com\/woocommerce\/?post_type=product&#038;p=56"},"modified":"2025-06-25T11:26:54","modified_gmt":"2025-06-25T09:26:54","slug":"rieser-tropfen-gallone","status":"publish","type":"product","link":"https:\/\/rieser-tropfen.de\/shop\/produkt\/rieser-tropfen-gallone\/","title":{"rendered":"Rieser Tropfen \u2013 Kr\u00e4uterlik\u00f6r o,5 l-Gallone"},"content":{"rendered":"<div class=\"row\"  id=\"row-754315720\">\n\n\t<div id=\"col-280290689\" class=\"col small-12 large-12\"  >\n\t\t\t\t<div class=\"col-inner\"  >\n\t\t\t\n\t\t\t\n<p><span style=\"color: #de901b;\">Wenns drau\u00dfen st\u00fcrmt und schneit &#8230;<\/span><\/p>\n<h1>Schoko-Loko<\/h1>\n<div class=\"wpb_text_column wpb_content_elementvc_custom_1491403591063\">\n<div class=\"wpb_wrapper\">\n<p>2\u00a0 cl Rieser Tropfen<br \/>\n1 cl Kakao mit Nuss<br \/>\n300 ml Kakao<br \/>\n6 cl Sahne<\/p>\n<p>In eine gro\u00dfe Tasse den hei\u00dfen Kakao einf\u00fcllen, Rieser Tropfen und Kakao mit Nusslik\u00f6r dazugeben. Obenauf einen Schlag cremig geschlagene Sahne, dieses H\u00e4ubchen mit Kakaopulver best\u00e4uben.<\/p>\n<p>Mit Trinkhalm servieren &#8211; aber Vorsicht beim Trinken, ist hei\u00df!!<\/p>\n<\/div>\n<\/div>\n\t\t<\/div>\n\t\t\t\t\t<\/div>\n\n\t\n<\/div>\n","protected":false},"excerpt":{"rendered":"<p>Seit 1912 wird unser Kr\u00e4uterlik\u00f6r nach geheimer Familienrezeptur aus 13 Kr\u00e4uter und Wurzeln, wie Enzian und Tausendg\u00fcldenkraut, sowie Fr\u00fcchten aus der ganzen Welt in unserer Destillerie hergestellt. Durch seine einzigartige Aromatik ist er vielseitig einsetzbar in Longdrinks und Cocktails und \u00fcberzeugt mit ausgewogener W\u00fcrze und Eleganz.<\/p>\n","protected":false},"featured_media":2980,"template":"","meta":[],"product_brand":[],"product_cat":[18],"product_tag":[96,176,174,175],"class_list":{"0":"post-261","1":"product","2":"type-product","3":"status-publish","4":"has-post-thumbnail","6":"product_cat-rieser-tropfen","7":"product_tag-fruchtig","8":"product_tag-kraeuter","9":"product_tag-kraeuterlikoer","10":"product_tag-magenbitter","12":"first","13":"instock","14":"shipping-taxable","15":"purchasable","16":"product-type-simple"},"yoast_head":"<!-- This site is optimized with the Yoast SEO plugin v27.5 - https:\/\/yoast.com\/product\/yoast-seo-wordpress\/ -->\n<title>Rieser Tropfen \u2013 Kr\u00e4uterlik\u00f6r o,5 l-Gallone - Vitzthum Shop<\/title>\n<meta name=\"robots\" content=\"index, follow, max-snippet:-1, max-image-preview:large, max-video-preview:-1\" \/>\n<link rel=\"canonical\" href=\"https:\/\/rieser-tropfen.de\/shop\/produkt\/rieser-tropfen-gallone\/\" \/>\n<meta property=\"og:locale\" content=\"de_DE\" \/>\n<meta property=\"og:type\" content=\"article\" \/>\n<meta property=\"og:title\" content=\"Rieser Tropfen \u2013 Kr\u00e4uterlik\u00f6r o,5 l-Gallone - Vitzthum Shop\" \/>\n<meta property=\"og:description\" content=\"Seit 1912 wird unser Kr\u00e4uterlik\u00f6r nach geheimer Familienrezeptur aus 13 Kr\u00e4uter und Wurzeln, wie Enzian und Tausendg\u00fcldenkraut, sowie Fr\u00fcchten aus der ganzen Welt in unserer Destillerie hergestellt. Durch seine einzigartige Aromatik ist er vielseitig einsetzbar in Longdrinks und Cocktails und \u00fcberzeugt mit ausgewogener W\u00fcrze und Eleganz.\" \/>\n<meta property=\"og:url\" content=\"https:\/\/rieser-tropfen.de\/shop\/produkt\/rieser-tropfen-gallone\/\" \/>\n<meta property=\"og:site_name\" content=\"Vitzthum Shop\" \/>\n<meta property=\"article:publisher\" content=\"https:\/\/www.facebook.com\/vitzthum.destillerie\/?locale=de_DE\" \/>\n<meta property=\"article:modified_time\" content=\"2025-06-25T09:26:54+00:00\" \/>\n<meta property=\"og:image\" content=\"https:\/\/rieser-tropfen.de\/shop\/wp-content\/uploads\/2013\/06\/Vitzthum-Rieser-Tropfen-050-Gallone-2.jpg\" \/>\n\t<meta property=\"og:image:width\" content=\"500\" \/>\n\t<meta property=\"og:image:height\" content=\"600\" \/>\n\t<meta property=\"og:image:type\" content=\"image\/jpeg\" \/>\n<meta name=\"twitter:card\" content=\"summary_large_image\" \/>\n<meta name=\"twitter:label1\" content=\"Gesch\u00e4tzte Lesezeit\" \/>\n\t<meta name=\"twitter:data1\" content=\"1\u00a0Minute\" \/>\n<script type=\"application\/ld+json\" class=\"yoast-schema-graph\">{\"@context\":\"https:\\\/\\\/schema.org\",\"@graph\":[{\"@type\":\"WebPage\",\"@id\":\"https:\\\/\\\/rieser-tropfen.de\\\/shop\\\/produkt\\\/rieser-tropfen-gallone\\\/\",\"url\":\"https:\\\/\\\/rieser-tropfen.de\\\/shop\\\/produkt\\\/rieser-tropfen-gallone\\\/\",\"name\":\"Rieser Tropfen \u2013 Kr\u00e4uterlik\u00f6r o,5 l-Gallone - Vitzthum Shop\",\"isPartOf\":{\"@id\":\"https:\\\/\\\/rieser-tropfen.de\\\/shop\\\/#website\"},\"primaryImageOfPage\":{\"@id\":\"https:\\\/\\\/rieser-tropfen.de\\\/shop\\\/produkt\\\/rieser-tropfen-gallone\\\/#primaryimage\"},\"image\":{\"@id\":\"https:\\\/\\\/rieser-tropfen.de\\\/shop\\\/produkt\\\/rieser-tropfen-gallone\\\/#primaryimage\"},\"thumbnailUrl\":\"https:\\\/\\\/rieser-tropfen.de\\\/shop\\\/wp-content\\\/uploads\\\/2013\\\/06\\\/Vitzthum-Rieser-Tropfen-050-Gallone-2.jpg\",\"datePublished\":\"2013-06-07T11:07:19+00:00\",\"dateModified\":\"2025-06-25T09:26:54+00:00\",\"breadcrumb\":{\"@id\":\"https:\\\/\\\/rieser-tropfen.de\\\/shop\\\/produkt\\\/rieser-tropfen-gallone\\\/#breadcrumb\"},\"inLanguage\":\"de\",\"potentialAction\":[{\"@type\":\"ReadAction\",\"target\":[\"https:\\\/\\\/rieser-tropfen.de\\\/shop\\\/produkt\\\/rieser-tropfen-gallone\\\/\"]}]},{\"@type\":\"ImageObject\",\"inLanguage\":\"de\",\"@id\":\"https:\\\/\\\/rieser-tropfen.de\\\/shop\\\/produkt\\\/rieser-tropfen-gallone\\\/#primaryimage\",\"url\":\"https:\\\/\\\/rieser-tropfen.de\\\/shop\\\/wp-content\\\/uploads\\\/2013\\\/06\\\/Vitzthum-Rieser-Tropfen-050-Gallone-2.jpg\",\"contentUrl\":\"https:\\\/\\\/rieser-tropfen.de\\\/shop\\\/wp-content\\\/uploads\\\/2013\\\/06\\\/Vitzthum-Rieser-Tropfen-050-Gallone-2.jpg\",\"width\":500,\"height\":600},{\"@type\":\"BreadcrumbList\",\"@id\":\"https:\\\/\\\/rieser-tropfen.de\\\/shop\\\/produkt\\\/rieser-tropfen-gallone\\\/#breadcrumb\",\"itemListElement\":[{\"@type\":\"ListItem\",\"position\":1,\"name\":\"Home\",\"item\":\"https:\\\/\\\/rieser-tropfen.de\\\/shop\\\/\"},{\"@type\":\"ListItem\",\"position\":2,\"name\":\"Shop\",\"item\":\"https:\\\/\\\/rieser-tropfen.de\\\/shop\\\/shop\\\/\"},{\"@type\":\"ListItem\",\"position\":3,\"name\":\"Rieser Tropfen \u2013 Kr\u00e4uterlik\u00f6r o,5 l-Gallone\"}]},{\"@type\":\"WebSite\",\"@id\":\"https:\\\/\\\/rieser-tropfen.de\\\/shop\\\/#website\",\"url\":\"https:\\\/\\\/rieser-tropfen.de\\\/shop\\\/\",\"name\":\"Vitzthum Shop\",\"description\":\"handgemachte Beerengeister, Obstbr\u00e4nde und Kr\u00e4uter- sowie Fruchtlik\u00f6re\",\"publisher\":{\"@id\":\"https:\\\/\\\/rieser-tropfen.de\\\/shop\\\/#organization\"},\"potentialAction\":[{\"@type\":\"SearchAction\",\"target\":{\"@type\":\"EntryPoint\",\"urlTemplate\":\"https:\\\/\\\/rieser-tropfen.de\\\/shop\\\/?s={search_term_string}\"},\"query-input\":{\"@type\":\"PropertyValueSpecification\",\"valueRequired\":true,\"valueName\":\"search_term_string\"}}],\"inLanguage\":\"de\"},{\"@type\":\"Organization\",\"@id\":\"https:\\\/\\\/rieser-tropfen.de\\\/shop\\\/#organization\",\"name\":\"Vitzthum GmbH\",\"url\":\"https:\\\/\\\/rieser-tropfen.de\\\/shop\\\/\",\"logo\":{\"@type\":\"ImageObject\",\"inLanguage\":\"de\",\"@id\":\"https:\\\/\\\/rieser-tropfen.de\\\/shop\\\/#\\\/schema\\\/logo\\\/image\\\/\",\"url\":\"https:\\\/\\\/rieser-tropfen.de\\\/shop\\\/wp-content\\\/uploads\\\/2021\\\/03\\\/Logo-Vitzthum-2021-gold.jpg\",\"contentUrl\":\"https:\\\/\\\/rieser-tropfen.de\\\/shop\\\/wp-content\\\/uploads\\\/2021\\\/03\\\/Logo-Vitzthum-2021-gold.jpg\",\"width\":149,\"height\":69,\"caption\":\"Vitzthum GmbH\"},\"image\":{\"@id\":\"https:\\\/\\\/rieser-tropfen.de\\\/shop\\\/#\\\/schema\\\/logo\\\/image\\\/\"},\"sameAs\":[\"https:\\\/\\\/www.facebook.com\\\/vitzthum.destillerie\\\/?locale=de_DE\"]}]}<\/script>\n<!-- \/ Yoast SEO plugin. -->","yoast_head_json":{"title":"Rieser Tropfen \u2013 Kr\u00e4uterlik\u00f6r o,5 l-Gallone - Vitzthum Shop","robots":{"index":"index","follow":"follow","max-snippet":"max-snippet:-1","max-image-preview":"max-image-preview:large","max-video-preview":"max-video-preview:-1"},"canonical":"https:\/\/rieser-tropfen.de\/shop\/produkt\/rieser-tropfen-gallone\/","og_locale":"de_DE","og_type":"article","og_title":"Rieser Tropfen \u2013 Kr\u00e4uterlik\u00f6r o,5 l-Gallone - Vitzthum Shop","og_description":"Seit 1912 wird unser Kr\u00e4uterlik\u00f6r nach geheimer Familienrezeptur aus 13 Kr\u00e4uter und Wurzeln, wie Enzian und Tausendg\u00fcldenkraut, sowie Fr\u00fcchten aus der ganzen Welt in unserer Destillerie hergestellt. Durch seine einzigartige Aromatik ist er vielseitig einsetzbar in Longdrinks und Cocktails und \u00fcberzeugt mit ausgewogener W\u00fcrze und Eleganz.","og_url":"https:\/\/rieser-tropfen.de\/shop\/produkt\/rieser-tropfen-gallone\/","og_site_name":"Vitzthum Shop","article_publisher":"https:\/\/www.facebook.com\/vitzthum.destillerie\/?locale=de_DE","article_modified_time":"2025-06-25T09:26:54+00:00","og_image":[{"width":500,"height":600,"url":"https:\/\/rieser-tropfen.de\/shop\/wp-content\/uploads\/2013\/06\/Vitzthum-Rieser-Tropfen-050-Gallone-2.jpg","type":"image\/jpeg"}],"twitter_card":"summary_large_image","twitter_misc":{"Gesch\u00e4tzte Lesezeit":"1\u00a0Minute"},"schema":{"@context":"https:\/\/schema.org","@graph":[{"@type":"WebPage","@id":"https:\/\/rieser-tropfen.de\/shop\/produkt\/rieser-tropfen-gallone\/","url":"https:\/\/rieser-tropfen.de\/shop\/produkt\/rieser-tropfen-gallone\/","name":"Rieser Tropfen \u2013 Kr\u00e4uterlik\u00f6r o,5 l-Gallone - Vitzthum Shop","isPartOf":{"@id":"https:\/\/rieser-tropfen.de\/shop\/#website"},"primaryImageOfPage":{"@id":"https:\/\/rieser-tropfen.de\/shop\/produkt\/rieser-tropfen-gallone\/#primaryimage"},"image":{"@id":"https:\/\/rieser-tropfen.de\/shop\/produkt\/rieser-tropfen-gallone\/#primaryimage"},"thumbnailUrl":"https:\/\/rieser-tropfen.de\/shop\/wp-content\/uploads\/2013\/06\/Vitzthum-Rieser-Tropfen-050-Gallone-2.jpg","datePublished":"2013-06-07T11:07:19+00:00","dateModified":"2025-06-25T09:26:54+00:00","breadcrumb":{"@id":"https:\/\/rieser-tropfen.de\/shop\/produkt\/rieser-tropfen-gallone\/#breadcrumb"},"inLanguage":"de","potentialAction":[{"@type":"ReadAction","target":["https:\/\/rieser-tropfen.de\/shop\/produkt\/rieser-tropfen-gallone\/"]}]},{"@type":"ImageObject","inLanguage":"de","@id":"https:\/\/rieser-tropfen.de\/shop\/produkt\/rieser-tropfen-gallone\/#primaryimage","url":"https:\/\/rieser-tropfen.de\/shop\/wp-content\/uploads\/2013\/06\/Vitzthum-Rieser-Tropfen-050-Gallone-2.jpg","contentUrl":"https:\/\/rieser-tropfen.de\/shop\/wp-content\/uploads\/2013\/06\/Vitzthum-Rieser-Tropfen-050-Gallone-2.jpg","width":500,"height":600},{"@type":"BreadcrumbList","@id":"https:\/\/rieser-tropfen.de\/shop\/produkt\/rieser-tropfen-gallone\/#breadcrumb","itemListElement":[{"@type":"ListItem","position":1,"name":"Home","item":"https:\/\/rieser-tropfen.de\/shop\/"},{"@type":"ListItem","position":2,"name":"Shop","item":"https:\/\/rieser-tropfen.de\/shop\/shop\/"},{"@type":"ListItem","position":3,"name":"Rieser Tropfen \u2013 Kr\u00e4uterlik\u00f6r o,5 l-Gallone"}]},{"@type":"WebSite","@id":"https:\/\/rieser-tropfen.de\/shop\/#website","url":"https:\/\/rieser-tropfen.de\/shop\/","name":"Vitzthum Shop","description":"handgemachte Beerengeister, Obstbr\u00e4nde und Kr\u00e4uter- sowie Fruchtlik\u00f6re","publisher":{"@id":"https:\/\/rieser-tropfen.de\/shop\/#organization"},"potentialAction":[{"@type":"SearchAction","target":{"@type":"EntryPoint","urlTemplate":"https:\/\/rieser-tropfen.de\/shop\/?s={search_term_string}"},"query-input":{"@type":"PropertyValueSpecification","valueRequired":true,"valueName":"search_term_string"}}],"inLanguage":"de"},{"@type":"Organization","@id":"https:\/\/rieser-tropfen.de\/shop\/#organization","name":"Vitzthum GmbH","url":"https:\/\/rieser-tropfen.de\/shop\/","logo":{"@type":"ImageObject","inLanguage":"de","@id":"https:\/\/rieser-tropfen.de\/shop\/#\/schema\/logo\/image\/","url":"https:\/\/rieser-tropfen.de\/shop\/wp-content\/uploads\/2021\/03\/Logo-Vitzthum-2021-gold.jpg","contentUrl":"https:\/\/rieser-tropfen.de\/shop\/wp-content\/uploads\/2021\/03\/Logo-Vitzthum-2021-gold.jpg","width":149,"height":69,"caption":"Vitzthum GmbH"},"image":{"@id":"https:\/\/rieser-tropfen.de\/shop\/#\/schema\/logo\/image\/"},"sameAs":["https:\/\/www.facebook.com\/vitzthum.destillerie\/?locale=de_DE"]}]}},"_links":{"self":[{"href":"https:\/\/rieser-tropfen.de\/shop\/wp-json\/wp\/v2\/product\/261","targetHints":{"allow":["GET"]}}],"collection":[{"href":"https:\/\/rieser-tropfen.de\/shop\/wp-json\/wp\/v2\/product"}],"about":[{"href":"https:\/\/rieser-tropfen.de\/shop\/wp-json\/wp\/v2\/types\/product"}],"wp:featuredmedia":[{"embeddable":true,"href":"https:\/\/rieser-tropfen.de\/shop\/wp-json\/wp\/v2\/media\/2980"}],"wp:attachment":[{"href":"https:\/\/rieser-tropfen.de\/shop\/wp-json\/wp\/v2\/media?parent=261"}],"wp:term":[{"taxonomy":"product_brand","embeddable":true,"href":"https:\/\/rieser-tropfen.de\/shop\/wp-json\/wp\/v2\/product_brand?post=261"},{"taxonomy":"product_cat","embeddable":true,"href":"https:\/\/rieser-tropfen.de\/shop\/wp-json\/wp\/v2\/product_cat?post=261"},{"taxonomy":"product_tag","embeddable":true,"href":"https:\/\/rieser-tropfen.de\/shop\/wp-json\/wp\/v2\/product_tag?post=261"}],"curies":[{"name":"wp","href":"https:\/\/api.w.org\/{rel}","templated":true}]}}