{"id":263,"date":"2013-06-07T11:03:56","date_gmt":"2013-06-07T11:03:56","guid":{"rendered":"http:\/\/demo2.woothemes.com\/woocommerce\/?post_type=product&#038;p=50"},"modified":"2026-04-24T15:43:42","modified_gmt":"2026-04-24T13:43:42","slug":"rieser-tropfen-cubo","status":"publish","type":"product","link":"https:\/\/rieser-tropfen.de\/shop\/produkt\/rieser-tropfen-cubo\/","title":{"rendered":"Rieser Tropfen \u2013 Kr\u00e4uterlik\u00f6r o,2 l Cubo"},"content":{"rendered":"<div class=\"row\"  id=\"row-749793205\">\n\n\t<div id=\"col-46327508\" class=\"col medium-4 small-12 large-4\"  >\n\t\t\t\t<div class=\"col-inner\"  >\n\t\t\t\n\t\t\t\n\t<div class=\"img has-hover x md-x lg-x y md-y lg-y\" id=\"image_1805131838\">\n\t\t\t\t\t\t\t\t<div class=\"img-inner dark\" >\n\t\t\t<img loading=\"lazy\" decoding=\"async\" width=\"295\" height=\"591\" src=\"https:\/\/rieser-tropfen.de\/shop\/wp-content\/uploads\/2017\/11\/RT-Glas-klein.jpg\" class=\"attachment-large size-large\" alt=\"\" srcset=\"https:\/\/rieser-tropfen.de\/shop\/wp-content\/uploads\/2017\/11\/RT-Glas-klein.jpg 295w, https:\/\/rieser-tropfen.de\/shop\/wp-content\/uploads\/2017\/11\/RT-Glas-klein-200x400.jpg 200w\" sizes=\"auto, (max-width: 295px) 100vw, 295px\" \/>\t\t\t\t\t\t\n\t\t\t\t\t<\/div>\n\t\t\t\t\t\t\t\t\n<style>\n#image_1805131838 {\n  width: 65%;\n}\n<\/style>\n\t<\/div>\n\t\n\t\t<\/div>\n\t\t\t\t\t<\/div>\n\n\t\n\n\t<div id=\"col-1839936420\" class=\"col medium-8 small-12 large-8\"  >\n\t\t\t\t<div class=\"col-inner\"  >\n\t\t\t\n\t\t\t\n<p><span style=\"color: #de901b;\">Zur lauen Sommernacht \u2026<\/span><\/p>\n<h1>Riesorito<\/h1>\n<div class=\"wpb_text_column wpb_content_elementvc_custom_1491403591063\">\n<div class=\"wpb_wrapper\">\n<p>2\u00a0 cl\u00a0Rieser Tropfen<br \/>\n4\u00a0 cl Orangensaft<br \/>\n100 ml Rotwein<br \/>\nOrangenscheiben, bzw. kleingeschnittenes Obst<\/p>\n<p>In ein bauchiges Rotweinglas den Rotwein, Orangensaft und Rieser Tropfen geben. Das kleingeschnitten Obst und die Orangenscheiben dazugeben und mit einem gro\u00dfen L\u00f6ffel umr\u00fchren. Noch besser sind gefrorenen Obstst\u00fccke. Hat den Vorteil, dass Ihre Sangria nicht verw\u00e4ssert wird und man l\u00e4nger den perfekten Genuss hat.<br \/>\nBeim Ausgie\u00dfen immer ein paar Fruchtst\u00fccke mit ins Glas geben und mit einem langstieligen L\u00f6ffel servieren.<\/p>\n<\/div>\n<\/div>\n\t\t<\/div>\n\t\t\t\t\t<\/div>\n\n\t\n<\/div>\n\t<div class=\"img has-hover x md-x lg-x y md-y lg-y\" id=\"image_1792216551\">\n\t\t<a class=\"image-lightbox lightbox-gallery\" title=\"\" href=\"https:\/\/rieser-tropfen.de\/shop\/wp-content\/uploads\/2017\/11\/RT-alte-FlaRezept-1400x681.jpg\">\t\t\t\t\t\t<div class=\"img-inner image-cover dark\" style=\"padding-top:50%;\">\n\t\t\t<img loading=\"lazy\" decoding=\"async\" width=\"800\" height=\"389\" src=\"https:\/\/rieser-tropfen.de\/shop\/wp-content\/uploads\/2017\/11\/RT-alte-FlaRezept-800x389.jpg\" class=\"attachment-medium size-medium\" alt=\"\" srcset=\"https:\/\/rieser-tropfen.de\/shop\/wp-content\/uploads\/2017\/11\/RT-alte-FlaRezept-800x389.jpg 800w, https:\/\/rieser-tropfen.de\/shop\/wp-content\/uploads\/2017\/11\/RT-alte-FlaRezept-510x248.jpg 510w, https:\/\/rieser-tropfen.de\/shop\/wp-content\/uploads\/2017\/11\/RT-alte-FlaRezept-768x373.jpg 768w, https:\/\/rieser-tropfen.de\/shop\/wp-content\/uploads\/2017\/11\/RT-alte-FlaRezept-1400x681.jpg 1400w, https:\/\/rieser-tropfen.de\/shop\/wp-content\/uploads\/2017\/11\/RT-alte-FlaRezept.jpg 1440w\" sizes=\"auto, (max-width: 800px) 100vw, 800px\" \/>\t\t\t\t\t\t\n\t\t\t\t\t<\/div>\n\t\t\t\t\t\t<\/a>\t\t\n<style>\n#image_1792216551 {\n  width: 98%;\n}\n<\/style>\n\t<\/div>\n\t\n<div class=\"container section-title-container\" style=\"margin-top:20px;\"><h3 class=\"section-title section-title-center\"><b aria-hidden=\"true\"><\/b><span class=\"section-title-main\" style=\"font-size:116%;color:rgb(222, 144, 27);\">Geheime Rezeptur - von Generation zu Generation!<\/span><b aria-hidden=\"true\"><\/b><\/h3><\/div>\n<p>Kr\u00e4uter und Wurzeln wie Enzian,Tausendg\u00fcldenkraut oder Wermut sowie Gew\u00fcrze aus aller Welt geben unserem Kr\u00e4uterlik\u00f6r \u201eRIESER TROPFEN\u201c seine einzigartige Aromatik. Abgerundet durch einen hohen Anteil an Citrusfr\u00fcchten schmeckt er nicht nur pur, sondern gibt den unterschiedlichsten Longdrinks eine ganz pers\u00f6nlich Note.<\/p>\n","protected":false},"excerpt":{"rendered":"<p>Seit 1912 wird unser Kr\u00e4uterlik\u00f6r nach geheimer Familienrezeptur aus 13 Kr\u00e4uter und Wurzeln, wie Enzian und Tausendg\u00fcldenkraut, sowie Fr\u00fcchten aus der ganzen Welt in unserer Destillerie hergestellt. Durch seine einzigartige Aromatik ist er vielseitig einsetzbar in Longdrinks und Cocktails und \u00fcberzeugt mit ausgewogener W\u00fcrze und Eleganz.<\/p>\n","protected":false},"featured_media":3208,"template":"","meta":[],"product_brand":[],"product_cat":[18],"product_tag":[96,176,174,175],"class_list":{"0":"post-263","1":"product","2":"type-product","3":"status-publish","4":"has-post-thumbnail","6":"product_cat-rieser-tropfen","7":"product_tag-fruchtig","8":"product_tag-kraeuter","9":"product_tag-kraeuterlikoer","10":"product_tag-magenbitter","12":"first","13":"instock","14":"shipping-taxable","15":"purchasable","16":"product-type-simple"},"yoast_head":"<!-- This site is optimized with the Yoast SEO plugin v27.5 - https:\/\/yoast.com\/product\/yoast-seo-wordpress\/ -->\n<title>Rieser Tropfen \u2013 Kr\u00e4uterlik\u00f6r o,2 l Cubo - Vitzthum Shop<\/title>\n<meta name=\"description\" content=\"Vitzthum - Rieser Tropfen - Kr\u00e4uterlik\u00f6r - Spezialit\u00e4t aus N\u00f6rdlingen\" \/>\n<meta name=\"robots\" content=\"index, follow, max-snippet:-1, max-image-preview:large, max-video-preview:-1\" \/>\n<link rel=\"canonical\" href=\"https:\/\/rieser-tropfen.de\/shop\/produkt\/rieser-tropfen-cubo\/\" \/>\n<meta property=\"og:locale\" content=\"de_DE\" \/>\n<meta property=\"og:type\" content=\"article\" \/>\n<meta property=\"og:title\" content=\"Rieser Tropfen \u2013 Kr\u00e4uterlik\u00f6r o,2 l Cubo - Vitzthum Shop\" \/>\n<meta property=\"og:description\" content=\"Vitzthum - Rieser Tropfen - Kr\u00e4uterlik\u00f6r - Spezialit\u00e4t aus N\u00f6rdlingen\" \/>\n<meta property=\"og:url\" content=\"https:\/\/rieser-tropfen.de\/shop\/produkt\/rieser-tropfen-cubo\/\" \/>\n<meta property=\"og:site_name\" content=\"Vitzthum Shop\" \/>\n<meta property=\"article:publisher\" content=\"https:\/\/www.facebook.com\/vitzthum.destillerie\/?locale=de_DE\" \/>\n<meta property=\"article:modified_time\" content=\"2026-04-24T13:43:42+00:00\" \/>\n<meta property=\"og:image\" content=\"https:\/\/rieser-tropfen.de\/shop\/wp-content\/uploads\/2013\/06\/Rieser-Tropfen-020-Cubo.jpg\" \/>\n\t<meta property=\"og:image:width\" content=\"500\" \/>\n\t<meta property=\"og:image:height\" content=\"600\" \/>\n\t<meta property=\"og:image:type\" content=\"image\/jpeg\" \/>\n<meta name=\"twitter:card\" content=\"summary_large_image\" \/>\n<meta name=\"twitter:label1\" content=\"Gesch\u00e4tzte Lesezeit\" \/>\n\t<meta name=\"twitter:data1\" content=\"2\u00a0Minuten\" \/>\n<script type=\"application\/ld+json\" class=\"yoast-schema-graph\">{\"@context\":\"https:\\\/\\\/schema.org\",\"@graph\":[{\"@type\":\"WebPage\",\"@id\":\"https:\\\/\\\/rieser-tropfen.de\\\/shop\\\/produkt\\\/rieser-tropfen-cubo\\\/\",\"url\":\"https:\\\/\\\/rieser-tropfen.de\\\/shop\\\/produkt\\\/rieser-tropfen-cubo\\\/\",\"name\":\"Rieser Tropfen \u2013 Kr\u00e4uterlik\u00f6r o,2 l Cubo - Vitzthum Shop\",\"isPartOf\":{\"@id\":\"https:\\\/\\\/rieser-tropfen.de\\\/shop\\\/#website\"},\"primaryImageOfPage\":{\"@id\":\"https:\\\/\\\/rieser-tropfen.de\\\/shop\\\/produkt\\\/rieser-tropfen-cubo\\\/#primaryimage\"},\"image\":{\"@id\":\"https:\\\/\\\/rieser-tropfen.de\\\/shop\\\/produkt\\\/rieser-tropfen-cubo\\\/#primaryimage\"},\"thumbnailUrl\":\"https:\\\/\\\/rieser-tropfen.de\\\/shop\\\/wp-content\\\/uploads\\\/2013\\\/06\\\/Rieser-Tropfen-020-Cubo.jpg\",\"datePublished\":\"2013-06-07T11:03:56+00:00\",\"dateModified\":\"2026-04-24T13:43:42+00:00\",\"description\":\"Vitzthum - Rieser Tropfen - Kr\u00e4uterlik\u00f6r - Spezialit\u00e4t aus N\u00f6rdlingen\",\"breadcrumb\":{\"@id\":\"https:\\\/\\\/rieser-tropfen.de\\\/shop\\\/produkt\\\/rieser-tropfen-cubo\\\/#breadcrumb\"},\"inLanguage\":\"de\",\"potentialAction\":[{\"@type\":\"ReadAction\",\"target\":[\"https:\\\/\\\/rieser-tropfen.de\\\/shop\\\/produkt\\\/rieser-tropfen-cubo\\\/\"]}]},{\"@type\":\"ImageObject\",\"inLanguage\":\"de\",\"@id\":\"https:\\\/\\\/rieser-tropfen.de\\\/shop\\\/produkt\\\/rieser-tropfen-cubo\\\/#primaryimage\",\"url\":\"https:\\\/\\\/rieser-tropfen.de\\\/shop\\\/wp-content\\\/uploads\\\/2013\\\/06\\\/Rieser-Tropfen-020-Cubo.jpg\",\"contentUrl\":\"https:\\\/\\\/rieser-tropfen.de\\\/shop\\\/wp-content\\\/uploads\\\/2013\\\/06\\\/Rieser-Tropfen-020-Cubo.jpg\",\"width\":500,\"height\":600},{\"@type\":\"BreadcrumbList\",\"@id\":\"https:\\\/\\\/rieser-tropfen.de\\\/shop\\\/produkt\\\/rieser-tropfen-cubo\\\/#breadcrumb\",\"itemListElement\":[{\"@type\":\"ListItem\",\"position\":1,\"name\":\"Home\",\"item\":\"https:\\\/\\\/rieser-tropfen.de\\\/shop\\\/\"},{\"@type\":\"ListItem\",\"position\":2,\"name\":\"Shop\",\"item\":\"https:\\\/\\\/rieser-tropfen.de\\\/shop\\\/shop\\\/\"},{\"@type\":\"ListItem\",\"position\":3,\"name\":\"Rieser Tropfen \u2013 Kr\u00e4uterlik\u00f6r o,2 l Cubo\"}]},{\"@type\":\"WebSite\",\"@id\":\"https:\\\/\\\/rieser-tropfen.de\\\/shop\\\/#website\",\"url\":\"https:\\\/\\\/rieser-tropfen.de\\\/shop\\\/\",\"name\":\"Vitzthum Shop\",\"description\":\"handgemachte Beerengeister, Obstbr\u00e4nde und Kr\u00e4uter- sowie Fruchtlik\u00f6re\",\"publisher\":{\"@id\":\"https:\\\/\\\/rieser-tropfen.de\\\/shop\\\/#organization\"},\"potentialAction\":[{\"@type\":\"SearchAction\",\"target\":{\"@type\":\"EntryPoint\",\"urlTemplate\":\"https:\\\/\\\/rieser-tropfen.de\\\/shop\\\/?s={search_term_string}\"},\"query-input\":{\"@type\":\"PropertyValueSpecification\",\"valueRequired\":true,\"valueName\":\"search_term_string\"}}],\"inLanguage\":\"de\"},{\"@type\":\"Organization\",\"@id\":\"https:\\\/\\\/rieser-tropfen.de\\\/shop\\\/#organization\",\"name\":\"Vitzthum GmbH\",\"url\":\"https:\\\/\\\/rieser-tropfen.de\\\/shop\\\/\",\"logo\":{\"@type\":\"ImageObject\",\"inLanguage\":\"de\",\"@id\":\"https:\\\/\\\/rieser-tropfen.de\\\/shop\\\/#\\\/schema\\\/logo\\\/image\\\/\",\"url\":\"https:\\\/\\\/rieser-tropfen.de\\\/shop\\\/wp-content\\\/uploads\\\/2021\\\/03\\\/Logo-Vitzthum-2021-gold.jpg\",\"contentUrl\":\"https:\\\/\\\/rieser-tropfen.de\\\/shop\\\/wp-content\\\/uploads\\\/2021\\\/03\\\/Logo-Vitzthum-2021-gold.jpg\",\"width\":149,\"height\":69,\"caption\":\"Vitzthum GmbH\"},\"image\":{\"@id\":\"https:\\\/\\\/rieser-tropfen.de\\\/shop\\\/#\\\/schema\\\/logo\\\/image\\\/\"},\"sameAs\":[\"https:\\\/\\\/www.facebook.com\\\/vitzthum.destillerie\\\/?locale=de_DE\"]}]}<\/script>\n<!-- \/ Yoast SEO plugin. -->","yoast_head_json":{"title":"Rieser Tropfen \u2013 Kr\u00e4uterlik\u00f6r o,2 l Cubo - Vitzthum Shop","description":"Vitzthum - Rieser Tropfen - Kr\u00e4uterlik\u00f6r - Spezialit\u00e4t aus N\u00f6rdlingen","robots":{"index":"index","follow":"follow","max-snippet":"max-snippet:-1","max-image-preview":"max-image-preview:large","max-video-preview":"max-video-preview:-1"},"canonical":"https:\/\/rieser-tropfen.de\/shop\/produkt\/rieser-tropfen-cubo\/","og_locale":"de_DE","og_type":"article","og_title":"Rieser Tropfen \u2013 Kr\u00e4uterlik\u00f6r o,2 l Cubo - Vitzthum Shop","og_description":"Vitzthum - Rieser Tropfen - Kr\u00e4uterlik\u00f6r - Spezialit\u00e4t aus N\u00f6rdlingen","og_url":"https:\/\/rieser-tropfen.de\/shop\/produkt\/rieser-tropfen-cubo\/","og_site_name":"Vitzthum Shop","article_publisher":"https:\/\/www.facebook.com\/vitzthum.destillerie\/?locale=de_DE","article_modified_time":"2026-04-24T13:43:42+00:00","og_image":[{"width":500,"height":600,"url":"https:\/\/rieser-tropfen.de\/shop\/wp-content\/uploads\/2013\/06\/Rieser-Tropfen-020-Cubo.jpg","type":"image\/jpeg"}],"twitter_card":"summary_large_image","twitter_misc":{"Gesch\u00e4tzte Lesezeit":"2\u00a0Minuten"},"schema":{"@context":"https:\/\/schema.org","@graph":[{"@type":"WebPage","@id":"https:\/\/rieser-tropfen.de\/shop\/produkt\/rieser-tropfen-cubo\/","url":"https:\/\/rieser-tropfen.de\/shop\/produkt\/rieser-tropfen-cubo\/","name":"Rieser Tropfen \u2013 Kr\u00e4uterlik\u00f6r o,2 l Cubo - Vitzthum Shop","isPartOf":{"@id":"https:\/\/rieser-tropfen.de\/shop\/#website"},"primaryImageOfPage":{"@id":"https:\/\/rieser-tropfen.de\/shop\/produkt\/rieser-tropfen-cubo\/#primaryimage"},"image":{"@id":"https:\/\/rieser-tropfen.de\/shop\/produkt\/rieser-tropfen-cubo\/#primaryimage"},"thumbnailUrl":"https:\/\/rieser-tropfen.de\/shop\/wp-content\/uploads\/2013\/06\/Rieser-Tropfen-020-Cubo.jpg","datePublished":"2013-06-07T11:03:56+00:00","dateModified":"2026-04-24T13:43:42+00:00","description":"Vitzthum - Rieser Tropfen - Kr\u00e4uterlik\u00f6r - Spezialit\u00e4t aus N\u00f6rdlingen","breadcrumb":{"@id":"https:\/\/rieser-tropfen.de\/shop\/produkt\/rieser-tropfen-cubo\/#breadcrumb"},"inLanguage":"de","potentialAction":[{"@type":"ReadAction","target":["https:\/\/rieser-tropfen.de\/shop\/produkt\/rieser-tropfen-cubo\/"]}]},{"@type":"ImageObject","inLanguage":"de","@id":"https:\/\/rieser-tropfen.de\/shop\/produkt\/rieser-tropfen-cubo\/#primaryimage","url":"https:\/\/rieser-tropfen.de\/shop\/wp-content\/uploads\/2013\/06\/Rieser-Tropfen-020-Cubo.jpg","contentUrl":"https:\/\/rieser-tropfen.de\/shop\/wp-content\/uploads\/2013\/06\/Rieser-Tropfen-020-Cubo.jpg","width":500,"height":600},{"@type":"BreadcrumbList","@id":"https:\/\/rieser-tropfen.de\/shop\/produkt\/rieser-tropfen-cubo\/#breadcrumb","itemListElement":[{"@type":"ListItem","position":1,"name":"Home","item":"https:\/\/rieser-tropfen.de\/shop\/"},{"@type":"ListItem","position":2,"name":"Shop","item":"https:\/\/rieser-tropfen.de\/shop\/shop\/"},{"@type":"ListItem","position":3,"name":"Rieser Tropfen \u2013 Kr\u00e4uterlik\u00f6r o,2 l Cubo"}]},{"@type":"WebSite","@id":"https:\/\/rieser-tropfen.de\/shop\/#website","url":"https:\/\/rieser-tropfen.de\/shop\/","name":"Vitzthum Shop","description":"handgemachte Beerengeister, Obstbr\u00e4nde und Kr\u00e4uter- sowie Fruchtlik\u00f6re","publisher":{"@id":"https:\/\/rieser-tropfen.de\/shop\/#organization"},"potentialAction":[{"@type":"SearchAction","target":{"@type":"EntryPoint","urlTemplate":"https:\/\/rieser-tropfen.de\/shop\/?s={search_term_string}"},"query-input":{"@type":"PropertyValueSpecification","valueRequired":true,"valueName":"search_term_string"}}],"inLanguage":"de"},{"@type":"Organization","@id":"https:\/\/rieser-tropfen.de\/shop\/#organization","name":"Vitzthum GmbH","url":"https:\/\/rieser-tropfen.de\/shop\/","logo":{"@type":"ImageObject","inLanguage":"de","@id":"https:\/\/rieser-tropfen.de\/shop\/#\/schema\/logo\/image\/","url":"https:\/\/rieser-tropfen.de\/shop\/wp-content\/uploads\/2021\/03\/Logo-Vitzthum-2021-gold.jpg","contentUrl":"https:\/\/rieser-tropfen.de\/shop\/wp-content\/uploads\/2021\/03\/Logo-Vitzthum-2021-gold.jpg","width":149,"height":69,"caption":"Vitzthum GmbH"},"image":{"@id":"https:\/\/rieser-tropfen.de\/shop\/#\/schema\/logo\/image\/"},"sameAs":["https:\/\/www.facebook.com\/vitzthum.destillerie\/?locale=de_DE"]}]}},"_links":{"self":[{"href":"https:\/\/rieser-tropfen.de\/shop\/wp-json\/wp\/v2\/product\/263","targetHints":{"allow":["GET"]}}],"collection":[{"href":"https:\/\/rieser-tropfen.de\/shop\/wp-json\/wp\/v2\/product"}],"about":[{"href":"https:\/\/rieser-tropfen.de\/shop\/wp-json\/wp\/v2\/types\/product"}],"wp:featuredmedia":[{"embeddable":true,"href":"https:\/\/rieser-tropfen.de\/shop\/wp-json\/wp\/v2\/media\/3208"}],"wp:attachment":[{"href":"https:\/\/rieser-tropfen.de\/shop\/wp-json\/wp\/v2\/media?parent=263"}],"wp:term":[{"taxonomy":"product_brand","embeddable":true,"href":"https:\/\/rieser-tropfen.de\/shop\/wp-json\/wp\/v2\/product_brand?post=263"},{"taxonomy":"product_cat","embeddable":true,"href":"https:\/\/rieser-tropfen.de\/shop\/wp-json\/wp\/v2\/product_cat?post=263"},{"taxonomy":"product_tag","embeddable":true,"href":"https:\/\/rieser-tropfen.de\/shop\/wp-json\/wp\/v2\/product_tag?post=263"}],"curies":[{"name":"wp","href":"https:\/\/api.w.org\/{rel}","templated":true}]}}