{"id":710,"date":"2017-11-12T09:05:33","date_gmt":"2017-11-12T08:05:33","guid":{"rendered":"http:\/\/vitzthum.dynamic-cloud.de\/shop5\/?post_type=product&#038;p=710"},"modified":"2024-12-09T11:40:30","modified_gmt":"2024-12-09T10:40:30","slug":"rieser-tropfen-kraeuterlikoer","status":"publish","type":"product","link":"https:\/\/rieser-tropfen.de\/shop\/produkt\/rieser-tropfen-kraeuterlikoer\/","title":{"rendered":"Rieser Tropfen &#8211; Kr\u00e4uterlik\u00f6r"},"content":{"rendered":"<p><span style=\"color: #de901b;\">Ganz einfach unschlagbar \u2026<\/span><\/p>\n<h1>Rieser Tropfen &#8211; Kr\u00e4uterlik\u00f6r<\/h1>\n<div class=\"wpb_text_column wpb_content_elementvc_custom_1491403591063\">\n<div class=\"wpb_wrapper\">\n<p>2 \u2013 4 cl\u00a0Rieser Tropfen Kr\u00e4uterlik\u00f6r (je nach gew\u00fcnschter St\u00e4rke)<br \/>\n100 ml Tonic (Schweppes)<br \/>\nEisw\u00fcrfel o. gefrorene Limettenst\u00fccke<\/p>\n<p>Ins Cocktailglas oder unseren Schnapskrug den Rieser Tropfen geben mit Tonic auff\u00fcllen und Eisw\u00fcrfel oder noch besser die gefrorenen Limettenst\u00fccke geben. Hat den Vorteil, dass Ihr Getr\u00e4nk nicht verw\u00e4ssert wird und man l\u00e4nger den perfekten Genuss hat.<br \/>\nGerne kann man auch 2 Bl\u00e4tter Zitronenmelisse mit den Fingern leicht zerdr\u00fccken und dazugeben.<\/p>\n<\/div>\n<\/div>\n<div class=\"row\"  id=\"row-1628393312\">\n\n\t<div id=\"col-1454030864\" class=\"col small-12 large-12\"  >\n\t\t\t\t<div class=\"col-inner\"  >\n\t\t\t\n\t\t\t\n<p><span style=\"color: #de901b;\">Egal &#8211; ob Kuchen oder Schokolade &#8230;<\/span><\/p>\n<h1>Rieser Tropfen &#8211; Kr\u00e4uterlik\u00f6r ist ein Allesk\u00f6nner!<\/h1>\n<div class=\"wpb_text_column wpb_content_element \">\n<div class=\"wpb_wrapper\">\n<p>250 gr Mehl<br \/>\n200 gr Zucker<br \/>\n250 gr Butter<br \/>\n4 Ei(er)<br \/>\n150 ml Rieser Tropfen &#8211; Kr\u00e4uterlik\u00f6r<br \/>\n1 EL Backpulver<br \/>\n1\/2 TL Natron<br \/>\n1 Pck. Vanillezucker<br \/>\n1 TL Zimt<br \/>\n3 TL Kakaopulver<br \/>\n3 EL gehackte Schokolade<\/p>\n<\/div>\n<\/div>\n\t\t<\/div>\n\t\t\t\t\t<\/div>\n\n\t\n<\/div>\n<p>Mehl mit Natron und Backpulver vermischen, danach gehackte Schokolade, Zimt und Kakao zuf\u00fcgen und zur Seite stellen.<br \/>\nZucker mit Butter schaumig schlagen, dann nach und nach Eier hinzu geben sowie den Vanillezucker und den Rieser Tropfen. Nach und nach das Mehlgemisch dazugeben und vorsichtig verr\u00fchren.<\/p>\n<p>In den auf 200\u00b0C vorgeheizten Backofen geben und bei 175\u00b0C Umluft 25-30 Minuten backen.<\/p>\n<p>Als Extra-Kick die Muffings mit \u201eRieser Tropfen\u201c<\/p>\n","protected":false},"excerpt":{"rendered":"<p>Seit 1912 wird unser Kr\u00e4uterlik\u00f6r nach geheimer Familienrezeptur aus 13 Kr\u00e4uter und Wurzeln, wie Enzian und Tausendg\u00fcldenkraut, sowie Fr\u00fcchten aus der ganzen Welt in unserer Destillerie hergestellt. Durch seine einzigartige Aromatik ist er vielseitig einsetzbar in Longdrinks und Cocktails und \u00fcberzeugt mit ausgewogener W\u00fcrze und Eleganz.<\/p>\n","protected":false},"featured_media":959,"template":"","meta":[],"product_brand":[],"product_cat":[18],"product_tag":[96,176,174,175],"class_list":{"0":"post-710","1":"product","2":"type-product","3":"status-publish","4":"has-post-thumbnail","6":"product_cat-rieser-tropfen","7":"product_tag-fruchtig","8":"product_tag-kraeuter","9":"product_tag-kraeuterlikoer","10":"product_tag-magenbitter","12":"first","13":"instock","14":"shipping-taxable","15":"purchasable","16":"product-type-variable","17":"has-default-attributes"},"yoast_head":"<!-- This site is optimized with the Yoast SEO plugin v27.5 - https:\/\/yoast.com\/product\/yoast-seo-wordpress\/ -->\n<title>Kr\u00e4uterlik\u00f6r aus N\u00f6rdlingen - Rieser Tropfen! Trinkkultur seit 1912!<\/title>\n<meta name=\"description\" content=\"Unser Kr\u00e4uterlik\u00f6r RIESER TROPFEN wird seit 1912 nach geheimer Familienrezeptur aus 13 Kr\u00e4uter und Wurzeln in N\u00f6rdlingen hergestellt. Online hier kaufen!\" \/>\n<meta name=\"robots\" content=\"index, follow, max-snippet:-1, max-image-preview:large, max-video-preview:-1\" \/>\n<link rel=\"canonical\" href=\"https:\/\/rieser-tropfen.de\/shop\/produkt\/rieser-tropfen-kraeuterlikoer\/\" \/>\n<meta property=\"og:locale\" content=\"de_DE\" \/>\n<meta property=\"og:type\" content=\"article\" \/>\n<meta property=\"og:title\" content=\"Kr\u00e4uterlik\u00f6r aus N\u00f6rdlingen - Rieser Tropfen! Trinkkultur seit 1912!\" \/>\n<meta property=\"og:description\" content=\"Unser Kr\u00e4uterlik\u00f6r RIESER TROPFEN wird seit 1912 nach geheimer Familienrezeptur aus 13 Kr\u00e4uter und Wurzeln in N\u00f6rdlingen hergestellt. Online hier kaufen!\" \/>\n<meta property=\"og:url\" content=\"https:\/\/rieser-tropfen.de\/shop\/produkt\/rieser-tropfen-kraeuterlikoer\/\" \/>\n<meta property=\"og:site_name\" content=\"Vitzthum Shop\" \/>\n<meta property=\"article:publisher\" content=\"https:\/\/www.facebook.com\/vitzthum.destillerie\/?locale=de_DE\" \/>\n<meta property=\"article:modified_time\" content=\"2024-12-09T10:40:30+00:00\" \/>\n<meta property=\"og:image\" content=\"https:\/\/rieser-tropfen.de\/shop\/wp-content\/uploads\/2017\/11\/RT-Krugflasche-2x-Shop5.png\" \/>\n\t<meta property=\"og:image:width\" content=\"500\" \/>\n\t<meta property=\"og:image:height\" content=\"600\" \/>\n\t<meta property=\"og:image:type\" content=\"image\/png\" \/>\n<meta name=\"twitter:card\" content=\"summary_large_image\" \/>\n<meta name=\"twitter:label1\" content=\"Gesch\u00e4tzte Lesezeit\" \/>\n\t<meta name=\"twitter:data1\" content=\"2\u00a0Minuten\" \/>\n<script type=\"application\/ld+json\" class=\"yoast-schema-graph\">{\"@context\":\"https:\\\/\\\/schema.org\",\"@graph\":[{\"@type\":\"WebPage\",\"@id\":\"https:\\\/\\\/rieser-tropfen.de\\\/shop\\\/produkt\\\/rieser-tropfen-kraeuterlikoer\\\/\",\"url\":\"https:\\\/\\\/rieser-tropfen.de\\\/shop\\\/produkt\\\/rieser-tropfen-kraeuterlikoer\\\/\",\"name\":\"Kr\u00e4uterlik\u00f6r aus N\u00f6rdlingen - Rieser Tropfen! Trinkkultur seit 1912!\",\"isPartOf\":{\"@id\":\"https:\\\/\\\/rieser-tropfen.de\\\/shop\\\/#website\"},\"primaryImageOfPage\":{\"@id\":\"https:\\\/\\\/rieser-tropfen.de\\\/shop\\\/produkt\\\/rieser-tropfen-kraeuterlikoer\\\/#primaryimage\"},\"image\":{\"@id\":\"https:\\\/\\\/rieser-tropfen.de\\\/shop\\\/produkt\\\/rieser-tropfen-kraeuterlikoer\\\/#primaryimage\"},\"thumbnailUrl\":\"https:\\\/\\\/rieser-tropfen.de\\\/shop\\\/wp-content\\\/uploads\\\/2017\\\/11\\\/RT-Krugflasche-2x-Shop5.png\",\"datePublished\":\"2017-11-12T08:05:33+00:00\",\"dateModified\":\"2024-12-09T10:40:30+00:00\",\"description\":\"Unser Kr\u00e4uterlik\u00f6r RIESER TROPFEN wird seit 1912 nach geheimer Familienrezeptur aus 13 Kr\u00e4uter und Wurzeln in N\u00f6rdlingen hergestellt. Online hier kaufen!\",\"breadcrumb\":{\"@id\":\"https:\\\/\\\/rieser-tropfen.de\\\/shop\\\/produkt\\\/rieser-tropfen-kraeuterlikoer\\\/#breadcrumb\"},\"inLanguage\":\"de\",\"potentialAction\":[{\"@type\":\"ReadAction\",\"target\":[\"https:\\\/\\\/rieser-tropfen.de\\\/shop\\\/produkt\\\/rieser-tropfen-kraeuterlikoer\\\/\"]}]},{\"@type\":\"ImageObject\",\"inLanguage\":\"de\",\"@id\":\"https:\\\/\\\/rieser-tropfen.de\\\/shop\\\/produkt\\\/rieser-tropfen-kraeuterlikoer\\\/#primaryimage\",\"url\":\"https:\\\/\\\/rieser-tropfen.de\\\/shop\\\/wp-content\\\/uploads\\\/2017\\\/11\\\/RT-Krugflasche-2x-Shop5.png\",\"contentUrl\":\"https:\\\/\\\/rieser-tropfen.de\\\/shop\\\/wp-content\\\/uploads\\\/2017\\\/11\\\/RT-Krugflasche-2x-Shop5.png\",\"width\":500,\"height\":600},{\"@type\":\"BreadcrumbList\",\"@id\":\"https:\\\/\\\/rieser-tropfen.de\\\/shop\\\/produkt\\\/rieser-tropfen-kraeuterlikoer\\\/#breadcrumb\",\"itemListElement\":[{\"@type\":\"ListItem\",\"position\":1,\"name\":\"Home\",\"item\":\"https:\\\/\\\/rieser-tropfen.de\\\/shop\\\/\"},{\"@type\":\"ListItem\",\"position\":2,\"name\":\"Shop\",\"item\":\"https:\\\/\\\/rieser-tropfen.de\\\/shop\\\/shop\\\/\"},{\"@type\":\"ListItem\",\"position\":3,\"name\":\"Rieser Tropfen &#8211; Kr\u00e4uterlik\u00f6r\"}]},{\"@type\":\"WebSite\",\"@id\":\"https:\\\/\\\/rieser-tropfen.de\\\/shop\\\/#website\",\"url\":\"https:\\\/\\\/rieser-tropfen.de\\\/shop\\\/\",\"name\":\"Vitzthum Shop\",\"description\":\"handgemachte Beerengeister, Obstbr\u00e4nde und Kr\u00e4uter- sowie Fruchtlik\u00f6re\",\"publisher\":{\"@id\":\"https:\\\/\\\/rieser-tropfen.de\\\/shop\\\/#organization\"},\"potentialAction\":[{\"@type\":\"SearchAction\",\"target\":{\"@type\":\"EntryPoint\",\"urlTemplate\":\"https:\\\/\\\/rieser-tropfen.de\\\/shop\\\/?s={search_term_string}\"},\"query-input\":{\"@type\":\"PropertyValueSpecification\",\"valueRequired\":true,\"valueName\":\"search_term_string\"}}],\"inLanguage\":\"de\"},{\"@type\":\"Organization\",\"@id\":\"https:\\\/\\\/rieser-tropfen.de\\\/shop\\\/#organization\",\"name\":\"Vitzthum GmbH\",\"url\":\"https:\\\/\\\/rieser-tropfen.de\\\/shop\\\/\",\"logo\":{\"@type\":\"ImageObject\",\"inLanguage\":\"de\",\"@id\":\"https:\\\/\\\/rieser-tropfen.de\\\/shop\\\/#\\\/schema\\\/logo\\\/image\\\/\",\"url\":\"https:\\\/\\\/rieser-tropfen.de\\\/shop\\\/wp-content\\\/uploads\\\/2021\\\/03\\\/Logo-Vitzthum-2021-gold.jpg\",\"contentUrl\":\"https:\\\/\\\/rieser-tropfen.de\\\/shop\\\/wp-content\\\/uploads\\\/2021\\\/03\\\/Logo-Vitzthum-2021-gold.jpg\",\"width\":149,\"height\":69,\"caption\":\"Vitzthum GmbH\"},\"image\":{\"@id\":\"https:\\\/\\\/rieser-tropfen.de\\\/shop\\\/#\\\/schema\\\/logo\\\/image\\\/\"},\"sameAs\":[\"https:\\\/\\\/www.facebook.com\\\/vitzthum.destillerie\\\/?locale=de_DE\"]}]}<\/script>\n<!-- \/ Yoast SEO plugin. -->","yoast_head_json":{"title":"Kr\u00e4uterlik\u00f6r aus N\u00f6rdlingen - Rieser Tropfen! Trinkkultur seit 1912!","description":"Unser Kr\u00e4uterlik\u00f6r RIESER TROPFEN wird seit 1912 nach geheimer Familienrezeptur aus 13 Kr\u00e4uter und Wurzeln in N\u00f6rdlingen hergestellt. Online hier kaufen!","robots":{"index":"index","follow":"follow","max-snippet":"max-snippet:-1","max-image-preview":"max-image-preview:large","max-video-preview":"max-video-preview:-1"},"canonical":"https:\/\/rieser-tropfen.de\/shop\/produkt\/rieser-tropfen-kraeuterlikoer\/","og_locale":"de_DE","og_type":"article","og_title":"Kr\u00e4uterlik\u00f6r aus N\u00f6rdlingen - Rieser Tropfen! Trinkkultur seit 1912!","og_description":"Unser Kr\u00e4uterlik\u00f6r RIESER TROPFEN wird seit 1912 nach geheimer Familienrezeptur aus 13 Kr\u00e4uter und Wurzeln in N\u00f6rdlingen hergestellt. Online hier kaufen!","og_url":"https:\/\/rieser-tropfen.de\/shop\/produkt\/rieser-tropfen-kraeuterlikoer\/","og_site_name":"Vitzthum Shop","article_publisher":"https:\/\/www.facebook.com\/vitzthum.destillerie\/?locale=de_DE","article_modified_time":"2024-12-09T10:40:30+00:00","og_image":[{"width":500,"height":600,"url":"https:\/\/rieser-tropfen.de\/shop\/wp-content\/uploads\/2017\/11\/RT-Krugflasche-2x-Shop5.png","type":"image\/png"}],"twitter_card":"summary_large_image","twitter_misc":{"Gesch\u00e4tzte Lesezeit":"2\u00a0Minuten"},"schema":{"@context":"https:\/\/schema.org","@graph":[{"@type":"WebPage","@id":"https:\/\/rieser-tropfen.de\/shop\/produkt\/rieser-tropfen-kraeuterlikoer\/","url":"https:\/\/rieser-tropfen.de\/shop\/produkt\/rieser-tropfen-kraeuterlikoer\/","name":"Kr\u00e4uterlik\u00f6r aus N\u00f6rdlingen - Rieser Tropfen! Trinkkultur seit 1912!","isPartOf":{"@id":"https:\/\/rieser-tropfen.de\/shop\/#website"},"primaryImageOfPage":{"@id":"https:\/\/rieser-tropfen.de\/shop\/produkt\/rieser-tropfen-kraeuterlikoer\/#primaryimage"},"image":{"@id":"https:\/\/rieser-tropfen.de\/shop\/produkt\/rieser-tropfen-kraeuterlikoer\/#primaryimage"},"thumbnailUrl":"https:\/\/rieser-tropfen.de\/shop\/wp-content\/uploads\/2017\/11\/RT-Krugflasche-2x-Shop5.png","datePublished":"2017-11-12T08:05:33+00:00","dateModified":"2024-12-09T10:40:30+00:00","description":"Unser Kr\u00e4uterlik\u00f6r RIESER TROPFEN wird seit 1912 nach geheimer Familienrezeptur aus 13 Kr\u00e4uter und Wurzeln in N\u00f6rdlingen hergestellt. Online hier kaufen!","breadcrumb":{"@id":"https:\/\/rieser-tropfen.de\/shop\/produkt\/rieser-tropfen-kraeuterlikoer\/#breadcrumb"},"inLanguage":"de","potentialAction":[{"@type":"ReadAction","target":["https:\/\/rieser-tropfen.de\/shop\/produkt\/rieser-tropfen-kraeuterlikoer\/"]}]},{"@type":"ImageObject","inLanguage":"de","@id":"https:\/\/rieser-tropfen.de\/shop\/produkt\/rieser-tropfen-kraeuterlikoer\/#primaryimage","url":"https:\/\/rieser-tropfen.de\/shop\/wp-content\/uploads\/2017\/11\/RT-Krugflasche-2x-Shop5.png","contentUrl":"https:\/\/rieser-tropfen.de\/shop\/wp-content\/uploads\/2017\/11\/RT-Krugflasche-2x-Shop5.png","width":500,"height":600},{"@type":"BreadcrumbList","@id":"https:\/\/rieser-tropfen.de\/shop\/produkt\/rieser-tropfen-kraeuterlikoer\/#breadcrumb","itemListElement":[{"@type":"ListItem","position":1,"name":"Home","item":"https:\/\/rieser-tropfen.de\/shop\/"},{"@type":"ListItem","position":2,"name":"Shop","item":"https:\/\/rieser-tropfen.de\/shop\/shop\/"},{"@type":"ListItem","position":3,"name":"Rieser Tropfen &#8211; Kr\u00e4uterlik\u00f6r"}]},{"@type":"WebSite","@id":"https:\/\/rieser-tropfen.de\/shop\/#website","url":"https:\/\/rieser-tropfen.de\/shop\/","name":"Vitzthum Shop","description":"handgemachte Beerengeister, Obstbr\u00e4nde und Kr\u00e4uter- sowie Fruchtlik\u00f6re","publisher":{"@id":"https:\/\/rieser-tropfen.de\/shop\/#organization"},"potentialAction":[{"@type":"SearchAction","target":{"@type":"EntryPoint","urlTemplate":"https:\/\/rieser-tropfen.de\/shop\/?s={search_term_string}"},"query-input":{"@type":"PropertyValueSpecification","valueRequired":true,"valueName":"search_term_string"}}],"inLanguage":"de"},{"@type":"Organization","@id":"https:\/\/rieser-tropfen.de\/shop\/#organization","name":"Vitzthum GmbH","url":"https:\/\/rieser-tropfen.de\/shop\/","logo":{"@type":"ImageObject","inLanguage":"de","@id":"https:\/\/rieser-tropfen.de\/shop\/#\/schema\/logo\/image\/","url":"https:\/\/rieser-tropfen.de\/shop\/wp-content\/uploads\/2021\/03\/Logo-Vitzthum-2021-gold.jpg","contentUrl":"https:\/\/rieser-tropfen.de\/shop\/wp-content\/uploads\/2021\/03\/Logo-Vitzthum-2021-gold.jpg","width":149,"height":69,"caption":"Vitzthum GmbH"},"image":{"@id":"https:\/\/rieser-tropfen.de\/shop\/#\/schema\/logo\/image\/"},"sameAs":["https:\/\/www.facebook.com\/vitzthum.destillerie\/?locale=de_DE"]}]}},"_links":{"self":[{"href":"https:\/\/rieser-tropfen.de\/shop\/wp-json\/wp\/v2\/product\/710","targetHints":{"allow":["GET"]}}],"collection":[{"href":"https:\/\/rieser-tropfen.de\/shop\/wp-json\/wp\/v2\/product"}],"about":[{"href":"https:\/\/rieser-tropfen.de\/shop\/wp-json\/wp\/v2\/types\/product"}],"wp:featuredmedia":[{"embeddable":true,"href":"https:\/\/rieser-tropfen.de\/shop\/wp-json\/wp\/v2\/media\/959"}],"wp:attachment":[{"href":"https:\/\/rieser-tropfen.de\/shop\/wp-json\/wp\/v2\/media?parent=710"}],"wp:term":[{"taxonomy":"product_brand","embeddable":true,"href":"https:\/\/rieser-tropfen.de\/shop\/wp-json\/wp\/v2\/product_brand?post=710"},{"taxonomy":"product_cat","embeddable":true,"href":"https:\/\/rieser-tropfen.de\/shop\/wp-json\/wp\/v2\/product_cat?post=710"},{"taxonomy":"product_tag","embeddable":true,"href":"https:\/\/rieser-tropfen.de\/shop\/wp-json\/wp\/v2\/product_tag?post=710"}],"curies":[{"name":"wp","href":"https:\/\/api.w.org\/{rel}","templated":true}]}}