{"id":738,"date":"2017-11-12T12:44:03","date_gmt":"2017-11-12T11:44:03","guid":{"rendered":"http:\/\/vitzthum.dynamic-cloud.de\/shop5\/?post_type=product&#038;p=738"},"modified":"2024-12-09T11:37:52","modified_gmt":"2024-12-09T10:37:52","slug":"rieser-tropfen-o5-l-tonkrug","status":"publish","type":"product","link":"https:\/\/rieser-tropfen.de\/shop\/produkt\/rieser-tropfen-o5-l-tonkrug\/","title":{"rendered":"Rieser Tropfen \u2013 Kr\u00e4uterlik\u00f6r o,5 ltr Tonkrug"},"content":{"rendered":"<div class=\"row align-middle align-center\"  id=\"row-445474175\">\n\n\t<div id=\"col-836124194\" class=\"col small-12 large-12\"  >\n\t\t\t\t<div class=\"col-inner\"  >\n\t\t\t\n\t\t\t\n<p><span style=\"color: #de901b;\">Wenns drau\u00dfen st\u00fcrmt und schneit &#8230;<\/span><\/p>\n<h1>Rieser Amazone<\/h1>\n<div class=\"wpb_text_column wpb_content_elementvc_custom_1491403591063\">\n<div class=\"wpb_wrapper\">\n<p>4\u00a0 cl\u00a0Rieser Tropfen<br \/>\n2\u00a0 cl Apricot Brandylik\u00f6r<br \/>\n2\u00a0 cl Zitronensaft<br \/>\n100 ml Tonic Water<br \/>\n1 &#8211; 2 Erdbeeren + Aprikosen<\/p>\n<p>Rieser Tropfen, Apricot Brandy und Zitronensaft mit Tonic Water mischen. Die Erdbeeren und Aprikosen auf ein Holzst\u00e4bchen stecken, ins Glas stellen und mit Eisw\u00fcrfel servieren.<\/p>\n<\/div>\n<\/div>\n\t\t<\/div>\n\t\t\t\t\t<\/div>\n\n\t\n<\/div>\n","protected":false},"excerpt":{"rendered":"<p>Seit 1912 wird unser Kr\u00e4uterlik\u00f6r nach geheimer Familienrezeptur aus 13 Kr\u00e4uter und Wurzeln, wie Enzian und Tausendg\u00fcldenkraut, sowie Fr\u00fcchten aus der ganzen Welt in unserer Destillerie hergestellt. Durch seine einzigartige Aromatik ist er vielseitig einsetzbar in Longdrinks und Cocktails und \u00fcberzeugt mit ausgewogener W\u00fcrze und Eleganz.<\/p>\n","protected":false},"featured_media":963,"template":"","meta":[],"product_brand":[],"product_cat":[18],"product_tag":[96,176,174,175],"class_list":{"0":"post-738","1":"product","2":"type-product","3":"status-publish","4":"has-post-thumbnail","6":"product_cat-rieser-tropfen","7":"product_tag-fruchtig","8":"product_tag-kraeuter","9":"product_tag-kraeuterlikoer","10":"product_tag-magenbitter","12":"first","13":"instock","14":"shipping-taxable","15":"purchasable","16":"product-type-simple"},"yoast_head":"<!-- This site is optimized with the Yoast SEO plugin v27.5 - https:\/\/yoast.com\/product\/yoast-seo-wordpress\/ -->\n<title>Rieser Tropfen \u2013 Kr\u00e4uterlik\u00f6r o,5 ltr Tonkrug - Vitzthum Shop<\/title>\n<meta name=\"robots\" content=\"index, follow, max-snippet:-1, max-image-preview:large, max-video-preview:-1\" \/>\n<link rel=\"canonical\" href=\"https:\/\/rieser-tropfen.de\/shop\/produkt\/rieser-tropfen-o5-l-tonkrug\/\" \/>\n<meta property=\"og:locale\" content=\"de_DE\" \/>\n<meta property=\"og:type\" content=\"article\" \/>\n<meta property=\"og:title\" content=\"Rieser Tropfen \u2013 Kr\u00e4uterlik\u00f6r o,5 ltr Tonkrug - Vitzthum Shop\" \/>\n<meta property=\"og:description\" content=\"Seit 1912 wird unser Kr\u00e4uterlik\u00f6r nach geheimer Familienrezeptur aus 13 Kr\u00e4uter und Wurzeln, wie Enzian und Tausendg\u00fcldenkraut, sowie Fr\u00fcchten aus der ganzen Welt in unserer Destillerie hergestellt. Durch seine einzigartige Aromatik ist er vielseitig einsetzbar in Longdrinks und Cocktails und \u00fcberzeugt mit ausgewogener W\u00fcrze und Eleganz.\" \/>\n<meta property=\"og:url\" content=\"https:\/\/rieser-tropfen.de\/shop\/produkt\/rieser-tropfen-o5-l-tonkrug\/\" \/>\n<meta property=\"og:site_name\" content=\"Vitzthum Shop\" \/>\n<meta property=\"article:publisher\" content=\"https:\/\/www.facebook.com\/vitzthum.destillerie\/?locale=de_DE\" \/>\n<meta property=\"article:modified_time\" content=\"2024-12-09T10:37:52+00:00\" \/>\n<meta property=\"og:image\" content=\"https:\/\/rieser-tropfen.de\/shop\/wp-content\/uploads\/2017\/11\/RT-05Tonkrug-Shop5.png\" \/>\n\t<meta property=\"og:image:width\" content=\"500\" \/>\n\t<meta property=\"og:image:height\" content=\"600\" \/>\n\t<meta property=\"og:image:type\" content=\"image\/png\" \/>\n<meta name=\"twitter:card\" content=\"summary_large_image\" \/>\n<meta name=\"twitter:label1\" content=\"Gesch\u00e4tzte Lesezeit\" \/>\n\t<meta name=\"twitter:data1\" content=\"1\u00a0Minute\" \/>\n<script type=\"application\/ld+json\" class=\"yoast-schema-graph\">{\"@context\":\"https:\\\/\\\/schema.org\",\"@graph\":[{\"@type\":\"WebPage\",\"@id\":\"https:\\\/\\\/rieser-tropfen.de\\\/shop\\\/produkt\\\/rieser-tropfen-o5-l-tonkrug\\\/\",\"url\":\"https:\\\/\\\/rieser-tropfen.de\\\/shop\\\/produkt\\\/rieser-tropfen-o5-l-tonkrug\\\/\",\"name\":\"Rieser Tropfen \u2013 Kr\u00e4uterlik\u00f6r o,5 ltr Tonkrug - Vitzthum Shop\",\"isPartOf\":{\"@id\":\"https:\\\/\\\/rieser-tropfen.de\\\/shop\\\/#website\"},\"primaryImageOfPage\":{\"@id\":\"https:\\\/\\\/rieser-tropfen.de\\\/shop\\\/produkt\\\/rieser-tropfen-o5-l-tonkrug\\\/#primaryimage\"},\"image\":{\"@id\":\"https:\\\/\\\/rieser-tropfen.de\\\/shop\\\/produkt\\\/rieser-tropfen-o5-l-tonkrug\\\/#primaryimage\"},\"thumbnailUrl\":\"https:\\\/\\\/rieser-tropfen.de\\\/shop\\\/wp-content\\\/uploads\\\/2017\\\/11\\\/RT-05Tonkrug-Shop5.png\",\"datePublished\":\"2017-11-12T11:44:03+00:00\",\"dateModified\":\"2024-12-09T10:37:52+00:00\",\"breadcrumb\":{\"@id\":\"https:\\\/\\\/rieser-tropfen.de\\\/shop\\\/produkt\\\/rieser-tropfen-o5-l-tonkrug\\\/#breadcrumb\"},\"inLanguage\":\"de\",\"potentialAction\":[{\"@type\":\"ReadAction\",\"target\":[\"https:\\\/\\\/rieser-tropfen.de\\\/shop\\\/produkt\\\/rieser-tropfen-o5-l-tonkrug\\\/\"]}]},{\"@type\":\"ImageObject\",\"inLanguage\":\"de\",\"@id\":\"https:\\\/\\\/rieser-tropfen.de\\\/shop\\\/produkt\\\/rieser-tropfen-o5-l-tonkrug\\\/#primaryimage\",\"url\":\"https:\\\/\\\/rieser-tropfen.de\\\/shop\\\/wp-content\\\/uploads\\\/2017\\\/11\\\/RT-05Tonkrug-Shop5.png\",\"contentUrl\":\"https:\\\/\\\/rieser-tropfen.de\\\/shop\\\/wp-content\\\/uploads\\\/2017\\\/11\\\/RT-05Tonkrug-Shop5.png\",\"width\":500,\"height\":600},{\"@type\":\"BreadcrumbList\",\"@id\":\"https:\\\/\\\/rieser-tropfen.de\\\/shop\\\/produkt\\\/rieser-tropfen-o5-l-tonkrug\\\/#breadcrumb\",\"itemListElement\":[{\"@type\":\"ListItem\",\"position\":1,\"name\":\"Home\",\"item\":\"https:\\\/\\\/rieser-tropfen.de\\\/shop\\\/\"},{\"@type\":\"ListItem\",\"position\":2,\"name\":\"Shop\",\"item\":\"https:\\\/\\\/rieser-tropfen.de\\\/shop\\\/shop\\\/\"},{\"@type\":\"ListItem\",\"position\":3,\"name\":\"Rieser Tropfen \u2013 Kr\u00e4uterlik\u00f6r o,5 ltr Tonkrug\"}]},{\"@type\":\"WebSite\",\"@id\":\"https:\\\/\\\/rieser-tropfen.de\\\/shop\\\/#website\",\"url\":\"https:\\\/\\\/rieser-tropfen.de\\\/shop\\\/\",\"name\":\"Vitzthum Shop\",\"description\":\"handgemachte Beerengeister, Obstbr\u00e4nde und Kr\u00e4uter- sowie Fruchtlik\u00f6re\",\"publisher\":{\"@id\":\"https:\\\/\\\/rieser-tropfen.de\\\/shop\\\/#organization\"},\"potentialAction\":[{\"@type\":\"SearchAction\",\"target\":{\"@type\":\"EntryPoint\",\"urlTemplate\":\"https:\\\/\\\/rieser-tropfen.de\\\/shop\\\/?s={search_term_string}\"},\"query-input\":{\"@type\":\"PropertyValueSpecification\",\"valueRequired\":true,\"valueName\":\"search_term_string\"}}],\"inLanguage\":\"de\"},{\"@type\":\"Organization\",\"@id\":\"https:\\\/\\\/rieser-tropfen.de\\\/shop\\\/#organization\",\"name\":\"Vitzthum GmbH\",\"url\":\"https:\\\/\\\/rieser-tropfen.de\\\/shop\\\/\",\"logo\":{\"@type\":\"ImageObject\",\"inLanguage\":\"de\",\"@id\":\"https:\\\/\\\/rieser-tropfen.de\\\/shop\\\/#\\\/schema\\\/logo\\\/image\\\/\",\"url\":\"https:\\\/\\\/rieser-tropfen.de\\\/shop\\\/wp-content\\\/uploads\\\/2021\\\/03\\\/Logo-Vitzthum-2021-gold.jpg\",\"contentUrl\":\"https:\\\/\\\/rieser-tropfen.de\\\/shop\\\/wp-content\\\/uploads\\\/2021\\\/03\\\/Logo-Vitzthum-2021-gold.jpg\",\"width\":149,\"height\":69,\"caption\":\"Vitzthum GmbH\"},\"image\":{\"@id\":\"https:\\\/\\\/rieser-tropfen.de\\\/shop\\\/#\\\/schema\\\/logo\\\/image\\\/\"},\"sameAs\":[\"https:\\\/\\\/www.facebook.com\\\/vitzthum.destillerie\\\/?locale=de_DE\"]}]}<\/script>\n<!-- \/ Yoast SEO plugin. -->","yoast_head_json":{"title":"Rieser Tropfen \u2013 Kr\u00e4uterlik\u00f6r o,5 ltr Tonkrug - Vitzthum Shop","robots":{"index":"index","follow":"follow","max-snippet":"max-snippet:-1","max-image-preview":"max-image-preview:large","max-video-preview":"max-video-preview:-1"},"canonical":"https:\/\/rieser-tropfen.de\/shop\/produkt\/rieser-tropfen-o5-l-tonkrug\/","og_locale":"de_DE","og_type":"article","og_title":"Rieser Tropfen \u2013 Kr\u00e4uterlik\u00f6r o,5 ltr Tonkrug - Vitzthum Shop","og_description":"Seit 1912 wird unser Kr\u00e4uterlik\u00f6r nach geheimer Familienrezeptur aus 13 Kr\u00e4uter und Wurzeln, wie Enzian und Tausendg\u00fcldenkraut, sowie Fr\u00fcchten aus der ganzen Welt in unserer Destillerie hergestellt. Durch seine einzigartige Aromatik ist er vielseitig einsetzbar in Longdrinks und Cocktails und \u00fcberzeugt mit ausgewogener W\u00fcrze und Eleganz.","og_url":"https:\/\/rieser-tropfen.de\/shop\/produkt\/rieser-tropfen-o5-l-tonkrug\/","og_site_name":"Vitzthum Shop","article_publisher":"https:\/\/www.facebook.com\/vitzthum.destillerie\/?locale=de_DE","article_modified_time":"2024-12-09T10:37:52+00:00","og_image":[{"width":500,"height":600,"url":"https:\/\/rieser-tropfen.de\/shop\/wp-content\/uploads\/2017\/11\/RT-05Tonkrug-Shop5.png","type":"image\/png"}],"twitter_card":"summary_large_image","twitter_misc":{"Gesch\u00e4tzte Lesezeit":"1\u00a0Minute"},"schema":{"@context":"https:\/\/schema.org","@graph":[{"@type":"WebPage","@id":"https:\/\/rieser-tropfen.de\/shop\/produkt\/rieser-tropfen-o5-l-tonkrug\/","url":"https:\/\/rieser-tropfen.de\/shop\/produkt\/rieser-tropfen-o5-l-tonkrug\/","name":"Rieser Tropfen \u2013 Kr\u00e4uterlik\u00f6r o,5 ltr Tonkrug - Vitzthum Shop","isPartOf":{"@id":"https:\/\/rieser-tropfen.de\/shop\/#website"},"primaryImageOfPage":{"@id":"https:\/\/rieser-tropfen.de\/shop\/produkt\/rieser-tropfen-o5-l-tonkrug\/#primaryimage"},"image":{"@id":"https:\/\/rieser-tropfen.de\/shop\/produkt\/rieser-tropfen-o5-l-tonkrug\/#primaryimage"},"thumbnailUrl":"https:\/\/rieser-tropfen.de\/shop\/wp-content\/uploads\/2017\/11\/RT-05Tonkrug-Shop5.png","datePublished":"2017-11-12T11:44:03+00:00","dateModified":"2024-12-09T10:37:52+00:00","breadcrumb":{"@id":"https:\/\/rieser-tropfen.de\/shop\/produkt\/rieser-tropfen-o5-l-tonkrug\/#breadcrumb"},"inLanguage":"de","potentialAction":[{"@type":"ReadAction","target":["https:\/\/rieser-tropfen.de\/shop\/produkt\/rieser-tropfen-o5-l-tonkrug\/"]}]},{"@type":"ImageObject","inLanguage":"de","@id":"https:\/\/rieser-tropfen.de\/shop\/produkt\/rieser-tropfen-o5-l-tonkrug\/#primaryimage","url":"https:\/\/rieser-tropfen.de\/shop\/wp-content\/uploads\/2017\/11\/RT-05Tonkrug-Shop5.png","contentUrl":"https:\/\/rieser-tropfen.de\/shop\/wp-content\/uploads\/2017\/11\/RT-05Tonkrug-Shop5.png","width":500,"height":600},{"@type":"BreadcrumbList","@id":"https:\/\/rieser-tropfen.de\/shop\/produkt\/rieser-tropfen-o5-l-tonkrug\/#breadcrumb","itemListElement":[{"@type":"ListItem","position":1,"name":"Home","item":"https:\/\/rieser-tropfen.de\/shop\/"},{"@type":"ListItem","position":2,"name":"Shop","item":"https:\/\/rieser-tropfen.de\/shop\/shop\/"},{"@type":"ListItem","position":3,"name":"Rieser Tropfen \u2013 Kr\u00e4uterlik\u00f6r o,5 ltr Tonkrug"}]},{"@type":"WebSite","@id":"https:\/\/rieser-tropfen.de\/shop\/#website","url":"https:\/\/rieser-tropfen.de\/shop\/","name":"Vitzthum Shop","description":"handgemachte Beerengeister, Obstbr\u00e4nde und Kr\u00e4uter- sowie Fruchtlik\u00f6re","publisher":{"@id":"https:\/\/rieser-tropfen.de\/shop\/#organization"},"potentialAction":[{"@type":"SearchAction","target":{"@type":"EntryPoint","urlTemplate":"https:\/\/rieser-tropfen.de\/shop\/?s={search_term_string}"},"query-input":{"@type":"PropertyValueSpecification","valueRequired":true,"valueName":"search_term_string"}}],"inLanguage":"de"},{"@type":"Organization","@id":"https:\/\/rieser-tropfen.de\/shop\/#organization","name":"Vitzthum GmbH","url":"https:\/\/rieser-tropfen.de\/shop\/","logo":{"@type":"ImageObject","inLanguage":"de","@id":"https:\/\/rieser-tropfen.de\/shop\/#\/schema\/logo\/image\/","url":"https:\/\/rieser-tropfen.de\/shop\/wp-content\/uploads\/2021\/03\/Logo-Vitzthum-2021-gold.jpg","contentUrl":"https:\/\/rieser-tropfen.de\/shop\/wp-content\/uploads\/2021\/03\/Logo-Vitzthum-2021-gold.jpg","width":149,"height":69,"caption":"Vitzthum GmbH"},"image":{"@id":"https:\/\/rieser-tropfen.de\/shop\/#\/schema\/logo\/image\/"},"sameAs":["https:\/\/www.facebook.com\/vitzthum.destillerie\/?locale=de_DE"]}]}},"_links":{"self":[{"href":"https:\/\/rieser-tropfen.de\/shop\/wp-json\/wp\/v2\/product\/738","targetHints":{"allow":["GET"]}}],"collection":[{"href":"https:\/\/rieser-tropfen.de\/shop\/wp-json\/wp\/v2\/product"}],"about":[{"href":"https:\/\/rieser-tropfen.de\/shop\/wp-json\/wp\/v2\/types\/product"}],"wp:featuredmedia":[{"embeddable":true,"href":"https:\/\/rieser-tropfen.de\/shop\/wp-json\/wp\/v2\/media\/963"}],"wp:attachment":[{"href":"https:\/\/rieser-tropfen.de\/shop\/wp-json\/wp\/v2\/media?parent=738"}],"wp:term":[{"taxonomy":"product_brand","embeddable":true,"href":"https:\/\/rieser-tropfen.de\/shop\/wp-json\/wp\/v2\/product_brand?post=738"},{"taxonomy":"product_cat","embeddable":true,"href":"https:\/\/rieser-tropfen.de\/shop\/wp-json\/wp\/v2\/product_cat?post=738"},{"taxonomy":"product_tag","embeddable":true,"href":"https:\/\/rieser-tropfen.de\/shop\/wp-json\/wp\/v2\/product_tag?post=738"}],"curies":[{"name":"wp","href":"https:\/\/api.w.org\/{rel}","templated":true}]}}