{"id":987,"date":"2017-11-27T17:30:12","date_gmt":"2017-11-27T16:30:12","guid":{"rendered":"http:\/\/vitzthum.dynamic-cloud.de\/shop5\/?post_type=product&#038;p=987"},"modified":"2024-12-09T17:20:21","modified_gmt":"2024-12-09T16:20:21","slug":"schlehengeist","status":"publish","type":"product","link":"https:\/\/rieser-tropfen.de\/shop\/produkt\/schlehengeist\/","title":{"rendered":"Schlehengeist"},"content":{"rendered":"<p><span style=\"color: #de901b;\">Exotisch &#8230;!!<\/span><\/p>\n<h1>Huckleberry Finn<\/h1>\n<div class=\"wpb_text_column wpb_content_elementvc_custom_1493304284354\">\n<div class=\"wpb_wrapper\">\n<p>50 ml Schlehengeist<br \/>\n1 Teel Zucker<br \/>\n1 Teel Klarer Essig, 5%<br \/>\n15 St\u00fcck Heidelbeeren<br \/>\n1 Mal Auff\u00fcllen Winzersekt<\/p>\n<p>10 Heidelbeeren mit dem Zucker im Mixer p\u00fcrieren. Mit Schlehengeist, Essig in ein Cocktailglas geben und mit Winzersekt auff\u00fcllen. Mit frischen Beeren und Eisw\u00fcrfel servieren.<\/p>\n<\/div>\n<\/div>\n<p><span style=\"color: #de901b;\">Eine Augenweide!<\/span><\/p>\n<h1>Schlehen &#8211; eine Kulturpflanze!<\/h1>\n<div class=\"wpb_text_column wpb_content_element \">\n<div class=\"wpb_wrapper\">\n<p>Der Schlehdorn, auch Schlehendorn, Schlehe, Heckendorn, Schwarzdorn oder Deutsche Akazie genannt ist vielen als wilder und undurchdringlicher Strauch \u00a0 bekannt.<br \/>\nIm Fr\u00fchjahr bl\u00fcht er verschwenderisch wei\u00df und ist eine wichtige Nahrungsquelle f\u00fcr Bienen und Schmetterlinge.<\/p>\n<p>Erst nach ein paar Frostn\u00e4chten sind Schlehen verzehrbar, vorher sind sie so bitter-sauer, dass sich beim Versuch sie zu essen alles im Mund zusammenzieht. Die Beeren schmecken auch pur direkt vom Strauch, wobei die Kerne nicht mitgegessen werden sollten.<\/p>\n<\/div>\n<\/div>\n<div class=\"row\"  id=\"row-369274551\">\n\n\t<div id=\"col-209162569\" class=\"col medium-6 small-12 large-6\"  >\n\t\t\t\t<div class=\"col-inner\"  >\n\t\t\t\n\t\t\t\n\t<div class=\"img has-hover x md-x lg-x y md-y lg-y\" id=\"image_1893667618\">\n\t\t\t\t\t\t\t\t<div class=\"img-inner dark\" >\n\t\t\t<img loading=\"lazy\" decoding=\"async\" width=\"600\" height=\"800\" src=\"https:\/\/rieser-tropfen.de\/shop\/wp-content\/uploads\/2023\/04\/Schlehenbluete-1-600x800.jpg\" class=\"attachment-large size-large\" alt=\"\" srcset=\"https:\/\/rieser-tropfen.de\/shop\/wp-content\/uploads\/2023\/04\/Schlehenbluete-1-600x800.jpg 600w, https:\/\/rieser-tropfen.de\/shop\/wp-content\/uploads\/2023\/04\/Schlehenbluete-1-300x400.jpg 300w, https:\/\/rieser-tropfen.de\/shop\/wp-content\/uploads\/2023\/04\/Schlehenbluete-1-768x1024.jpg 768w, https:\/\/rieser-tropfen.de\/shop\/wp-content\/uploads\/2023\/04\/Schlehenbluete-1-1152x1536.jpg 1152w, https:\/\/rieser-tropfen.de\/shop\/wp-content\/uploads\/2023\/04\/Schlehenbluete-1-510x680.jpg 510w, https:\/\/rieser-tropfen.de\/shop\/wp-content\/uploads\/2023\/04\/Schlehenbluete-1-rotated.jpg 1512w\" sizes=\"auto, (max-width: 600px) 100vw, 600px\" \/>\t\t\t\t\t\t\n\t\t\t\t\t<\/div>\n\t\t\t\t\t\t\t\t\n<style>\n#image_1893667618 {\n  width: 91%;\n}\n<\/style>\n\t<\/div>\n\t\n\t\t<\/div>\n\t\t\t\t\t<\/div>\n\n\t\n\n\t<div id=\"col-335967490\" class=\"col medium-6 small-12 large-6\"  >\n\t\t\t\t<div class=\"col-inner\"  >\n\t\t\t\n\t\t\t\n<p><span style=\"color: #de901b;\">Eine Augenweide!<\/span><\/p>\n<h1>Schlehen &#8211; eine Kulturpflanze!<\/h1>\n<div class=\"wpb_text_column wpb_content_element \">\n<div class=\"wpb_wrapper\">\n<p>Der Schlehdorn, auch Schlehendorn, Schlehe, Heckendorn, Schwarzdorn oder Deutsche Akazie genannt ist vielen als wilder und undurchdringlicher Strauch \u00a0 bekannt.<br \/>\nIm Fr\u00fchjahr bl\u00fcht er verschwenderisch wei\u00df und ist eine wichtige Nahrungsquelle f\u00fcr Bienen und Schmetterlinge.<\/p>\n<p>Erst nach ein paar Frostn\u00e4chten sind Schlehen verzehrbar, vorher sind sie so bitter-sauer, dass sich beim Versuch sie zu essen alles im Mund zusammenzieht. Die Beeren schmecken auch pur direkt vom Strauch, wobei die Kerne nicht mitgegessen werden sollten.<\/p>\n<\/div>\n<\/div>\n\t\t<\/div>\n\t\t\t\t\t<\/div>\n\n\t\n<\/div>\n","protected":false},"excerpt":{"rendered":"<p>Duftig-zart pr\u00e4sentieren sich die Beeren, bevor sie nach 4 Wochen in Alkohol und anschliessender Destillation den Geist mit Finesse und filigranem Aroma verzaubern, der Erinnerungen an die Kindheit weckt.<\/p>\n","protected":false},"featured_media":1591,"template":"","meta":[],"product_brand":[],"product_cat":[47],"product_tag":[132,94,93,137,120,136,135,122],"class_list":{"0":"post-987","1":"product","2":"type-product","3":"status-publish","4":"has-post-thumbnail","6":"product_cat-beerengeister","7":"product_tag-beerengeitst","8":"product_tag-duftig","9":"product_tag-feinfruchtig","10":"product_tag-feinherbe-bittermandel","11":"product_tag-lokale-spezialitaet","12":"product_tag-schlehenbrand","13":"product_tag-schlehengeist","14":"product_tag-weich","16":"first","17":"instock","18":"shipping-taxable","19":"purchasable","20":"product-type-variable","21":"has-default-attributes"},"yoast_head":"<!-- This site is optimized with the Yoast SEO plugin v27.5 - https:\/\/yoast.com\/product\/yoast-seo-wordpress\/ -->\n<title>Schlehengeist - Vitzthum Shop<\/title>\n<meta name=\"robots\" content=\"index, follow, max-snippet:-1, max-image-preview:large, max-video-preview:-1\" \/>\n<link rel=\"canonical\" href=\"https:\/\/rieser-tropfen.de\/shop\/produkt\/schlehengeist\/\" \/>\n<meta property=\"og:locale\" content=\"de_DE\" \/>\n<meta property=\"og:type\" content=\"article\" \/>\n<meta property=\"og:title\" content=\"Schlehengeist - Vitzthum Shop\" \/>\n<meta property=\"og:description\" content=\"Duftig-zart pr\u00e4sentieren sich die Beeren, bevor sie nach 4 Wochen in Alkohol und anschliessender Destillation den Geist mit Finesse und filigranem Aroma verzaubern, der Erinnerungen an die Kindheit weckt.\" \/>\n<meta property=\"og:url\" content=\"https:\/\/rieser-tropfen.de\/shop\/produkt\/schlehengeist\/\" \/>\n<meta property=\"og:site_name\" content=\"Vitzthum Shop\" \/>\n<meta property=\"article:publisher\" content=\"https:\/\/www.facebook.com\/vitzthum.destillerie\/?locale=de_DE\" \/>\n<meta property=\"article:modified_time\" content=\"2024-12-09T16:20:21+00:00\" \/>\n<meta property=\"og:image\" content=\"https:\/\/rieser-tropfen.de\/shop\/wp-content\/uploads\/2017\/11\/Schlehengeist-2x0705B-shop.jpg\" \/>\n\t<meta property=\"og:image:width\" content=\"500\" \/>\n\t<meta property=\"og:image:height\" content=\"600\" \/>\n\t<meta property=\"og:image:type\" content=\"image\/jpeg\" \/>\n<meta name=\"twitter:card\" content=\"summary_large_image\" \/>\n<meta name=\"twitter:label1\" content=\"Gesch\u00e4tzte Lesezeit\" \/>\n\t<meta name=\"twitter:data1\" content=\"2\u00a0Minuten\" \/>\n<script type=\"application\/ld+json\" class=\"yoast-schema-graph\">{\"@context\":\"https:\\\/\\\/schema.org\",\"@graph\":[{\"@type\":\"WebPage\",\"@id\":\"https:\\\/\\\/rieser-tropfen.de\\\/shop\\\/produkt\\\/schlehengeist\\\/\",\"url\":\"https:\\\/\\\/rieser-tropfen.de\\\/shop\\\/produkt\\\/schlehengeist\\\/\",\"name\":\"Schlehengeist - Vitzthum Shop\",\"isPartOf\":{\"@id\":\"https:\\\/\\\/rieser-tropfen.de\\\/shop\\\/#website\"},\"primaryImageOfPage\":{\"@id\":\"https:\\\/\\\/rieser-tropfen.de\\\/shop\\\/produkt\\\/schlehengeist\\\/#primaryimage\"},\"image\":{\"@id\":\"https:\\\/\\\/rieser-tropfen.de\\\/shop\\\/produkt\\\/schlehengeist\\\/#primaryimage\"},\"thumbnailUrl\":\"https:\\\/\\\/rieser-tropfen.de\\\/shop\\\/wp-content\\\/uploads\\\/2017\\\/11\\\/Schlehengeist-2x0705B-shop.jpg\",\"datePublished\":\"2017-11-27T16:30:12+00:00\",\"dateModified\":\"2024-12-09T16:20:21+00:00\",\"breadcrumb\":{\"@id\":\"https:\\\/\\\/rieser-tropfen.de\\\/shop\\\/produkt\\\/schlehengeist\\\/#breadcrumb\"},\"inLanguage\":\"de\",\"potentialAction\":[{\"@type\":\"ReadAction\",\"target\":[\"https:\\\/\\\/rieser-tropfen.de\\\/shop\\\/produkt\\\/schlehengeist\\\/\"]}]},{\"@type\":\"ImageObject\",\"inLanguage\":\"de\",\"@id\":\"https:\\\/\\\/rieser-tropfen.de\\\/shop\\\/produkt\\\/schlehengeist\\\/#primaryimage\",\"url\":\"https:\\\/\\\/rieser-tropfen.de\\\/shop\\\/wp-content\\\/uploads\\\/2017\\\/11\\\/Schlehengeist-2x0705B-shop.jpg\",\"contentUrl\":\"https:\\\/\\\/rieser-tropfen.de\\\/shop\\\/wp-content\\\/uploads\\\/2017\\\/11\\\/Schlehengeist-2x0705B-shop.jpg\",\"width\":500,\"height\":600},{\"@type\":\"BreadcrumbList\",\"@id\":\"https:\\\/\\\/rieser-tropfen.de\\\/shop\\\/produkt\\\/schlehengeist\\\/#breadcrumb\",\"itemListElement\":[{\"@type\":\"ListItem\",\"position\":1,\"name\":\"Home\",\"item\":\"https:\\\/\\\/rieser-tropfen.de\\\/shop\\\/\"},{\"@type\":\"ListItem\",\"position\":2,\"name\":\"Shop\",\"item\":\"https:\\\/\\\/rieser-tropfen.de\\\/shop\\\/shop\\\/\"},{\"@type\":\"ListItem\",\"position\":3,\"name\":\"Schlehengeist\"}]},{\"@type\":\"WebSite\",\"@id\":\"https:\\\/\\\/rieser-tropfen.de\\\/shop\\\/#website\",\"url\":\"https:\\\/\\\/rieser-tropfen.de\\\/shop\\\/\",\"name\":\"Vitzthum Shop\",\"description\":\"handgemachte Beerengeister, Obstbr\u00e4nde und Kr\u00e4uter- sowie Fruchtlik\u00f6re\",\"publisher\":{\"@id\":\"https:\\\/\\\/rieser-tropfen.de\\\/shop\\\/#organization\"},\"potentialAction\":[{\"@type\":\"SearchAction\",\"target\":{\"@type\":\"EntryPoint\",\"urlTemplate\":\"https:\\\/\\\/rieser-tropfen.de\\\/shop\\\/?s={search_term_string}\"},\"query-input\":{\"@type\":\"PropertyValueSpecification\",\"valueRequired\":true,\"valueName\":\"search_term_string\"}}],\"inLanguage\":\"de\"},{\"@type\":\"Organization\",\"@id\":\"https:\\\/\\\/rieser-tropfen.de\\\/shop\\\/#organization\",\"name\":\"Vitzthum GmbH\",\"url\":\"https:\\\/\\\/rieser-tropfen.de\\\/shop\\\/\",\"logo\":{\"@type\":\"ImageObject\",\"inLanguage\":\"de\",\"@id\":\"https:\\\/\\\/rieser-tropfen.de\\\/shop\\\/#\\\/schema\\\/logo\\\/image\\\/\",\"url\":\"https:\\\/\\\/rieser-tropfen.de\\\/shop\\\/wp-content\\\/uploads\\\/2021\\\/03\\\/Logo-Vitzthum-2021-gold.jpg\",\"contentUrl\":\"https:\\\/\\\/rieser-tropfen.de\\\/shop\\\/wp-content\\\/uploads\\\/2021\\\/03\\\/Logo-Vitzthum-2021-gold.jpg\",\"width\":149,\"height\":69,\"caption\":\"Vitzthum GmbH\"},\"image\":{\"@id\":\"https:\\\/\\\/rieser-tropfen.de\\\/shop\\\/#\\\/schema\\\/logo\\\/image\\\/\"},\"sameAs\":[\"https:\\\/\\\/www.facebook.com\\\/vitzthum.destillerie\\\/?locale=de_DE\"]}]}<\/script>\n<!-- \/ Yoast SEO plugin. -->","yoast_head_json":{"title":"Schlehengeist - Vitzthum Shop","robots":{"index":"index","follow":"follow","max-snippet":"max-snippet:-1","max-image-preview":"max-image-preview:large","max-video-preview":"max-video-preview:-1"},"canonical":"https:\/\/rieser-tropfen.de\/shop\/produkt\/schlehengeist\/","og_locale":"de_DE","og_type":"article","og_title":"Schlehengeist - Vitzthum Shop","og_description":"Duftig-zart pr\u00e4sentieren sich die Beeren, bevor sie nach 4 Wochen in Alkohol und anschliessender Destillation den Geist mit Finesse und filigranem Aroma verzaubern, der Erinnerungen an die Kindheit weckt.","og_url":"https:\/\/rieser-tropfen.de\/shop\/produkt\/schlehengeist\/","og_site_name":"Vitzthum Shop","article_publisher":"https:\/\/www.facebook.com\/vitzthum.destillerie\/?locale=de_DE","article_modified_time":"2024-12-09T16:20:21+00:00","og_image":[{"width":500,"height":600,"url":"https:\/\/rieser-tropfen.de\/shop\/wp-content\/uploads\/2017\/11\/Schlehengeist-2x0705B-shop.jpg","type":"image\/jpeg"}],"twitter_card":"summary_large_image","twitter_misc":{"Gesch\u00e4tzte Lesezeit":"2\u00a0Minuten"},"schema":{"@context":"https:\/\/schema.org","@graph":[{"@type":"WebPage","@id":"https:\/\/rieser-tropfen.de\/shop\/produkt\/schlehengeist\/","url":"https:\/\/rieser-tropfen.de\/shop\/produkt\/schlehengeist\/","name":"Schlehengeist - Vitzthum Shop","isPartOf":{"@id":"https:\/\/rieser-tropfen.de\/shop\/#website"},"primaryImageOfPage":{"@id":"https:\/\/rieser-tropfen.de\/shop\/produkt\/schlehengeist\/#primaryimage"},"image":{"@id":"https:\/\/rieser-tropfen.de\/shop\/produkt\/schlehengeist\/#primaryimage"},"thumbnailUrl":"https:\/\/rieser-tropfen.de\/shop\/wp-content\/uploads\/2017\/11\/Schlehengeist-2x0705B-shop.jpg","datePublished":"2017-11-27T16:30:12+00:00","dateModified":"2024-12-09T16:20:21+00:00","breadcrumb":{"@id":"https:\/\/rieser-tropfen.de\/shop\/produkt\/schlehengeist\/#breadcrumb"},"inLanguage":"de","potentialAction":[{"@type":"ReadAction","target":["https:\/\/rieser-tropfen.de\/shop\/produkt\/schlehengeist\/"]}]},{"@type":"ImageObject","inLanguage":"de","@id":"https:\/\/rieser-tropfen.de\/shop\/produkt\/schlehengeist\/#primaryimage","url":"https:\/\/rieser-tropfen.de\/shop\/wp-content\/uploads\/2017\/11\/Schlehengeist-2x0705B-shop.jpg","contentUrl":"https:\/\/rieser-tropfen.de\/shop\/wp-content\/uploads\/2017\/11\/Schlehengeist-2x0705B-shop.jpg","width":500,"height":600},{"@type":"BreadcrumbList","@id":"https:\/\/rieser-tropfen.de\/shop\/produkt\/schlehengeist\/#breadcrumb","itemListElement":[{"@type":"ListItem","position":1,"name":"Home","item":"https:\/\/rieser-tropfen.de\/shop\/"},{"@type":"ListItem","position":2,"name":"Shop","item":"https:\/\/rieser-tropfen.de\/shop\/shop\/"},{"@type":"ListItem","position":3,"name":"Schlehengeist"}]},{"@type":"WebSite","@id":"https:\/\/rieser-tropfen.de\/shop\/#website","url":"https:\/\/rieser-tropfen.de\/shop\/","name":"Vitzthum Shop","description":"handgemachte Beerengeister, Obstbr\u00e4nde und Kr\u00e4uter- sowie Fruchtlik\u00f6re","publisher":{"@id":"https:\/\/rieser-tropfen.de\/shop\/#organization"},"potentialAction":[{"@type":"SearchAction","target":{"@type":"EntryPoint","urlTemplate":"https:\/\/rieser-tropfen.de\/shop\/?s={search_term_string}"},"query-input":{"@type":"PropertyValueSpecification","valueRequired":true,"valueName":"search_term_string"}}],"inLanguage":"de"},{"@type":"Organization","@id":"https:\/\/rieser-tropfen.de\/shop\/#organization","name":"Vitzthum GmbH","url":"https:\/\/rieser-tropfen.de\/shop\/","logo":{"@type":"ImageObject","inLanguage":"de","@id":"https:\/\/rieser-tropfen.de\/shop\/#\/schema\/logo\/image\/","url":"https:\/\/rieser-tropfen.de\/shop\/wp-content\/uploads\/2021\/03\/Logo-Vitzthum-2021-gold.jpg","contentUrl":"https:\/\/rieser-tropfen.de\/shop\/wp-content\/uploads\/2021\/03\/Logo-Vitzthum-2021-gold.jpg","width":149,"height":69,"caption":"Vitzthum GmbH"},"image":{"@id":"https:\/\/rieser-tropfen.de\/shop\/#\/schema\/logo\/image\/"},"sameAs":["https:\/\/www.facebook.com\/vitzthum.destillerie\/?locale=de_DE"]}]}},"_links":{"self":[{"href":"https:\/\/rieser-tropfen.de\/shop\/wp-json\/wp\/v2\/product\/987","targetHints":{"allow":["GET"]}}],"collection":[{"href":"https:\/\/rieser-tropfen.de\/shop\/wp-json\/wp\/v2\/product"}],"about":[{"href":"https:\/\/rieser-tropfen.de\/shop\/wp-json\/wp\/v2\/types\/product"}],"wp:featuredmedia":[{"embeddable":true,"href":"https:\/\/rieser-tropfen.de\/shop\/wp-json\/wp\/v2\/media\/1591"}],"wp:attachment":[{"href":"https:\/\/rieser-tropfen.de\/shop\/wp-json\/wp\/v2\/media?parent=987"}],"wp:term":[{"taxonomy":"product_brand","embeddable":true,"href":"https:\/\/rieser-tropfen.de\/shop\/wp-json\/wp\/v2\/product_brand?post=987"},{"taxonomy":"product_cat","embeddable":true,"href":"https:\/\/rieser-tropfen.de\/shop\/wp-json\/wp\/v2\/product_cat?post=987"},{"taxonomy":"product_tag","embeddable":true,"href":"https:\/\/rieser-tropfen.de\/shop\/wp-json\/wp\/v2\/product_tag?post=987"}],"curies":[{"name":"wp","href":"https:\/\/api.w.org\/{rel}","templated":true}]}}